{"id":595051,"date":"2026-02-20T13:30:59","date_gmt":"2026-02-20T12:30:59","guid":{"rendered":"https:\/\/madelinefashion.pl\/?post_type=product&#038;p=595051"},"modified":"2026-03-06T13:16:23","modified_gmt":"2026-03-06T12:16:23","slug":"sweter-kokardki-niebieski","status":"publish","type":"product","link":"https:\/\/madelinefashion.pl\/sk\/sweter-kokardki-niebieski\/","title":{"rendered":"Modr\u00fd sveter s ma\u0161\u013eou"},"content":{"rendered":"<h3 style=\"text-align: center;\">Modr\u00fd sveter s ma\u0161\u013eou<\/h3>\n<p data-start=\"0\" data-end=\"286\"><strong data-start=\"0\" data-end=\"27\">Sveter s striebornou ma\u0161\u013eou<\/strong> Toto je k\u00fasok pre \u017eeny, ktor\u00e9 miluj\u00fa jemn\u00e9 detaily s efektom \u201ewow\u201d. Klasick\u00fd dizajn vpredu je ohromuj\u00faci svojou jednoduchos\u0165ou, ale skuto\u010dn\u00e9 k\u00fazlo sa odohr\u00e1va vzadu \u2013 chrb\u00e1t zdobia v\u00fdrazn\u00e9 strieborn\u00e9 ma\u0161le, ktor\u00e9 cel\u00e9mu vzh\u013eadu dod\u00e1vaj\u00fa jedine\u010dn\u00fd, \u017eensk\u00fd n\u00e1dych.<\/p>\n<p data-start=\"288\" data-end=\"566\">Tento k\u00fasok je vyroben\u00fd z m\u00e4kkej a pr\u00edjemnej pleteniny a pon\u00faka celodenn\u00e9 pohodlie. Jeho vo\u013enej\u0161\u00ed strih kr\u00e1sne spl\u00fdva a prec\u00edzne spracovanie zd\u00f4raz\u0148uje jeho vysoko kvalitn\u00e9 remeseln\u00e9 spracovanie. Je to dokonal\u00e1 zmes pohodlia a elegancie s n\u00e1dychom romantick\u00e9ho \u0161t\u00fdlu.<\/p>\n<p data-start=\"568\" data-end=\"597\"><strong data-start=\"568\" data-end=\"595\">Pre\u010do sa to oplat\u00ed ma\u0165?<\/strong><\/p>\n<ul data-start=\"598\" data-end=\"767\">\n<li data-start=\"598\" data-end=\"638\">\n<p data-start=\"600\" data-end=\"638\">ozdobn\u00e9 strieborn\u00e9 ma\u0161le na zadnej strane<\/p>\n<\/li>\n<li data-start=\"639\" data-end=\"670\">\n<p data-start=\"641\" data-end=\"670\">m\u00e4kk\u00fd, pohodln\u00fd \u00faplet<\/p>\n<\/li>\n<li data-start=\"671\" data-end=\"708\">\n<p data-start=\"673\" data-end=\"708\">klasick\u00fd strih s atrakt\u00edvnym chrbtom<\/p>\n<\/li>\n<li data-start=\"709\" data-end=\"767\">\n<p data-start=\"711\" data-end=\"767\">ide\u00e1lne na ka\u017edodenn\u00e9 pou\u017eitie aj na v\u00fdnimo\u010dnej\u0161ie \u0161t\u00fdly<\/p>\n<\/li>\n<\/ul>\n<p data-start=\"769\" data-end=\"923\" data-is-last-node=\"\" data-is-only-node=\"\">Sveter Silver Bows sa bude hodi\u0165 k d\u017e\u00ednsom aj k elegantnej sukni \u2013 sta\u010d\u00ed jeden detail, aby o\u017eivil cel\u00fd outfit.<\/p>\n<p>&nbsp;<\/p>\n<h3 style=\"text-align: center;\">Charakteristika.<\/h3>\n<ul>\n<li style=\"text-align: center;\">nadrozmern\u00e9<\/li>\n<li style=\"text-align: center;\">Neuverite\u013ene m\u00e4kk\u00e9 a pr\u00edjemn\u00e9 na telo<\/li>\n<li style=\"text-align: center;\">M\u00e4sit\u00e9 a \u00fa\u017easn\u00e9<\/li>\n<li style=\"text-align: center;\">Half-golf<\/li>\n<li style=\"text-align: center;\">Dlh\u00fd ruk\u00e1v<\/li>\n<\/ul>\n<h3 style=\"text-align: center;\">Rozmery:<\/h3>\n<ul style=\"text-align: center;\">\n<li>Celkov\u00e1 d\u013a\u017eka: 69 cm<\/li>\n<li>\u0160\u00edrka od podpazu\u0161ia: 48-67 cm<\/li>\n<li>D\u013a\u017eka ruk\u00e1va od ramena: 66 cm<\/li>\n<li>D\u013a\u017eka ruk\u00e1va od podpazu\u0161ia: 43 cm<\/li>\n<\/ul>\n<p style=\"text-align: center;\"><span style=\"font-size: 10pt;\">Rozmery sa m\u00f4\u017eu mierne l\u00ed\u0161i\u0165 od uveden\u00fdch +\/- 2cm. V\u0161etky uveden\u00e9 rozmery s\u00fa meran\u00e9 plo\u0161ne.<\/span><\/p>\n<p style=\"text-align: center;\"><span style=\"font-size: 10pt;\"><strong>\u00a0<\/strong>\u00a0<\/span><\/p>\n<table width=\"610\">\n<tbody>\n<tr>\n<td width=\"302\">Meno modela<\/td>\n<td width=\"302\">Modr\u00fd sveter s ma\u0161\u013eou<\/td>\n<\/tr>\n<tr>\n<td width=\"302\">Farba<\/td>\n<td width=\"302\">Modr\u00e1<\/td>\n<\/tr>\n<tr>\n<td width=\"302\">ve\u013ekosti<\/td>\n<td width=\"302\">Univerz\u00e1lny<\/td>\n<\/tr>\n<tr>\n<td width=\"302\">M\u00f3da<\/td>\n<td width=\"302\">nadrozmern\u00e9<\/td>\n<\/tr>\n<tr>\n<td width=\"302\">Zbierka<\/td>\n<td width=\"302\">Jese\u0148 Zima Jar<\/td>\n<\/tr>\n<tr>\n<td width=\"302\">izolovan\u00e9<\/td>\n<td width=\"302\">jednopl\u00e1\u0161\u0165ov\u00e9<\/td>\n<\/tr>\n<tr>\n<td width=\"302\">Materi\u00e1l<\/td>\n<td width=\"302\">Visk\u00f3za, Polyester<\/td>\n<\/tr>\n<\/tbody>\n<\/table>\n<div class=\"additional-details\" style=\"text-align: center;\">\n<div class=\"tabs tabs-bb clear mb-80\">\n<div class=\"tab-content\">\n<div id=\"tab-description\" class=\"tab-pane fade in woocommerce-Tabs-panel--description active\">\n<p>Model m\u00e1\u00a0<strong>169<\/strong>\u00a0cm vysok\u00fd, nos\u00ed ve\u013ekos\u0165 ka\u017ed\u00fd de\u0148\u00a0<strong>S<\/strong><\/p>\n<p>\u0160\u00edrka hrudn\u00edka 91 cm<\/p>\n<p>\u0160\u00edrka p\u00e1su 71 cm<\/p>\n<p>\u0160\u00edrka bokov 96 cm<\/p>\n<p>&nbsp;<\/p>\n<\/div>\n<\/div>\n<\/div>\n<section class=\"up-sells upsells products mb-80\"><\/section>\n<\/div>","protected":false},"excerpt":{"rendered":"<p>Sweter Kokardki Niebieski Sweter Kokardki Srebrne to propozycja dla kobiet, kt\u00f3re kochaj\u0105 subtelne detale z efektem \u201ewow\u201d. Klasyczny fason z przodu zachwyca swoj\u0105 prostot\u0105, a prawdziwa magia dzieje si\u0119 z ty\u0142u \u2013 plecy zdobi\u0105 efektowne, srebrne kokardki, kt\u00f3re dodaj\u0105 ca\u0142o\u015bci wyj\u0105tkowego, kobiecego charakteru. Model wykonany z mi\u0119kkiej i przyjemnej w dotyku dzianiny, zapewnia komfort noszenia<\/p>\n<div class=\"klb-readmore post-buttons\"><a class=\"button black outline size-sm\" href=\"https:\/\/madelinefashion.pl\/sk\/sweter-kokardki-niebieski\/\">\u010c\u00edta\u0165 \u010falej <i class=\"klbth-icon-right-arrow\"><\/i><\/a><\/div>","protected":false},"featured_media":596643,"template":"","meta":[],"product_brand":[],"product_cat":[78],"product_tag":[],"class_list":{"0":"post-595051","1":"product","2":"type-product","3":"status-publish","4":"has-post-thumbnail","6":"product_cat-swetry-damskie","8":"first","9":"instock","10":"purchasable","11":"product-type-simple"},"_links":{"self":[{"href":"https:\/\/madelinefashion.pl\/sk\/wp-json\/wp\/v2\/product\/595051","targetHints":{"allow":["GET"]}}],"collection":[{"href":"https:\/\/madelinefashion.pl\/sk\/wp-json\/wp\/v2\/product"}],"about":[{"href":"https:\/\/madelinefashion.pl\/sk\/wp-json\/wp\/v2\/types\/product"}],"wp:featuredmedia":[{"embeddable":true,"href":"https:\/\/madelinefashion.pl\/sk\/wp-json\/wp\/v2\/media\/596643"}],"wp:attachment":[{"href":"https:\/\/madelinefashion.pl\/sk\/wp-json\/wp\/v2\/media?parent=595051"}],"wp:term":[{"taxonomy":"product_brand","embeddable":true,"href":"https:\/\/madelinefashion.pl\/sk\/wp-json\/wp\/v2\/product_brand?post=595051"},{"taxonomy":"product_cat","embeddable":true,"href":"https:\/\/madelinefashion.pl\/sk\/wp-json\/wp\/v2\/product_cat?post=595051"},{"taxonomy":"product_tag","embeddable":true,"href":"https:\/\/madelinefashion.pl\/sk\/wp-json\/wp\/v2\/product_tag?post=595051"}],"curies":[{"name":"pracovn\u00fd list","href":"https:\/\/api.w.org\/{rel}","templated":true}]}}