{"id":595310,"date":"2026-02-24T12:36:45","date_gmt":"2026-02-24T11:36:45","guid":{"rendered":"https:\/\/madelinefashion.pl\/?post_type=product&#038;p=595310"},"modified":"2026-02-24T17:28:40","modified_gmt":"2026-02-24T16:28:40","slug":"garnitur-damski-marynarka-na-guzikspodnie-butelkowa-zielen","status":"publish","type":"product","link":"https:\/\/madelinefashion.pl\/sk\/garnitur-damski-marynarka-na-guzikspodnie-butelkowa-zielen\/","title":{"rendered":"D\u00e1mske sako na gomb\u00edky + f\u013ea\u0161kovozelen\u00e9 nohavice"},"content":{"rendered":"<h3 style=\"text-align: center;\">D\u00e1mske sako na gomb\u00edky + f\u013ea\u0161kovozelen\u00e9 nohavice<\/h3>\n<p style=\"text-align: center;\"><strong>D\u00e1mska bunda + nohavice\u00a0<\/strong>je univerz\u00e1lna s\u00faprava, ktor\u00e1 sa bude hodi\u0165 do pr\u00e1ce aj na \u0161peci\u00e1lne pr\u00edle\u017eitosti, napr\u00edklad na svadby alebo bankety. Oplat\u00ed sa ma\u0165 vo svojom \u0161atn\u00edku aspo\u0148 jednu tak\u00fato s\u00fapravu, ktor\u00fa mo\u017eno \u013eahko kombinova\u0165 s ostatn\u00fdmi prvkami \u0161atn\u00edka a vytv\u00e1ra\u0165 tak zauj\u00edmav\u00e9 a \u0161t\u00fdlov\u00e9 \u0161tyliz\u00e1cie. Materi\u00e1l bundy je hrub\u0161\u00ed, ve\u013emi elegantn\u00fd. S pod\u0161\u00edvkou. Bunda m\u00e1 v\u0161it\u00e9 vypch\u00e1vky na ramen\u00e1ch a ozdobn\u00e9 vreck\u00e1 na figur\u00edny a pre elegantn\u00fd styling sa skvele hod\u00ed k oby\u010dajn\u00e9mu tri\u010dku alebo ko\u0161eli. Nohavice s\u00fa vyroben\u00e9 z jemnej, m\u00e4kkej a elastickej l\u00e1tky, ktor\u00e1 zv\u00fdraz\u0148uje postavu, v\u010faka \u010domu ani nebudete c\u00edti\u0165, \u017ee m\u00e1te na sebe tak\u00fd neskuto\u010dne elegantn\u00fd outfit. Z\u00fa\u017een\u00e9 nohavice, zap\u00ednaj\u00fa sa na gomb\u00edk a zips, vpredu maj\u00fa vreck\u00e1 a vzadu imit\u00e1cia vreciek s vsadkami.\u00a0<strong>Klasick\u00fd oblek\u00a0<\/strong>v lichotivom a m\u00f3dnom odtieni si mus\u00ed n\u00e1js\u0165 miesto vo va\u0161om \u0161atn\u00edku \u2013 najm\u00e4 ak chcete spestri\u0165 minimalistick\u00e9 outfity.\u00a0<strong>Po\u013esk\u00fd v\u00fdrobok<\/strong>\u00a0Najvy\u0161\u0161ia kvalita. Na\u0161e obleky s\u00fa alternat\u00edvou k pr\u00edle\u017eitostn\u00fdm \u0161at\u00e1m.<br \/>\n<strong>Vysoko kvalitn\u00fd materi\u00e1l<\/strong>Materi\u00e1l, z ktor\u00e9ho je vyroben\u00fd, zaru\u010duje trvanlivos\u0165 v\u00fdrobku a je vhodn\u00fd na mnoho sez\u00f3n. Mimoriadne \u0161t\u00fdlov\u00e1 ponuka na ka\u017edodenn\u00e9 pou\u017eitie, ako aj na elegantnej\u0161ie \u0161tyliz\u00e1cie. Ide\u00e1lny model na mnoh\u00e9 pr\u00edle\u017eitosti. Nad\u010dasov\u00fd, bude v\u00e1m sl\u00fa\u017ei\u0165 dlh\u00e9 roky a vyu\u017eijete ho na r\u00f4zne sp\u00f4soby a pr\u00edle\u017eitosti. Ak sa neviete rozhodn\u00fa\u0165 ak\u00fa farbu,\u00a0<strong>ve\u013ekos\u0165<\/strong>\u00a0je pre v\u00e1s to najlep\u0161ie\u00a0<strong>kontaktuj n\u00e1s<\/strong>\u00a0cez\u00a0<a href=\"https:\/\/www.facebook.com\/madelinefashionbutik\" target=\"_blank\" rel=\"noopener\">Facebook<\/a>\u00a0alebo\u00a0<a href=\"https:\/\/madelinefashion.pl\/sk\/kontakt\/\">telef\u00f3n<\/a>. Ak ve\u013ekos\u0165 nie je na str\u00e1nke, kontaktujte n\u00e1s. Mo\u017enos\u0165 nastavenia ve\u013ekosti bundy a nohav\u00edc zvl\u00e1\u0161\u0165.<\/p>\n<h3 style=\"text-align: center;\">Rozmery bundy:<\/h3>\n<p style=\"text-align: center;\"><strong>36\/S<\/strong><\/p>\n<p style=\"text-align: center;\">Celkov\u00e1 d\u013a\u017eka vpredu \u2013 56 cm<br \/>\nCelkov\u00e1 d\u013a\u017eka chrbta: 48 cm<br \/>\n\u0160\u00edrka od podpazu\u0161ia k podpazu\u0161iu \u2013 44 cm x 2<br \/>\nD\u013a\u017eka ruk\u00e1va od ramena \u2013 60 cm<br \/>\nD\u013a\u017eka ruk\u00e1va od podpazu\u0161ia - 44 cm<\/p>\n<p style=\"text-align: center;\"><strong>38\/M<\/strong><\/p>\n<p style=\"text-align: center;\">Celkov\u00e1 d\u013a\u017eka vpredu \u2013 58 cm<br \/>\nCelkov\u00e1 d\u013a\u017eka chrbta: 50 cm<br \/>\n\u0160\u00edrka od podpazu\u0161ia k podpazu\u0161iu \u2013 46 cm x 2<br \/>\nD\u013a\u017eka ruk\u00e1va od ramena \u2013 61 cm<br \/>\nD\u013a\u017eka ruk\u00e1va od podpazu\u0161ia - 45 cm<\/p>\n<p style=\"text-align: center;\"><strong>40\/L<\/strong><\/p>\n<p style=\"text-align: center;\">Celkov\u00e1 d\u013a\u017eka vpredu \u2013 60 cm<br \/>\nCelkov\u00e1 d\u013a\u017eka chrbta: 51 cm<br \/>\n\u0160\u00edrka od pazuchy po pazuchu - 48 cm x2<br \/>\nD\u013a\u017eka ruk\u00e1va od ramena \u2013 61 cm<br \/>\nD\u013a\u017eka ruk\u00e1va od podpazu\u0161ia - 45 cm<\/p>\n<p style=\"text-align: center;\"><strong>42\/XL<\/strong><\/p>\n<p style=\"text-align: center;\">Celkov\u00e1 d\u013a\u017eka prednej \u010dasti \u2013 61 cm<br \/>\nCelkov\u00e1 d\u013a\u017eka chrbta: 52 cm<br \/>\n\u0160\u00edrka od podpazu\u0161ia k podpazu\u0161iu \u2013 50 cm x 2<br \/>\nD\u013a\u017eka ruk\u00e1va od ramena \u2013 62 cm<br \/>\nD\u013a\u017eka ruk\u00e1va od podpazu\u0161ia 46 cm<\/p>\n<p style=\"text-align: center;\"><strong>44\/XXL<\/strong><\/p>\n<p style=\"text-align: center;\">Celkov\u00e1 d\u013a\u017eka vpredu \u2013 63 cm<br \/>\nCelkov\u00e1 d\u013a\u017eka chrbta: 52 cm<br \/>\n\u0160\u00edrka od podpazu\u0161ia k podpazu\u0161iu \u2013 52 cm x 2<br \/>\nD\u013a\u017eka ruk\u00e1va od ramena \u2013 62 cm<br \/>\nD\u013a\u017eka ruk\u00e1va od podpazu\u0161ia - 46 cm<\/p>\n<p style=\"text-align: center;\"><strong>46\/XXXL<\/strong><\/p>\n<p style=\"text-align: center;\">Celkov\u00e1 d\u013a\u017eka vpredu \u2013 64 cm<br \/>\nCelkov\u00e1 d\u013a\u017eka chrbta: 53 cm<br \/>\n\u0160\u00edrka od podpazu\u0161ia k podpazu\u0161iu \u2013 55 cm x 2<br \/>\nD\u013a\u017eka ruk\u00e1va od ramena - 63 cm<br \/>\nD\u013a\u017eka ruk\u00e1va od podpazu\u0161ia - 47 cm<\/p>\n<p style=\"text-align: center;\"><strong>48\/XXXXL<\/strong><\/p>\n<p style=\"text-align: center;\">Celkov\u00e1 d\u013a\u017eka vpredu \u2013 65 cm<br \/>\nCelkov\u00e1 d\u013a\u017eka chrbta: 53 cm<br \/>\n\u0160\u00edrka od podpazu\u0161ia k podpazu\u0161iu \u2013 57 cm x 2<br \/>\nD\u013a\u017eka ruk\u00e1va od ramena - 63 cm<br \/>\nD\u013a\u017eka ruk\u00e1va od podpazu\u0161ia - 47 cm<\/p>\n<p style=\"text-align: center;\"><strong>50\/XXXXXXL<\/strong><\/p>\n<p style=\"text-align: center;\">Celkov\u00e1 d\u013a\u017eka vpredu \u2013 66 cm<br \/>\nCelkov\u00e1 d\u013a\u017eka chrbta: 53 cm<br \/>\n\u0160\u00edrka od podpazu\u0161ia k podpazu\u0161iu \u2013 60 cm x 2<br \/>\nD\u013a\u017eka ruk\u00e1va od ramena \u2013 64 cm<br \/>\nD\u013a\u017eka ruk\u00e1va od podpazu\u0161ia - 48 cm<\/p>\n<p style=\"text-align: center;\"><strong>52\/XXXXXXXL<\/strong><\/p>\n<p style=\"text-align: center;\">Celkov\u00e1 d\u013a\u017eka vpredu \u2013 67 cm<br \/>\nCelkov\u00e1 d\u013a\u017eka chrbta: 53 cm<br \/>\n\u0160\u00edrka od podpazu\u0161ia k podpazu\u0161iu \u2013 63 cm x 2<br \/>\nD\u013a\u017eka ruk\u00e1va od ramena \u2013 65 cm<br \/>\nD\u013a\u017eka ruk\u00e1va od podpazu\u0161ia - 49 cm<\/p>\n<p style=\"text-align: center;\">Rozmery sa m\u00f4\u017eu l\u00ed\u0161i\u0165 od uveden\u00fdch +\/- 2cm. V\u0161etky uveden\u00e9 rozmery s\u00fa meran\u00e9 plo\u0161ne. Rozmer\u00a0<strong>x2<br \/>\n<\/strong><\/p>\n<h3 style=\"text-align: center;\">Rozmery nohav\u00edc:<\/h3>\n<p style=\"text-align: center;\"><strong>36\/S<\/strong><\/p>\n<ul style=\"text-align: center;\">\n<li>D\u013a\u017eka vonkaj\u0161ej strany nohav\u00edc: 90 cm<\/li>\n<li>Vn\u00fatorn\u00e1 d\u013a\u017eka nohav\u00edc: 63 cm<\/li>\n<li>\u0160\u00edrka p\u00e1su: 35 - 38 cm<\/li>\n<li>V\u00fd\u0161ka: 25 cm<\/li>\n<\/ul>\n<p style=\"text-align: center;\"><strong>38\/M<\/strong><\/p>\n<ul style=\"text-align: center;\">\n<li>Vonkaj\u0161ia d\u013a\u017eka nohav\u00edc: 93 cm<\/li>\n<li>Vn\u00fatorn\u00e1 d\u013a\u017eka nohav\u00edc: 66 cm<\/li>\n<li>\u0160\u00edrka v p\u00e1se: 38 -42 cm<\/li>\n<li>V\u00fd\u0161ka: 25,5 cm<\/li>\n<li><\/li>\n<\/ul>\n<p style=\"text-align: center;\"><strong>40\/L<\/strong><\/p>\n<ul style=\"text-align: center;\">\n<li>Vonkaj\u0161ia d\u013a\u017eka nohav\u00edc: 96 cm<\/li>\n<li>Vn\u00fatorn\u00e1 d\u013a\u017eka nohav\u00edc: 69 cm<\/li>\n<li>\u0160\u00edrka v p\u00e1se: 39 -43 cm<\/li>\n<li>V\u00fd\u0161ka: 29 cm<\/li>\n<li><\/li>\n<\/ul>\n<p style=\"text-align: center;\"><strong>42\/XL<\/strong><\/p>\n<ul style=\"text-align: center;\">\n<li>Vonkaj\u0161ia d\u013a\u017eka nohav\u00edc: 97 cm<\/li>\n<li>Vn\u00fatorn\u00e1 d\u013a\u017eka nohav\u00edc: 69 cm<\/li>\n<li>\u0160\u00edrka v p\u00e1se: 43-47 cm<\/li>\n<li>V\u00fd\u0161ka: 29 cm<\/li>\n<li><\/li>\n<\/ul>\n<p style=\"text-align: center;\"><strong>44\/XXL<\/strong><\/p>\n<ul style=\"text-align: center;\">\n<li>Vonkaj\u0161ia d\u013a\u017eka nohav\u00edc: 98 cm<\/li>\n<li>Vn\u00fatorn\u00e1 d\u013a\u017eka nohav\u00edc: 69 cm<\/li>\n<li>\u0160\u00edrka v p\u00e1se: 45-49 cm<\/li>\n<li>V\u00fd\u0161ka: 30 cm<\/li>\n<li><\/li>\n<\/ul>\n<p style=\"text-align: center;\"><strong>46\/XXXL<\/strong><\/p>\n<ul style=\"text-align: center;\">\n<li>Vonkaj\u0161ia d\u013a\u017eka nohav\u00edc: 98 cm<\/li>\n<li>Vn\u00fatorn\u00e1 d\u013a\u017eka nohav\u00edc: 70 cm<\/li>\n<li>\u0160\u00edrka v p\u00e1se: 48-52 cm<\/li>\n<li>V\u00fd\u0161ka: 30 cm<\/li>\n<li><\/li>\n<\/ul>\n<p style=\"text-align: center;\"><strong>48\/XXXXL<\/strong><\/p>\n<ul style=\"text-align: center;\">\n<li>Vonkaj\u0161ia d\u013a\u017eka nohav\u00edc: 99 cm<\/li>\n<li>Vn\u00fatorn\u00e1 d\u013a\u017eka nohav\u00edc: 69 cm<\/li>\n<li>\u0160\u00edrka v p\u00e1se: 50-54 cm<\/li>\n<li>V\u00fd\u0161ka: 32 cm<\/li>\n<\/ul>\n<p style=\"text-align: center;\"><strong>50\/XXXXXXL<\/strong><\/p>\n<ul style=\"text-align: center;\">\n<li>Vonkaj\u0161ia d\u013a\u017eka nohav\u00edc: 100 cm<\/li>\n<li>Vn\u00fatorn\u00e1 d\u013a\u017eka nohav\u00edc: 69 cm<\/li>\n<li>\u0160\u00edrka v p\u00e1se: 52-56 cm<\/li>\n<li>V\u00fd\u0161ka: 33 cm<\/li>\n<\/ul>\n<p style=\"text-align: center;\"><strong>52\/XXXXXXXL<\/strong><\/p>\n<ul style=\"text-align: center;\">\n<li>Vonkaj\u0161ia d\u013a\u017eka nohav\u00edc: 100 cm<\/li>\n<li>Vn\u00fatorn\u00e1 d\u013a\u017eka nohav\u00edc: 69 cm<\/li>\n<li>\u0160\u00edrka p\u00e1su: 54-58 cm<\/li>\n<li>V\u00fd\u0161ka: 34 cm<\/li>\n<\/ul>\n<ul>\n<li style=\"list-style-type: none;\">\n<ul>\n<li style=\"list-style-type: none;\"><\/li>\n<\/ul>\n<\/li>\n<\/ul>\n<p style=\"text-align: center;\">Rozmery sa m\u00f4\u017eu l\u00ed\u0161i\u0165 od uveden\u00fdch +\/- 2cm. V\u0161etky uveden\u00e9 rozmery s\u00fa meran\u00e9 plo\u0161ne. Rozmer\u00a0<strong>x2<br \/>\n<\/strong><\/p>\n<table class=\"aligncenter\">\n<tbody>\n<tr>\n<td width=\"302\">Meno modela<\/td>\n<td width=\"302\">D\u00e1msky kost\u00fdm - sako na gomb\u00edky + nohavice<\/td>\n<\/tr>\n<tr>\n<td width=\"302\">Farba<\/td>\n<td width=\"302\">Zelen\u00e1 \u2013 f\u013ea\u0161kovo zelen\u00e1<\/td>\n<\/tr>\n<tr>\n<td width=\"302\">ve\u013ekosti<\/td>\n<td width=\"302\">36 38 40 42 44 46 48 50 52<\/td>\n<\/tr>\n<tr>\n<td width=\"302\">M\u00f3da<\/td>\n<td width=\"302\">Elegantn\u00fd<\/td>\n<\/tr>\n<tr>\n<td width=\"302\">Materi\u00e1l<\/td>\n<td width=\"302\">95% visk\u00f3za 5 % elastan<\/td>\n<\/tr>\n<\/tbody>\n<\/table>\n<p style=\"text-align: center;\">Model m\u00e1\u00a0<strong>169<\/strong>\u00a0cm vysok\u00fd, nos\u00ed ve\u013ekos\u0165 ka\u017ed\u00fd de\u0148\u00a0<strong>S<\/strong><\/p>\n<p style=\"text-align: center;\">\u0160\u00edrka cez prsia 92 cm<\/p>\n<p style=\"text-align: center;\">\u0160\u00edrka v p\u00e1se 62 cm<\/p>\n<p style=\"text-align: center;\">\u0160\u00edrka v bokoch 94 cm<\/p>","protected":false},"excerpt":{"rendered":"<p>Garnitur Damski Marynarka Na Guzik+Spodnie Butelkowa Ziele\u0144 Garnitur Damski Marynarka + Spodnie\u00a0to uniwersalny zestaw, kt\u00f3ry sprawdzi si\u0119 zar\u00f3wno w pracy, jak i na specjalne okazje, np. na wesela czy bankiety. Warto mie\u0107 w swojej garderobie przynajmniej jeden taki zestaw, kt\u00f3ry mo\u017cna \u0142atwo zestawi\u0107 z innymi elementami garderoby, tworz\u0105c ciekawe i stylowe stylizacje.\u00a0 Materia\u0142 marynarki grubszy,<\/p>\n<div class=\"klb-readmore post-buttons\"><a class=\"button black outline size-sm\" href=\"https:\/\/madelinefashion.pl\/sk\/garnitur-damski-marynarka-na-guzikspodnie-butelkowa-zielen\/\">\u010c\u00edta\u0165 \u010falej <i class=\"klbth-icon-right-arrow\"><\/i><\/a><\/div>","protected":false},"featured_media":595318,"template":"","meta":[],"product_brand":[],"product_cat":[95,395],"product_tag":[],"class_list":{"0":"post-595310","1":"product","2":"type-product","3":"status-publish","4":"has-post-thumbnail","6":"product_cat-marynarki-i-zakiety","7":"product_cat-nowosci","8":"pa_rozmiar-s-36","9":"pa_rozmiar-m-38","10":"pa_rozmiar-l-40","11":"pa_rozmiar-xl-42","12":"pa_rozmiar-xxl-44","13":"pa_rozmiar-xxxl-46","14":"pa_rozmiar-xxxxl-48","15":"pa_rozmiar-438","16":"pa_rozmiar-439","18":"first","19":"instock","20":"purchasable","21":"product-type-variable"},"_links":{"self":[{"href":"https:\/\/madelinefashion.pl\/sk\/wp-json\/wp\/v2\/product\/595310","targetHints":{"allow":["GET"]}}],"collection":[{"href":"https:\/\/madelinefashion.pl\/sk\/wp-json\/wp\/v2\/product"}],"about":[{"href":"https:\/\/madelinefashion.pl\/sk\/wp-json\/wp\/v2\/types\/product"}],"wp:featuredmedia":[{"embeddable":true,"href":"https:\/\/madelinefashion.pl\/sk\/wp-json\/wp\/v2\/media\/595318"}],"wp:attachment":[{"href":"https:\/\/madelinefashion.pl\/sk\/wp-json\/wp\/v2\/media?parent=595310"}],"wp:term":[{"taxonomy":"product_brand","embeddable":true,"href":"https:\/\/madelinefashion.pl\/sk\/wp-json\/wp\/v2\/product_brand?post=595310"},{"taxonomy":"product_cat","embeddable":true,"href":"https:\/\/madelinefashion.pl\/sk\/wp-json\/wp\/v2\/product_cat?post=595310"},{"taxonomy":"product_tag","embeddable":true,"href":"https:\/\/madelinefashion.pl\/sk\/wp-json\/wp\/v2\/product_tag?post=595310"}],"curies":[{"name":"pracovn\u00fd list","href":"https:\/\/api.w.org\/{rel}","templated":true}]}}