{"id":595457,"date":"2026-02-25T13:04:34","date_gmt":"2026-02-25T12:04:34","guid":{"rendered":"https:\/\/madelinefashion.pl\/?post_type=product&#038;p=595457"},"modified":"2026-04-28T13:08:19","modified_gmt":"2026-04-28T11:08:19","slug":"eleganckie-spodnie-damskie-czarne-z-szersza-nogawka","status":"publish","type":"product","link":"https:\/\/madelinefashion.pl\/sk\/eleganckie-spodnie-damskie-czarne-z-szersza-nogawka\/","title":{"rendered":"Elegantn\u00e9 \u010dierne d\u00e1mske nohavice so \u0161irok\u00fdmi nohavicami"},"content":{"rendered":"<h3 style=\"text-align: center;\">Elegantn\u00e9 \u010dierne d\u00e1mske nohavice so \u0161irok\u00fdmi nohavicami<\/h3>\n<p style=\"text-align: center;\" data-start=\"357\" data-end=\"636\">Objavte pohodlie a modern\u00fd dizajn s <strong>na\u0161e nohavice<\/strong> \u0160v\u00e9dky \u2013 absol\u00fatny hit tejto sez\u00f3ny! Tento model s rovn\u00fdmi, mierne \u0161irok\u00fdmi nohavicami jemne predl\u017euje nohy, zatia\u013e \u010do vysok\u00fd p\u00e1s zv\u00fdraz\u0148uje \u017eensk\u00fa siluetu a opticky ho zo\u0161t\u00edh\u013euje. Nohavice maj\u00fa praktick\u00e9 vreck\u00e1 a zap\u00ednanie na gomb\u00edk a zips, \u010do e\u0161te viac zvy\u0161uje pohodlie. S\u00fa ide\u00e1lne do pr\u00e1ce, na stretnutia a form\u00e1lnej\u0161ie pr\u00edle\u017eitosti a perfektne sa hodia k elegantnej bl\u00fazke, saku alebo dokonca k le\u017e\u00e9rnemu tri\u010dku, \u010d\u00edm vytv\u00e1raj\u00fa v\u0161estrann\u00e9 outfity na r\u00f4zne pr\u00edle\u017eitosti. <strong>Vysokokvalitn\u00fd materi\u00e1l<\/strong> Zais\u0165uje pohodlie po cel\u00fd de\u0148 a univerz\u00e1lny strih pristane r\u00f4znym postav\u00e1m \u2013 od le\u017e\u00e9rnych outfitov s tri\u010dkom a teniskami a\u017e po elegantn\u00e9 \u0161t\u00fdly s ko\u0161e\u013eou a sakom. <span style=\"text-align: center;\">Toto je z\u00e1klad pre na\u0161e <\/span><a style=\"text-align: center;\" href=\"https:\/\/madelinefashion.pl\/sk\/bluzki-2\/\">bl\u00fazky<\/a><span style=\"text-align: center;\">\u00a0a\u00a0<\/span><a style=\"text-align: center;\" href=\"https:\/\/madelinefashion.pl\/sk\/bluzki-2\/koszule\/\">ko\u0161ele<\/a><span style=\"text-align: center;\">\u00a0a\u00a0<\/span><a style=\"text-align: center;\" href=\"https:\/\/madelinefashion.pl\/sk\/body\/\">body\u010dko<\/a><span style=\"text-align: center;\">.Odpor\u00fa\u010dame\u00a0\u00a0<\/span><b style=\"text-align: center;\">presne tak\u00a0<\/b><strong style=\"text-align: center;\">mera\u0165<\/strong><span style=\"text-align: center;\">\u00a0pod\u013ea tabu\u013eky rozmerov ni\u017e\u0161ie. Dopl\u0148te svoj \u0161atn\u00edk o tento model nohav\u00edc z\u00a0<\/span><strong style=\"text-align: center;\"><a href=\"https:\/\/madelinefashion.pl\/sk\/\">Madelinefashion<\/a>\u00a0.\u00a0<\/strong><span style=\"text-align: center;\">V inform\u00e1ci\u00e1ch po k\u00fape m\u00f4\u017eete uvies\u0165 aj va\u0161e rozmery - vyberieme pre v\u00e1s ten prav\u00fd. . <\/span><span style=\"text-align: center;\">\u00a0Nasleduj\u00face <strong>rozmery uveden\u00e9 v plochom stave<\/strong> !\u00a0<\/span><\/p>\n<h3 style=\"text-align: center;\">Rozmery nohav\u00edc:<\/h3>\n<p>&nbsp;<\/p>\n<p style=\"text-align: center;\"><strong>VE\u013dKOS\u0164 M 38\u00a0<\/strong><\/p>\n<ul style=\"text-align: center;\">\n<li>Celkov\u00e1 d\u013a\u017eka: 100 cm<\/li>\n<li>Vn\u00fatorn\u00e1 d\u013a\u017eka nohav\u00edc: 70 cm<\/li>\n<li>\u0160\u00edrka p\u00e1su: 36 cm<\/li>\n<li>V\u00fd\u0161ka: 34 cm<\/li>\n<\/ul>\n<p style=\"text-align: center;\"><strong>VE\u013dKOS\u0164 L 40\u00a0<\/strong><\/p>\n<ul style=\"text-align: center;\">\n<li>Celkov\u00e1 d\u013a\u017eka: 100 cm<\/li>\n<li>Vn\u00fatorn\u00e1 d\u013a\u017eka nohav\u00edc: 72 cm<\/li>\n<li>\u0160\u00edrka p\u00e1su: 38 cm<\/li>\n<li>V\u00fd\u0161ka: 35 cm<\/li>\n<\/ul>\n<p style=\"text-align: center;\"><strong>Ve\u013ekos\u0165 XL 42\u00a0<\/strong><\/p>\n<ul style=\"text-align: center;\">\n<li>Celkov\u00e1 d\u013a\u017eka: 100 cm<\/li>\n<li>Vn\u00fatorn\u00e1 d\u013a\u017eka nohav\u00edc: 73 cm<\/li>\n<li>\u0160\u00edrka p\u00e1su: 40 cm<\/li>\n<li>V\u00fd\u0161ka: 35 cm<\/li>\n<\/ul>\n<p style=\"text-align: center;\"><strong>VE\u013dKOS\u0164 44\u00a0<\/strong><\/p>\n<ul style=\"text-align: center;\">\n<li>Celkov\u00e1 d\u013a\u017eka: 102 cm<\/li>\n<li>Vn\u00fatorn\u00e1 d\u013a\u017eka nohav\u00edc: 74 cm<\/li>\n<li>\u0160\u00edrka p\u00e1su: 42 cm<\/li>\n<li>V\u00fd\u0161ka: 36 cm<\/li>\n<\/ul>\n<p style=\"text-align: center;\"><strong>VE\u013dKOS\u0164 46<\/strong><\/p>\n<ul style=\"text-align: center;\">\n<li>Celkov\u00e1 d\u013a\u017eka: 102 cm<\/li>\n<li>Vn\u00fatorn\u00e1 d\u013a\u017eka nohav\u00edc: 74 cm<\/li>\n<li>\u0160\u00edrka p\u00e1su: 44 cm<\/li>\n<li>V\u00fd\u0161ka: 37 cm\n<p style=\"text-align: center;\"><strong>VE\u013dKOS\u0164 48<\/strong><\/p>\n<ul style=\"text-align: center;\">\n<li>Celkov\u00e1 d\u013a\u017eka: 103 cm<\/li>\n<li>Vn\u00fatorn\u00e1 d\u013a\u017eka nohav\u00edc: 75 cm<\/li>\n<li>\u0160\u00edrka p\u00e1su: 46 cm<\/li>\n<li>V\u00fd\u0161ka: 38 cm<\/li>\n<\/ul>\n<ul style=\"text-align: center;\">\n<li style=\"list-style-type: none;\"><\/li>\n<\/ul>\n<\/li>\n<\/ul>\n<p style=\"text-align: center;\">Rozmery sa m\u00f4\u017eu l\u00ed\u0161i\u0165 od uveden\u00fdch +\/- 2cm. V\u0161etky uveden\u00e9 rozmery s\u00fa meran\u00e9 plo\u0161ne.\u00a0<strong>rozmer x2<\/strong><\/p>\n<p>&nbsp;<\/p>\n<p style=\"text-align: center;\" data-start=\"898\" data-end=\"937\"><strong data-start=\"898\" data-end=\"935\">Pre\u010do si vybra\u0165 tieto nohavice?<\/strong><\/p>\n<ul data-start=\"938\" data-end=\"1180\">\n<li data-start=\"938\" data-end=\"993\">\n<p style=\"text-align: center;\" data-start=\"940\" data-end=\"993\">Klasick\u00e1 \u010dierna farba, ktor\u00e1 sa hod\u00ed k mnoh\u00fdm \u0161t\u00fdlom<\/p>\n<\/li>\n<li style=\"text-align: center;\" data-start=\"994\" data-end=\"1029\">\n<p data-start=\"996\" data-end=\"1029\">Vysok\u00fd p\u00e1s zv\u00fdraz\u0148uj\u00faci p\u00e1s<\/p>\n<\/li>\n<li style=\"text-align: center;\" data-start=\"1030\" data-end=\"1068\">\n<p data-start=\"1032\" data-end=\"1068\">Rovn\u00fd, mierne \u0161irok\u00fd strih nohav\u00edc<\/p>\n<\/li>\n<li style=\"text-align: center;\" data-start=\"1069\" data-end=\"1112\">\n<p data-start=\"1071\" data-end=\"1112\">Praktick\u00e9 vreck\u00e1 a pohodln\u00e9 zap\u00ednanie<\/p>\n<\/li>\n<li data-start=\"1113\" data-end=\"1180\">\n<p style=\"text-align: center;\" data-start=\"1115\" data-end=\"1180\">Vysokokvalitn\u00fd, mierne elastick\u00fd materi\u00e1l zais\u0165uj\u00faci pohodlie<\/p>\n<\/li>\n<\/ul>\n<p>&nbsp;<\/p>\n<p style=\"text-align: center;\">\u00a0Model m\u00e1\u00a0<strong>165<\/strong>\u00a0cm vysok\u00fd, nos\u00ed ve\u013ekos\u0165 ka\u017ed\u00fd de\u0148\u00a0<strong>S<\/strong><\/p>\n<p style=\"text-align: center;\">","protected":false},"excerpt":{"rendered":"<p>Eleganckie Spodnie Damskie Czarne z Szersz\u0105 Nogawk\u0105 Odkryj komfort i nowoczesny design z naszymi spodniami szwedami \u2013 absolutnym hitem tego sezonu! Model o prostych, lekko szerokich nogawkach subtelnie wyd\u0142u\u017ca nogi, a wysokie podniesienie talii podkre\u015bla kobiec\u0105 sylwetk\u0119 i optycznie wysmukla tali\u0119. Spodnie posiadaj\u0105 praktyczne kieszenie oraz zapi\u0119cie na guzik i zamek, co dodatkowo zwi\u0119ksza wygod\u0119<\/p>\n<div class=\"klb-readmore post-buttons\"><a class=\"button black outline size-sm\" href=\"https:\/\/madelinefashion.pl\/sk\/eleganckie-spodnie-damskie-czarne-z-szersza-nogawka\/\">\u010c\u00edta\u0165 \u010falej <i class=\"klbth-icon-right-arrow\"><\/i><\/a><\/div>","protected":false},"featured_media":595585,"template":"","meta":[],"product_brand":[],"product_cat":[83,395],"product_tag":[475],"class_list":{"0":"post-595457","1":"product","2":"type-product","3":"status-publish","4":"has-post-thumbnail","6":"product_cat-spodnie","7":"product_cat-nowosci","8":"product_tag-spodnie-dlugie","9":"pa_rozmiar-m-38","10":"pa_rozmiar-l-40","11":"pa_rozmiar-xl-42","12":"pa_rozmiar-xxl-44","13":"pa_rozmiar-xxxl-46","14":"pa_rozmiar-xxxxl-48","15":"pa_rozmiar-s-36","17":"first","18":"instock","19":"purchasable","20":"product-type-variable"},"_links":{"self":[{"href":"https:\/\/madelinefashion.pl\/sk\/wp-json\/wp\/v2\/product\/595457","targetHints":{"allow":["GET"]}}],"collection":[{"href":"https:\/\/madelinefashion.pl\/sk\/wp-json\/wp\/v2\/product"}],"about":[{"href":"https:\/\/madelinefashion.pl\/sk\/wp-json\/wp\/v2\/types\/product"}],"wp:featuredmedia":[{"embeddable":true,"href":"https:\/\/madelinefashion.pl\/sk\/wp-json\/wp\/v2\/media\/595585"}],"wp:attachment":[{"href":"https:\/\/madelinefashion.pl\/sk\/wp-json\/wp\/v2\/media?parent=595457"}],"wp:term":[{"taxonomy":"product_brand","embeddable":true,"href":"https:\/\/madelinefashion.pl\/sk\/wp-json\/wp\/v2\/product_brand?post=595457"},{"taxonomy":"product_cat","embeddable":true,"href":"https:\/\/madelinefashion.pl\/sk\/wp-json\/wp\/v2\/product_cat?post=595457"},{"taxonomy":"product_tag","embeddable":true,"href":"https:\/\/madelinefashion.pl\/sk\/wp-json\/wp\/v2\/product_tag?post=595457"}],"curies":[{"name":"pracovn\u00fd list","href":"https:\/\/api.w.org\/{rel}","templated":true}]}}