{"id":595556,"date":"2026-02-25T17:20:00","date_gmt":"2026-02-25T16:20:00","guid":{"rendered":"https:\/\/madelinefashion.pl\/?post_type=product&#038;p=595556"},"modified":"2026-04-28T10:53:47","modified_gmt":"2026-04-28T08:53:47","slug":"eleganckie-spodnie-damskie-blekitne-z-gumka","status":"publish","type":"product","link":"https:\/\/madelinefashion.pl\/sk\/eleganckie-spodnie-damskie-blekitne-z-gumka\/","title":{"rendered":"Elegantn\u00e9 modr\u00e9 d\u00e1mske nohavice s elastick\u00fdm p\u00e1som"},"content":{"rendered":"<h3 style=\"text-align: center;\">Elegantn\u00e9 modr\u00e9 d\u00e1mske nohavice s elastick\u00fdm p\u00e1som<\/h3>\n<p data-start=\"47\" data-end=\"318\">\u0160t\u00fdlov\u00e9 a pohodln\u00e9 d\u00e1mske nohavice v nad\u010dasovej modrej farbe. Perfektn\u00e1 vo\u013eba pre \u017eeny, ktor\u00e9 si cenia eleganciu v kombin\u00e1cii s pohodl\u00edm. Minimalistick\u00fd dizajn rob\u00ed z tohto modelu ide\u00e1lny outfit do kancel\u00e1rie aj na ka\u017edodenn\u00e9 nosenie. Elastick\u00fd p\u00e1s zais\u0165uje perfektn\u00e9 strihanie a celodenn\u00e9 pohodlie. Starostlivo vybran\u00e1 l\u00e1tka kr\u00e1sne spl\u00fdva, zd\u00f4raz\u0148uje prednosti postavy a z\u00e1rove\u0148 zaru\u010duje slobodu pohybu. Tento model sa perfektne hod\u00ed ku ko\u0161eli, elegantnej bl\u00fazke, saku alebo klasick\u00e9mu svetru. B\u00e9\u017eov\u00e1 farba dod\u00e1va vzh\u013eadu \u013eahkos\u0165 a decentn\u00fa eleganciu.<strong>Vysokokvalitn\u00fd materi\u00e1l<\/strong> Zais\u0165uje pohodlie po cel\u00fd de\u0148 a univerz\u00e1lny strih pristane r\u00f4znym postav\u00e1m \u2013 od le\u017e\u00e9rnych outfitov s tri\u010dkom a teniskami a\u017e po elegantn\u00e9 \u0161t\u00fdly s ko\u0161e\u013eou a sakom. <span style=\"text-align: center;\">Toto je z\u00e1klad pre na\u0161e <\/span><a style=\"text-align: center;\" href=\"https:\/\/madelinefashion.pl\/sk\/bluzki-2\/\">bl\u00fazky<\/a><span style=\"text-align: center;\">\u00a0a\u00a0<\/span><a style=\"text-align: center;\" href=\"https:\/\/madelinefashion.pl\/sk\/bluzki-2\/koszule\/\">ko\u0161ele<\/a><span style=\"text-align: center;\">\u00a0a\u00a0<\/span><a style=\"text-align: center;\" href=\"https:\/\/madelinefashion.pl\/sk\/body\/\">body\u010dko<\/a><span style=\"text-align: center;\">.Odpor\u00fa\u010dame\u00a0\u00a0<\/span><b style=\"text-align: center;\">presne tak\u00a0<\/b><strong style=\"text-align: center;\">mera\u0165<\/strong><span style=\"text-align: center;\">\u00a0pod\u013ea tabu\u013eky rozmerov ni\u017e\u0161ie. Dopl\u0148te svoj \u0161atn\u00edk o tento model nohav\u00edc z\u00a0<\/span><strong style=\"text-align: center;\"><a href=\"https:\/\/madelinefashion.pl\/sk\/\">Madelinefashion<\/a>\u00a0.\u00a0<\/strong><span style=\"text-align: center;\">V inform\u00e1ci\u00e1ch po k\u00fape m\u00f4\u017eete uvies\u0165 aj va\u0161e rozmery - vyberieme pre v\u00e1s ten prav\u00fd. . <\/span><span style=\"text-align: center;\">\u00a0Nasleduj\u00face <strong>rozmery uveden\u00e9 v plochom stave<\/strong> !\u00a0<\/span><\/p>\n<h3 style=\"text-align: center;\">Rozmery nohav\u00edc:<\/h3>\n<p style=\"text-align: center;\"><strong>36\/S<\/strong><\/p>\n<ul style=\"text-align: center;\">\n<li>D\u013a\u017eka vonkaj\u0161ej strany nohav\u00edc: 90 cm<\/li>\n<li>Vn\u00fatorn\u00e1 d\u013a\u017eka nohav\u00edc: 63 cm<\/li>\n<li>\u0160\u00edrka p\u00e1su: 35 - 38 cm<\/li>\n<li>V\u00fd\u0161ka: 25 cm<\/li>\n<\/ul>\n<p style=\"text-align: center;\"><strong>38\/M<\/strong><\/p>\n<ul style=\"text-align: center;\">\n<li>Vonkaj\u0161ia d\u013a\u017eka nohav\u00edc: 93 cm<\/li>\n<li>Vn\u00fatorn\u00e1 d\u013a\u017eka nohav\u00edc: 66 cm<\/li>\n<li>\u0160\u00edrka v p\u00e1se: 38 -42 cm<\/li>\n<li>V\u00fd\u0161ka: 25,5 cm<\/li>\n<li><\/li>\n<\/ul>\n<p style=\"text-align: center;\"><strong>40\/L<\/strong><\/p>\n<ul style=\"text-align: center;\">\n<li>Vonkaj\u0161ia d\u013a\u017eka nohav\u00edc: 96 cm<\/li>\n<li>Vn\u00fatorn\u00e1 d\u013a\u017eka nohav\u00edc: 69 cm<\/li>\n<li>\u0160\u00edrka v p\u00e1se: 39 -43 cm<\/li>\n<li>V\u00fd\u0161ka: 29 cm<\/li>\n<li><\/li>\n<\/ul>\n<p style=\"text-align: center;\"><strong>42\/XL<\/strong><\/p>\n<ul style=\"text-align: center;\">\n<li>Vonkaj\u0161ia d\u013a\u017eka nohav\u00edc: 97 cm<\/li>\n<li>Vn\u00fatorn\u00e1 d\u013a\u017eka nohav\u00edc: 69 cm<\/li>\n<li>\u0160\u00edrka v p\u00e1se: 43-47 cm<\/li>\n<li>V\u00fd\u0161ka: 29 cm<\/li>\n<li><\/li>\n<\/ul>\n<p style=\"text-align: center;\"><strong>44\/XXL<\/strong><\/p>\n<ul style=\"text-align: center;\">\n<li>Vonkaj\u0161ia d\u013a\u017eka nohav\u00edc: 98 cm<\/li>\n<li>Vn\u00fatorn\u00e1 d\u013a\u017eka nohav\u00edc: 69 cm<\/li>\n<li>\u0160\u00edrka v p\u00e1se: 45-49 cm<\/li>\n<li>V\u00fd\u0161ka: 30 cm<\/li>\n<li><\/li>\n<\/ul>\n<p style=\"text-align: center;\"><strong>46\/XXXL<\/strong><\/p>\n<ul style=\"text-align: center;\">\n<li>Vonkaj\u0161ia d\u013a\u017eka nohav\u00edc: 98 cm<\/li>\n<li>Vn\u00fatorn\u00e1 d\u013a\u017eka nohav\u00edc: 70 cm<\/li>\n<li>\u0160\u00edrka v p\u00e1se: 48-52 cm<\/li>\n<li>V\u00fd\u0161ka: 30 cm<\/li>\n<li><\/li>\n<\/ul>\n<p style=\"text-align: center;\"><strong>48\/XXXXL<\/strong><\/p>\n<ul style=\"text-align: center;\">\n<li>Vonkaj\u0161ia d\u013a\u017eka nohav\u00edc: 99 cm<\/li>\n<li>Vn\u00fatorn\u00e1 d\u013a\u017eka nohav\u00edc: 69 cm<\/li>\n<li>\u0160\u00edrka v p\u00e1se: 50-54 cm<\/li>\n<li>V\u00fd\u0161ka: 32 cm<\/li>\n<\/ul>\n<p style=\"text-align: center;\"><strong>50\/XXXXXXL<\/strong><\/p>\n<ul style=\"text-align: center;\">\n<li>Vonkaj\u0161ia d\u013a\u017eka nohav\u00edc: 100 cm<\/li>\n<li>Vn\u00fatorn\u00e1 d\u013a\u017eka nohav\u00edc: 69 cm<\/li>\n<li>\u0160\u00edrka v p\u00e1se: 52-56 cm<\/li>\n<li>V\u00fd\u0161ka: 33 cm<\/li>\n<\/ul>\n<p style=\"text-align: center;\"><strong>52\/XXXXXXXL<\/strong><\/p>\n<ul>\n<li style=\"text-align: center;\">Vonkaj\u0161ia d\u013a\u017eka nohav\u00edc: 100 cm<\/li>\n<li style=\"text-align: center;\">Vn\u00fatorn\u00e1 d\u013a\u017eka nohav\u00edc: 69 cm<\/li>\n<li style=\"text-align: center;\">\u0160\u00edrka p\u00e1su: 54-58 cm<\/li>\n<li style=\"text-align: center;\">V\u00fd\u0161ka: 34 cm<\/li>\n<\/ul>\n<ul style=\"text-align: center;\">\n<li style=\"list-style-type: none;\">\n<ul style=\"text-align: center;\">\n<li style=\"list-style-type: none;\"><\/li>\n<\/ul>\n<\/li>\n<\/ul>\n<p style=\"text-align: center;\">Rozmery sa m\u00f4\u017eu l\u00ed\u0161i\u0165 od uveden\u00fdch +\/- 2cm. V\u0161etky uveden\u00e9 rozmery s\u00fa meran\u00e9 plo\u0161ne.\u00a0<strong>rozmer x2<\/strong><\/p>\n<p>&nbsp;<\/p>\n<p style=\"text-align: center;\" data-start=\"898\" data-end=\"937\"><strong data-start=\"898\" data-end=\"935\">Pre\u010do si vybra\u0165 tieto nohavice?<\/strong><\/p>\n<ul data-start=\"938\" data-end=\"1180\">\n<li data-start=\"938\" data-end=\"993\">\n<p style=\"text-align: center;\" data-start=\"940\" data-end=\"993\">Klasick\u00e1 modr\u00e1 farba, ktor\u00e1 sa hod\u00ed k mnoh\u00fdm \u0161t\u00fdlom<\/p>\n<\/li>\n<li style=\"text-align: center;\" data-start=\"994\" data-end=\"1029\">\n<p data-start=\"996\" data-end=\"1029\">Vysok\u00fd p\u00e1s zv\u00fdraz\u0148uj\u00faci p\u00e1s<\/p>\n<\/li>\n<li style=\"text-align: center;\" data-start=\"1030\" data-end=\"1068\">\n<p data-start=\"1032\" data-end=\"1068\">Rovn\u00fd, mierne \u0161irok\u00fd strih nohav\u00edc<\/p>\n<\/li>\n<li style=\"text-align: center;\" data-start=\"1069\" data-end=\"1112\">\n<p data-start=\"1071\" data-end=\"1112\">Praktick\u00e9 vreck\u00e1 a pohodln\u00e9 zap\u00ednanie<\/p>\n<\/li>\n<li data-start=\"1113\" data-end=\"1180\">\n<p style=\"text-align: center;\" data-start=\"1115\" data-end=\"1180\">Vysokokvalitn\u00fd, mierne elastick\u00fd materi\u00e1l zais\u0165uj\u00faci pohodlie<\/p>\n<\/li>\n<\/ul>\n<p>&nbsp;<\/p>\n<p style=\"text-align: center;\">\u00a0Model m\u00e1\u00a0<strong>165<\/strong>\u00a0cm vysok\u00fd, nos\u00ed ve\u013ekos\u0165 ka\u017ed\u00fd de\u0148\u00a0<strong>S<\/strong><\/p>\n<p style=\"text-align: center;\">","protected":false},"excerpt":{"rendered":"<p>Eleganckie Spodnie Damskie B\u0142\u0119kitne Z Gumk\u0105 Stylowe i wygodne spodnie damskie w ponadczasowym b\u0142\u0119kitnym kolorze. To doskona\u0142a propozycja dla kobiet, kt\u00f3re ceni\u0105 elegancj\u0119 po\u0142\u0105czon\u0105 z komfortem noszenia. Minimalistyczny fason sprawia, \u017ce model \u015bwietnie sprawdzi si\u0119 zar\u00f3wno w stylizacjach biurowych, jak i codziennych.Elastyczna gumka w pasie zapewnia idealne dopasowanie do sylwetki oraz wygod\u0119 przez ca\u0142y dzie\u0144.<\/p>\n<div class=\"klb-readmore post-buttons\"><a class=\"button black outline size-sm\" href=\"https:\/\/madelinefashion.pl\/sk\/eleganckie-spodnie-damskie-blekitne-z-gumka\/\">\u010c\u00edta\u0165 \u010falej <i class=\"klbth-icon-right-arrow\"><\/i><\/a><\/div>","protected":false},"featured_media":595525,"template":"","meta":[],"product_brand":[],"product_cat":[83,395],"product_tag":[475],"class_list":{"0":"post-595556","1":"product","2":"type-product","3":"status-publish","4":"has-post-thumbnail","6":"product_cat-spodnie","7":"product_cat-nowosci","8":"product_tag-spodnie-dlugie","9":"pa_rozmiar-xxxl-46","10":"pa_rozmiar-xxxxl-48","11":"pa_rozmiar-s-36","12":"pa_rozmiar-m-38","13":"pa_rozmiar-l-40","14":"pa_rozmiar-xl-42","15":"pa_rozmiar-xxl-44","16":"pa_rozmiar-438","17":"pa_rozmiar-439","19":"first","20":"instock","21":"purchasable","22":"product-type-variable"},"_links":{"self":[{"href":"https:\/\/madelinefashion.pl\/sk\/wp-json\/wp\/v2\/product\/595556","targetHints":{"allow":["GET"]}}],"collection":[{"href":"https:\/\/madelinefashion.pl\/sk\/wp-json\/wp\/v2\/product"}],"about":[{"href":"https:\/\/madelinefashion.pl\/sk\/wp-json\/wp\/v2\/types\/product"}],"wp:featuredmedia":[{"embeddable":true,"href":"https:\/\/madelinefashion.pl\/sk\/wp-json\/wp\/v2\/media\/595525"}],"wp:attachment":[{"href":"https:\/\/madelinefashion.pl\/sk\/wp-json\/wp\/v2\/media?parent=595556"}],"wp:term":[{"taxonomy":"product_brand","embeddable":true,"href":"https:\/\/madelinefashion.pl\/sk\/wp-json\/wp\/v2\/product_brand?post=595556"},{"taxonomy":"product_cat","embeddable":true,"href":"https:\/\/madelinefashion.pl\/sk\/wp-json\/wp\/v2\/product_cat?post=595556"},{"taxonomy":"product_tag","embeddable":true,"href":"https:\/\/madelinefashion.pl\/sk\/wp-json\/wp\/v2\/product_tag?post=595556"}],"curies":[{"name":"pracovn\u00fd list","href":"https:\/\/api.w.org\/{rel}","templated":true}]}}