{"id":5959,"date":"2021-03-21T14:27:48","date_gmt":"2021-03-21T13:27:48","guid":{"rendered":"https:\/\/madelinefashion.pl\/?post_type=product&#038;p=5959"},"modified":"2026-03-26T12:40:45","modified_gmt":"2026-03-26T11:40:45","slug":"body-na-ramiaczkach-fioletowe-chiara","status":"publish","type":"product","link":"https:\/\/madelinefashion.pl\/sk\/body-na-ramiaczkach-fioletowe-chiara\/","title":{"rendered":"Violet Chiara body bez ramienok"},"content":{"rendered":"<h3 style=\"text-align: center;\">Violet Chiara body bez ramienok<\/h3>\n<p style=\"text-align: center;\">Body na ramienka v <strong>fialov\u00e1 - lila <\/strong>\u00a0Chiara s v\u00fdstrihom do V. Stavte na outfit s paz\u00farikom! <strong>Sexy medved\u00edk<\/strong>, vyroben\u00fd z \u013eahk\u00e9ho materi\u00e1lu, bude ide\u00e1lny pre v\u00e4\u010d\u0161inu \u0161tyliz\u00e1ci\u00ed. Pru\u017en\u00e1 l\u00e1tka bude tvarova\u0165 postavu. Telo m\u00e1 spev\u0148uj\u00face ko\u0161\u00ed\u010dky, ktor\u00e9 vyzeraj\u00fa kr\u00e1sne <strong>odhal\u00ed bustu<\/strong>. Vybran\u00e9 pre mnoho \u0161t\u00fdlov. <strong>Model, ktor\u00fd si zamilujete<\/strong>. M\u00f4\u017eete ich nosi\u0165 k \u0161ortk\u00e1m, d\u017e\u00ednsom, sukni a dokonca aj ko\u017een\u00fdm nohaviciam. Body maj\u00fa<strong> gumen\u00fd popruh<\/strong>. Eur\u00f3psky v\u00fdrobok, ve\u013emi dobr\u00e1 kvalita. Ide\u00e1lne do \u0161koly, pr\u00e1ce, na rande alebo na stretnutie s priate\u013emi! <strong>Ide\u00e1lne pre ka\u017ed\u00fa pr\u00edle\u017eitos\u0165 a \u010das!\u00a0<\/strong>Ve\u013ekos\u0165\u00a0<strong>odpor\u00fa\u010dan\u00e9 univerz\u00e1lne<\/strong>\u00a0pre d\u00e1my vo ve\u013ekosti od<strong> XS a\u017e L\u00a0 \u00a0 <\/strong>\u00a0\u0160irok\u00e1 \u0161k\u00e1la farieb v\u00e1m umo\u017en\u00ed vybra\u0165 si telo, ktor\u00e9 zv\u00fdrazn\u00ed v\u00e1\u0161 charakter!<\/p>\n<h3 style=\"text-align: center;\">Rozmery<\/h3>\n<ul style=\"text-align: center;\">\n<li>celkov\u00e1 d\u013a\u017eka na zap\u00ednanie: 67 cm - 77 cm<\/li>\n<li>\u0161\u00edrka od pazuchy po pazuchu: 34-48 cm<\/li>\n<li>odpor\u00fa\u010dan\u00fd maxim\u00e1lny obvod poprsia: 98 cm<\/li>\n<\/ul>\n<p style=\"text-align: center;\">Rozmery sa m\u00f4\u017eu mierne l\u00ed\u0161i\u0165 od uveden\u00fdch +\/- 2cm. V\u0161etky uveden\u00e9 rozmery s\u00fa meran\u00e9 plo\u0161ne.<\/p>\n<p style=\"text-align: center;\"><strong>\u00a0<\/strong><\/p>\n<table width=\"623\">\n<tbody>\n<tr>\n<td width=\"302\">Meno modela<\/td>\n<td width=\"302\">Chiara body bez ramienok<\/td>\n<\/tr>\n<tr>\n<td width=\"302\">Farba<\/td>\n<td width=\"302\">Fialov\u00e1<\/td>\n<\/tr>\n<tr>\n<td width=\"302\">Zbierka<\/td>\n<td width=\"302\">Jar leto jese\u0148 zima<\/td>\n<\/tr>\n<tr>\n<td width=\"302\">ve\u013ekosti<\/td>\n<td width=\"302\">Univerz\u00e1lny<\/td>\n<\/tr>\n<tr>\n<td width=\"302\">M\u00f3da<\/td>\n<td width=\"302\">Vypasovan\u00e9 \/ slipy<\/td>\n<\/tr>\n<tr>\n<td width=\"302\">\u0160tiepenie<\/td>\n<td width=\"302\">V<\/td>\n<\/tr>\n<tr>\n<td width=\"302\">Ko\u0161\u00ed\u010dky na spevnenie poprsia<\/td>\n<td width=\"302\">\u00c1no<\/td>\n<\/tr>\n<tr>\n<td width=\"302\">Materi\u00e1l<\/td>\n<td width=\"302\">95% polyester 5% elastan<\/td>\n<\/tr>\n<\/tbody>\n<\/table>\n<p>&nbsp;<\/p>\n<p style=\"text-align: center;\">Odpor\u00fa\u010da sa pre \u013eud\u00ed, ktor\u00ed nosia od <b>XS\u00a0 <\/b>dole <strong>L<\/strong><\/p>\n<p>&nbsp;<\/p>\n<p style=\"text-align: center;\">Model m\u00e1\u00a0<strong>169<\/strong>\u00a0cm vysok\u00fd, nos\u00ed ve\u013ekos\u0165 ka\u017ed\u00fd de\u0148\u00a0<strong>S<\/strong><\/p>\n<p style=\"text-align: center;\">\u0160\u00edrka cez prsia 92 cm<\/p>\n<p style=\"text-align: center;\">\u0160\u00edrka v p\u00e1se 62 cm<\/p>\n<p style=\"text-align: center;\">\u0160\u00edrka v bokoch 94 cm<\/p>","protected":false},"excerpt":{"rendered":"<p>Body Na Rami\u0105czkach Fioletowe Chiara Body Na Rami\u0105czkach w kolorze fioletowym &#8211; lilac \u00a0Chiara z dekoltem typu v . Postaw na outfit z pazurem! Seksowne body, wykonane z lekkiego, materia\u0142u sprawdz\u0105 si\u0119 idealnie w wi\u0119kszo\u015bci stylizacji. Elastyczna tkanina wymodeluje sylwetk\u0119. Body posiadaj\u0105 usztywniaj\u0105ce miseczki, kt\u00f3re pi\u0119knie wyeksponuj\u0105 biust. Wybierane do wielu stylizacji. Model w kt\u00f3rym<\/p>\n<div class=\"klb-readmore post-buttons\"><a class=\"button black outline size-sm\" href=\"https:\/\/madelinefashion.pl\/sk\/body-na-ramiaczkach-fioletowe-chiara\/\">\u010c\u00edta\u0165 \u010falej <i class=\"klbth-icon-right-arrow\"><\/i><\/a><\/div>","protected":false},"featured_media":49736,"template":"","meta":[],"product_brand":[],"product_cat":[84,380],"product_tag":[],"class_list":{"0":"post-5959","1":"product","2":"type-product","3":"status-publish","4":"has-post-thumbnail","6":"product_cat-body","7":"product_cat-wyprzedaz","9":"first","10":"instock","11":"sale","12":"purchasable","13":"product-type-simple"},"_links":{"self":[{"href":"https:\/\/madelinefashion.pl\/sk\/wp-json\/wp\/v2\/product\/5959","targetHints":{"allow":["GET"]}}],"collection":[{"href":"https:\/\/madelinefashion.pl\/sk\/wp-json\/wp\/v2\/product"}],"about":[{"href":"https:\/\/madelinefashion.pl\/sk\/wp-json\/wp\/v2\/types\/product"}],"wp:featuredmedia":[{"embeddable":true,"href":"https:\/\/madelinefashion.pl\/sk\/wp-json\/wp\/v2\/media\/49736"}],"wp:attachment":[{"href":"https:\/\/madelinefashion.pl\/sk\/wp-json\/wp\/v2\/media?parent=5959"}],"wp:term":[{"taxonomy":"product_brand","embeddable":true,"href":"https:\/\/madelinefashion.pl\/sk\/wp-json\/wp\/v2\/product_brand?post=5959"},{"taxonomy":"product_cat","embeddable":true,"href":"https:\/\/madelinefashion.pl\/sk\/wp-json\/wp\/v2\/product_cat?post=5959"},{"taxonomy":"product_tag","embeddable":true,"href":"https:\/\/madelinefashion.pl\/sk\/wp-json\/wp\/v2\/product_tag?post=5959"}],"curies":[{"name":"pracovn\u00fd list","href":"https:\/\/api.w.org\/{rel}","templated":true}]}}