{"id":596314,"date":"2026-03-05T12:52:16","date_gmt":"2026-03-05T11:52:16","guid":{"rendered":"https:\/\/madelinefashion.pl\/?post_type=product&#038;p=596314"},"modified":"2026-04-26T15:01:23","modified_gmt":"2026-04-26T13:01:23","slug":"sukienka-wrzosowa-z-gorsetem-dopasowana-isabella","status":"publish","type":"product","link":"https:\/\/madelinefashion.pl\/sk\/sukienka-wrzosowa-z-gorsetem-dopasowana-isabella\/","title":{"rendered":"\u0160aty Isabella Heather s priliehav\u00fdm korzetom"},"content":{"rendered":"<h3 style=\"text-align: center;\">\u0160aty Isabella Heather s priliehav\u00fdm korzetom<\/h3>\n<p style=\"text-align: center;\">\u00a0Fenomen\u00e1lne dlh\u00e9, priliehav\u00e9 \u0161aty s rozparkom odha\u013euj\u00facim nohy. Vrchn\u00e1 \u010das\u0165 \u0161iat m\u00e1 kr\u00e1sny v\u00fdstrih. Vzadu je korzet so \u0161nurovan\u00edm, ktor\u00fd v\u00e1m umo\u017en\u00ed dokonale si ich nastavi\u0165 pod\u013ea p\u00e1sa. \u0160aty s\u00fa vyroben\u00e9 z mierne elastick\u00e9ho materi\u00e1lu, v\u010faka \u010domu perfektne sedia. <strong>prisp\u00f4sob\u00ed sa telu<\/strong>. \u0160aty maj\u00fa vpredu v\u0161it\u00e9 ko\u0161\u00ed\u010dky, tak\u017ee si nemus\u00edte oblieka\u0165 podprsenku. <strong data-start=\"97\" data-end=\"140\">Heather s priliehav\u00fdm korzetom Isabella<\/strong> je jedine\u010dn\u00e1 ponuka pre \u017eeny, ktor\u00e9 h\u013eadaj\u00fa elegantn\u00fd, \u017eensk\u00fd a nad\u010dasov\u00fd outfit na \u0161peci\u00e1lne pr\u00edle\u017eitosti. Tieto dlh\u00e9, priliehav\u00e9 \u0161aty v <strong>\u00a0vresov\u00e1 farba<\/strong> Zaujm\u00fa svojou formou a dokonal\u00fdm strihom, ktor\u00fd kr\u00e1sne zv\u00fdraz\u0148uje siluetu a dod\u00e1va vzh\u013eadu n\u00e1dych noblesy. Korzetov\u00fd \u017eiv\u00f4tik \u0161iat bol navrhnut\u00fd tak, aby dokonale tvaroval p\u00e1s a poprsie a z\u00e1rove\u0148 zabezpe\u010dil pohodlie. Jemn\u00e9 ozdoby na \u017eiv\u00f4tiku dod\u00e1vaj\u00fa cel\u00e9mu k\u00fasku luxusn\u00fd charakter a priliehav\u00fd strih umo\u017e\u0148uje \u0161at\u00e1m dokonale zv\u00fdrazni\u0165 \u017eensk\u00e9 krivky. Dlh\u00e9 \u0161aty s v\u00fdrazn\u00fdm rozparkom na nohe dod\u00e1vaj\u00fa \u0161at\u00e1m \u013eahkos\u0165 a zmyselnos\u0165, v\u010faka \u010domu vyzeraj\u00fa kr\u00e1sne aj v pohybe. V\u010faka jemn\u00e9mu ru\u017eov\u00e9mu odtie\u0148u sa \u0161aty skvele hodia aj ako \u0161aty. <strong data-start=\"1058\" data-end=\"1081\">\u0161aty pre dru\u017ei\u010dky<\/strong>, \u010d\u00edm vytv\u00e1raj\u00fa decentn\u00fd a harmonick\u00fd \u0161t\u00fdl vhodn\u00fd na svadobn\u00e9 obrady. Dostupn\u00e9 vo ve\u013ekostiach SML. Na\u0161e \u0161aty s\u00fa perfektnou vo\u013ebou na svadby, plesy, Silvester a in\u00e9 elegantn\u00e9 \u0161peci\u00e1lne pr\u00edle\u017eitosti. V na\u0161om internetovom obchode s\u00fa dostupn\u00e9 v nieko\u013ek\u00fdch farebn\u00fdch variantoch, tak\u017ee nev\u00e1hajte a vyberte si t\u00fa, ktor\u00e1 je pre v\u00e1s ide\u00e1lna. Ak sa neviete rozhodn\u00fa\u0165, ktor\u00fa farbu, <strong>ve\u013ekos\u0165<\/strong> je pre v\u00e1s to najlep\u0161ie <strong>kontaktuj n\u00e1s<\/strong> cez <a href=\"https:\/\/www.facebook.com\/madelinefashionbutik\" target=\"_blank\" rel=\"noopener\">Facebook<\/a> alebo <a href=\"https:\/\/madelinefashion.pl\/sk\/kontakt\/\">telef\u00f3n<\/a>. Ak ve\u013ekos\u0165 nie je na str\u00e1nke, kontaktujte n\u00e1s.<\/p>\n<h3 style=\"text-align: center;\">ROZMERY \u0161iat:<\/h3>\n<table width=\"556\">\n<tbody>\n<tr>\n<td><strong>VE\u013dKOS\u0164<\/strong><\/td>\n<td><strong>poprsia<\/strong><\/td>\n<td><strong>P\u00e1s<\/strong><\/td>\n<td><strong>Boky<\/strong><\/td>\n<\/tr>\n<tr>\n<td><strong>36<\/strong><\/td>\n<td>88-90<\/td>\n<td>68-72<\/td>\n<td>\u00a086-92<\/td>\n<\/tr>\n<tr>\n<td><strong>38<\/strong><\/td>\n<td>92-94<\/td>\n<td>72-76<\/td>\n<td>\u00a090-96<\/td>\n<\/tr>\n<tr>\n<td><strong>40<\/strong><\/td>\n<td>96-98<\/td>\n<td>76-80<\/td>\n<td>\u00a094-106<\/td>\n<\/tr>\n<\/tbody>\n<\/table>\n<p style=\"text-align: center;\"><span style=\"font-size: 10pt;\">celkov\u00e1 d\u013a\u017eka cca 157 cm<\/span>\u00a0(\u0161aty sa daj\u00fa skr\u00e1ti\u0165 pod\u013ea vlastnej chuti)<\/p>\n<p style=\"text-align: center;\"><span style=\"font-size: 10pt;\">\u0160aty s\u00fa dostupn\u00e9 aj v in\u00fdch farb\u00e1ch - odpor\u00fa\u010dame v\u00e1m zozn\u00e1mi\u0165 sa s na\u0161imi \u010fal\u0161\u00edmi produktmi.<\/span><\/p>\n<p style=\"text-align: center;\"><span style=\"font-size: 10pt;\">Rozmery sa m\u00f4\u017eu mierne l\u00ed\u0161i\u0165 od uveden\u00fdch +\/- 2cm.\u00a0<\/span><\/p>\n<p style=\"text-align: center;\"><span style=\"font-size: 10pt;\"><strong>\u00a0<\/strong>\u00a0<\/span><\/p>\n<table width=\"620\">\n<tbody>\n<tr>\n<td width=\"302\">Meno modela<\/td>\n<td width=\"302\">Korzetov\u00e9 \u0161aty Isabella s priliehav\u00fdm strihom<\/td>\n<\/tr>\n<tr>\n<td width=\"302\">Farba<\/td>\n<td width=\"302\">P\u00fadrov\u00e1 ru\u017eov\u00e1<\/td>\n<\/tr>\n<tr>\n<td width=\"302\">Vystrihn\u00fa\u0165<\/td>\n<td width=\"302\">\u00c1no<\/td>\n<\/tr>\n<tr>\n<td width=\"302\">ve\u013ekosti<\/td>\n<td width=\"302\">36 38 40<\/td>\n<\/tr>\n<tr>\n<td width=\"302\">M\u00f3da<\/td>\n<td width=\"302\">Zhoda<\/td>\n<\/tr>\n<tr>\n<td width=\"302\">Materi\u00e1l<\/td>\n<td width=\"302\">Visk\u00f3za, Polyester<\/td>\n<\/tr>\n<tr>\n<td width=\"302\">D\u013a\u017eka<\/td>\n<td width=\"302\">Na zem<\/td>\n<\/tr>\n<\/tbody>\n<\/table>\n<p style=\"text-align: center;\"><span style=\"font-size: 10pt;\">\u00a0<\/span><\/p>\n<p>&nbsp;<\/p>\n<p style=\"text-align: center;\"><span style=\"font-size: 10pt;\">Aby ste si vybrali <strong>perfektn\u00e9 \u0161aty<\/strong> kontaktujte n\u00e1s telefonicky alebo prostredn\u00edctvom na\u0161ej webovej str\u00e1nky <a href=\"https:\/\/www.facebook.com\/madelinefashionbutik\" target=\"_blank\" rel=\"noopener\">Facebook<\/a> .<\/span><br \/>\n<span style=\"font-size: 10pt;\">N\u00e1\u0161 t\u00edm v\u00e1m pom\u00f4\u017ee <strong>Vyberte si ten spr\u00e1vny<\/strong> . <strong>Na \u017eelanie kupuj\u00faceho vyrob\u00edme ak\u00e9ko\u013evek \u0161aty\u00a0<\/strong><strong>opatrne mera\u0165.\u00a0<\/strong><\/span><\/p>\n<div class=\"additional-details\" style=\"text-align: center;\">\n<p style=\"text-align: center;\"><span style=\"font-size: 10pt;\">\u00a0<\/span><\/p>\n<\/div>","protected":false},"excerpt":{"rendered":"<p>Sukienka Wrzosowa z Gorsetem Dopasowana Isabella \u00a0Zjawiskowa d\u0142uga, dopasowana sukienka z rozporkiem eksponuj\u0105cym nog\u0119. G\u00f3ra sukienki z pi\u0119knym dekoltem . Z ty\u0142u posiada sznurowany gorset dzi\u0119ki czemu dopasujesz j\u0105 idealnie do swojej talii. Sukienka uszyta z lekko rozci\u0105gliwego materia\u0142u dzi\u0119ki czemu idealnie dopasowuje si\u0119 do cia\u0142a. Sukienka posiada z przodu wszyte miseczki, dzi\u0119ki czemu nie<\/p>\n<div class=\"klb-readmore post-buttons\"><a class=\"button black outline size-sm\" href=\"https:\/\/madelinefashion.pl\/sk\/sukienka-wrzosowa-z-gorsetem-dopasowana-isabella\/\">\u010c\u00edta\u0165 \u010falej <i class=\"klbth-icon-right-arrow\"><\/i><\/a><\/div>","protected":false},"featured_media":599291,"template":"","meta":[],"product_brand":[],"product_cat":[124,569,563],"product_tag":[163,215,259],"class_list":{"0":"post-596314","1":"product","2":"type-product","3":"status-publish","4":"has-post-thumbnail","6":"product_cat-sukienki-okolicznosciowe","7":"product_cat-sukienki-dopasowane","8":"product_cat-sukienki-gorsetowe","9":"product_tag-sukienki-dlugie","10":"product_tag-sukienki-rozowe","11":"product_tag-sukienki-wrzosowe","13":"first","14":"instock","15":"purchasable","16":"product-type-variable"},"_links":{"self":[{"href":"https:\/\/madelinefashion.pl\/sk\/wp-json\/wp\/v2\/product\/596314","targetHints":{"allow":["GET"]}}],"collection":[{"href":"https:\/\/madelinefashion.pl\/sk\/wp-json\/wp\/v2\/product"}],"about":[{"href":"https:\/\/madelinefashion.pl\/sk\/wp-json\/wp\/v2\/types\/product"}],"wp:featuredmedia":[{"embeddable":true,"href":"https:\/\/madelinefashion.pl\/sk\/wp-json\/wp\/v2\/media\/599291"}],"wp:attachment":[{"href":"https:\/\/madelinefashion.pl\/sk\/wp-json\/wp\/v2\/media?parent=596314"}],"wp:term":[{"taxonomy":"product_brand","embeddable":true,"href":"https:\/\/madelinefashion.pl\/sk\/wp-json\/wp\/v2\/product_brand?post=596314"},{"taxonomy":"product_cat","embeddable":true,"href":"https:\/\/madelinefashion.pl\/sk\/wp-json\/wp\/v2\/product_cat?post=596314"},{"taxonomy":"product_tag","embeddable":true,"href":"https:\/\/madelinefashion.pl\/sk\/wp-json\/wp\/v2\/product_tag?post=596314"}],"curies":[{"name":"pracovn\u00fd list","href":"https:\/\/api.w.org\/{rel}","templated":true}]}}