{"id":597187,"date":"2026-03-11T15:52:52","date_gmt":"2026-03-11T14:52:52","guid":{"rendered":"https:\/\/madelinefashion.pl\/?post_type=product&#038;p=597187"},"modified":"2026-03-11T16:04:20","modified_gmt":"2026-03-11T15:04:20","slug":"bluzka-iron-wheel-biala","status":"publish","type":"product","link":"https:\/\/madelinefashion.pl\/sk\/bluzka-iron-wheel-biala\/","title":{"rendered":"Biela bl\u00fazka Iron Wheel"},"content":{"rendered":"<h3 style=\"text-align: center;\">Biela bl\u00fazka Iron Wheel<\/h3>\n<p style=\"text-align: center;\"><span style=\"font-size: 10pt;\"><strong>Biela bl\u00fazka\u00a0<\/strong> Tento model je ide\u00e1lny na r\u00f4zne ka\u017edodenn\u00e9 pr\u00edle\u017eitosti v kombin\u00e1cii s nohavicami. Bl\u00fazka je vyroben\u00e1 z vysoko kvalitn\u00e9ho materi\u00e1lu. Vrchn\u00fd diel m\u00e1 m\u00f3dnu potla\u010d, ktor\u00e1 sa hod\u00ed k v\u00e4\u010d\u0161ine \u0161t\u00fdlov. Tento model v\u00e1s odl\u00ed\u0161i. Odpor\u00fa\u010da sa pre \u017eeny, ktor\u00e9 nosia ve\u013ekos\u0165 <strong>XS, S, M, L<\/strong><\/span><\/p>\n<h3 style=\"text-align: center;\">Rozmery:<\/h3>\n<ul style=\"text-align: center;\">\n<li>celkov\u00e1 d\u013a\u017eka: 58 cm<\/li>\n<li>\u0161\u00edrka od pazuchy po pazuchu: 43-52 cm<\/li>\n<li>\u0161\u00edrka p\u00e1sa: 35-38 cm<\/li>\n<li><\/li>\n<\/ul>\n<p style=\"text-align: center;\">Rozmery sa m\u00f4\u017eu mierne l\u00ed\u0161i\u0165 od uveden\u00fdch +\/- 2cm. V\u0161etky uveden\u00e9 rozmery s\u00fa meran\u00e9 plo\u0161ne. rozmer x2<\/p>\n<p style=\"text-align: center;\"><span style=\"font-size: 10pt;\">\u00a0<\/span><\/p>\n<p style=\"text-align: center;\"><span style=\"font-size: 10pt;\">\u00a0<\/span><\/p>\n<table width=\"621\">\n<tbody>\n<tr>\n<td width=\"302\">Meno modela<\/td>\n<td width=\"302\">Biela bl\u00fazka Iron Wheel<\/td>\n<\/tr>\n<tr>\n<td width=\"302\">Farba<\/td>\n<td width=\"302\">biely<\/td>\n<\/tr>\n<tr>\n<td width=\"302\">ve\u013ekosti<\/td>\n<td width=\"302\">Univerz\u00e1lny<\/td>\n<\/tr>\n<tr>\n<td width=\"302\">M\u00f3da<\/td>\n<td width=\"302\">nadrozmern\u00e9<\/td>\n<\/tr>\n<tr>\n<td width=\"302\">Materi\u00e1l<\/td>\n<td width=\"302\">95 % Polyester 5% Bavlna<\/td>\n<\/tr>\n<\/tbody>\n<\/table>\n<div class=\"tabs tabs-bb clear mb-80\">\n<div class=\"tab-content\">\n<div id=\"tab-description\" class=\"tab-pane fade in woocommerce-Tabs-panel--description active\">\n<p style=\"text-align: center;\">Model m\u00e1\u00a0<strong>169<\/strong>\u00a0cm vysok\u00fd, nos\u00ed ve\u013ekos\u0165 ka\u017ed\u00fd de\u0148\u00a0<strong>S<\/strong><\/p>\n<p style=\"text-align: center;\">\u0160\u00edrka cez prsia 92 cm<\/p>\n<p style=\"text-align: center;\">\u0160\u00edrka v p\u00e1se 62 cm<\/p>\n<p style=\"text-align: center;\">\u0160\u00edrka v bokoch 94 cm<\/p>\n<\/div>\n<\/div>\n<\/div>","protected":false},"excerpt":{"rendered":"<p>Bluzka Iron Wheel Bia\u0142a Bluzka Bia\u0142a\u00a0 to model, kt\u00f3ry idealnie sprawdzi si\u0119 na r\u00f3\u017cne codzienne okazje, do spodni. Bluzka wykonana z jako\u015bciowego materia\u0142u. Top\u00a0 posiada modny nadruk pasuj\u0105cy do wi\u0119kszo\u015bci stylizacji. Model, w kt\u00f3rym nie przejdziesz nie zauwa\u017cona. Zalecana dla Pa\u0144 w rozmiarze XS, S, M, L Wymiary: d\u0142ugo\u015b\u0107 ca\u0142kowita: 58 cm szeroko\u015b\u0107 od pachy<\/p>\n<div class=\"klb-readmore post-buttons\"><a class=\"button black outline size-sm\" href=\"https:\/\/madelinefashion.pl\/sk\/bluzka-iron-wheel-biala\/\">\u010c\u00edta\u0165 \u010falej <i class=\"klbth-icon-right-arrow\"><\/i><\/a><\/div>","protected":false},"featured_media":597179,"template":"","meta":[],"product_brand":[],"product_cat":[77,395],"product_tag":[251],"class_list":{"0":"post-597187","1":"product","2":"type-product","3":"status-publish","4":"has-post-thumbnail","6":"product_cat-bluzki","7":"product_cat-nowosci","8":"product_tag-bluzka-biala","10":"first","11":"instock","12":"sale","13":"purchasable","14":"product-type-simple"},"_links":{"self":[{"href":"https:\/\/madelinefashion.pl\/sk\/wp-json\/wp\/v2\/product\/597187","targetHints":{"allow":["GET"]}}],"collection":[{"href":"https:\/\/madelinefashion.pl\/sk\/wp-json\/wp\/v2\/product"}],"about":[{"href":"https:\/\/madelinefashion.pl\/sk\/wp-json\/wp\/v2\/types\/product"}],"wp:featuredmedia":[{"embeddable":true,"href":"https:\/\/madelinefashion.pl\/sk\/wp-json\/wp\/v2\/media\/597179"}],"wp:attachment":[{"href":"https:\/\/madelinefashion.pl\/sk\/wp-json\/wp\/v2\/media?parent=597187"}],"wp:term":[{"taxonomy":"product_brand","embeddable":true,"href":"https:\/\/madelinefashion.pl\/sk\/wp-json\/wp\/v2\/product_brand?post=597187"},{"taxonomy":"product_cat","embeddable":true,"href":"https:\/\/madelinefashion.pl\/sk\/wp-json\/wp\/v2\/product_cat?post=597187"},{"taxonomy":"product_tag","embeddable":true,"href":"https:\/\/madelinefashion.pl\/sk\/wp-json\/wp\/v2\/product_tag?post=597187"}],"curies":[{"name":"pracovn\u00fd list","href":"https:\/\/api.w.org\/{rel}","templated":true}]}}