{"id":597501,"date":"2026-03-16T14:07:32","date_gmt":"2026-03-16T13:07:32","guid":{"rendered":"https:\/\/madelinefashion.pl\/?post_type=product&#038;p=597501"},"modified":"2026-04-22T20:49:29","modified_gmt":"2026-04-22T18:49:29","slug":"sukienka-krotka-nina-cappucino","status":"publish","type":"product","link":"https:\/\/madelinefashion.pl\/sk\/sukienka-krotka-nina-cappucino\/","title":{"rendered":"Kr\u00e1tke \u0161aty Nina Cappuccino"},"content":{"rendered":"<h3 style=\"text-align: center;\">Kr\u00e1tke \u0161aty Nina Cappuccino<\/h3>\n<p style=\"text-align: center;\"><span style=\"font-size: 10pt;\">Farebn\u00e9 \u0161aty Nina <strong>cappuccino<\/strong>. N\u00e1dhern\u00e9 \u0161aty s zavinovac\u00edm v\u00fdstrihom kr\u00e1sne zv\u00fdraz\u0148uj\u00fa poprsie. \u0160aty s\u00fa<\/span><span style=\"font-size: 10pt;\">Vyroben\u00e9 a u\u0161it\u00e9 v Po\u013esku. Maj\u00fa uzavret\u00fd chrb\u00e1t. Roztiahnut\u00fd strih zv\u00fdraz\u0148uje siluetu a zap\u00ednanie je na nevidite\u013en\u00fd zips vzadu. V\u00fdrazn\u00fd kvet v hornej \u010dasti \u0161iat dod\u00e1va \u0161arm a \u017eenstvenos\u0165.\u00a0 <\/span><span style=\"font-size: 10pt;\"><strong>H\u013ead\u00e1te perfektn\u00e9 \u0161aty na prij\u00edmanie, krst, svadbu alebo hostinu?<\/strong>? Tento model bude fungova\u0165 perfektne.<br \/>\n\u0160aty<strong> NINA s kvetom<\/strong> a opaskom, tieto neuverite\u013ene \u017eensk\u00e9 \u0161aty s\u00fa vyroben\u00e9 z exkluz\u00edvnej, hladkej l\u00e1tky. V\u00fdrazn\u00e9 spl\u00fdvav\u00e9 lemovanie vpredu, zavinovac\u00ed v\u00fdstrih, ktor\u00fd zo\u0161t\u00edh\u013euje krk, a ruk\u00e1vy, ktor\u00e9 mierne padaj\u00fa cez ramen\u00e1, robia \u0161aty ve\u013emi v\u00fdrazn\u00fdmi a dokonale sedia postave.<br \/>\nTieto zo\u0161t\u00edh\u013euj\u00face \u0161aty s\u00fa navrhnut\u00e9 s oh\u013eadom na postavy PLUS SIZE. Pozrite si n\u00e1\u0161 v\u00fdber. <a href=\"https:\/\/madelinefashion.pl\/sk\/sukienki-i-kombinezony\/sukienki-okolicznosciowe\/\"><strong>ve\u010dern\u00e9 \u0161aty<\/strong><\/a> a vyberte si model, v ktorom budete <strong>vyzera\u0165 ako hviezda<\/strong> a vyniknete z davu. <\/span><span style=\"font-size: 10pt;\">Ak sa neviete rozhodn\u00fa\u0165 ak\u00fa farbu, <strong>ve\u013ekos\u0165<\/strong> je pre v\u00e1s to najlep\u0161ie <strong>kontaktuj n\u00e1s<\/strong> cez <a href=\"https:\/\/www.facebook.com\/madelinefashionbutik\" target=\"_blank\" rel=\"noopener\">Facebook<\/a> alebo <a href=\"https:\/\/madelinefashion.pl\/sk\/kontakt\/\">telef\u00f3n<\/a>. Ak ve\u013ekos\u0165 nie je na str\u00e1nke, kontaktujte n\u00e1s.\u00a0<\/span><\/p>\n<h3 style=\"text-align: center;\">ROZMERY \u0161iat:<\/h3>\n<div class=\"additional-details\" style=\"text-align: center;\">\n<table width=\"556\">\n<tbody>\n<tr>\n<td width=\"202\"><strong>VE\u013dKOS\u0164<\/strong><\/td>\n<td><strong>poprsia<\/strong><\/td>\n<td><strong>P\u00e1s<\/strong><\/td>\n<td><strong>Boky<\/strong><\/td>\n<\/tr>\n<tr>\n<td width=\"202\"><strong>36<\/strong><\/td>\n<td>88-90<\/td>\n<td>68<\/td>\n<td>\u00a0Ak\u00e9ko\u013evek<\/td>\n<\/tr>\n<tr>\n<td width=\"202\"><strong>38<\/strong><\/td>\n<td>92-94<\/td>\n<td>72<\/td>\n<td>\u00a0Ak\u00e9ko\u013evek<\/td>\n<\/tr>\n<tr>\n<td width=\"202\"><strong>40<\/strong><\/td>\n<td>96-98<\/td>\n<td>76<\/td>\n<td>\u00a0Ak\u00e9ko\u013evek<\/td>\n<\/tr>\n<tr>\n<td width=\"202\"><strong>42<\/strong><\/td>\n<td>100-104<\/td>\n<td>80<\/td>\n<td>\u00a0Ak\u00e9ko\u013evek<\/td>\n<\/tr>\n<tr>\n<td width=\"202\"><strong>44<\/strong><\/td>\n<td>102-106<\/td>\n<td>86<\/td>\n<td>\u00a0Ak\u00e9ko\u013evek<\/td>\n<\/tr>\n<tr>\n<td width=\"202\"><strong>46<\/strong><\/td>\n<td>106-110<\/td>\n<td>88<\/td>\n<td>\u00a0Ak\u00e9ko\u013evek<\/td>\n<\/tr>\n<tr>\n<td width=\"202\"><strong>48<\/strong><\/td>\n<td>110-112<\/td>\n<td>92<\/td>\n<td>\u00a0Ak\u00e9ko\u013evek<\/td>\n<\/tr>\n<tr>\n<td width=\"202\"><strong>50<\/strong><\/td>\n<td>114-116<\/td>\n<td>96<\/td>\n<td>\u00a0Ak\u00e9ko\u013evek<\/td>\n<\/tr>\n<\/tbody>\n<\/table>\n<\/div>\n<p style=\"text-align: center;\"><span style=\"font-size: 10pt;\"><span style=\"font-size: 10pt;\">celkov\u00e1 d\u013a\u017eka cca 107 cm <\/span>\u00a0 <\/span><\/p>\n<p style=\"text-align: center;\"><span style=\"font-size: 10pt;\">\u0160aty s\u00fa dostupn\u00e9 aj v in\u00fdch farb\u00e1ch - odpor\u00fa\u010dame v\u00e1m zozn\u00e1mi\u0165 sa s na\u0161imi \u010fal\u0161\u00edmi produktmi.<\/span><\/p>\n<p style=\"text-align: center;\"><span style=\"font-size: 10pt;\">Rozmery sa m\u00f4\u017eu mierne l\u00ed\u0161i\u0165 od uveden\u00fdch +\/- 2cm.\u00a0<\/span><\/p>\n<p style=\"text-align: center;\"><span style=\"font-size: 10pt;\"><strong>\u00a0<\/strong>\u00a0<\/span><\/p>\n<table width=\"620\">\n<tbody>\n<tr>\n<td width=\"302\">Meno modela<\/td>\n<td width=\"302\">Kr\u00e1tke \u0161aty Nina<\/td>\n<\/tr>\n<tr>\n<td width=\"302\">Farba<\/td>\n<td width=\"302\">Cappuccino<\/td>\n<\/tr>\n<tr>\n<td width=\"302\">\u0160tiepenie<\/td>\n<td width=\"302\">Ob\u00e1lka<\/td>\n<\/tr>\n<tr>\n<td width=\"302\">ve\u013ekosti<\/td>\n<td width=\"302\">36 38 40 42 44 46 48 50<\/td>\n<\/tr>\n<tr>\n<td width=\"302\">M\u00f3da<\/td>\n<td width=\"302\">Vzplanul<\/td>\n<\/tr>\n<tr>\n<td width=\"302\">Materi\u00e1l<\/td>\n<td width=\"302\">80% Polyester 15 Visk\u00f3za 5% Elastan<\/td>\n<\/tr>\n<tr>\n<td width=\"302\">D\u013a\u017eka<\/td>\n<td width=\"302\">Na koleno<\/td>\n<\/tr>\n<\/tbody>\n<\/table>\n<p style=\"text-align: center;\"><span style=\"font-size: 10pt;\">\u00a0<\/span><\/p>\n<p style=\"text-align: center;\"><span style=\"font-size: 10pt;\">Aby ste si vybrali <strong>perfektn\u00e9 \u0161aty<\/strong> kontaktujte n\u00e1s telefonicky alebo prostredn\u00edctvom na\u0161ej webovej str\u00e1nky <a href=\"https:\/\/www.facebook.com\/madelinefashionbutik\" target=\"_blank\" rel=\"noopener\">Facebook<\/a> .<\/span><br \/>\n<span style=\"font-size: 10pt;\">N\u00e1\u0161 t\u00edm v\u00e1m pom\u00f4\u017ee <strong>Vyberte si ten spr\u00e1vny<\/strong> . <strong>Na \u017eelanie kupuj\u00faceho vyrob\u00edme ak\u00e9ko\u013evek \u0161aty\u00a0<\/strong><strong>opatrne mera\u0165. <\/strong><\/span><span style=\"font-size: 10pt;\">\u00a0<\/span><\/p>","protected":false},"excerpt":{"rendered":"<p>Kr\u00e1tke \u0161aty Nina v farbe cappuccino. \u0160aty Nina v farbe cappuccino. Tieto \u00fa\u017easn\u00e9 \u0161aty so zavinovac\u00edm v\u00fdstrihom kr\u00e1sne zv\u00fdraznia poprsie. Vyroben\u00e9 a u\u0161it\u00e9 v Po\u013esku, maj\u00fa uzavret\u00fd chrb\u00e1t. Zvonov\u00fd strih zv\u00fdraz\u0148uje siluetu a zap\u00ednaj\u00fa sa na nevidite\u013en\u00fd zips vzadu. V\u00fdrazn\u00fd kvetinov\u00fd detail v hornej \u010dasti \u0161iat dod\u00e1va \u0161arm a \u017eenstvenos\u0165. H\u013ead\u00e1te perfektn\u00e9 \u0161aty na sv\u00e4t\u00e9 prij\u00edmanie, krst, svadbu alebo form\u00e1lnu udalos\u0165?<\/p>\n<div class=\"klb-readmore post-buttons\"><a class=\"button black outline size-sm\" href=\"https:\/\/madelinefashion.pl\/sk\/sukienka-krotka-nina-cappucino\/\">\u010c\u00edta\u0165 \u010falej <i class=\"klbth-icon-right-arrow\"><\/i><\/a><\/div>","protected":false},"featured_media":597499,"template":"","meta":[],"product_brand":[],"product_cat":[124,395,564],"product_tag":[385,212,262],"class_list":{"0":"post-597501","1":"product","2":"type-product","3":"status-publish","4":"has-post-thumbnail","6":"product_cat-sukienki-okolicznosciowe","7":"product_cat-nowosci","8":"product_cat-sukienki-plus-size","9":"product_tag-plus-size","10":"product_tag-sukienki-bezowe","11":"product_tag-sukienki-krotkie","13":"first","14":"instock","15":"purchasable","16":"product-type-variable"},"_links":{"self":[{"href":"https:\/\/madelinefashion.pl\/sk\/wp-json\/wp\/v2\/product\/597501","targetHints":{"allow":["GET"]}}],"collection":[{"href":"https:\/\/madelinefashion.pl\/sk\/wp-json\/wp\/v2\/product"}],"about":[{"href":"https:\/\/madelinefashion.pl\/sk\/wp-json\/wp\/v2\/types\/product"}],"wp:featuredmedia":[{"embeddable":true,"href":"https:\/\/madelinefashion.pl\/sk\/wp-json\/wp\/v2\/media\/597499"}],"wp:attachment":[{"href":"https:\/\/madelinefashion.pl\/sk\/wp-json\/wp\/v2\/media?parent=597501"}],"wp:term":[{"taxonomy":"product_brand","embeddable":true,"href":"https:\/\/madelinefashion.pl\/sk\/wp-json\/wp\/v2\/product_brand?post=597501"},{"taxonomy":"product_cat","embeddable":true,"href":"https:\/\/madelinefashion.pl\/sk\/wp-json\/wp\/v2\/product_cat?post=597501"},{"taxonomy":"product_tag","embeddable":true,"href":"https:\/\/madelinefashion.pl\/sk\/wp-json\/wp\/v2\/product_tag?post=597501"}],"curies":[{"name":"pracovn\u00fd list","href":"https:\/\/api.w.org\/{rel}","templated":true}]}}