{"id":597738,"date":"2026-03-18T11:26:35","date_gmt":"2026-03-18T10:26:35","guid":{"rendered":"https:\/\/madelinefashion.pl\/?post_type=product&#038;p=597738"},"modified":"2026-04-15T12:01:24","modified_gmt":"2026-04-15T10:01:24","slug":"sukienka-maxi-zwiewna-roselle-biala-w-niebieskie-kwiaty","status":"publish","type":"product","link":"https:\/\/madelinefashion.pl\/sk\/sukienka-maxi-zwiewna-roselle-biala-w-niebieskie-kwiaty\/","title":{"rendered":"Biele vzdu\u0161n\u00e9 maxi \u0161aty Roselle s modr\u00fdmi kvetmi"},"content":{"rendered":"<h3 style=\"text-align: center;\">Biele vzdu\u0161n\u00e9 maxi \u0161aty Roselle s modr\u00fdmi kvetmi<\/h3>\n<p style=\"text-align: center;\" data-start=\"0\" data-end=\"126\">\u0160aty \u201eRoselle\u201d s\u00fa mimoriadne \u017eensk\u00e9 maxi \u0161aty, ktor\u00e9 zaujm\u00fa romantick\u00fdm kvetinov\u00fdm vzorom v odtie\u0148och modrej. S\u00fa vyroben\u00e9 z \u013eahk\u00e9ho a pr\u00edjemn\u00e9ho materi\u00e1lu, kr\u00e1sne spl\u00fdvaj\u00fa a poskytuj\u00fa celodenn\u00e9 pohodlie. Elastick\u00fd p\u00e1s decentne zv\u00fdraz\u0148uje p\u00e1s, prisp\u00f4sobuje sa postave a tvaruje proporcie. \u0160aty sa daj\u00fa nosi\u0165 dvoma sp\u00f4sobmi \u2013 klasicky s odhalen\u00fdmi ramenami alebo ako \u0161panielske \u0161aty, ktor\u00e9 odha\u013euj\u00fa v\u00fdstrih a ramen\u00e1 a dod\u00e1vaj\u00fa vzh\u013eadu \u013eahk\u00fd a romantick\u00fd n\u00e1dych. Maxi d\u013a\u017eka rob\u00ed \u0161aty ide\u00e1lnymi na \u0161peci\u00e1lne pr\u00edle\u017eitosti \u2013 svadby, ve\u010dierky alebo letn\u00e9 v\u00fdlety. Dostupn\u00e9 vo ve\u013ekostiach S, M a L. \u201eRoselle\u201d kombinuj\u00fa pohodlie, \u0161t\u00fdl a \u017eensk\u00fd \u0161arm. Ak sa neviete rozhodn\u00fa\u0165, ktor\u00fa farbu si vybra\u0165, <strong>ve\u013ekos\u0165<\/strong> je pre v\u00e1s to najlep\u0161ie <strong>kontaktuj n\u00e1s<\/strong> cez <a href=\"https:\/\/www.facebook.com\/madelinefashionbutik\" target=\"_blank\" rel=\"noopener\">Facebook<\/a> alebo <a href=\"https:\/\/madelinefashion.pl\/sk\/kontakt\/\">telef\u00f3n<\/a>. Ak ve\u013ekos\u0165 nie je na str\u00e1nke, kontaktujte n\u00e1s.<\/p>\n<h3 style=\"text-align: center;\">Rozmery:<\/h3>\n<p style=\"text-align: center;\"><strong>Ve\u013ekos\u0165 S\/36<\/strong><\/p>\n<ul style=\"text-align: center;\">\n<li style=\"text-align: center;\">Celkov\u00e1 d\u013a\u017eka: 150 cm<br \/>\nOd podpazu\u0161ia k podpazu\u0161iu: 44-50 cm<\/li>\n<li style=\"text-align: center;\">Boky: vo\u013en\u00e9<\/li>\n<li style=\"text-align: center;\">P\u00e1s: 33-56 cm (guma)<\/li>\n<li>\n<p style=\"text-align: center;\"><strong>Ve\u013ekos\u0165 M\/38<\/strong><\/p>\n<ul>\n<li style=\"text-align: center;\">Celkov\u00e1 d\u013a\u017eka: 150 cm<br \/>\nOd podpazu\u0161ia k podpazu\u0161iu: 47-53 cm<\/li>\n<li style=\"text-align: center;\">Boky: vo\u013en\u00e9<\/li>\n<li style=\"text-align: center;\">P\u00e1s: 36-53 cm (guma)<\/li>\n<li>\n<p style=\"text-align: center;\"><strong>Ve\u013ekos\u0165 L \/ 40<\/strong><\/p>\n<ul>\n<li style=\"text-align: center;\">Celkov\u00e1 d\u013a\u017eka: 150 cm<br \/>\nOd podpazu\u0161ia k podpazu\u0161iu: 50-56 cm<\/li>\n<li style=\"text-align: center;\">Boky: vo\u013en\u00e9<\/li>\n<li style=\"text-align: center;\">P\u00e1s: 40-65 cm (guma)<\/li>\n<\/ul>\n<\/li>\n<\/ul>\n<\/li>\n<\/ul>\n<p style=\"text-align: center;\">Rozmery sa m\u00f4\u017eu mierne l\u00ed\u0161i\u0165 od uveden\u00fdch +\/- 2cm. V\u0161etky uveden\u00e9 rozmery s\u00fa meran\u00e9 plo\u0161ne. <strong>rozmer x2<\/strong><\/p>\n<div class=\"additional-details\" style=\"text-align: center;\">\n<p style=\"text-align: center;\">(\u0161aty sa daj\u00fa skr\u00e1ti\u0165 pod\u013ea vlastnej chuti)<\/p>\n<\/div>\n<p style=\"text-align: center;\"><span style=\"font-size: 10pt;\">\u0160aty s\u00fa dostupn\u00e9 aj v in\u00fdch farb\u00e1ch - odpor\u00fa\u010dame v\u00e1m zozn\u00e1mi\u0165 sa s na\u0161imi \u010fal\u0161\u00edmi produktmi.<\/span><\/p>\n<p style=\"text-align: center;\"><span style=\"font-size: 10pt;\">Rozmery sa m\u00f4\u017eu mierne l\u00ed\u0161i\u0165 od uveden\u00fdch +\/- 2cm.\u00a0<\/span><\/p>\n<p style=\"text-align: center;\"><span style=\"font-size: 10pt;\"><strong>\u00a0<\/strong>\u00a0<\/span><\/p>\n<table width=\"620\">\n<tbody>\n<tr>\n<td width=\"302\">Meno modela<\/td>\n<td width=\"302\">Biele vzdu\u0161n\u00e9 maxi \u0161aty Roselle s modr\u00fdmi kvetmi<\/td>\n<\/tr>\n<tr>\n<td width=\"302\">Farba<\/td>\n<td width=\"302\">biely<\/td>\n<\/tr>\n<tr>\n<td width=\"302\">T\u00e9ma<\/td>\n<td width=\"302\">Kvety<\/td>\n<\/tr>\n<tr>\n<td width=\"302\">ve\u013ekosti<\/td>\n<td width=\"302\">36 38 40<\/td>\n<\/tr>\n<tr>\n<td width=\"302\">M\u00f3da<\/td>\n<td width=\"302\">Vzplanul<\/td>\n<\/tr>\n<tr>\n<td width=\"302\">Materi\u00e1l<\/td>\n<td width=\"302\">Visk\u00f3za, Polyester<\/td>\n<\/tr>\n<tr>\n<td width=\"302\">D\u013a\u017eka<\/td>\n<td width=\"302\">Na zem<\/td>\n<\/tr>\n<\/tbody>\n<\/table>\n<p style=\"text-align: center;\"><span style=\"font-size: 10pt;\">\u00a0<\/span><\/p>\n<p style=\"text-align: center;\"><span style=\"font-size: 10pt;\">Aby ste si vybrali <strong>perfektn\u00e9 \u0161aty<\/strong> kontaktujte n\u00e1s telefonicky alebo prostredn\u00edctvom na\u0161ej webovej str\u00e1nky <a href=\"https:\/\/www.facebook.com\/madelinefashionbutik\" target=\"_blank\" rel=\"noopener\">Facebook<\/a> .<\/span><br \/>\n<span style=\"font-size: 10pt;\">N\u00e1\u0161 t\u00edm v\u00e1m pom\u00f4\u017ee <strong>Vyberte si ten spr\u00e1vny<\/strong> . <strong>Na \u017eelanie kupuj\u00faceho vyrob\u00edme ak\u00e9ko\u013evek \u0161aty\u00a0<\/strong><strong>opatrne mera\u0165.\u00a0<\/strong><\/span><\/p>\n<div class=\"additional-details\" style=\"text-align: center;\">\n<p style=\"text-align: center;\"><span style=\"font-size: 10pt;\">\u00a0<\/span><\/p>\n<\/div>","protected":false},"excerpt":{"rendered":"<p>Sukienka Maxi Zwiewna Roselle Bia\u0142a W Niebieskie Kwiaty Sukienka \u201eRoselle\u201d to wyj\u0105tkowo kobiecy model maxi, kt\u00f3ry zachwyca romantycznym, kwiatowym wzorem w odcieniach niebieskiego. Wykonana z lekkiego, przyjemnego materia\u0142u, pi\u0119knie uk\u0142ada si\u0119 na sylwetce i zapewnia komfort noszenia przez ca\u0142y dzie\u0144. Elastyczna gumka w talii subtelnie j\u0105 podkre\u015bla, dopasowuj\u0105c si\u0119 do figury i modeluj\u0105c proporcje. Model<\/p>\n<div class=\"klb-readmore post-buttons\"><a class=\"button black outline size-sm\" href=\"https:\/\/madelinefashion.pl\/sk\/sukienka-maxi-zwiewna-roselle-biala-w-niebieskie-kwiaty\/\">\u010c\u00edta\u0165 \u010falej <i class=\"klbth-icon-right-arrow\"><\/i><\/a><\/div>","protected":false},"featured_media":599144,"template":"","meta":[],"product_brand":[],"product_cat":[124,395,568],"product_tag":[257,163,215,396],"class_list":{"0":"post-597738","1":"product","2":"type-product","3":"status-publish","4":"has-post-thumbnail","6":"product_cat-sukienki-okolicznosciowe","7":"product_cat-nowosci","8":"product_cat-sukienki-rozkloszowane-szyfonowe","9":"product_tag-madelinefashion","10":"product_tag-sukienki-dlugie","11":"product_tag-sukienki-rozowe","12":"product_tag-sukienki-w-kwiaty","14":"first","15":"instock","16":"purchasable","17":"product-type-variable"},"_links":{"self":[{"href":"https:\/\/madelinefashion.pl\/sk\/wp-json\/wp\/v2\/product\/597738","targetHints":{"allow":["GET"]}}],"collection":[{"href":"https:\/\/madelinefashion.pl\/sk\/wp-json\/wp\/v2\/product"}],"about":[{"href":"https:\/\/madelinefashion.pl\/sk\/wp-json\/wp\/v2\/types\/product"}],"wp:featuredmedia":[{"embeddable":true,"href":"https:\/\/madelinefashion.pl\/sk\/wp-json\/wp\/v2\/media\/599144"}],"wp:attachment":[{"href":"https:\/\/madelinefashion.pl\/sk\/wp-json\/wp\/v2\/media?parent=597738"}],"wp:term":[{"taxonomy":"product_brand","embeddable":true,"href":"https:\/\/madelinefashion.pl\/sk\/wp-json\/wp\/v2\/product_brand?post=597738"},{"taxonomy":"product_cat","embeddable":true,"href":"https:\/\/madelinefashion.pl\/sk\/wp-json\/wp\/v2\/product_cat?post=597738"},{"taxonomy":"product_tag","embeddable":true,"href":"https:\/\/madelinefashion.pl\/sk\/wp-json\/wp\/v2\/product_tag?post=597738"}],"curies":[{"name":"pracovn\u00fd list","href":"https:\/\/api.w.org\/{rel}","templated":true}]}}