{"id":597959,"date":"2026-03-19T13:58:30","date_gmt":"2026-03-19T12:58:30","guid":{"rendered":"https:\/\/madelinefashion.pl\/?post_type=product&#038;p=597959"},"modified":"2026-03-31T12:11:12","modified_gmt":"2026-03-31T10:11:12","slug":"sukienka-maxi-tiulowa-z-kwiatami-kobis-blekitna","status":"publish","type":"product","link":"https:\/\/madelinefashion.pl\/sk\/sukienka-maxi-tiulowa-z-kwiatami-kobis-blekitna\/","title":{"rendered":"Modr\u00e9 tylov\u00e9 maxi \u0161aty Kobis s kvetmi"},"content":{"rendered":"<h3 style=\"text-align: center;\">Modr\u00e9 tylov\u00e9 maxi \u0161aty Kobis s kvetmi<\/h3>\n<p style=\"text-align: center;\" data-start=\"80\" data-end=\"390\">Ohromuj\u00face \u0161aty Kobis s\u00fa perfektnou vo\u013ebou pre \u017eeny, ktor\u00e9 h\u013eadaj\u00fa elegantn\u00fd a \u017eensk\u00fd vzh\u013ead na \u0161peci\u00e1lne pr\u00edle\u017eitosti. Model sa vyzna\u010duje priliehav\u00fdm korzetov\u00fdm \u017eiv\u00f4tikom zdoben\u00fdm jemn\u00fdmi 3D aplik\u00e1ciami, ktor\u00e9 kr\u00e1sne zv\u00fdraz\u0148uj\u00fa poprsie a dod\u00e1vaj\u00fa \u0161at\u00e1m luxusn\u00fd n\u00e1dych.<\/p>\n<p style=\"text-align: center;\" data-start=\"392\" data-end=\"624\">Vzdu\u0161n\u00e1 tylov\u00e1 midi suk\u0148a jemne spl\u00fdva s pohybom a vytv\u00e1ra \u013eahk\u00fd a romantick\u00fd efekt. Zmyseln\u00fd rozparok na nohavici dod\u00e1va modern\u00fd n\u00e1dych a zv\u00fdraz\u0148uje siluetu, pri\u010dom si zachov\u00e1va elegantn\u00fd \u0161t\u00fdl. Dostupn\u00e9 vo ve\u013ekostiach S, M a L. \u201eKobis\u201d je kombin\u00e1ciou pohodlia, \u0161t\u00fdlu a \u017eensk\u00e9ho \u0161armu. Ak sa neviete rozhodn\u00fa\u0165, ktor\u00fa farbu si vybra\u0165, <strong>ve\u013ekos\u0165<\/strong> je pre v\u00e1s to najlep\u0161ie <strong>kontaktuj n\u00e1s<\/strong> cez <a href=\"https:\/\/www.facebook.com\/madelinefashionbutik\" target=\"_blank\" rel=\"noopener\">Facebook<\/a> alebo <a href=\"https:\/\/madelinefashion.pl\/sk\/kontakt\/\">telef\u00f3n<\/a>. Ak ve\u013ekos\u0165 nie je na str\u00e1nke, kontaktujte n\u00e1s.<\/p>\n<h3 style=\"text-align: center;\">Rozmery:<\/h3>\n<p style=\"text-align: center;\"><strong>Ve\u013ekos\u0165 S\/36<\/strong><\/p>\n<ul style=\"text-align: center;\">\n<li style=\"text-align: center;\">Celkov\u00e1 d\u013a\u017eka: 124 cm<br \/>\nOd podpazu\u0161ia k podpazu\u0161iu: 39-43 cm<\/li>\n<li style=\"text-align: center;\">Boky: vo\u013en\u00e9<\/li>\n<li style=\"text-align: center;\">P\u00e1s: 30-35 cm<\/li>\n<li>\n<p style=\"text-align: center;\"><strong>Ve\u013ekos\u0165 M\/38<\/strong><\/p>\n<ul>\n<li style=\"text-align: center;\">Celkov\u00e1 d\u013a\u017eka: 128 cm<br \/>\nOd podpazu\u0161ia k podpazu\u0161iu: 42-44 cm<\/li>\n<li style=\"text-align: center;\">Boky: vo\u013en\u00e9<\/li>\n<li style=\"text-align: center;\">P\u00e1s: 36-40 cm<\/li>\n<li>\n<p style=\"text-align: center;\"><strong>Ve\u013ekos\u0165 L \/ 40<\/strong><\/p>\n<ul>\n<li style=\"text-align: center;\">Celkov\u00e1 d\u013a\u017eka: 132 cm<br \/>\nOd podpazu\u0161ia k podpazu\u0161iu: 45-49 cm<\/li>\n<li style=\"text-align: center;\">Boky: vo\u013en\u00e9<\/li>\n<li style=\"text-align: center;\">P\u00e1s: 42-45 cm<\/li>\n<\/ul>\n<\/li>\n<\/ul>\n<\/li>\n<\/ul>\n<p style=\"text-align: center;\">Rozmery sa m\u00f4\u017eu mierne l\u00ed\u0161i\u0165 od uveden\u00fdch +\/- 2cm. V\u0161etky uveden\u00e9 rozmery s\u00fa meran\u00e9 plo\u0161ne. <strong>rozmer x2<\/strong><\/p>\n<div class=\"additional-details\" style=\"text-align: center;\">\n<p style=\"text-align: center;\">(\u0161aty sa daj\u00fa skr\u00e1ti\u0165 pod\u013ea vlastnej chuti)<\/p>\n<\/div>\n<p style=\"text-align: center;\"><span style=\"font-size: 10pt;\">\u0160aty s\u00fa dostupn\u00e9 aj v in\u00fdch farb\u00e1ch - odpor\u00fa\u010dame v\u00e1m zozn\u00e1mi\u0165 sa s na\u0161imi \u010fal\u0161\u00edmi produktmi.<\/span><\/p>\n<p style=\"text-align: center;\"><span style=\"font-size: 10pt;\">Rozmery sa m\u00f4\u017eu mierne l\u00ed\u0161i\u0165 od uveden\u00fdch +\/- 2cm.\u00a0<\/span><\/p>\n<p style=\"text-align: center;\"><span style=\"font-size: 10pt;\"><strong>\u00a0<\/strong>\u00a0<\/span><\/p>\n<table width=\"620\">\n<tbody>\n<tr>\n<td width=\"302\">Meno modela<\/td>\n<td width=\"302\">Maxi tylov\u00e9 \u0161aty s kvetmi Kobis<\/td>\n<\/tr>\n<tr>\n<td width=\"302\">Farba<\/td>\n<td width=\"302\">Modr\u00e1<\/td>\n<\/tr>\n<tr>\n<td width=\"302\">T\u00e9ma<\/td>\n<td width=\"302\">3D kvety<\/td>\n<\/tr>\n<tr>\n<td width=\"302\">ve\u013ekosti<\/td>\n<td width=\"302\">36 38 40<\/td>\n<\/tr>\n<tr>\n<td width=\"302\">M\u00f3da<\/td>\n<td width=\"302\">Vzplanul<\/td>\n<\/tr>\n<tr>\n<td width=\"302\">Materi\u00e1l<\/td>\n<td width=\"302\">Visk\u00f3za, Polyester<\/td>\n<\/tr>\n<tr>\n<td width=\"302\">D\u013a\u017eka<\/td>\n<td width=\"302\">Na zem<\/td>\n<\/tr>\n<\/tbody>\n<\/table>\n<p style=\"text-align: center;\"><span style=\"font-size: 10pt;\">\u00a0<\/span><\/p>\n<p style=\"text-align: center;\"><span style=\"font-size: 10pt;\">Aby ste si vybrali <strong>perfektn\u00e9 \u0161aty<\/strong> kontaktujte n\u00e1s telefonicky alebo prostredn\u00edctvom na\u0161ej webovej str\u00e1nky <a href=\"https:\/\/www.facebook.com\/madelinefashionbutik\" target=\"_blank\" rel=\"noopener\">Facebook<\/a> .<\/span><br \/>\n<span style=\"font-size: 10pt;\">N\u00e1\u0161 t\u00edm v\u00e1m pom\u00f4\u017ee <strong>Vyberte si ten spr\u00e1vny<\/strong> . <strong>Na \u017eelanie kupuj\u00faceho vyrob\u00edme ak\u00e9ko\u013evek \u0161aty\u00a0<\/strong><strong>opatrne mera\u0165.\u00a0<\/strong><\/span><\/p>\n<div class=\"additional-details\" style=\"text-align: center;\">\n<p style=\"text-align: center;\"><span style=\"font-size: 10pt;\">\u00a0<\/span><\/p>\n<\/div>","protected":false},"excerpt":{"rendered":"<p>Modr\u00e9 tylov\u00e9 maxi \u0161aty Kobis s kvetmi. Tieto \u00fa\u017easn\u00e9 \u0161aty Kobis s\u00fa perfektnou vo\u013ebou pre \u017eeny, ktor\u00e9 h\u013eadaj\u00fa elegantn\u00fd a \u017eensk\u00fd vzh\u013ead na \u0161peci\u00e1lne pr\u00edle\u017eitosti. Model sa vyzna\u010duje priliehav\u00fdm korzetov\u00fdm \u017eiv\u00f4tikom zdoben\u00fdm jemn\u00fdmi 3D aplik\u00e1ciami, ktor\u00e9 kr\u00e1sne zv\u00fdraz\u0148uj\u00fa poprsie a dod\u00e1vaj\u00fa \u0161at\u00e1m luxusn\u00fd n\u00e1dych. Vzdu\u0161n\u00e1 tylov\u00e1 suk\u0148a midi d\u013a\u017eky jemne spl\u00fdva s pohybom a poskytuje...<\/p>\n<div class=\"klb-readmore post-buttons\"><a class=\"button black outline size-sm\" href=\"https:\/\/madelinefashion.pl\/sk\/sukienka-maxi-tiulowa-z-kwiatami-kobis-blekitna\/\">\u010c\u00edta\u0165 \u010falej <i class=\"klbth-icon-right-arrow\"><\/i><\/a><\/div>","protected":false},"featured_media":599211,"template":"","meta":[],"product_brand":[],"product_cat":[124,395,568],"product_tag":[257,163,261,396],"class_list":{"0":"post-597959","1":"product","2":"type-product","3":"status-publish","4":"has-post-thumbnail","6":"product_cat-sukienki-okolicznosciowe","7":"product_cat-nowosci","8":"product_cat-sukienki-rozkloszowane-szyfonowe","9":"product_tag-madelinefashion","10":"product_tag-sukienki-dlugie","11":"product_tag-sukienki-niebieskie","12":"product_tag-sukienki-w-kwiaty","14":"first","15":"instock","16":"purchasable","17":"product-type-variable"},"_links":{"self":[{"href":"https:\/\/madelinefashion.pl\/sk\/wp-json\/wp\/v2\/product\/597959","targetHints":{"allow":["GET"]}}],"collection":[{"href":"https:\/\/madelinefashion.pl\/sk\/wp-json\/wp\/v2\/product"}],"about":[{"href":"https:\/\/madelinefashion.pl\/sk\/wp-json\/wp\/v2\/types\/product"}],"wp:featuredmedia":[{"embeddable":true,"href":"https:\/\/madelinefashion.pl\/sk\/wp-json\/wp\/v2\/media\/599211"}],"wp:attachment":[{"href":"https:\/\/madelinefashion.pl\/sk\/wp-json\/wp\/v2\/media?parent=597959"}],"wp:term":[{"taxonomy":"product_brand","embeddable":true,"href":"https:\/\/madelinefashion.pl\/sk\/wp-json\/wp\/v2\/product_brand?post=597959"},{"taxonomy":"product_cat","embeddable":true,"href":"https:\/\/madelinefashion.pl\/sk\/wp-json\/wp\/v2\/product_cat?post=597959"},{"taxonomy":"product_tag","embeddable":true,"href":"https:\/\/madelinefashion.pl\/sk\/wp-json\/wp\/v2\/product_tag?post=597959"}],"curies":[{"name":"pracovn\u00fd list","href":"https:\/\/api.w.org\/{rel}","templated":true}]}}