{"id":598497,"date":"2026-03-25T15:48:28","date_gmt":"2026-03-25T14:48:28","guid":{"rendered":"https:\/\/madelinefashion.pl\/?post_type=product&#038;p=598497"},"modified":"2026-04-22T20:32:05","modified_gmt":"2026-04-22T18:32:05","slug":"sukienka-krotka-cekinowa-fortuna-czarna-plus-size","status":"publish","type":"product","link":"https:\/\/madelinefashion.pl\/sk\/sukienka-krotka-cekinowa-fortuna-czarna-plus-size\/","title":{"rendered":"\u010cierne flitrovan\u00e9 kr\u00e1tke \u0161aty Fortuna pre v\u00e4\u010d\u0161ie ve\u013ekosti"},"content":{"rendered":"<h3 style=\"text-align: center;\">\u010cierne flitrovan\u00e9 kr\u00e1tke \u0161aty Fortuna pre v\u00e4\u010d\u0161ie ve\u013ekosti<\/h3>\n<p style=\"text-align: center;\">Kr\u00e1sne kr\u00e1tke <strong>ve\u010dern\u00e9 \u0161aty zdoben\u00e9 flitrami<\/strong> Ve\u010dern\u00e9 \u0161aty pre v\u00e4\u010d\u0161ie ve\u013ekosti v \u010diernej farbe\u00a0 <strong>vypasovan\u00fd strih. <\/strong>Kr\u00e1sne odha\u013euje \u017eensk\u00e9 tvary. Kr\u00e1tke trblietav\u00e9 \u0161aty v <strong>glamour \u0161t\u00fdl<\/strong> Zdobia ich kor\u00e1lky na ramen\u00e1ch a s\u00fa vyroben\u00e9 z elastick\u00e9ho materi\u00e1lu. Tieto kr\u00e1tke \u0161aty pre v\u00e4\u010d\u0161ie ve\u013ekosti maj\u00fa \u0161ir\u0161ie ramienka a v\u00fdstrih do V. <strong>kr\u00e1sne odha\u013euje poprsie<\/strong>. Navy\u0161e<strong> Model m\u00e1 otvoren\u00fd chrb\u00e1t<\/strong>\u00a0a zips pre \u013eahk\u00e9 obliekanie. Zozn\u00e1mte sa s na\u0161ou ponukou <strong><a href=\"https:\/\/madelinefashion.pl\/sk\/sukienki-i-kombinezony\/sukienki-okolicznosciowe\/\">ve\u010dern\u00e9 \u0161aty<\/a>\u00a0a vyberte si model, <\/strong>v ktorom budete <strong>vyzera\u0165 ako hviezda a vy\u010dnieva\u0165 z davu. Maxi \u0161aty sa vo svetle l\u00e1mp rozpr\u00e1vkovo trblietaj\u00fa. <\/strong>Nem\u00f4\u017eete by\u0165 k tomu \u013eahostajn\u00ed.<strong> Kr\u00e1tke \u0161aty, nad kolen\u00e1. S.<\/strong>\u0160aty maj\u00fa vpredu v\u0161it\u00e9 ko\u0161\u00ed\u010dky, tak\u017ee si nemus\u00edte oblieka\u0165 podprsenku. <strong>\u0160aty Fortuna <\/strong>\u00a0s\u00fa fenomen\u00e1lne pr\u00e9miov\u00e9 \u0161aty, v ktor\u00fdch sa ka\u017ed\u00e1 \u017eena m\u00f4\u017ee c\u00edti\u0165 ako filmov\u00e1 hviezda. Toto je jedno z odevov v \u0161t\u00fdle glamour, ktor\u00e9 v\u00e1m umo\u017en\u00ed za\u017eiari\u0165 po\u010das t\u00fdch najkraj\u0161\u00edch v\u00fdletov. <strong>\u0160aty Fortuna <\/strong>dostupn\u00e9 vo ve\u013ekostiach <strong>Nadmern\u00e9 ve\u013ekosti 42 44 46 48 50 <\/strong>\u00a0\u0160aty <strong>Madeleinefashion<\/strong>\u00a0je v\u00fdbornou vo\u013ebou pre <strong>svadba, ples, Silvester a in\u00e9 elegantn\u00e9 pr\u00edle\u017eitostn\u00e9 udalosti<\/strong>. Dostupn\u00e9 na na\u0161om e-shope vo viacer\u00fdch farebn\u00fdch variantoch, tak nev\u00e1hajte a vyberte si t\u00fa, ktor\u00e1 je pre v\u00e1s ako stvoren\u00e1. Ak sa neviete rozhodn\u00fa\u0165 ak\u00fa farbu, <strong>ve\u013ekos\u0165<\/strong> je pre v\u00e1s to najlep\u0161ie <strong>kontaktuj n\u00e1s<\/strong> cez <a href=\"https:\/\/www.facebook.com\/madelinefashionbutik\" target=\"_blank\" rel=\"noopener\">Facebook<\/a> alebo <a href=\"https:\/\/madelinefashion.pl\/sk\/kontakt\/\">telef\u00f3n<\/a>. Ak ve\u013ekos\u0165 nie je na str\u00e1nke, kontaktujte n\u00e1s.\u00a0 <strong>Svoje rozmery m\u00f4\u017eete \u0161pecifikova\u0165 v inform\u00e1ci\u00e1ch po n\u00e1kupe<\/strong> Ve\u013ekos\u0165 p\u00e1su a poprsia V\u00e1m vyberieme t\u00fa spr\u00e1vnu ve\u013ekos\u0165!!<\/p>\n<h3 style=\"text-align: center;\">ROZMERY \u0161iat:<\/h3>\n<table width=\"556\">\n<tbody>\n<tr>\n<td><strong>VE\u013dKOS\u0164<\/strong><\/td>\n<td><strong>poprsia<\/strong><\/td>\n<td><strong>P\u00e1s<\/strong><\/td>\n<td><strong>Boky<\/strong><\/td>\n<\/tr>\n<tr>\n<td><strong>42<\/strong><\/td>\n<td>102-108<\/td>\n<td>84-88<\/td>\n<td>\u00a0102-110<\/td>\n<\/tr>\n<tr>\n<td><strong>44<\/strong><\/td>\n<td>106-112<\/td>\n<td>88-92<\/td>\n<td>\u00a0104-112<\/td>\n<\/tr>\n<tr>\n<td><strong>46<\/strong><\/td>\n<td>110-116<\/td>\n<td>92-98<\/td>\n<td>\u00a0106-114<\/td>\n<\/tr>\n<tr>\n<td><strong>48<\/strong><\/td>\n<td>114-120<\/td>\n<td>96-102<\/td>\n<td>\u00a0108-122<\/td>\n<\/tr>\n<tr>\n<td><strong>50<\/strong><\/td>\n<td>118-124<\/td>\n<td>100-106<\/td>\n<td>\u00a0114-126<\/td>\n<\/tr>\n<\/tbody>\n<\/table>\n<p style=\"text-align: center;\">celkov\u00e1 d\u013a\u017eka cca 97 cm<\/p>\n<p style=\"text-align: center;\">\u0160aty s\u00fa dostupn\u00e9 aj v in\u00fdch farb\u00e1ch - odpor\u00fa\u010dame v\u00e1m zozn\u00e1mi\u0165 sa s na\u0161imi \u010fal\u0161\u00edmi produktmi.<\/p>\n<p style=\"text-align: center;\">Rozmery sa m\u00f4\u017eu mierne l\u00ed\u0161i\u0165 od uveden\u00fdch +\/- 2cm.<\/p>\n<p style=\"text-align: center;\"><strong>\u00a0<\/strong><\/p>\n<p>&nbsp;<\/p>\n<table>\n<tbody>\n<tr>\n<td width=\"302\">Meno modela<\/td>\n<td width=\"302\">Kr\u00e1tke flitrovan\u00e9 \u0161aty Fortuna Gold pre v\u00e4\u010d\u0161ie ve\u013ekosti<\/td>\n<\/tr>\n<tr>\n<td width=\"302\">Farba<\/td>\n<td width=\"302\">\u010dierna<\/td>\n<\/tr>\n<tr>\n<td width=\"302\">Marka<\/td>\n<td width=\"302\">Madelinefashion<\/td>\n<\/tr>\n<tr>\n<td width=\"302\">ve\u013ekosti<\/td>\n<td width=\"302\">\u00a042 44 46<\/td>\n<\/tr>\n<tr>\n<td width=\"302\">M\u00f3da<\/td>\n<td width=\"302\">Zhoda<\/td>\n<\/tr>\n<tr>\n<td width=\"302\">Materi\u00e1l<\/td>\n<td width=\"302\">Visk\u00f3za, Polyester,<\/td>\n<\/tr>\n<tr>\n<td width=\"302\">D\u013a\u017eka<\/td>\n<td width=\"302\">Pred kolenom<\/td>\n<\/tr>\n<\/tbody>\n<\/table>\n<p style=\"text-align: center;\">Aby ste si vybrali\u00a0<strong>perfektn\u00e9 \u0161aty<\/strong>\u00a0kontaktujte n\u00e1s pros\u00edm telefonicky alebo cez n\u00e1\u0161 facebook.<br \/>\nN\u00e1\u0161 t\u00edm v\u00e1m pom\u00f4\u017ee\u00a0<strong>Vyberte si ten spr\u00e1vny<\/strong>\u00a0.\u00a0<strong>Na \u017eelanie kupuj\u00faceho vyrob\u00edme ak\u00e9ko\u013evek \u0161aty\u00a0<\/strong><strong>opatrne mera\u0165.\u00a0<\/strong><\/p>\n<div class=\"additional-details\">\n<p style=\"text-align: center;\">\n<\/div>","protected":false},"excerpt":{"rendered":"<p>\u010cierne flitrovan\u00e9 kr\u00e1tke \u0161aty Fortuna pre pln\u0161ie ve\u013ekosti. Kr\u00e1sne kr\u00e1tke ve\u010dern\u00e9 \u0161aty zdoben\u00e9 flitrami. Tieto \u010dierne ve\u010dern\u00e9 \u0161aty pre pln\u0161ie ve\u013ekosti maj\u00fa priliehav\u00fd strih. Kr\u00e1sne zv\u00fdraz\u0148uj\u00fa \u017eensk\u00e9 krivky. Tieto kr\u00e1tke, trblietav\u00e9 a o\u010daruj\u00face \u0161aty sa zdobia kor\u00e1lkami na ramen\u00e1ch. S\u00fa vyroben\u00e9 z elastick\u00e9ho materi\u00e1lu. Tieto kr\u00e1tke \u0161aty pre pln\u0161ie ve\u013ekosti maj\u00fa \u0161ir\u0161ie ramienka a vreckov\u00fd v\u00fdstrih.<\/p>\n<div class=\"klb-readmore post-buttons\"><a class=\"button black outline size-sm\" href=\"https:\/\/madelinefashion.pl\/sk\/sukienka-krotka-cekinowa-fortuna-czarna-plus-size\/\">\u010c\u00edta\u0165 \u010falej <i class=\"klbth-icon-right-arrow\"><\/i><\/a><\/div>","protected":false},"featured_media":598534,"template":"","meta":[],"product_brand":[],"product_cat":[124,395,558,564],"product_tag":[257,385,262],"class_list":{"0":"post-598497","1":"product","2":"type-product","3":"status-publish","4":"has-post-thumbnail","6":"product_cat-sukienki-okolicznosciowe","7":"product_cat-nowosci","8":"product_cat-sukienki-cekinowe","9":"product_cat-sukienki-plus-size","10":"product_tag-madelinefashion","11":"product_tag-plus-size","12":"product_tag-sukienki-krotkie","14":"first","15":"instock","16":"sale","17":"purchasable","18":"product-type-variable"},"_links":{"self":[{"href":"https:\/\/madelinefashion.pl\/sk\/wp-json\/wp\/v2\/product\/598497","targetHints":{"allow":["GET"]}}],"collection":[{"href":"https:\/\/madelinefashion.pl\/sk\/wp-json\/wp\/v2\/product"}],"about":[{"href":"https:\/\/madelinefashion.pl\/sk\/wp-json\/wp\/v2\/types\/product"}],"wp:featuredmedia":[{"embeddable":true,"href":"https:\/\/madelinefashion.pl\/sk\/wp-json\/wp\/v2\/media\/598534"}],"wp:attachment":[{"href":"https:\/\/madelinefashion.pl\/sk\/wp-json\/wp\/v2\/media?parent=598497"}],"wp:term":[{"taxonomy":"product_brand","embeddable":true,"href":"https:\/\/madelinefashion.pl\/sk\/wp-json\/wp\/v2\/product_brand?post=598497"},{"taxonomy":"product_cat","embeddable":true,"href":"https:\/\/madelinefashion.pl\/sk\/wp-json\/wp\/v2\/product_cat?post=598497"},{"taxonomy":"product_tag","embeddable":true,"href":"https:\/\/madelinefashion.pl\/sk\/wp-json\/wp\/v2\/product_tag?post=598497"}],"curies":[{"name":"pracovn\u00fd list","href":"https:\/\/api.w.org\/{rel}","templated":true}]}}