{"id":5987,"date":"2021-03-21T18:37:33","date_gmt":"2021-03-21T17:37:33","guid":{"rendered":"https:\/\/madelinefashion.pl\/?post_type=product&#038;p=5987"},"modified":"2026-01-20T10:34:42","modified_gmt":"2026-01-20T09:34:42","slug":"bluzka-hiszpanka-dekolt-pudrowa","status":"publish","type":"product","link":"https:\/\/madelinefashion.pl\/sk\/bluzka-hiszpanka-dekolt-pudrowa\/","title":{"rendered":"\u0160panielska bl\u00fazka s p\u00fadrov\u00fdm v\u00fdstrihom"},"content":{"rendered":"<h3 style=\"text-align: center;\">\u0160panielska bl\u00fazka s p\u00fadrov\u00fdm v\u00fdstrihom<\/h3>\n<p style=\"text-align: center;\"><b>\u0160panielska bl\u00fazka s v\u00fdstrihom do V s gumi\u010dkou v p\u00fadrovej farbe <\/b>Je to bl\u00fazka, ktor\u00e1 sa hod\u00ed k v\u00e4\u010d\u0161ine \u0161t\u00fdlov \u2013 v\u010faka svojej jednoduchosti. Vyroben\u00e9 z \u013eahk\u00e9ho materi\u00e1lu v\u00e1m poskytne pohodlie. Jednoduch\u00fd, univerz\u00e1lny strih m\u00f4\u017eete nosi\u0165 po cel\u00fd rok bez oh\u013eadu na ro\u010dn\u00e9 obdobie. Skombinujte ju s d\u017e\u00ednsovou katanou a voskovan\u00fdmi nohavicami alebo \u0161ortkami. Dostupn\u00e9 v na\u0161ej predajni v r\u00f4znych farb\u00e1ch. Dekolt je zakon\u010den\u00fd \u0161irokou gumou, v\u010faka ktorej je dokonal\u00fd <strong>tvar prisp\u00f4sob\u00edte svojmu telu<\/strong>. Ide o model, v ktorom nezostanete bez pov\u0161imnutia. Jedna ve\u013ekos\u0165 sadne v\u0161etk\u00fdm odpor\u00fa\u010dan\u00fdm od <strong>S a\u017e XL<\/strong><\/p>\n<h3 style=\"text-align: center;\">Rozmery :<\/h3>\n<ul>\n<li style=\"text-align: center;\">\u00a0\u00a0\u00a0\u00a0\u00a0\u00a0\u00a0 Celkov\u00e1 predn\u00e1 d\u013a\u017eka: 54 cm<\/li>\n<li style=\"text-align: center;\">Celkov\u00e1 d\u013a\u017eka chrbta: 59 cm<\/li>\n<li style=\"text-align: center;\">\u00a0 \u00a0 \u00a0 \u00a0 \u0160\u00edrka od pazuchy po pazuchu: 48 cm - 53 cm<br \/>\nD\u013a\u017eka ruk\u00e1va od podpazu\u0161ia: 43 cm<br \/>\nD\u013a\u017eka ruk\u00e1va od ramena: 49 cm<\/li>\n<li style=\"text-align: center;\">\u0160\u00edrka v spodnej \u010dasti: 51 cm - 54 cm<\/li>\n<\/ul>\n<ul>\n<li style=\"text-align: center;\"><\/li>\n<\/ul>\n<p style=\"text-align: center;\">Rozmery sa m\u00f4\u017eu mierne l\u00ed\u0161i\u0165 od uveden\u00fdch +\/- 2cm. V\u0161etky uveden\u00e9 rozmery s\u00fa meran\u00e9 plo\u0161ne.<\/p>\n<table>\n<tbody>\n<tr>\n<td width=\"302\">Meno modela<\/td>\n<td width=\"302\">\u0160panielska bl\u00fazka s v\u00fdstrihom do V<\/td>\n<\/tr>\n<tr>\n<td width=\"302\">Farba<\/td>\n<td width=\"302\">Pr\u00e1\u0161ok<\/td>\n<\/tr>\n<tr>\n<td width=\"302\">ve\u013ekosti<\/td>\n<td width=\"302\">Univerz\u00e1lny<\/td>\n<\/tr>\n<tr>\n<td width=\"302\">M\u00f3da<\/td>\n<td width=\"302\">Zhoda<\/td>\n<\/tr>\n<tr>\n<td width=\"302\">Materi\u00e1l<\/td>\n<td width=\"302\">95 % Bavlna 5% Elastan<\/td>\n<\/tr>\n<\/tbody>\n<\/table>\n<p style=\"text-align: center;\"><span style=\"font-size: 10pt;\">\u00a0<\/span><\/p>\n<p style=\"text-align: center;\">Model m\u00e1\u00a0<strong>169<\/strong>\u00a0cm vysok\u00fd, nos\u00ed ve\u013ekos\u0165 ka\u017ed\u00fd de\u0148\u00a0<strong>S<\/strong><\/p>\n<p style=\"text-align: center;\">\u0160\u00edrka cez prsia 92 cm<\/p>\n<p style=\"text-align: center;\">\u0160\u00edrka v p\u00e1se 62 cm<\/p>\n<p style=\"text-align: center;\">\u0160\u00edrka v bokoch 94 cm<\/p>","protected":false},"excerpt":{"rendered":"<p>Bluzka Hiszpanka Dekolt Pudrowa Bluzka Hiszpanka z Dekoltem z gumk\u0105 w\u00a0 kolorze\u00a0Pudrowa Jest to bluzka , kt\u00f3ra b\u0119dzie pasowa\u0142a do wi\u0119kszo\u015bci stylizacji\u2013 ze wzgl\u0119du na swoja prostot\u0119. Wykonana z lekkiego materia\u0142u\u00a0 zapewni Ci komfort noszenia. Prosty, uniwersalny kr\u00f3j mo\u017cesz nosi\u0107 przez ca\u0142y rok, niezale\u017cnie od pory roku. Po\u0142\u0105cz go z jeansowi katan\u0105 i woskowanymi spodniami<\/p>\n<div class=\"klb-readmore post-buttons\"><a class=\"button black outline size-sm\" href=\"https:\/\/madelinefashion.pl\/sk\/bluzka-hiszpanka-dekolt-pudrowa\/\">\u010c\u00edta\u0165 \u010falej <i class=\"klbth-icon-right-arrow\"><\/i><\/a><\/div>","protected":false},"featured_media":55379,"template":"","meta":[],"product_brand":[],"product_cat":[77],"product_tag":[478],"class_list":{"0":"post-5987","1":"product","2":"type-product","3":"status-publish","4":"has-post-thumbnail","6":"product_cat-bluzki","7":"product_tag-bluzki-hiszpanki","8":"pa_rozmiar-s-m","9":"pa_rozmiar-l-xl","11":"first","12":"instock","13":"sale","14":"purchasable","15":"product-type-simple"},"_links":{"self":[{"href":"https:\/\/madelinefashion.pl\/sk\/wp-json\/wp\/v2\/product\/5987","targetHints":{"allow":["GET"]}}],"collection":[{"href":"https:\/\/madelinefashion.pl\/sk\/wp-json\/wp\/v2\/product"}],"about":[{"href":"https:\/\/madelinefashion.pl\/sk\/wp-json\/wp\/v2\/types\/product"}],"wp:featuredmedia":[{"embeddable":true,"href":"https:\/\/madelinefashion.pl\/sk\/wp-json\/wp\/v2\/media\/55379"}],"wp:attachment":[{"href":"https:\/\/madelinefashion.pl\/sk\/wp-json\/wp\/v2\/media?parent=5987"}],"wp:term":[{"taxonomy":"product_brand","embeddable":true,"href":"https:\/\/madelinefashion.pl\/sk\/wp-json\/wp\/v2\/product_brand?post=5987"},{"taxonomy":"product_cat","embeddable":true,"href":"https:\/\/madelinefashion.pl\/sk\/wp-json\/wp\/v2\/product_cat?post=5987"},{"taxonomy":"product_tag","embeddable":true,"href":"https:\/\/madelinefashion.pl\/sk\/wp-json\/wp\/v2\/product_tag?post=5987"}],"curies":[{"name":"pracovn\u00fd list","href":"https:\/\/api.w.org\/{rel}","templated":true}]}}