{"id":598760,"date":"2026-03-28T13:16:19","date_gmt":"2026-03-28T12:16:19","guid":{"rendered":"https:\/\/madelinefashion.pl\/?post_type=product&#038;p=598760"},"modified":"2026-03-28T13:21:38","modified_gmt":"2026-03-28T12:21:38","slug":"sukienka-azurowa-z-krotkim-rekawkiem-rayle-wrzosowa","status":"publish","type":"product","link":"https:\/\/madelinefashion.pl\/sk\/sukienka-azurowa-z-krotkim-rekawkiem-rayle-wrzosowa\/","title":{"rendered":"Kr\u00e1tke \u0161aty s pre\u0161\u00edvan\u00fdm v\u00fdstrihom Rayle Heather"},"content":{"rendered":"<h3 style=\"text-align: center;\">Kr\u00e1tke \u0161aty s pre\u0161\u00edvan\u00fdm v\u00fdstrihom Rayle Heather<\/h3>\n<p style=\"text-align: center;\"><span style=\"font-size: 10pt;\">Mimoriadne \u017eensk\u00e9, \u010dipkovan\u00e9 \u0161aty in<strong> boho \u0161t\u00fdl<\/strong>. \u010caro jej dod\u00e1vaj\u00fa \u010dipkovan\u00e9 kvetinov\u00e9 dekor\u00e1cie. Ide\u00e1lne na ka\u017edodenn\u00e9 aj ve\u010dern\u00e9 vych\u00e1dzky! \u0160aty s\u00fa vyroben\u00e9 z najkvalitnej\u0161ej bavlny, a\u017e\u00farov\u00e9ho materi\u00e1lu, ktor\u00fd ve\u013emi vyzer\u00e1 <strong>\u017eensk\u00fd<\/strong>. \u0160aty maj\u00fa <strong>pod\u0161\u00edvka<\/strong> zais\u0165uj\u00face pohodlie. Prelamovan\u00e9 \u0161aty s ruk\u00e1vmi s\u00fa perfektnou vo\u013ebou pre \u0160PECI\u00c1LNE PR\u00cdLE\u017dITOSTI. <strong>odpor\u00fa\u010dan\u00e9<\/strong> pre d\u00e1my vo ve\u013e<strong> XS SML<\/strong>\u00a0 ak nos\u00edte v\u00e4\u010d\u0161iu ve\u013ekos\u0165, pozrite si tabu\u013eku ni\u017e\u0161ie.<\/span><\/p>\n<p>&nbsp;<\/p>\n<h3 style=\"text-align: center;\">Vlastnosti Produktu<\/h3>\n<ul style=\"text-align: center;\">\n<li style=\"text-align: center;\"><span style=\"font-size: 10pt;\">\u00a0pod\u0161\u00edvka<\/span><\/li>\n<li style=\"text-align: center;\"><span style=\"font-size: 10pt;\">elastick\u00e9<\/span><\/li>\n<li style=\"text-align: center;\"><span style=\"font-size: 10pt;\">\u00a0\u010dipka<\/span><\/li>\n<\/ul>\n<h3 style=\"text-align: center;\">Rozmery:<\/h3>\n<p style=\"text-align: center;\"><strong>S<\/strong><\/p>\n<ul style=\"text-align: center;\">\n<li><span style=\"font-size: 10pt;\">\u00a0\u00a0\u00a0\u00a0\u00a0\u00a0\u00a0 \u00a0\u00a0\u00a0\u00a0\u00a0\u00a0\u00a0 celkov\u00e1 d\u013a\u017eka: 90 cm<br \/>\n<\/span><\/li>\n<li><span style=\"font-size: 10pt;\">\u00a0\u00a0\u00a0\u00a0\u00a0\u00a0\u00a0 \u00a0\u00a0\u00a0\u00a0\u00a0\u00a0\u00a0 \u0161\u00edrka od pazuchy k pazuche: 45 - 52 cm\u00a0<\/span><\/li>\n<li><span style=\"font-size: 10pt;\">d\u013a\u017eka ruk\u00e1va od podpazu\u0161ia: 28 cm<br \/>\n<\/span><\/li>\n<li><span style=\"font-size: 10pt;\">d\u013a\u017eka ruk\u00e1va od ramena: 35 cm<\/span><\/li>\n<li><span style=\"font-size: 10pt;\">\u00a0\u00a0\u00a0\u00a0\u00a0\u00a0\u00a0 \u00a0\u00a0\u00a0\u00a0\u00a0\u00a0\u00a0 \u0161\u00edrka p\u00e1su: 34 - 39 cm\u00a0<\/span><\/li>\n<li><span style=\"font-size: 10pt;\"><br \/>\n<strong>m<\/strong><\/span><\/li>\n<li>\n<ul style=\"text-align: center;\">\n<li><span style=\"font-size: 10pt;\">\u00a0\u00a0\u00a0\u00a0\u00a0\u00a0\u00a0 \u00a0\u00a0\u00a0\u00a0\u00a0\u00a0\u00a0 celkov\u00e1 d\u013a\u017eka: 90 cm<br \/>\n<\/span><\/li>\n<li><span style=\"font-size: 10pt;\">\u00a0\u00a0\u00a0\u00a0\u00a0\u00a0\u00a0 \u00a0\u00a0\u00a0\u00a0\u00a0\u00a0\u00a0 \u0161\u00edrka od pazuchy k pazuche: 47 - 54 cm\u00a0<\/span><\/li>\n<li><span style=\"font-size: 10pt;\">d\u013a\u017eka ruk\u00e1va od podpazu\u0161ia: 28 cm<br \/>\n<\/span><\/li>\n<li><span style=\"font-size: 10pt;\">d\u013a\u017eka ruk\u00e1va od ramena: 35 cm<\/span><\/li>\n<li><span style=\"font-size: 10pt;\">\u00a0\u00a0\u00a0\u00a0\u00a0\u00a0\u00a0 \u00a0\u00a0\u00a0\u00a0\u00a0\u00a0\u00a0 \u0161\u00edrka p\u00e1su: 36 - 41 cm\u00a0<\/span><\/li>\n<\/ul>\n<\/li>\n<li><strong>L<\/strong><\/li>\n<li><strong><span style=\"font-size: 10pt;\">\u00a0 \u00a0 \u00a0 \u00a0 \u00a0 \u00a0 \u00a0 \u00a0\u00a0<\/span><\/strong><\/li>\n<li><span style=\"font-size: 10pt;\"> celkov\u00e1 d\u013a\u017eka: 90 cm<br \/>\n<\/span><\/li>\n<li><span style=\"font-size: 10pt;\">\u00a0\u00a0\u00a0\u00a0\u00a0\u00a0\u00a0 \u00a0\u00a0\u00a0\u00a0\u00a0\u00a0\u00a0 \u0161\u00edrka od pazuchy k pazuche: 49 - 56 cm\u00a0<\/span><\/li>\n<li><span style=\"font-size: 10pt;\">d\u013a\u017eka ruk\u00e1va od podpazu\u0161ia: 28 cm<br \/>\n<\/span><\/li>\n<li><span style=\"font-size: 10pt;\">d\u013a\u017eka ruk\u00e1va od ramena: 35 cm<\/span><\/li>\n<li><span style=\"font-size: 10pt;\">\u00a0\u00a0\u00a0\u00a0\u00a0\u00a0\u00a0 \u00a0\u00a0\u00a0\u00a0\u00a0\u00a0\u00a0 \u0161\u00edrka p\u00e1su: 38 - 43 cm<\/span><\/li>\n<\/ul>\n<p style=\"text-align: center;\">Rozmery sa m\u00f4\u017eu mierne l\u00ed\u0161i\u0165 od uveden\u00fdch +\/- 2cm. V\u0161etky uveden\u00e9 rozmery s\u00fa meran\u00e9 plo\u0161ne. <strong>rozmer x2<\/strong><\/p>\n<p style=\"text-align: center;\"><span style=\"font-size: 10pt;\">\u00a0<\/span><\/p>\n<p>&nbsp;<\/p>\n<table>\n<tbody>\n<tr>\n<td width=\"302\"><span style=\"font-size: 10pt;\">Meno modela<\/span><\/td>\n<td width=\"302\">Pre\u0161\u00edvan\u00e9 \u0161aty Rayle s kr\u00e1tkymi ruk\u00e1vmi<\/td>\n<\/tr>\n<tr>\n<td width=\"302\"><span style=\"font-size: 10pt;\">Farba<\/span><\/td>\n<td width=\"302\">Heather<\/td>\n<\/tr>\n<tr>\n<td width=\"302\"><span style=\"font-size: 10pt;\">\u0160t\u00fdl<\/span><\/td>\n<td width=\"302\">Boho<\/td>\n<\/tr>\n<tr>\n<td width=\"302\"><span style=\"font-size: 10pt;\">Materi\u00e1l<\/span><\/td>\n<td width=\"302\">90%polyester 10%visk\u00f3za<\/td>\n<\/tr>\n<tr>\n<td width=\"302\"><span style=\"font-size: 10pt;\">D\u013a\u017eka<\/span><\/td>\n<td width=\"302\">A\u017e po koleno<\/td>\n<\/tr>\n<\/tbody>\n<\/table>\n<p>&nbsp;<\/p>\n<p style=\"text-align: center;\"><span style=\"font-size: 10pt;\">\u00a0<\/span><\/p>\n<div class=\"additional-details\" style=\"text-align: center;\">\n<p style=\"text-align: center;\">\u00a0Model m\u00e1 <strong>175<\/strong> cm vysok\u00fd, nos\u00ed ve\u013ekos\u0165 ka\u017ed\u00fd de\u0148\u00a0<strong>S<\/strong><\/p>\n<p style=\"text-align: center;\"><span style=\"font-size: 10pt;\">\u00a0<\/span><\/p>\n<p style=\"text-align: center;\"><span style=\"font-size: 10pt;\">\u00a0<\/span><\/p>\n<\/div>","protected":false},"excerpt":{"rendered":"<p>\u0160aty Rayle s kr\u00e1tkymi ruk\u00e1vmi a pre\u0161\u00edvan\u00fdm vzorom vo vresovej farbe. Neuverite\u013ene \u017eensk\u00e9 \u010dipkovan\u00e9 \u0161aty v boho \u0161t\u00fdle. \u010cipkovan\u00e9 kvetinov\u00e9 ozdoby dod\u00e1vaj\u00fa \u0161arm. Ide\u00e1lne na ka\u017edodenn\u00e9 nosenie aj na ve\u010dern\u00fd v\u00fdlet! \u0160aty s\u00fa vyroben\u00e9 z najkvalitnej\u0161ej bavlny s pre\u0161\u00edvan\u00fdm vzorom, ktor\u00fd vyzer\u00e1 ve\u013emi \u017eensky. \u0160aty s\u00fa pod\u0161it\u00e9 pre pohodlie. Pre\u0161\u00edvan\u00e9 \u0161aty s ruk\u00e1vmi s\u00fa perfektn\u00e9...<\/p>\n<div class=\"klb-readmore post-buttons\"><a class=\"button black outline size-sm\" href=\"https:\/\/madelinefashion.pl\/sk\/sukienka-azurowa-z-krotkim-rekawkiem-rayle-wrzosowa\/\">\u010c\u00edta\u0165 \u010falej <i class=\"klbth-icon-right-arrow\"><\/i><\/a><\/div>","protected":false},"featured_media":598757,"template":"","meta":[],"product_brand":[],"product_cat":[125,395],"product_tag":[530,262,259],"class_list":{"0":"post-598760","1":"product","2":"type-product","3":"status-publish","4":"has-post-thumbnail","6":"product_cat-sukienki","7":"product_cat-nowosci","8":"product_tag-sukienki-koronkowe","9":"product_tag-sukienki-krotkie","10":"product_tag-sukienki-wrzosowe","11":"pa_rozmiar-s","12":"pa_rozmiar-l","13":"pa_rozmiar-m-38","15":"first","16":"instock","17":"purchasable","18":"product-type-variable"},"_links":{"self":[{"href":"https:\/\/madelinefashion.pl\/sk\/wp-json\/wp\/v2\/product\/598760","targetHints":{"allow":["GET"]}}],"collection":[{"href":"https:\/\/madelinefashion.pl\/sk\/wp-json\/wp\/v2\/product"}],"about":[{"href":"https:\/\/madelinefashion.pl\/sk\/wp-json\/wp\/v2\/types\/product"}],"wp:featuredmedia":[{"embeddable":true,"href":"https:\/\/madelinefashion.pl\/sk\/wp-json\/wp\/v2\/media\/598757"}],"wp:attachment":[{"href":"https:\/\/madelinefashion.pl\/sk\/wp-json\/wp\/v2\/media?parent=598760"}],"wp:term":[{"taxonomy":"product_brand","embeddable":true,"href":"https:\/\/madelinefashion.pl\/sk\/wp-json\/wp\/v2\/product_brand?post=598760"},{"taxonomy":"product_cat","embeddable":true,"href":"https:\/\/madelinefashion.pl\/sk\/wp-json\/wp\/v2\/product_cat?post=598760"},{"taxonomy":"product_tag","embeddable":true,"href":"https:\/\/madelinefashion.pl\/sk\/wp-json\/wp\/v2\/product_tag?post=598760"}],"curies":[{"name":"pracovn\u00fd list","href":"https:\/\/api.w.org\/{rel}","templated":true}]}}