{"id":599359,"date":"2026-03-31T14:34:15","date_gmt":"2026-03-31T12:34:15","guid":{"rendered":"https:\/\/madelinefashion.pl\/?post_type=product&#038;p=599359"},"modified":"2026-04-28T13:15:30","modified_gmt":"2026-04-28T11:15:30","slug":"sukienka-maxi-gorsetowa-fenti-szalwia","status":"publish","type":"product","link":"https:\/\/madelinefashion.pl\/sk\/sukienka-maxi-gorsetowa-fenti-szalwia\/","title":{"rendered":"Maxi \u0161aty Fenti Sage s korzetom"},"content":{"rendered":"<h3 style=\"text-align: center;\">Maxi \u0161aty Fenti Sage s korzetom<\/h3>\n<p style=\"text-align: center;\"><strong data-start=\"26\" data-end=\"94\">Priliehav\u00e9 pastelov\u00e9 maxi \u0161aty s \u010dipkovan\u00fdm \u017eiv\u00f4tikom a rozparkom<\/strong> Toto je perfektn\u00e1 vo\u013eba pre \u017eeny, ktor\u00e9 h\u013eadaj\u00fa elegantn\u00fd, \u017eensk\u00fd a v\u00fdrazn\u00fd \u0161t\u00fdl na \u0161peci\u00e1lne pr\u00edle\u017eitosti. Tento model kr\u00e1sne zv\u00fdraz\u0148uje siluetu, zv\u00fdraz\u0148uje p\u00e1s a nohy, zatia\u013e \u010do jemn\u00e1 pastelov\u00e1 farba dod\u00e1va jemnos\u0165 a noblesu. Korzetov\u00fd top s \u010dipkovan\u00fdm lemom dod\u00e1va \u0161at\u00e1m romantick\u00fd a m\u00f3dny charakter, zatia\u013e \u010do dlh\u00e1, priliehav\u00e1 suk\u0148a s vysok\u00fdm rozparkom zo\u0161t\u00edh\u013euje postavu a dod\u00e1va zmyselnos\u0165. Tieto pastelov\u00e9 maxi \u0161aty s\u00fa ide\u00e1lne na svadby, afterp\u00e1rty, recepcie, stu\u017ekov\u00e9, plesy a in\u00e9 elegantn\u00e9 udalosti. Tento model je ur\u010den\u00fd pre \u017eeny, ktor\u00e9 chc\u00fa vyzera\u0165 \u0161t\u00fdlovo, moderne a jedine\u010dne. Korzetov\u00fd top bol navrhnut\u00fd... <strong data-start=\"453\" data-end=\"488\">zdoben\u00e9 jemnou \u010dipkou<\/strong>, ktor\u00e9 dod\u00e1vaj\u00fa celkov\u00e9mu vzh\u013eadu eleganciu a jemn\u00fd lesk \u2013 ide\u00e1lne na \u0161peci\u00e1lny de\u0148. \u0160aty maj\u00fa vpredu v\u0161it\u00e9 ko\u0161\u00ed\u010dky, tak\u017ee nemus\u00edte nosi\u0165 podprsenku. Dostupn\u00e9 vo ve\u013ekostiach 36, 38 a 40. Na\u0161e \u0161aty s\u00fa perfektnou vo\u013ebou na svadby, stu\u017ekov\u00e9, Silvestra a in\u00e9 elegantn\u00e9 \u0161peci\u00e1lne pr\u00edle\u017eitosti. V na\u0161om internetovom obchode s\u00fa dostupn\u00e9 v nieko\u013ek\u00fdch farebn\u00fdch variantoch, tak\u017ee nev\u00e1hajte a vyberte si t\u00fa, ktor\u00e1 je pre v\u00e1s ide\u00e1lna. Ak sa neviete rozhodn\u00fa\u0165, ktor\u00e1 farba..., <strong>ve\u013ekos\u0165<\/strong> je pre v\u00e1s to najlep\u0161ie <strong>kontaktuj n\u00e1s<\/strong> cez <a href=\"https:\/\/www.facebook.com\/madelinefashionbutik\" target=\"_blank\" rel=\"noopener\">Facebook<\/a> alebo <a href=\"https:\/\/madelinefashion.pl\/sk\/kontakt\/\">telef\u00f3n<\/a>. Ak ve\u013ekos\u0165 nie je na str\u00e1nke, kontaktujte n\u00e1s.<\/p>\n<p>&nbsp;<\/p>\n<h3 style=\"text-align: center;\">ROZMERY \u0161iat:<\/h3>\n<table width=\"556\">\n<tbody>\n<tr>\n<td><strong>VE\u013dKOS\u0164<\/strong><\/td>\n<td><strong>poprsia<\/strong><\/td>\n<td><strong>P\u00e1s<\/strong><\/td>\n<td><strong>Boky<\/strong><\/td>\n<\/tr>\n<tr>\n<td><strong>36<\/strong><\/td>\n<td>88-90<\/td>\n<td>68-72<\/td>\n<td>\u00a086-92<\/td>\n<\/tr>\n<tr>\n<td><strong>38<\/strong><\/td>\n<td>92-94<\/td>\n<td>72-76<\/td>\n<td>\u00a090-96<\/td>\n<\/tr>\n<tr>\n<td><strong>40<\/strong><\/td>\n<td>96-98<\/td>\n<td>76-80<\/td>\n<td>\u00a094-106<\/td>\n<\/tr>\n<\/tbody>\n<\/table>\n<p style=\"text-align: center;\"><span style=\"font-size: 10pt;\">celkov\u00e1 d\u013a\u017eka cca 157 cm<\/span>\u00a0(\u0161aty sa daj\u00fa skr\u00e1ti\u0165 pod\u013ea vlastnej chuti)<\/p>\n<p style=\"text-align: center;\"><span style=\"font-size: 10pt;\">\u0160aty s\u00fa dostupn\u00e9 aj v in\u00fdch farb\u00e1ch - odpor\u00fa\u010dame v\u00e1m zozn\u00e1mi\u0165 sa s na\u0161imi \u010fal\u0161\u00edmi produktmi.<\/span><\/p>\n<p style=\"text-align: center;\"><span style=\"font-size: 10pt;\">Rozmery sa m\u00f4\u017eu mierne l\u00ed\u0161i\u0165 od uveden\u00fdch +\/- 2cm.\u00a0<\/span><\/p>\n<p style=\"text-align: center;\"><span style=\"font-size: 10pt;\"><strong>\u00a0<\/strong>\u00a0<\/span><\/p>\n<table width=\"620\">\n<tbody>\n<tr>\n<td width=\"302\">Meno modela<\/td>\n<td width=\"302\">Maxi \u0161aty Fenti s korzetom<\/td>\n<\/tr>\n<tr>\n<td width=\"302\">Farba<\/td>\n<td width=\"302\">\u0160alvia<\/td>\n<\/tr>\n<tr>\n<td width=\"302\">Vystrihn\u00fa\u0165<\/td>\n<td width=\"302\">\u00c1no<\/td>\n<\/tr>\n<tr>\n<td width=\"302\">ve\u013ekosti<\/td>\n<td width=\"302\">36 38 40<\/td>\n<\/tr>\n<tr>\n<td width=\"302\">M\u00f3da<\/td>\n<td width=\"302\">Zhoda<\/td>\n<\/tr>\n<tr>\n<td width=\"302\">Materi\u00e1l<\/td>\n<td width=\"302\">Visk\u00f3za, Polyester<\/td>\n<\/tr>\n<tr>\n<td width=\"302\">D\u013a\u017eka<\/td>\n<td width=\"302\">Na zem<\/td>\n<\/tr>\n<\/tbody>\n<\/table>\n<p style=\"text-align: center;\"><span style=\"font-size: 10pt;\">\u00a0<\/span><\/p>\n<p>&nbsp;<\/p>\n<p style=\"text-align: center;\"><span style=\"font-size: 10pt;\">Aby ste si vybrali <strong>perfektn\u00e9 \u0161aty<\/strong> kontaktujte n\u00e1s telefonicky alebo prostredn\u00edctvom na\u0161ej webovej str\u00e1nky <a href=\"https:\/\/www.facebook.com\/madelinefashionbutik\" target=\"_blank\" rel=\"noopener\">Facebook<\/a> .<\/span><br \/>\n<span style=\"font-size: 10pt;\">N\u00e1\u0161 t\u00edm v\u00e1m pom\u00f4\u017ee <strong>Vyberte si ten spr\u00e1vny<\/strong> . <strong>Na \u017eelanie kupuj\u00faceho vyrob\u00edme ak\u00e9ko\u013evek \u0161aty\u00a0<\/strong><strong>opatrne mera\u0165.\u00a0<\/strong><\/span><\/p>\n<div class=\"additional-details\" style=\"text-align: center;\">\n<p style=\"text-align: center;\"><span style=\"font-size: 10pt;\">\u00a0<\/span><\/p>\n<\/div>","protected":false},"excerpt":{"rendered":"<p>Maxi \u0161aty Fenti Sage Corset. Tieto priliehav\u00e9 pastelov\u00e9 maxi \u0161aty s \u010dipkovan\u00fdm \u017eiv\u00f4tikom a rozparkom s\u00fa perfektnou vo\u013ebou pre \u017eeny, ktor\u00e9 h\u013eadaj\u00fa elegantn\u00fd, \u017eensk\u00fd a v\u00fdrazn\u00fd vzh\u013ead na \u0161peci\u00e1lne pr\u00edle\u017eitosti. Tento dizajn kr\u00e1sne zv\u00fdraz\u0148uje postavu, odha\u013euje p\u00e1s a nohy, zatia\u013e \u010do jemn\u00e1 pastelov\u00e1 farba dod\u00e1va \u0161at\u00e1m n\u00e1dych jemnosti a elegancie. Korzetov\u00fd \u017eiv\u00f4tik s \u010dipkovan\u00fdm lemom dod\u00e1va \u0161at\u00e1m romantick\u00fd a...<\/p>\n<div class=\"klb-readmore post-buttons\"><a class=\"button black outline size-sm\" href=\"https:\/\/madelinefashion.pl\/sk\/sukienka-maxi-gorsetowa-fenti-szalwia\/\">\u010c\u00edta\u0165 \u010falej <i class=\"klbth-icon-right-arrow\"><\/i><\/a><\/div>","protected":false},"featured_media":599316,"template":"","meta":[],"product_brand":[],"product_cat":[124,395,569,563],"product_tag":[163,774],"class_list":{"0":"post-599359","1":"product","2":"type-product","3":"status-publish","4":"has-post-thumbnail","6":"product_cat-sukienki-okolicznosciowe","7":"product_cat-nowosci","8":"product_cat-sukienki-dopasowane","9":"product_cat-sukienki-gorsetowe","10":"product_tag-sukienki-dlugie","11":"product_tag-szalwiowe-sukienki","13":"first","14":"instock","15":"purchasable","16":"product-type-variable"},"_links":{"self":[{"href":"https:\/\/madelinefashion.pl\/sk\/wp-json\/wp\/v2\/product\/599359","targetHints":{"allow":["GET"]}}],"collection":[{"href":"https:\/\/madelinefashion.pl\/sk\/wp-json\/wp\/v2\/product"}],"about":[{"href":"https:\/\/madelinefashion.pl\/sk\/wp-json\/wp\/v2\/types\/product"}],"wp:featuredmedia":[{"embeddable":true,"href":"https:\/\/madelinefashion.pl\/sk\/wp-json\/wp\/v2\/media\/599316"}],"wp:attachment":[{"href":"https:\/\/madelinefashion.pl\/sk\/wp-json\/wp\/v2\/media?parent=599359"}],"wp:term":[{"taxonomy":"product_brand","embeddable":true,"href":"https:\/\/madelinefashion.pl\/sk\/wp-json\/wp\/v2\/product_brand?post=599359"},{"taxonomy":"product_cat","embeddable":true,"href":"https:\/\/madelinefashion.pl\/sk\/wp-json\/wp\/v2\/product_cat?post=599359"},{"taxonomy":"product_tag","embeddable":true,"href":"https:\/\/madelinefashion.pl\/sk\/wp-json\/wp\/v2\/product_tag?post=599359"}],"curies":[{"name":"pracovn\u00fd list","href":"https:\/\/api.w.org\/{rel}","templated":true}]}}