{"id":60095,"date":"2022-09-26T17:34:10","date_gmt":"2022-09-26T15:34:10","guid":{"rendered":"https:\/\/madelinefashion.pl\/?post_type=product&#038;p=60095"},"modified":"2025-01-09T17:09:00","modified_gmt":"2025-01-09T16:09:00","slug":"dres-dzianinowy-ny-pudrowy-roz","status":"publish","type":"product","link":"https:\/\/madelinefashion.pl\/sk\/dres-dzianinowy-ny-pudrowy-roz\/","title":{"rendered":"NY Knitted Tepl\u00e1ky Powder Pink"},"content":{"rendered":"<h3 style=\"text-align: center;\">NY Knitted Tepl\u00e1ky Powder Pink<\/h3>\n<p style=\"text-align: center;\"><strong>Fantastick\u00e1 pleten\u00e1 s\u00faprava<\/strong> vyroben\u00e9 z ve\u013emi kvalitnej, m\u00e4kkej a <strong>pr\u00edjemn\u00e9<\/strong> v kontakte <strong>materi\u00e1l<\/strong>. Set<strong> s upevnen\u00fdm<\/strong><strong>\u00a0bl\u00fazka na zips <\/strong>je vynikaj\u00facou ponukou pre t\u00fdch, ktor\u00ed miluj\u00fa ma\u0165 ka\u017ed\u00fd de\u0148 pocit pohodlia a z\u00e1rove\u0148 pocit priate\u013esk\u00e9ho a m\u00e4kk\u00e9ho dotyku. S\u00faprava je vyroben\u00e1 z kvalitn\u00e9ho materi\u00e1lu - je ve\u013emi pr\u00edjemn\u00e1 na dotyk a zvn\u00fatra ve\u013emi jemn\u00e1. Mikina m\u00e1 vreck\u00e1.<br \/>\n<strong><span lang=\"en-us\" xml:lang=\"en-us\">Nohavice sa daj\u00fa nosi\u0165 spolu s bl\u00fazkou alebo sa daj\u00fa aj kombinova\u0165 <\/span><\/strong><a href=\"https:\/\/madelinefashion.pl\/sk\/casual-clothes\/t-shirty\/\"><span lang=\"en-us\" xml:lang=\"en-us\">ko\u0161e\u013eu<\/span><\/a><strong><span lang=\"en-us\" xml:lang=\"en-us\"> a vytvorte si dokonal\u00fd ka\u017edodenn\u00fd le\u017e\u00e9rny \u0161t\u00fdl. <\/span><\/strong>Tepl\u00e1kov\u00e1 s\u00faprava je vyroben\u00e1 z kvalitn\u00e9ho materi\u00e1lu. Nohavice maj\u00fa dve vreck\u00e1 a <strong>s\u0165ahovacia \u0161n\u00farka v p\u00e1se a na noh\u00e1ch<\/strong> S\u00faprava dostupn\u00e1 v <strong>kr\u00e1sne farby<\/strong>ide\u00e1lne ku ka\u017ed\u00e9mu jesenn\u00e9mu outfitu.<br \/>\nT\u00fato s\u00fapravu rozhodne mus\u00edte ma\u0165 <strong>v\u00e1\u0161 \u0161atn\u00edk<\/strong>!<\/p>\n<h3 style=\"text-align: center;\">\u00a0 \u00a0 \u00a0Rozmery :<\/h3>\n<p align=\"center\"><strong>\u00a0VE\u013dKOS\u0164 S<\/strong><\/p>\n<p align=\"center\"><strong>Mikina:<\/strong><br \/>\nCelkov\u00e1 d\u013a\u017eka - 58 cm<br \/>\n\u0160\u00edrka od pazuchy po pazuchu - 41-45 cm<br \/>\n\u0160\u00edrka dole -32-37 cm<br \/>\nD\u013a\u017eka ruk\u00e1va od podpazu\u0161ia - 44 cm<br \/>\nD\u013a\u017eka ruk\u00e1va od ramena 51 cm<\/p>\n<p align=\"center\"><strong>nohavice:<\/strong><br \/>\nCelkov\u00e1 d\u013a\u017eka -98 cm<br \/>\nVn\u00fatorn\u00e1 d\u013a\u017eka nohav\u00edc - 70 cm<br \/>\nV\u00fd\u0161ka - 33 cm<br \/>\n\u0160\u00edrka p\u00e1sa - 31-41 cm<\/p>\n<p align=\"center\"><strong>VE\u013dKOS\u0164 M<\/strong><\/p>\n<p align=\"center\"><strong>Mikina:<\/strong><br \/>\nCelkov\u00e1 d\u013a\u017eka - 60 cm<br \/>\n\u0160\u00edrka od pazuchy po pazuchu - 43-47 cm<br \/>\n\u0160\u00edrka dole -34-39 cm<br \/>\nD\u013a\u017eka ruk\u00e1va od podpazu\u0161ia - 46 cm<br \/>\nD\u013a\u017eka ruk\u00e1va od ramena 63 cm<\/p>\n<p align=\"center\"><strong>nohavice:<\/strong><br \/>\nCelkov\u00e1 d\u013a\u017eka -100 cm<br \/>\nVn\u00fatorn\u00e1 d\u013a\u017eka nohav\u00edc - 72 cm<br \/>\nP\u00e1s - 34 cm<br \/>\n\u0160\u00edrka p\u00e1sa - 33-42 cm<\/p>\n<p align=\"center\"><strong>VE\u013dKOS\u0164 L<\/strong><\/p>\n<p align=\"center\"><strong>Mikina:<\/strong><br \/>\nCelkov\u00e1 d\u013a\u017eka - 62 cm<br \/>\n\u0160\u00edrka od pazuchy po pazuchu - 45-49 cm<br \/>\n\u0160\u00edrka v spodnej \u010dasti -35-40 cm<br \/>\nD\u013a\u017eka ruk\u00e1va od podpazu\u0161ia - 48 cm<br \/>\nD\u013a\u017eka ruk\u00e1va od ramena 63 cm<\/p>\n<p align=\"center\"><strong>nohavice:<\/strong><br \/>\nCelkov\u00e1 d\u013a\u017eka -100 cm<br \/>\nVn\u00fatorn\u00e1 d\u013a\u017eka nohav\u00edc - 74 cm<br \/>\nP\u00e1s - 34 cm<br \/>\n\u0160\u00edrka p\u00e1sa - 35-44 cm<\/p>\n<p align=\"center\"><strong>VE\u013dKOS\u0164 XL<\/strong><\/p>\n<p align=\"center\"><strong>Mikina:<\/strong><br \/>\nCelkov\u00e1 d\u013a\u017eka - 64 cm<br \/>\n\u0160\u00edrka od pazuchy po pazuchu - 47-51 cm<br \/>\n\u0160\u00edrka dole -37-42 cm<br \/>\nD\u013a\u017eka ruk\u00e1va od podpazu\u0161ia - 50 cm<br \/>\nD\u013a\u017eka ruk\u00e1va od ramena 65 cm<\/p>\n<p align=\"center\"><strong>nohavice:<\/strong><br \/>\nCelkov\u00e1 d\u013a\u017eka -102 cm<br \/>\nVn\u00fatorn\u00e1 d\u013a\u017eka nohav\u00edc - 73 cm<br \/>\nP\u00e1s - 34 cm<br \/>\n\u0160\u00edrka p\u00e1sa - 35-46 cm<\/p>\n<p align=\"center\"><strong>VE\u013dKOS\u0164 XXL<\/strong><\/p>\n<p align=\"center\">Celkov\u00e1 d\u013a\u017eka - 66 cm<br \/>\n\u0160\u00edrka od pazuchy po pazuchu - 49-53 cm<br \/>\n\u0160\u00edrka dole -39-44 cm<br \/>\nD\u013a\u017eka ruk\u00e1va od podpazu\u0161ia - 52 cm<br \/>\nD\u013a\u017eka ruk\u00e1va od ramena 67 cm<\/p>\n<p align=\"center\"><strong>nohavice:<\/strong><br \/>\nCelkov\u00e1 d\u013a\u017eka -104 cm<br \/>\nVn\u00fatorn\u00e1 d\u013a\u017eka nohav\u00edc - 75 cm<br \/>\nP\u00e1s - 36 cm<br \/>\n\u0160\u00edrka p\u00e1sa - 37-48 cm<\/p>\n<p style=\"text-align: center;\">Rozmery sa m\u00f4\u017eu mierne l\u00ed\u0161i\u0165 od uveden\u00fdch +\/- 2cm. <strong>V\u0161etky rozmery s\u00fa meran\u00e9 plo\u0161ne x2\u00a0<\/strong><\/p>\n<h3 style=\"text-align: center;\">Vlastnosti produktu:<\/h3>\n<p align=\"center\">-nohavice<br \/>\n-mikina<br \/>\n- \u013eahk\u00fd materi\u00e1l<br \/>\n- nohavice s lemom<br \/>\n-vo\u013en\u00fd<br \/>\n- pohodln\u00e9<br \/>\n- nohavice maj\u00fa vreck\u00e1<br \/>\n-z\u00e1mok<\/p>\n<table width=\"615\">\n<tbody>\n<tr>\n<td width=\"302\">Meno modela<\/td>\n<td width=\"302\">NY pleten\u00e1 tepl\u00e1kov\u00e1 s\u00faprava<\/td>\n<\/tr>\n<tr>\n<td width=\"302\">Farba<\/td>\n<td width=\"302\">P\u00fadrov\u00e1 ru\u017eov\u00e1<\/td>\n<\/tr>\n<tr>\n<td width=\"302\">ve\u013ekosti<\/td>\n<td width=\"302\">SML XL XXL<\/td>\n<\/tr>\n<tr>\n<td width=\"302\">M\u00f3da<\/td>\n<td width=\"302\">Vo\u013en\u00fd<\/td>\n<\/tr>\n<tr>\n<td width=\"302\">Materi\u00e1l<\/td>\n<td width=\"302\">95% Bavlna 5% Elastan<\/td>\n<\/tr>\n<\/tbody>\n<\/table>\n<p>&nbsp;<\/p>\n<div class=\"tabs tabs-bb clear mb-80\">\n<div class=\"tab-content\">\n<div id=\"tab-description\" class=\"tab-pane fade in woocommerce-Tabs-panel--description active\">\n<div class=\"tabs tabs-bb clear mb-80\">\n<div class=\"tab-content\">\n<div id=\"tab-description\" class=\"tab-pane fade in woocommerce-Tabs-panel--description active\">\n<p style=\"text-align: center;\">Model m\u00e1\u00a0<strong>169<\/strong>\u00a0cm vysok\u00fd, nos\u00ed ve\u013ekos\u0165 ka\u017ed\u00fd de\u0148\u00a0<strong>S<\/strong><\/p>\n<p style=\"text-align: center;\">\u0160\u00edrka cez prsia 92 cm<\/p>\n<p style=\"text-align: center;\">\u0160\u00edrka v p\u00e1se 62 cm<\/p>\n<p style=\"text-align: center;\">\u0160\u00edrka v bokoch 94 cm<\/p>\n<\/div>\n<\/div>\n<\/div>\n<\/div>\n<\/div>\n<\/div>","protected":false},"excerpt":{"rendered":"<p>Dres Dzianinowy NY Pudrowy R\u00f3\u017c Fenomenalny Komplet dzianinowy wykonany z bardzo dobrej jako\u015bci, mi\u0119kkiego i przyjemnego w dotyku materia\u0142u. Komplet z zapinan\u0105\u00a0bluz\u0105 na zamek to doskona\u0142a propozycja dla tych, kt\u00f3re uwielbiaj\u0105 na co dzie\u0144 mie\u0107 poczucie komfortu, a przy tym odczucie przyjaznego i mi\u0119kkiego dotyku. Komplet wykonany jest z wysokiej jako\u015bci materia\u0142u &#8211; jest mega<\/p>\n<div class=\"klb-readmore post-buttons\"><a class=\"button black outline size-sm\" href=\"https:\/\/madelinefashion.pl\/sk\/dres-dzianinowy-ny-pudrowy-roz\/\">\u010c\u00edta\u0165 \u010falej <i class=\"klbth-icon-right-arrow\"><\/i><\/a><\/div>","protected":false},"featured_media":59971,"template":"","meta":[],"product_brand":[],"product_cat":[89,395],"product_tag":[282],"class_list":{"0":"post-60095","1":"product","2":"type-product","3":"status-publish","4":"has-post-thumbnail","6":"product_cat-komplety","7":"product_cat-nowosci","8":"product_tag-komplety-dresowe","9":"pa_rozmiar-s","10":"pa_rozmiar-m","11":"pa_rozmiar-l","12":"pa_rozmiar-xl-2","13":"pa_rozmiar-xxl-2","15":"first","16":"instock","17":"product-type-variable"},"_links":{"self":[{"href":"https:\/\/madelinefashion.pl\/sk\/wp-json\/wp\/v2\/product\/60095","targetHints":{"allow":["GET"]}}],"collection":[{"href":"https:\/\/madelinefashion.pl\/sk\/wp-json\/wp\/v2\/product"}],"about":[{"href":"https:\/\/madelinefashion.pl\/sk\/wp-json\/wp\/v2\/types\/product"}],"wp:featuredmedia":[{"embeddable":true,"href":"https:\/\/madelinefashion.pl\/sk\/wp-json\/wp\/v2\/media\/59971"}],"wp:attachment":[{"href":"https:\/\/madelinefashion.pl\/sk\/wp-json\/wp\/v2\/media?parent=60095"}],"wp:term":[{"taxonomy":"product_brand","embeddable":true,"href":"https:\/\/madelinefashion.pl\/sk\/wp-json\/wp\/v2\/product_brand?post=60095"},{"taxonomy":"product_cat","embeddable":true,"href":"https:\/\/madelinefashion.pl\/sk\/wp-json\/wp\/v2\/product_cat?post=60095"},{"taxonomy":"product_tag","embeddable":true,"href":"https:\/\/madelinefashion.pl\/sk\/wp-json\/wp\/v2\/product_tag?post=60095"}],"curies":[{"name":"pracovn\u00fd list","href":"https:\/\/api.w.org\/{rel}","templated":true}]}}