{"id":601139,"date":"2026-04-19T12:51:44","date_gmt":"2026-04-19T10:51:44","guid":{"rendered":"https:\/\/madelinefashion.pl\/?post_type=product&#038;p=601139"},"modified":"2026-04-20T17:51:34","modified_gmt":"2026-04-20T15:51:34","slug":"sukienka-dopasowana-hiszpanka-inga-pistacja","status":"publish","type":"product","link":"https:\/\/madelinefashion.pl\/sk\/sukienka-dopasowana-hiszpanka-inga-pistacja\/","title":{"rendered":"Priliehav\u00e9 \u0161panielske \u0161aty Inga s pist\u00e1ciovou farbou"},"content":{"rendered":"<h3 style=\"text-align: center;\">Priliehav\u00e9 \u0161panielske \u0161aty Inga s pist\u00e1ciovou farbou<\/h3>\n<p style=\"text-align: center;\">Fenomen\u00e1lne ve\u010dern\u00e9 \u0161aty v m\u00f3dnom \u0161t\u00fdle <strong>pist\u00e1cie<\/strong> \u2013 odtie\u0148 je perfektnou vo\u013ebou pre \u017eeny, ktor\u00e9 si cenia eleganciu a \u017eensk\u00fd \u0161t\u00fdl. Priliehav\u00fd strih kr\u00e1sne zv\u00fdraz\u0148uje siluetu, zatia\u013e \u010do v\u00fdrazn\u00e9 riasenie tvaruje p\u00e1s a boky a vytv\u00e1ra \u0161t\u00edhlej\u0161iu postavu. Odhalen\u00e9 ramen\u00e1 v \u0161panielskom \u0161t\u00fdle dod\u00e1vaj\u00fa \u0161at\u00e1m jemn\u00fa zmyselnos\u0165 a \u013eahkos\u0165. Dlh\u00e1, spl\u00fdvav\u00e1 l\u00e1tka jemne spl\u00fdva na tele a vysok\u00fd rozparok na nohavici umo\u017e\u0148uje slobodu pohybu a p\u00fata pozornos\u0165. Tieto \u0161aty s\u00fa ide\u00e1lne na \u0161peci\u00e1lne pr\u00edle\u017eitosti, ako s\u00fa svadby, plesy, stu\u017ekov\u00e9, sl\u00e1vnostn\u00e9 ve\u010dierky alebo elegantn\u00e9 recepcie. Tento model je perfektn\u00fd ako \u0161aty pre dru\u017ei\u010dky, ktor\u00e9 zabezpe\u010dia elegantn\u00fd a ucelen\u00fd vzh\u013ead celej svadobnej atmosf\u00e9ry, ale daj\u00fa sa nosi\u0165 aj ako svadobn\u00e9 \u0161aty na ples, stu\u017ekov\u00fa alebo in\u00e9 \u0161peci\u00e1lne pr\u00edle\u017eitosti. Presk\u00famajte na\u0161u ponuku. <strong><a href=\"https:\/\/madelinefashion.pl\/sk\/sukienki-i-kombinezony\/sukienki-okolicznosciowe\/\">ve\u010dern\u00e9 \u0161aty<\/a>\u00a0a vyberte si model, <\/strong>v ktorom budete <strong>vyzera\u0165 ako hviezda a vy\u010dnieva\u0165 z davu. Maxi \u0161aty sa vo svetle l\u00e1mp rozpr\u00e1vkovo trblietaj\u00fa. <\/strong>Nem\u00f4\u017eete by\u0165 k tomu \u013eahostajn\u00ed.<strong> Maxi \u0161aty a\u017e po zem.<\/strong> \u0160aty maj\u00fa vpredu v\u0161it\u00e9 ko\u0161\u00ed\u010dky, tak\u017ee nemus\u00edte nosi\u0165 podprsenku. <strong>\u0160aty <\/strong>dostupn\u00e9 vo ve\u013ekostiach <strong>\u00a036, 38<\/strong> , <strong>40<\/strong>\u00a0 . \u0160aty z <strong>Madelinefashion.pl<\/strong> Je to perfektn\u00e1 vo\u013eba na svadbu, stu\u017ekov\u00fa, silvestrovsk\u00fd ples a in\u00e9 elegantn\u00e9 \u0161peci\u00e1lne pr\u00edle\u017eitosti. V na\u0161om internetovom obchode je k dispoz\u00edcii v nieko\u013ek\u00fdch farb\u00e1ch, tak\u017ee nev\u00e1hajte a vyberte si t\u00fa, ktor\u00e1 je pre v\u00e1s ide\u00e1lna. Ak sa neviete rozhodn\u00fa\u0165, ktor\u00e1 farba je pre v\u00e1s..., <strong>ve\u013ekos\u0165<\/strong> je pre v\u00e1s to najlep\u0161ie <strong>kontaktuj n\u00e1s<\/strong> cez <a href=\"https:\/\/www.facebook.com\/madelinefashionbutik\" target=\"_blank\" rel=\"noopener\">Facebook<\/a> alebo <a href=\"https:\/\/madelinefashion.pl\/sk\/kontakt\/\">telef\u00f3n<\/a>. Ak ve\u013ekos\u0165 nie je na str\u00e1nke, kontaktujte n\u00e1s.<\/p>\n<h3 style=\"text-align: center;\">ROZMERY \u0161iat:<\/h3>\n<table width=\"556\">\n<tbody>\n<tr>\n<td><strong>VE\u013dKOS\u0164<\/strong><\/td>\n<td><strong>poprsia<\/strong><\/td>\n<td><strong>P\u00e1s<\/strong><\/td>\n<td><strong>Boky<\/strong><\/td>\n<\/tr>\n<tr>\n<td><strong>36<\/strong><\/td>\n<td>88-90<\/td>\n<td>68-72<\/td>\n<td>\u00a086-92<\/td>\n<\/tr>\n<tr>\n<td><strong>38<\/strong><\/td>\n<td>92-94<\/td>\n<td>72-76<\/td>\n<td>\u00a090-96<\/td>\n<\/tr>\n<tr>\n<td><strong>40<\/strong><\/td>\n<td>96-98<\/td>\n<td>76-80<\/td>\n<td>\u00a094-106<\/td>\n<\/tr>\n<\/tbody>\n<\/table>\n<p>&nbsp;<\/p>\n<p style=\"text-align: center;\">celkov\u00e1 d\u013a\u017eka cca 157 cm<\/p>\n<p style=\"text-align: center;\">\u0160aty s\u00fa dostupn\u00e9 aj v in\u00fdch farb\u00e1ch - odpor\u00fa\u010dame v\u00e1m zozn\u00e1mi\u0165 sa s na\u0161imi \u010fal\u0161\u00edmi produktmi.<\/p>\n<p style=\"text-align: center;\">Rozmery sa m\u00f4\u017eu mierne l\u00ed\u0161i\u0165 od uveden\u00fdch +\/- 2cm.<\/p>\n<p style=\"text-align: center;\"><strong>\u00a0<\/strong><\/p>\n<p>&nbsp;<\/p>\n<table>\n<tbody>\n<tr>\n<td width=\"302\">Meno modela<\/td>\n<td width=\"302\">Priliehav\u00e9 \u0161panielske \u0161aty Inga<\/td>\n<\/tr>\n<tr>\n<td width=\"302\">Farba<\/td>\n<td width=\"302\">\u0160alviov\u00e1 svetlozelen\u00e1 pist\u00e1cia<\/td>\n<\/tr>\n<tr>\n<td width=\"302\">\u0160tiepenie<\/td>\n<td width=\"302\">\u0161paniel\u010dina<\/td>\n<\/tr>\n<tr>\n<td width=\"302\">ve\u013ekosti<\/td>\n<td width=\"302\">36 38 40<\/td>\n<\/tr>\n<tr>\n<td width=\"302\">M\u00f3da<\/td>\n<td width=\"302\">Zhoda<\/td>\n<\/tr>\n<tr>\n<td width=\"302\">Materi\u00e1l<\/td>\n<td width=\"302\">Visk\u00f3za, Polyester<\/td>\n<\/tr>\n<tr>\n<td width=\"302\">D\u013a\u017eka<\/td>\n<td width=\"302\">Na zem<\/td>\n<\/tr>\n<\/tbody>\n<\/table>\n<p>&nbsp;<\/p>\n<p style=\"text-align: center;\">Aby ste si vybrali\u00a0<strong>perfektn\u00e9 \u0161aty<\/strong>\u00a0kontaktujte n\u00e1s pros\u00edm telefonicky alebo cez n\u00e1\u0161 facebook.<br \/>\nN\u00e1\u0161 t\u00edm v\u00e1m pom\u00f4\u017ee\u00a0<strong>Vyberte si ten spr\u00e1vny<\/strong>\u00a0.\u00a0<strong>Na \u017eelanie kupuj\u00faceho vyrob\u00edme ak\u00e9ko\u013evek \u0161aty\u00a0<\/strong><strong>opatrne mera\u0165.\u00a0<\/strong><\/p>\n<div class=\"additional-details\">\n<p style=\"text-align: center;\">\n<\/div>","protected":false},"excerpt":{"rendered":"<p>Priliehav\u00e9 \u0161aty Inga Pistachio s\u00fa \u00fa\u017easn\u00e9 ve\u010dern\u00e9 \u0161aty v m\u00f3dnom pist\u00e1ciovom odtieni. S\u00fa perfektnou vo\u013ebou pre \u017eeny, ktor\u00e9 si cenia eleganciu a \u017eensk\u00fd \u0161t\u00fdl. Priliehav\u00fd strih kr\u00e1sne zv\u00fdraz\u0148uje siluetu, zatia\u013e \u010do v\u00fdrazn\u00e9 vol\u00e1nky tvaruj\u00fa p\u00e1s a boky a vytv\u00e1raj\u00fa \u0161t\u00edhlu siluetu. Odhalen\u00e9 ramen\u00e1 v \u0161panielskom \u0161t\u00fdle dod\u00e1vaj\u00fa \u0161at\u00e1m jemn\u00fa zmyselnos\u0165 a \u013eahkos\u0165. Dlh\u00e1, spl\u00fdvav\u00e1 l\u00e1tka jemne spl\u00fdva.<\/p>\n<div class=\"klb-readmore post-buttons\"><a class=\"button black outline size-sm\" href=\"https:\/\/madelinefashion.pl\/sk\/sukienka-dopasowana-hiszpanka-inga-pistacja\/\">\u010c\u00edta\u0165 \u010falej <i class=\"klbth-icon-right-arrow\"><\/i><\/a><\/div>","protected":false},"featured_media":601148,"template":"","meta":[],"product_brand":[],"product_cat":[124,569],"product_tag":[257,163,774],"class_list":{"0":"post-601139","1":"product","2":"type-product","3":"status-publish","4":"has-post-thumbnail","6":"product_cat-sukienki-okolicznosciowe","7":"product_cat-sukienki-dopasowane","8":"product_tag-madelinefashion","9":"product_tag-sukienki-dlugie","10":"product_tag-szalwiowe-sukienki","12":"first","13":"instock","14":"purchasable","15":"product-type-variable"},"_links":{"self":[{"href":"https:\/\/madelinefashion.pl\/sk\/wp-json\/wp\/v2\/product\/601139","targetHints":{"allow":["GET"]}}],"collection":[{"href":"https:\/\/madelinefashion.pl\/sk\/wp-json\/wp\/v2\/product"}],"about":[{"href":"https:\/\/madelinefashion.pl\/sk\/wp-json\/wp\/v2\/types\/product"}],"wp:featuredmedia":[{"embeddable":true,"href":"https:\/\/madelinefashion.pl\/sk\/wp-json\/wp\/v2\/media\/601148"}],"wp:attachment":[{"href":"https:\/\/madelinefashion.pl\/sk\/wp-json\/wp\/v2\/media?parent=601139"}],"wp:term":[{"taxonomy":"product_brand","embeddable":true,"href":"https:\/\/madelinefashion.pl\/sk\/wp-json\/wp\/v2\/product_brand?post=601139"},{"taxonomy":"product_cat","embeddable":true,"href":"https:\/\/madelinefashion.pl\/sk\/wp-json\/wp\/v2\/product_cat?post=601139"},{"taxonomy":"product_tag","embeddable":true,"href":"https:\/\/madelinefashion.pl\/sk\/wp-json\/wp\/v2\/product_tag?post=601139"}],"curies":[{"name":"pracovn\u00fd list","href":"https:\/\/api.w.org\/{rel}","templated":true}]}}