{"id":601398,"date":"2026-04-20T21:00:24","date_gmt":"2026-04-20T19:00:24","guid":{"rendered":"https:\/\/madelinefashion.pl\/?post_type=product&#038;p=601398"},"modified":"2026-04-20T21:30:12","modified_gmt":"2026-04-20T19:30:12","slug":"suknia-slubna-hiszpanka-tiulowa-sheila","status":"publish","type":"product","link":"https:\/\/madelinefashion.pl\/sk\/suknia-slubna-hiszpanka-tiulowa-sheila\/","title":{"rendered":"Svadobn\u00e9 \u0161aty Sheila bieleho tylu v \u0161panielskom \u0161t\u00fdle"},"content":{"rendered":"<h3 style=\"text-align: center;\">Svadobn\u00e9 \u0161aty zo \u0161panielskeho tylu Sheila<\/h3>\n<p style=\"text-align: center;\" data-start=\"103\" data-end=\"405\">Svadobn\u00e9 \u0161aty <strong>\u0161panielska tylov\u00e1 suk\u0148a<\/strong> Tento jedine\u010dn\u00fd dizajn je ide\u00e1lny pre \u017eeny, ktor\u00e9 t\u00fa\u017eia po kombin\u00e1cii romantiky, jemnosti a v\u00fdraznej elegancie vo svoj svadobn\u00fd de\u0148. Tento \u0161t\u00fdl zaujme svojou \u013eahkos\u0165ou a jemn\u00fdm, vzdu\u0161n\u00fdm tylom, ktor\u00fd kr\u00e1sne spl\u00fdva s pohybom a vytv\u00e1ra rozpr\u00e1vkov\u00fd, takmer \u00e9terick\u00fd efekt. V\u00fdrazn\u00fd odhalen\u00fd v\u00fdstrih dod\u00e1va \u0161at\u00e1m v\u00fdnimo\u010dn\u00fa zmyselnos\u0165 a zv\u00fdraz\u0148uje dekolt a k\u013e\u00fa\u010dne kosti. Tento dizajn dokonale zv\u00fdraz\u0148uje \u017eensk\u00e9 prednosti a z\u00e1rove\u0148 zost\u00e1va neuverite\u013ene elegantn\u00fd a jemn\u00fd. V\u010faka tomu s\u00fa \u0161aty ide\u00e1lne na cirkevn\u00fd obrad aj na civiln\u00fa alebo vonkaj\u0161iu svadbu. Tylov\u00e1 suk\u0148a dod\u00e1va \u0161at\u00e1m \u013eahkos\u0165 a objem, v\u010faka \u010domu sa ka\u017ed\u00e1 nevesta bude c\u00edti\u0165 v\u00fdnimo\u010dne a pohodlne. \u0160aty vyzeraj\u00fa kr\u00e1sne v pohybe, na fotografi\u00e1ch aj pri tanci a vytv\u00e1raj\u00fa efekt skuto\u010dnej svadobnej rozpr\u00e1vky. S\u00fa perfektnou vo\u013ebou pre \u017eeny, ktor\u00e9 h\u013eadaj\u00fa zmes klasick\u00e9ho \u0161t\u00fdlu a modern\u00e9ho romantizmu. \u0160aty sa dokonale hodia k boho, glamour a modern\u00fdm svadobn\u00fdm trendom, v\u010faka \u010domu s\u00fa neuverite\u013ene v\u0161estrann\u00e9 a nad\u010dasov\u00e9. S\u00fa perfektnou vo\u013ebou pre v\u0161etky druhy \u0161peci\u00e1lnych pr\u00edle\u017eitost\u00ed. Dostupn\u00e9 vo ve\u013ekostiach <strong>SML\u00a0 <\/strong>. \u0160aty <strong>Madelinefashion<\/strong> je vynikaj\u00facou vo\u013ebou na svadbu, ples, Silvestra a in\u00e9 elegantn\u00e9 \u0161peci\u00e1lne udalosti. Ak sa neviete rozhodn\u00fa\u0165, ktor\u00fd <strong>ve\u013ekos\u0165<\/strong> je pre v\u00e1s to najlep\u0161ie <strong>kontaktuj n\u00e1s<\/strong> cez <a href=\"https:\/\/www.facebook.com\/madelinefashionbutik\" target=\"_blank\" rel=\"noopener\">Facebook<\/a> alebo <a href=\"https:\/\/madelinefashion.pl\/sk\/kontakt\/\">telef\u00f3n<\/a>. Ak ve\u013ekos\u0165 nie je na str\u00e1nke, kontaktujte n\u00e1s.<\/p>\n<h3 style=\"text-align: center;\">ROZMERY \u0161iat:<\/h3>\n<p>&nbsp;<\/p>\n<table width=\"556\">\n<tbody>\n<tr>\n<td><strong>VE\u013dKOS\u0164<\/strong><\/td>\n<td><strong>poprsia<\/strong><\/td>\n<td><strong>P\u00e1s<\/strong><\/td>\n<td><strong>Boky<\/strong><\/td>\n<\/tr>\n<tr>\n<td><strong>36<\/strong><\/td>\n<td>88-90<\/td>\n<td>68<\/td>\n<td>\u00a0ak\u00fdko\u013evek<\/td>\n<\/tr>\n<tr>\n<td><strong>38<\/strong><\/td>\n<td>\u00a092-94<\/td>\n<td>72<\/td>\n<td>\u00a0ak\u00fdko\u013evek<\/td>\n<\/tr>\n<tr>\n<td><strong>40<\/strong><\/td>\n<td>96-98<\/td>\n<td>76<\/td>\n<td>\u00a0ak\u00fdko\u013evek<\/td>\n<\/tr>\n<\/tbody>\n<\/table>\n<p style=\"text-align: center;\"><span style=\"font-size: 10pt;\"><span style=\"font-size: 10pt;\">\u0160aty dostupn\u00e9 aj v <\/span><strong style=\"font-size: 10pt;\">in\u00e9 farebn\u00e9 varianty<\/strong><span style=\"font-size: 10pt;\"> \u2013 odpor\u00fa\u010dame v\u00e1m zozn\u00e1mi\u0165 sa s na\u0161imi \u010fal\u0161\u00edmi produktmi.\u00a0<\/span>celkov\u00e1 d\u013a\u017eka cca 157 cm\u00a0\u00a0<\/span><\/p>\n<p style=\"text-align: center;\"><span style=\"font-size: 10pt;\">Rozmery sa m\u00f4\u017eu mierne l\u00ed\u0161i\u0165 od uveden\u00fdch +\/- 2cm.\u00a0<\/span><\/p>\n<p style=\"text-align: center;\"><span style=\"font-size: 10pt;\"><strong>\u00a0<\/strong>\u00a0<\/span><\/p>\n<table width=\"618\">\n<tbody>\n<tr>\n<td width=\"302\">Meno modela<\/td>\n<td width=\"302\">Svadobn\u00e9 \u0161aty zo \u0161panielskeho tylu Sheila<\/td>\n<\/tr>\n<tr>\n<td width=\"302\">Farba<\/td>\n<td width=\"302\">biely<\/td>\n<\/tr>\n<tr>\n<td width=\"302\">Marka<\/td>\n<td width=\"302\">Madelinefashion<\/td>\n<\/tr>\n<tr>\n<td width=\"302\">ve\u013ekosti<\/td>\n<td width=\"302\">36 38 40<\/td>\n<\/tr>\n<tr>\n<td width=\"302\">M\u00f3da<\/td>\n<td width=\"302\">Zvonov\u00e9 \u2013 Princezn\u00e1<\/td>\n<\/tr>\n<tr>\n<td width=\"302\">Materi\u00e1l<\/td>\n<td width=\"302\">Visk\u00f3za, Polyester<\/td>\n<\/tr>\n<tr>\n<td width=\"302\">D\u013a\u017eka<\/td>\n<td width=\"302\">Na zem<\/td>\n<\/tr>\n<\/tbody>\n<\/table>\n<p style=\"text-align: center;\"><span style=\"font-size: 10pt;\">\u00a0<\/span><\/p>\n<p>&nbsp;<\/p>\n<p style=\"text-align: center;\"><span style=\"font-size: 10pt;\">Aby ste si vybrali <strong>perfektn\u00e9 \u0161aty<\/strong> kontaktujte n\u00e1s telefonicky alebo prostredn\u00edctvom na\u0161ej webovej str\u00e1nky <a href=\"https:\/\/www.facebook.com\/madelinefashionbutik\" target=\"_blank\" rel=\"noopener\">Facebook<\/a> .<\/span><br \/>\n<span style=\"font-size: 10pt;\">N\u00e1\u0161 t\u00edm v\u00e1m pom\u00f4\u017ee <strong>Vyberte si ten spr\u00e1vny<\/strong> . <strong>Na \u017eelanie kupuj\u00faceho vyrob\u00edme ak\u00e9ko\u013evek \u0161aty\u00a0<\/strong><strong>opatrne mera\u0165.<\/strong><\/span><\/p>\n<p>&nbsp;<\/p>\n<p align=\"center\">Poz\u00fdvame v\u00e1s do n\u00e1\u0161ho sal\u00f3nu svadobn\u00fdch \u0161iat, ktor\u00fd sa nach\u00e1dza na ulici Moniuszki 2 v srdci Konstantyn\u00f3wa v Lod\u017eskom. V na\u0161om profesion\u00e1lnom sal\u00f3ne n\u00e1jdete \u0161irok\u00fd v\u00fdber svadobn\u00fdch \u0161iat, ktor\u00e9 splnia va\u0161e najtajnej\u0161ie sny o dokonalom dni. T\u00edm sk\u00fasen\u00fdch konzultantov v\u00e1m pom\u00f4\u017ee vybra\u0165 si perfektn\u00e9 \u0161aty, prisp\u00f4soben\u00e9 va\u0161im o\u010dak\u00e1vaniam a postave. Srde\u010dne v\u00e1s poz\u00fdvame na n\u00e1v\u0161tevu \u2013 presved\u010dte sa, ak\u00fd v\u00fdnimo\u010dn\u00fd m\u00f4\u017ee by\u0165 v\u00e1\u0161 de\u0148!<\/p>\n<p>Ka\u017ed\u00e9 \u0161aty sa daj\u00fa v pr\u00edpade potreby upravi\u0165 pod\u013ea va\u0161ej v\u00fd\u0161ky a v\u00fd\u0161ky podp\u00e4tku. Ak s\u00fa pr\u00edli\u0161 dlh\u00e9, m\u00f4\u017eete si ich skr\u00e1ti\u0165 alebo necha\u0165 kraj\u010d\u00edrku urobi\u0165 drobn\u00e9 \u00fapravy. Takto si m\u00f4\u017eete vybran\u00e9 \u0161aty jednoducho prisp\u00f4sobi\u0165 svojim mieram a c\u00edti\u0165 sa v nich dokonale pohodlne.<\/p>\n<p style=\"text-align: center;\"><span style=\"font-size: 10pt;\"><strong>\u00a0<\/strong><\/span><\/p>\n<div class=\"additional-details\" style=\"text-align: center;\">\n<p style=\"text-align: center;\"><span style=\"font-size: 10pt;\">\u00a0<\/span><\/p>\n<\/div>","protected":false},"excerpt":{"rendered":"<p>Svadobn\u00e9 \u0161aty Sheila Tulle Spaghetti s\u00fa jedine\u010dnou vo\u013ebou pre \u017eeny, ktor\u00e9 t\u00fa\u017eia po kombin\u00e1cii romantiky, jemnosti a v\u00fdraznej elegancie vo svoj svadobn\u00fd de\u0148. Tento dizajn zaujme svojou \u013eahkos\u0165ou a jemn\u00fdm, vzdu\u0161n\u00fdm tylom, ktor\u00fd sa kr\u00e1sne vln\u00ed s pohybom a vytv\u00e1ra rozpr\u00e1vkov\u00fd, takmer \u00e9terick\u00fd efekt. V\u00fdrazn\u00fd \u0161pagetov\u00fd v\u00fdstrih, \u010di\u017ee odhalen\u00e9 ramen\u00e1, dod\u00e1vaj\u00fa \u0161at\u00e1m jedine\u010dn\u00fd charakter.<\/p>\n<div class=\"klb-readmore post-buttons\"><a class=\"button black outline size-sm\" href=\"https:\/\/madelinefashion.pl\/sk\/suknia-slubna-hiszpanka-tiulowa-sheila\/\">\u010c\u00edta\u0165 \u010falej <i class=\"klbth-icon-right-arrow\"><\/i><\/a><\/div>","protected":false},"featured_media":601408,"template":"","meta":[],"product_brand":[],"product_cat":[124,395,563,561,566,631],"product_tag":[257,219,163],"class_list":{"0":"post-601398","1":"product","2":"type-product","3":"status-publish","4":"has-post-thumbnail","6":"product_cat-sukienki-okolicznosciowe","7":"product_cat-nowosci","8":"product_cat-sukienki-gorsetowe","9":"product_cat-sukienki-tiulowe","10":"product_cat-suknie-slubne","11":"product_cat-suknie-slubne-tiulowe","12":"product_tag-madelinefashion","13":"product_tag-sukienka-biala","14":"product_tag-sukienki-dlugie","16":"first","17":"instock","18":"purchasable","19":"product-type-variable"},"_links":{"self":[{"href":"https:\/\/madelinefashion.pl\/sk\/wp-json\/wp\/v2\/product\/601398","targetHints":{"allow":["GET"]}}],"collection":[{"href":"https:\/\/madelinefashion.pl\/sk\/wp-json\/wp\/v2\/product"}],"about":[{"href":"https:\/\/madelinefashion.pl\/sk\/wp-json\/wp\/v2\/types\/product"}],"wp:featuredmedia":[{"embeddable":true,"href":"https:\/\/madelinefashion.pl\/sk\/wp-json\/wp\/v2\/media\/601408"}],"wp:attachment":[{"href":"https:\/\/madelinefashion.pl\/sk\/wp-json\/wp\/v2\/media?parent=601398"}],"wp:term":[{"taxonomy":"product_brand","embeddable":true,"href":"https:\/\/madelinefashion.pl\/sk\/wp-json\/wp\/v2\/product_brand?post=601398"},{"taxonomy":"product_cat","embeddable":true,"href":"https:\/\/madelinefashion.pl\/sk\/wp-json\/wp\/v2\/product_cat?post=601398"},{"taxonomy":"product_tag","embeddable":true,"href":"https:\/\/madelinefashion.pl\/sk\/wp-json\/wp\/v2\/product_tag?post=601398"}],"curies":[{"name":"pracovn\u00fd list","href":"https:\/\/api.w.org\/{rel}","templated":true}]}}