{"id":601759,"date":"2026-04-23T15:14:39","date_gmt":"2026-04-23T13:14:39","guid":{"rendered":"https:\/\/madelinefashion.pl\/?post_type=product&#038;p=601759"},"modified":"2026-04-23T15:16:52","modified_gmt":"2026-04-23T13:16:52","slug":"sukienka-dopasowana-z-rozcieciem-chocolatte-wrzosowa","status":"publish","type":"product","link":"https:\/\/madelinefashion.pl\/sk\/sukienka-dopasowana-z-rozcieciem-chocolatte-wrzosowa\/","title":{"rendered":"Priliehav\u00e9 \u0161aty s rozparkom v \u010dokol\u00e1dovo-heatherovej farbe"},"content":{"rendered":"<h3 style=\"text-align: center;\">Priliehav\u00e9 \u0161aty s rozparkom v \u010dokol\u00e1dovo-heatherovej farbe<\/h3>\n<p style=\"text-align: center;\" data-start=\"215\" data-end=\"572\">Rozko\u0161n\u00e9 <strong data-start=\"228\" data-end=\"260\">dlh\u00e9 \u0161ampansk\u00e9 \u0161aty,<\/strong> ktor\u00fd v sebe sp\u00e1ja noblesu, \u017eenskos\u0165 a p\u00f4vab. Model je vyroben\u00fd z jemnej, prieh\u013eadnej sie\u0165oviny bohato zdobenej trblietav\u00fdmi flitrami, ktor\u00e9 kr\u00e1sne odr\u00e1\u017eaj\u00fa svetlo a p\u00fataj\u00fa pozornos\u0165. Perfektn\u00e1 vo\u013eba pre diev\u010dat\u00e1, ktor\u00e9 chc\u00fa vyzera\u0165 v\u00fdnimo\u010dne na jednom z najd\u00f4le\u017eitej\u0161\u00edch plesov vo svojom \u017eivote. Priliehav\u00fd strih zv\u00fdraz\u0148uje siluetu, tvaruje p\u00e1s a boky a v\u00fdrazne... <strong data-start=\"648\" data-end=\"670\">rez na nohe<\/strong> Dod\u00e1va \u013eahkos\u0165 a zmyseln\u00fa eleganciu. Korzetov\u00fd vrch s tvarovan\u00fdm v\u00fdstrihom decentne zv\u00fdraz\u0148uje poprsie a z\u00e1rove\u0148 zais\u0165uje pohodlie. \u0160aty kr\u00e1sne spl\u00fdvaj\u00fa, v\u010faka \u010domu s\u00fa ide\u00e1lne na tanec aj na form\u00e1lne ve\u010dern\u00e9 nosenie. <strong>Priliehav\u00fd strih<\/strong> \u0161aty zv\u00fdraz\u0148uj\u00fa \u017eensk\u00e9 \u010drty. S\u00fa perfektnou vo\u013ebou pre v\u0161etky druhy \u0161peci\u00e1lnych pr\u00edle\u017eitost\u00ed. Dostupn\u00e9 vo ve\u013ekostiach<strong> XS<\/strong> <strong>SML\u00a0 <\/strong>. \u0160aty <strong>Madeline Fashion<\/strong> je perfektnou vo\u013ebou na svadby, stu\u017ekov\u00e9, Silvestra a in\u00e9 elegantn\u00e9 \u0161peci\u00e1lne udalosti. <strong data-start=\"225\" data-end=\"247\">tylov\u00fd maxi model<\/strong> Je to perfektn\u00e1 vo\u013eba na ve\u010dern\u00e9 v\u00fdlety, plesy alebo \u0161peci\u00e1lne pr\u00edle\u017eitosti. Je to perfektn\u00e1 vo\u013eba pre t\u00fdch, ktor\u00ed h\u013eadaj\u00fa <strong data-start=\"1232\" data-end=\"1270\">elegantn\u00e9 \u0161aty na ples<\/strong>, ktor\u00fd sa bude odli\u0161ova\u0165 od klasick\u00fdch modelov a poskytne <strong>ve\u013ekolep\u00fd vzh\u013ead po cel\u00fa noc.<\/strong><br data-start=\"313\" data-end=\"316\" \/><strong>\u0160ampansk\u00e1 farba<\/strong> a jemn\u00e9 detaily dod\u00e1vaj\u00fa \u0161at\u00e1m neuverite\u013ene elegantn\u00fd a \u017eensk\u00fd vzh\u013ead. Ak sa neviete rozhodn\u00fa\u0165, ktor\u00e9 si vybra\u0165, <strong>ve\u013ekos\u0165<\/strong> je pre v\u00e1s to najlep\u0161ie <strong>kontaktuj n\u00e1s<\/strong> cez <a href=\"https:\/\/www.facebook.com\/madelinefashionbutik\" target=\"_blank\" rel=\"noopener\">Facebook<\/a> alebo <a href=\"https:\/\/madelinefashion.pl\/sk\/kontakt\/\">telef\u00f3n<\/a>. Ak ve\u013ekos\u0165 nie je na str\u00e1nke, kontaktujte n\u00e1s.<\/p>\n<h3 style=\"text-align: center;\">ROZMERY \u0161iat:<\/h3>\n<p><img fetchpriority=\"high\" decoding=\"async\" class=\"size-medium wp-image-16801 aligncenter\" src=\"https:\/\/madelinefashion.pl\/wp-content\/uploads\/2021\/08\/wymiary-suknia-300x194.png\" alt=\"\" width=\"300\" height=\"194\" title=\"\"><\/p>\n<table width=\"556\">\n<tbody>\n<tr>\n<td><strong>VE\u013dKOS\u0164<\/strong><\/td>\n<td><strong>poprsia<\/strong><\/td>\n<td><strong>P\u00e1s<\/strong><\/td>\n<td><strong>Boky<\/strong><\/td>\n<\/tr>\n<tr>\n<td><strong>34<\/strong><\/td>\n<td>84-86<\/td>\n<td>64<\/td>\n<td>\u00a0ak\u00fdko\u013evek<\/td>\n<\/tr>\n<tr>\n<td><strong>36<\/strong><\/td>\n<td>88-90<\/td>\n<td>68<\/td>\n<td>\u00a0ak\u00fdko\u013evek<\/td>\n<\/tr>\n<tr>\n<td><strong>38<\/strong><\/td>\n<td>\u00a092-94<\/td>\n<td>72<\/td>\n<td>\u00a0ak\u00fdko\u013evek<\/td>\n<\/tr>\n<tr>\n<td><strong>40<\/strong><\/td>\n<td>96-98<\/td>\n<td>76<\/td>\n<td>\u00a0ak\u00fdko\u013evek<\/td>\n<\/tr>\n<\/tbody>\n<\/table>\n<p style=\"text-align: center;\"><span style=\"font-size: 10pt;\"><span style=\"font-size: 10pt;\">\u0160aty dostupn\u00e9 aj v <\/span><strong style=\"font-size: 10pt;\">in\u00e9 farebn\u00e9 varianty<\/strong><span style=\"font-size: 10pt;\"> \u2013 odpor\u00fa\u010dame v\u00e1m zozn\u00e1mi\u0165 sa s na\u0161imi \u010fal\u0161\u00edmi produktmi.\u00a0<\/span>celkov\u00e1 d\u013a\u017eka cca 157 cm\u00a0\u00a0<\/span><\/p>\n<p style=\"text-align: center;\"><span style=\"font-size: 10pt;\">Rozmery sa m\u00f4\u017eu mierne l\u00ed\u0161i\u0165 od uveden\u00fdch +\/- 2cm.\u00a0<\/span><\/p>\n<p style=\"text-align: center;\"><span style=\"font-size: 10pt;\"><strong>\u00a0<\/strong>\u00a0<\/span><\/p>\n<table width=\"618\">\n<tbody>\n<tr>\n<td width=\"302\">Meno modela<\/td>\n<td width=\"302\">\u010cokol\u00e1dov\u00e9 priliehav\u00e9 \u0161aty s rozparkom<\/td>\n<\/tr>\n<tr>\n<td width=\"302\">Farba<\/td>\n<td width=\"302\">P\u00fadrov\u00e1 ru\u017eov\u00e1<\/td>\n<\/tr>\n<tr>\n<td width=\"302\">Marka<\/td>\n<td width=\"302\">Madeline Fashion<\/td>\n<\/tr>\n<tr>\n<td width=\"302\">ve\u013ekosti<\/td>\n<td width=\"302\">34 36 38 40<\/td>\n<\/tr>\n<tr>\n<td width=\"302\">M\u00f3da<\/td>\n<td width=\"302\">Zhoda<\/td>\n<\/tr>\n<tr>\n<td width=\"302\">Materi\u00e1l<\/td>\n<td width=\"302\">Visk\u00f3za, Polyester<\/td>\n<\/tr>\n<tr>\n<td width=\"302\">D\u013a\u017eka<\/td>\n<td width=\"302\">Na zem<\/td>\n<\/tr>\n<\/tbody>\n<\/table>\n<p style=\"text-align: center;\"><span style=\"font-size: 10pt;\">\u00a0<\/span><\/p>\n<p>&nbsp;<\/p>\n<p style=\"text-align: center;\"><span style=\"font-size: 10pt;\">Aby ste si vybrali <strong>perfektn\u00e9 \u0161aty<\/strong> kontaktujte n\u00e1s telefonicky alebo prostredn\u00edctvom na\u0161ej webovej str\u00e1nky <a href=\"https:\/\/www.facebook.com\/madelinefashionbutik\" target=\"_blank\" rel=\"noopener\">Facebook<\/a> .<\/span><br \/>\n<span style=\"font-size: 10pt;\">N\u00e1\u0161 t\u00edm v\u00e1m pom\u00f4\u017ee <strong>Vyberte si ten spr\u00e1vny<\/strong> . <strong>Na \u017eelanie kupuj\u00faceho vyrob\u00edme ak\u00e9ko\u013evek \u0161aty\u00a0<\/strong><strong>opatrne mera\u0165.\u00a0<\/strong><\/span><\/p>\n<div class=\"additional-details\" style=\"text-align: center;\">\n<p style=\"text-align: center;\"><span style=\"font-size: 10pt;\">\u00a0<\/span><\/p>\n<\/div>","protected":false},"excerpt":{"rendered":"<p>Priliehav\u00e9 \u0161aty v \u010dokol\u00e1dovo-vresovej farbe s rozparkom. Ohromuj\u00face dlh\u00e9 \u0161ampansk\u00e9 \u0161aty, ktor\u00e9 v sebe sp\u00e1jaj\u00fa noblesu, \u017eenskos\u0165 a p\u00f4vab. Tieto \u0161aty s\u00fa vyroben\u00e9 z jemnej, prieh\u013eadnej sie\u0165oviny a s\u00fa bohato zdoben\u00e9 trblietav\u00fdmi flitrami, ktor\u00e9 kr\u00e1sne odr\u00e1\u017eaj\u00fa svetlo a p\u00fataj\u00fa pozornos\u0165. Perfektn\u00e1 vo\u013eba pre diev\u010dat\u00e1, ktor\u00e9 chc\u00fa vyzera\u0165 v\u00fdnimo\u010dne na jednom z najd\u00f4le\u017eitej\u0161\u00edch plesov vo svojom \u017eivote. Priliehav\u00fd strih zv\u00fdraz\u0148uje siluetu.,<\/p>\n<div class=\"klb-readmore post-buttons\"><a class=\"button black outline size-sm\" href=\"https:\/\/madelinefashion.pl\/sk\/sukienka-dopasowana-z-rozcieciem-chocolatte-wrzosowa\/\">\u010c\u00edta\u0165 \u010falej <i class=\"klbth-icon-right-arrow\"><\/i><\/a><\/div>","protected":false},"featured_media":601764,"template":"","meta":[],"product_brand":[],"product_cat":[124,395,569,563,692,561],"product_tag":[257,163,215],"class_list":{"0":"post-601759","1":"product","2":"type-product","3":"status-publish","4":"has-post-thumbnail","6":"product_cat-sukienki-okolicznosciowe","7":"product_cat-nowosci","8":"product_cat-sukienki-dopasowane","9":"product_cat-sukienki-gorsetowe","10":"product_cat-sukienki-na-studniowke","11":"product_cat-sukienki-tiulowe","12":"product_tag-madelinefashion","13":"product_tag-sukienki-dlugie","14":"product_tag-sukienki-rozowe","16":"first","17":"instock","18":"sale","19":"purchasable","20":"product-type-variable"},"_links":{"self":[{"href":"https:\/\/madelinefashion.pl\/sk\/wp-json\/wp\/v2\/product\/601759","targetHints":{"allow":["GET"]}}],"collection":[{"href":"https:\/\/madelinefashion.pl\/sk\/wp-json\/wp\/v2\/product"}],"about":[{"href":"https:\/\/madelinefashion.pl\/sk\/wp-json\/wp\/v2\/types\/product"}],"wp:featuredmedia":[{"embeddable":true,"href":"https:\/\/madelinefashion.pl\/sk\/wp-json\/wp\/v2\/media\/601764"}],"wp:attachment":[{"href":"https:\/\/madelinefashion.pl\/sk\/wp-json\/wp\/v2\/media?parent=601759"}],"wp:term":[{"taxonomy":"product_brand","embeddable":true,"href":"https:\/\/madelinefashion.pl\/sk\/wp-json\/wp\/v2\/product_brand?post=601759"},{"taxonomy":"product_cat","embeddable":true,"href":"https:\/\/madelinefashion.pl\/sk\/wp-json\/wp\/v2\/product_cat?post=601759"},{"taxonomy":"product_tag","embeddable":true,"href":"https:\/\/madelinefashion.pl\/sk\/wp-json\/wp\/v2\/product_tag?post=601759"}],"curies":[{"name":"pracovn\u00fd list","href":"https:\/\/api.w.org\/{rel}","templated":true}]}}