{"id":60219,"date":"2022-09-27T09:51:43","date_gmt":"2022-09-27T07:51:43","guid":{"rendered":"https:\/\/madelinefashion.pl\/?post_type=product&#038;p=60219"},"modified":"2025-10-01T07:34:10","modified_gmt":"2025-10-01T05:34:10","slug":"spodnie-dresowe-ocieplane-fuksja","status":"publish","type":"product","link":"https:\/\/madelinefashion.pl\/sk\/spodnie-dresowe-ocieplane-fuksja\/","title":{"rendered":"Tepl\u00e9 fuchsiov\u00e9 tepl\u00e1ky"},"content":{"rendered":"<h3 style=\"text-align: center;\">Tepl\u00e9 fuchsiov\u00e9 tepl\u00e1ky<\/h3>\n<p style=\"text-align: center;\"><strong><span style=\"vertical-align: inherit;\"><span style=\"vertical-align: inherit;\">Pohodln\u00e9 tepl\u00e1ky <\/span><\/span><\/strong><span style=\"vertical-align: inherit;\"><span style=\"vertical-align: inherit;\">je nenahradite\u013en\u00fd model, ktor\u00fd mus\u00edte ma\u0165 vo svojom \u0161atn\u00edku. \u00datuln\u00fd, tepl\u00fd a super pohodln\u00fd, je ide\u00e1lnym ka\u017edodenn\u00fdm predmetom. Vysok\u00e1 kvalita s hrub\u0161\u00edm, m\u00e4sit\u00fdm materi\u00e1lom klasick\u00e9ho jednoduch\u00e9ho strihu, v\u010faka ktor\u00e9mu bud\u00fa na\u0161e Nohavice s vami roky. S\u00fa ve\u013emi pohodln\u00e9 a \u013eahko sa kombinuj\u00fa, \u013eahko ich skombinujete s na\u0161imi bl\u00fazkami, kardig\u00e1nmi, bundami \u010di mikinami. <strong>Model pre d\u00e1my vo ve\u013ekostiach od S- XXL !! <\/strong>Tepl\u00e1ky s elastick\u00fdm p\u00e1som a \u0161n\u00farkou s\u00fa zateplen\u00e9, v\u010faka \u010domu s\u00fa ako stvoren\u00e9 na jesenn\u00e9 chladn\u00e9 ve\u010dery. Model m\u00e1 dve vreck\u00e1. <strong>Ide\u00e1lne pre ka\u017edodenn\u00fd styling. S\u00fa vyroben\u00e9 v\u00a0<\/strong>95% vyroben\u00e9 z bavlny, v\u010faka \u010domu s\u00fa super pr\u00edjemn\u00e9.<\/span><\/span><strong><span style=\"vertical-align: inherit;\"><span style=\"vertical-align: inherit;\"><br \/>\n<\/span><\/span><\/strong><\/p>\n<p>&nbsp;<\/p>\n<h3 style=\"text-align: center;\"><span style=\"vertical-align: inherit;\"><span style=\"vertical-align: inherit;\">Rozmery<\/span><\/span><\/h3>\n<ul style=\"text-align: center;\">\n<li><span style=\"vertical-align: inherit;\"><span style=\"vertical-align: inherit;\">Celkov\u00e1 d\u013a\u017eka: 96 cm<\/span><\/span><\/li>\n<li><span style=\"vertical-align: inherit;\"><span style=\"vertical-align: inherit;\">Vn\u00fatorn\u00e1 d\u013a\u017eka nohav\u00edc: 72 cm<\/span><\/span><\/li>\n<li>Vonkaj\u0161ia d\u013a\u017eka nohav\u00edc: 90 cm<\/li>\n<li><span style=\"vertical-align: inherit;\"><span style=\"vertical-align: inherit;\">\u0160\u00edrka v p\u00e1se: 36-54 cm<\/span><\/span><\/li>\n<li><span style=\"vertical-align: inherit;\"><span style=\"vertical-align: inherit;\">V\u00fd\u0161ka: 30 cm<\/span><\/span><\/li>\n<li><span style=\"vertical-align: inherit;\"><span style=\"vertical-align: inherit;\">\u0160\u00edrka bokov: 44-52 cm<\/span><\/span><\/li>\n<\/ul>\n<p style=\"text-align: center;\"><span style=\"vertical-align: inherit;\"><span style=\"vertical-align: inherit;\">Rozmery sa m\u00f4\u017eu l\u00ed\u0161i\u0165 od uveden\u00fdch +\/- 2cm. <\/span><span style=\"vertical-align: inherit;\">V\u0161etky uveden\u00e9 rozmery s\u00fa meran\u00e9 plo\u0161ne.<\/span><\/span><\/p>\n<p>&nbsp;<\/p>\n<p style=\"text-align: center;\">Model m\u00e1\u00a0<strong>169<\/strong>\u00a0cm vysok\u00fd, nos\u00ed ve\u013ekos\u0165 ka\u017ed\u00fd de\u0148\u00a0<strong>S<\/strong><\/p>\n<p style=\"text-align: center;\">\u0160\u00edrka cez prsia 92 cm<\/p>\n<p style=\"text-align: center;\">\u0160\u00edrka v p\u00e1se 62 cm<\/p>\n<p style=\"text-align: center;\">\u0160\u00edrka v bokoch 94 cm<\/p>\n<p style=\"text-align: center;\">","protected":false},"excerpt":{"rendered":"<p>Spodnie Dresowe Ocieplane Fuksja Wygodny spodnie dresowe to niezast\u0105piony model, kt\u00f3ry musisz mie\u0107 w swojej szafie. Przytulny, ciep\u0142y i mega wygodny jest idealn\u0105 propozycj\u0105 na co dzie\u0144. Wysokiej jako\u015bci z grubszym, mi\u0119sistym materia\u0142em o klasycznym, prostym fasonie dzi\u0119ki czemu nasze Spodnie b\u0119d\u0105 z Tob\u0105 na lata. S\u0105 bardzo wygodne oraz \u0142atwe w \u0142\u0105czeniu, bez problemu<\/p>\n<div class=\"klb-readmore post-buttons\"><a class=\"button black outline size-sm\" href=\"https:\/\/madelinefashion.pl\/sk\/spodnie-dresowe-ocieplane-fuksja\/\">\u010c\u00edta\u0165 \u010falej <i class=\"klbth-icon-right-arrow\"><\/i><\/a><\/div>","protected":false},"featured_media":60146,"template":"","meta":[],"product_brand":[],"product_cat":[83],"product_tag":[385,475],"class_list":{"0":"post-60219","1":"product","2":"type-product","3":"status-publish","4":"has-post-thumbnail","6":"product_cat-spodnie","7":"product_tag-plus-size","8":"product_tag-spodnie-dlugie","10":"first","11":"instock","12":"purchasable","13":"product-type-simple"},"_links":{"self":[{"href":"https:\/\/madelinefashion.pl\/sk\/wp-json\/wp\/v2\/product\/60219","targetHints":{"allow":["GET"]}}],"collection":[{"href":"https:\/\/madelinefashion.pl\/sk\/wp-json\/wp\/v2\/product"}],"about":[{"href":"https:\/\/madelinefashion.pl\/sk\/wp-json\/wp\/v2\/types\/product"}],"wp:featuredmedia":[{"embeddable":true,"href":"https:\/\/madelinefashion.pl\/sk\/wp-json\/wp\/v2\/media\/60146"}],"wp:attachment":[{"href":"https:\/\/madelinefashion.pl\/sk\/wp-json\/wp\/v2\/media?parent=60219"}],"wp:term":[{"taxonomy":"product_brand","embeddable":true,"href":"https:\/\/madelinefashion.pl\/sk\/wp-json\/wp\/v2\/product_brand?post=60219"},{"taxonomy":"product_cat","embeddable":true,"href":"https:\/\/madelinefashion.pl\/sk\/wp-json\/wp\/v2\/product_cat?post=60219"},{"taxonomy":"product_tag","embeddable":true,"href":"https:\/\/madelinefashion.pl\/sk\/wp-json\/wp\/v2\/product_tag?post=60219"}],"curies":[{"name":"pracovn\u00fd list","href":"https:\/\/api.w.org\/{rel}","templated":true}]}}