{"id":602302,"date":"2026-04-28T11:45:57","date_gmt":"2026-04-28T09:45:57","guid":{"rendered":"https:\/\/madelinefashion.pl\/?post_type=product&#038;p=602302"},"modified":"2026-04-28T16:44:31","modified_gmt":"2026-04-28T14:44:31","slug":"sukienka-biala-z-rekawkiem-desire","status":"publish","type":"product","link":"https:\/\/madelinefashion.pl\/sk\/sukienka-biala-z-rekawkiem-desire\/","title":{"rendered":"Biele \u0161aty s ruk\u00e1vmi Desire"},"content":{"rendered":"<h3 style=\"text-align: center;\">Biele \u0161aty s ruk\u00e1vmi Desire<\/h3>\n<p style=\"text-align: center;\" data-start=\"168\" data-end=\"459\">Tieto \u00fa\u017easn\u00e9 dlh\u00e9 \u0161aty s\u00fa perfektnou vo\u013ebou na \u0161peci\u00e1lne pr\u00edle\u017eitosti \u2013 svadby, plesy, galave\u010dery alebo elegantn\u00e9 recepcie. S\u00fa vyroben\u00e9 z \u013eahkej, kr\u00e1sne spl\u00fdvavej l\u00e1tky, dokonale lichotia postave a z\u00e1rove\u0148 zais\u0165uj\u00fa pohodlie. \u017div\u00f4tik m\u00e1 \u017eensk\u00fd v\u00fdstrih do V, ktor\u00fd opticky zo\u0161t\u00edh\u013euje krk a jemne zv\u00fdraz\u0148uje dekolt. Jemne nariasen\u00fd p\u00e1s kr\u00e1sne tvaruje postavu, zatia\u013e \u010do dlh\u00e9, spl\u00fdvav\u00e9 ruk\u00e1vy dod\u00e1vaj\u00fa n\u00e1dych noblesy a \u013eahkosti. Lem je pod\u0161it\u00fd spl\u00fdvavou pod\u0161\u00edvkou. <strong>Nadmern\u00e9 ve\u013ekosti 40 42 44 46 48 50 52 54<\/strong>\u00a0Model m\u00e1 zips vzadu<strong>.<\/strong> \u0160aty \u0141ucja s v\u00fdstrihom do V kr\u00e1sne odha\u013euj\u00fa poprsie. Ak sa neviete rozhodn\u00fa\u0165, ktor\u00e9 si vybra\u0165, <strong>ve\u013ekos\u0165<\/strong>\u00a0je pre v\u00e1s to najlep\u0161ie\u00a0<strong>kontaktuj n\u00e1s<\/strong> cez \u0160aty Ak sa neviete rozhodn\u00fa\u0165, ktor\u00fa farbu, <strong>ve\u013ekos\u0165<\/strong> je pre v\u00e1s to najlep\u0161ie <strong>kontaktuj n\u00e1s<\/strong> cez <a href=\"https:\/\/www.facebook.com\/madelinefashionbutik\" target=\"_blank\" rel=\"noopener\">Facebook<\/a> alebo <a href=\"https:\/\/madelinefashion.pl\/sk\/kontakt\/\">telef\u00f3n<\/a>. Ak ve\u013ekos\u0165 nie je na str\u00e1nke, kontaktujte n\u00e1s.<\/p>\n<h3 style=\"text-align: center;\">ROZMERY \u0161iat:<\/h3>\n<table width=\"512\">\n<tbody>\n<tr>\n<td><strong>VE\u013dKOS\u0164<\/strong><\/td>\n<td><strong>poprsia<\/strong><\/td>\n<td><strong>P\u00e1s<\/strong><\/td>\n<td width=\"86\"><strong>Boky<\/strong><\/td>\n<\/tr>\n<tr>\n<td><strong>40<\/strong><\/td>\n<td>94<\/td>\n<td>80<\/td>\n<td width=\"86\">\u00a0ak\u00fdko\u013evek<\/td>\n<\/tr>\n<tr>\n<td><strong>42<\/strong><\/td>\n<td>98<\/td>\n<td>84<\/td>\n<td width=\"86\">\u00a0ak\u00fdko\u013evek<\/td>\n<\/tr>\n<tr>\n<td>44<\/td>\n<td>102<\/td>\n<td>88<\/td>\n<td width=\"86\">\u00a0ak\u00fdko\u013evek<\/td>\n<\/tr>\n<tr>\n<td><strong>46<\/strong><\/td>\n<td>106<\/td>\n<td>92<\/td>\n<td width=\"86\">\u00a0ak\u00fdko\u013evek<\/td>\n<\/tr>\n<tr>\n<td><strong>48<\/strong><\/td>\n<td>110<\/td>\n<td>96<\/td>\n<td width=\"86\">\u00a0ak\u00fdko\u013evek<\/td>\n<\/tr>\n<tr>\n<td><strong>50<\/strong><\/td>\n<td>114<\/td>\n<td>100<\/td>\n<td width=\"86\">\u00a0ak\u00fdko\u013evek<\/td>\n<\/tr>\n<tr>\n<td><strong>52<\/strong><\/td>\n<td>118<\/td>\n<td>104<\/td>\n<td width=\"86\">\u00a0ak\u00fdko\u013evek<\/td>\n<\/tr>\n<tr>\n<td><strong>54<\/strong><\/td>\n<td>122<\/td>\n<td>108<\/td>\n<td width=\"86\">\u00a0ak\u00fdko\u013evek<\/td>\n<\/tr>\n<\/tbody>\n<\/table>\n<p>&nbsp;<\/p>\n<p style=\"text-align: center;\"><span style=\"font-size: 10pt;\">celkov\u00e1 d\u013a\u017eka cca 157 cm <\/span>(\u0161aty sa daj\u00fa skr\u00e1ti\u0165 pod\u013ea vlastnej chuti)<\/p>\n<p style=\"text-align: center;\"><span style=\"font-size: 10pt;\">\u0160aty s\u00fa dostupn\u00e9 aj v in\u00fdch farb\u00e1ch - odpor\u00fa\u010dame v\u00e1m zozn\u00e1mi\u0165 sa s na\u0161imi \u010fal\u0161\u00edmi produktmi.<\/span><\/p>\n<p style=\"text-align: center;\"><span style=\"font-size: 10pt;\">Rozmery sa m\u00f4\u017eu mierne l\u00ed\u0161i\u0165 od uveden\u00fdch +\/- 2cm.\u00a0<\/span><\/p>\n<p style=\"text-align: center;\"><span style=\"font-size: 10pt;\"><strong>\u00a0<\/strong>\u00a0<\/span><\/p>\n<table width=\"620\">\n<tbody>\n<tr>\n<td width=\"302\">Meno modela<\/td>\n<td width=\"302\">Biele \u0161aty s ruk\u00e1vmi Desire<\/td>\n<\/tr>\n<tr>\n<td width=\"302\">Farba<\/td>\n<td width=\"302\">biely<\/td>\n<\/tr>\n<tr>\n<td width=\"302\">Ruk\u00e1v<\/td>\n<td width=\"302\">\u00c1no<\/td>\n<\/tr>\n<tr>\n<td width=\"302\">ve\u013ekosti<\/td>\n<td width=\"302\">40 42 44 46 48 50 52 54<\/td>\n<\/tr>\n<tr>\n<td width=\"302\">M\u00f3da<\/td>\n<td width=\"302\">Zvonov\u00e9 \u2013 Plus Size<\/td>\n<\/tr>\n<tr>\n<td width=\"302\">Materi\u00e1l<\/td>\n<td width=\"302\">Polyester<\/td>\n<\/tr>\n<tr>\n<td width=\"302\">D\u013a\u017eka<\/td>\n<td width=\"302\">Na zem<\/td>\n<\/tr>\n<\/tbody>\n<\/table>\n<p style=\"text-align: center;\" align=\"center\">Poz\u00fdvame v\u00e1s do n\u00e1\u0161ho sal\u00f3nu svadobn\u00fdch \u0161iat, ktor\u00fd sa nach\u00e1dza na ulici Moniuszki 2 v srdci Konstantyn\u00f3wa v Lod\u017eskom. V na\u0161om profesion\u00e1lnom sal\u00f3ne n\u00e1jdete \u0161irok\u00fd v\u00fdber svadobn\u00fdch \u0161iat, ktor\u00e9 splnia va\u0161e najtajnej\u0161ie sny o dokonalom dni. T\u00edm sk\u00fasen\u00fdch konzultantov v\u00e1m pom\u00f4\u017ee vybra\u0165 si perfektn\u00e9 \u0161aty, prisp\u00f4soben\u00e9 va\u0161im o\u010dak\u00e1vaniam a postave. Srde\u010dne v\u00e1s poz\u00fdvame na n\u00e1v\u0161tevu \u2013 presved\u010dte sa, ak\u00fd v\u00fdnimo\u010dn\u00fd m\u00f4\u017ee by\u0165 v\u00e1\u0161 de\u0148!<\/p>\n<p>Ka\u017ed\u00e9 \u0161aty sa daj\u00fa v pr\u00edpade potreby upravi\u0165 pod\u013ea va\u0161ej v\u00fd\u0161ky a v\u00fd\u0161ky podp\u00e4tku. Ak s\u00fa pr\u00edli\u0161 dlh\u00e9, m\u00f4\u017eete si ich skr\u00e1ti\u0165 alebo necha\u0165 kraj\u010d\u00edrku urobi\u0165 drobn\u00e9 \u00fapravy. Takto si m\u00f4\u017eete vybran\u00e9 \u0161aty jednoducho prisp\u00f4sobi\u0165 svojim mieram a c\u00edti\u0165 sa v nich dokonale pohodlne.<\/p>\n<p style=\"text-align: center;\" align=\"center\">Aby ste si vybrali\u00a0<strong>perfektn\u00e9 \u0161aty<\/strong>\u00a0kontaktujte n\u00e1s telefonicky alebo prostredn\u00edctvom na\u0161ej webovej str\u00e1nky <a href=\"https:\/\/www.facebook.com\/madelinefashionbutik\" target=\"_blank\" rel=\"noopener\">Facebook<\/a> .<br \/>\nN\u00e1\u0161 t\u00edm v\u00e1m pom\u00f4\u017ee\u00a0<strong>Vyberte si ten spr\u00e1vny<\/strong>\u00a0.\u00a0<strong>Ka\u017ed\u00e9 \u0161aty vieme presne zmera\u0165 na po\u017eiadanie kupuj\u00facej.\u00a0<\/strong><\/p>\n<div class=\"additional-details\" style=\"text-align: center;\">\n<p style=\"text-align: center;\"><span style=\"font-size: 10pt;\">\u00a0<\/span><\/p>\n<\/div>","protected":false},"excerpt":{"rendered":"<p>Biele \u0161aty s ruk\u00e1vmi Desire. Tieto \u00fa\u017easn\u00e9 dlh\u00e9 \u0161aty s\u00fa ide\u00e1lne na \u0161peci\u00e1lne pr\u00edle\u017eitosti \u2013 svadby, plesy, galave\u010dery alebo elegantn\u00e9 recepcie. Tieto \u0161aty s\u00fa vyroben\u00e9 z \u013eahkej, kr\u00e1sne spl\u00fdvavej l\u00e1tky, dokonale zv\u00fdraz\u0148uj\u00fa postavu a z\u00e1rove\u0148 zais\u0165uj\u00fa pohodlie. \u017div\u00f4tik m\u00e1 \u017eensk\u00fd v\u00fdstrih do V, ktor\u00fd opticky zo\u0161t\u00edh\u013euje krk a jemne zv\u00fdraz\u0148uje dekolt.<\/p>\n<div class=\"klb-readmore post-buttons\"><a class=\"button black outline size-sm\" href=\"https:\/\/madelinefashion.pl\/sk\/sukienka-biala-z-rekawkiem-desire\/\">\u010c\u00edta\u0165 \u010falej <i class=\"klbth-icon-right-arrow\"><\/i><\/a><\/div>","protected":false},"featured_media":602274,"template":"","meta":[],"product_brand":[],"product_cat":[124,395,564,568,566,629,632],"product_tag":[385,219,163],"class_list":{"0":"post-602302","1":"product","2":"type-product","3":"status-publish","4":"has-post-thumbnail","6":"product_cat-sukienki-okolicznosciowe","7":"product_cat-nowosci","8":"product_cat-sukienki-plus-size","9":"product_cat-sukienki-rozkloszowane-szyfonowe","10":"product_cat-suknie-slubne","11":"product_cat-suknie-slubne-plus-size","12":"product_cat-suknie-slubne-rozkloszowane","13":"product_tag-plus-size","14":"product_tag-sukienka-biala","15":"product_tag-sukienki-dlugie","17":"first","18":"instock","19":"purchasable","20":"product-type-variable"},"_links":{"self":[{"href":"https:\/\/madelinefashion.pl\/sk\/wp-json\/wp\/v2\/product\/602302","targetHints":{"allow":["GET"]}}],"collection":[{"href":"https:\/\/madelinefashion.pl\/sk\/wp-json\/wp\/v2\/product"}],"about":[{"href":"https:\/\/madelinefashion.pl\/sk\/wp-json\/wp\/v2\/types\/product"}],"wp:featuredmedia":[{"embeddable":true,"href":"https:\/\/madelinefashion.pl\/sk\/wp-json\/wp\/v2\/media\/602274"}],"wp:attachment":[{"href":"https:\/\/madelinefashion.pl\/sk\/wp-json\/wp\/v2\/media?parent=602302"}],"wp:term":[{"taxonomy":"product_brand","embeddable":true,"href":"https:\/\/madelinefashion.pl\/sk\/wp-json\/wp\/v2\/product_brand?post=602302"},{"taxonomy":"product_cat","embeddable":true,"href":"https:\/\/madelinefashion.pl\/sk\/wp-json\/wp\/v2\/product_cat?post=602302"},{"taxonomy":"product_tag","embeddable":true,"href":"https:\/\/madelinefashion.pl\/sk\/wp-json\/wp\/v2\/product_tag?post=602302"}],"curies":[{"name":"pracovn\u00fd list","href":"https:\/\/api.w.org\/{rel}","templated":true}]}}