{"id":602402,"date":"2026-04-28T17:58:52","date_gmt":"2026-04-28T15:58:52","guid":{"rendered":"https:\/\/madelinefashion.pl\/?post_type=product&#038;p=602402"},"modified":"2026-04-28T18:00:01","modified_gmt":"2026-04-28T16:00:01","slug":"suknia-wieczorowa-maxi-nova-z-rozcieciem-delikatny-blekit","status":"publish","type":"product","link":"https:\/\/madelinefashion.pl\/sk\/suknia-wieczorowa-maxi-nova-z-rozcieciem-delikatny-blekit\/","title":{"rendered":"Ve\u010dern\u00e9 \u0161aty Nova Maxi s rozparkom v jemne modrej farbe"},"content":{"rendered":"<h3 style=\"text-align: center;\">Ve\u010dern\u00e9 \u0161aty Nova Maxi s rozparkom v jemne modrej farbe<\/h3>\n<p style=\"text-align: center;\"><strong>Vysn\u00edvan\u00e9 \u0161aty <\/strong>\u00a0s kry\u0161t\u00e1lmi a v\u00fdstrihom do V. <strong>Vyzer\u00e1 ve\u013emi zmyselne a origin\u00e1lne.<\/strong> Flitrov\u00e9 aplik\u00e1cie na prednej strane \u0161iat vytv\u00e1raj\u00fa jedine\u010dn\u00fa text\u00faru, ktor\u00e1 cel\u00e9mu k\u00fasku dod\u00e1va jedine\u010dn\u00fd vzh\u013ead. \u0160aty bez ramienok zmyselne odha\u013euj\u00fa chrb\u00e1t. Starostlivo umiestnen\u00e9 flitrov\u00e9 aplik\u00e1cie vytv\u00e1raj\u00fa jedine\u010dn\u00fd efekt. Navy\u0161e, pierka pri\u0161it\u00e9 v p\u00e1se dod\u00e1vaj\u00fa \u0161at\u00e1m jedine\u010dn\u00fd charakter. Tento jedine\u010dn\u00fd detail rob\u00ed \u0161aty neuverite\u013ene \u017eensk\u00fdmi. Rozparok na nohaviciach zv\u00fdrazn\u00ed va\u0161e tvarovan\u00e9 nohy. <strong data-start=\"531\" data-end=\"544\">popruhy<\/strong> Jemne zv\u00fdraz\u0148uj\u00fa ramen\u00e1 a v\u00fdstrih, zatia\u013e \u010do priliehav\u00fd strih predl\u017euje siluetu a dod\u00e1va eleganciu. Bohat\u00e9 ozdoby dod\u00e1vaj\u00fa outfitu luxusn\u00fd n\u00e1dych, tak\u017ee nepotrebujete ve\u013ea doplnkov \u2013 tieto \u0161aty hovoria samy za seba. <strong>\u0160aty Nova<\/strong> Toto je vo\u013eba pre tie, ktor\u00e9 chc\u00fa vyjadri\u0165 svoju jedine\u010dnos\u0165 na \u0161peci\u00e1lnych udalostiach. Je to kre\u00e1cia pre skuto\u010dn\u00e9 \u017eeny, ktor\u00e9 chc\u00fa za\u017eiari\u0165 a vy\u017earova\u0165 nenapodobite\u013en\u00fd \u0161arm. \u0160aty maj\u00fa mierne roz\u0161\u00edren\u00fd lem. <strong>V\u00fdstrih do V<\/strong>. Z\u00fa\u017een\u00fd v p\u00e1se kr\u00e1sne zv\u00fdraz\u0148uje p\u00e1s, boky a poprsie.<\/p>\n<p>&nbsp;<\/p>\n<h3 style=\"text-align: center;\">ROZMERY \u0161iat:<\/h3>\n<table width=\"556\">\n<tbody>\n<tr>\n<td><strong>VE\u013dKOS\u0164<\/strong><\/td>\n<td><strong>poprsia<\/strong><\/td>\n<td><strong>P\u00e1s<\/strong><\/td>\n<td><strong>Boky<\/strong><\/td>\n<\/tr>\n<tr>\n<td><strong>34<\/strong><\/td>\n<td>84-86<\/td>\n<td>64-68<\/td>\n<td>\u00a082-90<\/td>\n<\/tr>\n<tr>\n<td><strong>36<\/strong><\/td>\n<td>88-90<\/td>\n<td>68-72<\/td>\n<td>\u00a086-92<\/td>\n<\/tr>\n<tr>\n<td><strong>38<\/strong><\/td>\n<td>92-94<\/td>\n<td>72-76<\/td>\n<td>\u00a090-96<\/td>\n<\/tr>\n<tr>\n<td><strong>40<\/strong><\/td>\n<td>96-98<\/td>\n<td>76-80<\/td>\n<td>\u00a094-106<\/td>\n<\/tr>\n<tr>\n<td><strong>42<\/strong><\/td>\n<td>100-104<\/td>\n<td>80-84<\/td>\n<td>\u00a0104-110<\/td>\n<\/tr>\n<\/tbody>\n<\/table>\n<p style=\"text-align: center;\" align=\"center\"><span style=\"font-size: 10.0pt;\">celkov\u00e1 d\u013a\u017eka cca 157 cm (\u0161aty sa daj\u00fa skr\u00e1ti\u0165 pod\u013ea vlastn\u00e9ho uv\u00e1\u017eenia)\u00a0<\/span><\/p>\n<p style=\"text-align: center;\"><span style=\"font-size: 10pt;\">\u0160aty s\u00fa dostupn\u00e9 aj v in\u00fdch farb\u00e1ch - odpor\u00fa\u010dame v\u00e1m zozn\u00e1mi\u0165 sa s na\u0161imi \u010fal\u0161\u00edmi produktmi.<\/span><\/p>\n<p style=\"text-align: center;\"><span style=\"font-size: 10pt;\">Rozmery sa m\u00f4\u017eu mierne l\u00ed\u0161i\u0165 od uveden\u00fdch +\/- 2cm.\u00a0<\/span><\/p>\n<p style=\"text-align: center;\"><span style=\"font-size: 10pt;\"><strong>\u00a0<\/strong>\u00a0<\/span><\/p>\n<table width=\"620\">\n<tbody>\n<tr>\n<td width=\"302\">Meno modela<\/td>\n<td width=\"302\">Ve\u010dern\u00e9 \u0161aty Maxi Nova s rozparkom<\/td>\n<\/tr>\n<tr>\n<td width=\"302\">Farba<\/td>\n<td width=\"302\">Svetlomodr\u00e1<\/td>\n<\/tr>\n<tr>\n<td width=\"302\">Marka<\/td>\n<td width=\"302\">Madelinefashion<\/td>\n<\/tr>\n<tr>\n<td width=\"302\">ve\u013ekosti<\/td>\n<td width=\"302\">36 38 40 42<\/td>\n<\/tr>\n<tr>\n<td width=\"302\">M\u00f3da<\/td>\n<td width=\"302\">Zhoda \/ ryba<\/td>\n<\/tr>\n<tr>\n<td width=\"302\">Materi\u00e1l<\/td>\n<td width=\"302\">Visk\u00f3za, polyester, bavlna<\/td>\n<\/tr>\n<tr>\n<td width=\"302\">D\u013a\u017eka<\/td>\n<td width=\"302\">Na zem<\/td>\n<\/tr>\n<\/tbody>\n<\/table>\n<p style=\"text-align: center;\"><span style=\"font-size: 10pt;\">\u00a0<\/span><\/p>\n<p>&nbsp;<\/p>\n<p style=\"text-align: center;\"><span style=\"font-size: 10pt;\">Aby ste si vybrali <strong>perfektn\u00e9 \u0161aty<\/strong> kontaktujte n\u00e1s telefonicky alebo prostredn\u00edctvom na\u0161ej webovej str\u00e1nky <a href=\"https:\/\/www.facebook.com\/madelinefashionbutik\" target=\"_blank\" rel=\"noopener\">Facebook<\/a> .<\/span><br \/>\n<span style=\"font-size: 10pt;\">N\u00e1\u0161 t\u00edm v\u00e1m pom\u00f4\u017ee <strong>Vyberte si ten spr\u00e1vny<\/strong> . <strong>Na \u017eelanie kupuj\u00faceho vyrob\u00edme ak\u00e9ko\u013evek \u0161aty\u00a0<\/strong><strong>opatrne mera\u0165.\u00a0<\/strong><\/span><\/p>\n<div class=\"additional-details\" style=\"text-align: center;\">\n<p style=\"text-align: center;\"><span style=\"font-size: 10pt;\">\u00a0<\/span><\/p>\n<\/div>","protected":false},"excerpt":{"rendered":"<p>Ve\u010dern\u00e9 \u0161aty Nova Maxi s rozparkom v jemnej modrej farbe. Tieto \u00fa\u017easn\u00e9 \u0161aty sa vyzna\u010duj\u00fa kri\u0161t\u00e1\u013eov\u00fdmi detailmi a v\u00fdstrihom do V. Vyzeraj\u00fa ve\u013emi zmyselne a origin\u00e1lne. Flitrov\u00e9 aplik\u00e1cie na prednej strane \u0161iat vytv\u00e1raj\u00fa jedine\u010dn\u00fa text\u00faru, ktor\u00e1 cel\u00e9mu vzh\u013eadu dod\u00e1va jedine\u010dn\u00fd vzh\u013ead. \u0160aty bez ramienok zmyselne odha\u013euj\u00fa chrb\u00e1t. Starostlivo umiestnen\u00e9 flitrov\u00e9 aplik\u00e1cie vytv\u00e1raj\u00fa jedine\u010dn\u00fd efekt. Navy\u0161e, pierka pri\u0161it\u00e9 v p\u00e1se dod\u00e1vaj\u00fa \u0161at\u00e1m n\u00e1dych elegancie.<\/p>\n<div class=\"klb-readmore post-buttons\"><a class=\"button black outline size-sm\" href=\"https:\/\/madelinefashion.pl\/sk\/suknia-wieczorowa-maxi-nova-z-rozcieciem-delikatny-blekit\/\">\u010c\u00edta\u0165 \u010falej <i class=\"klbth-icon-right-arrow\"><\/i><\/a><\/div>","protected":false},"featured_media":602397,"template":"","meta":[],"product_brand":[],"product_cat":[124,569,564],"product_tag":[257,730,163],"class_list":{"0":"post-602402","1":"product","2":"type-product","3":"status-publish","4":"has-post-thumbnail","6":"product_cat-sukienki-okolicznosciowe","7":"product_cat-sukienki-dopasowane","8":"product_cat-sukienki-plus-size","9":"product_tag-madelinefashion","10":"product_tag-sukienki-blekitne","11":"product_tag-sukienki-dlugie","13":"first","14":"instock","15":"purchasable","16":"product-type-variable"},"_links":{"self":[{"href":"https:\/\/madelinefashion.pl\/sk\/wp-json\/wp\/v2\/product\/602402","targetHints":{"allow":["GET"]}}],"collection":[{"href":"https:\/\/madelinefashion.pl\/sk\/wp-json\/wp\/v2\/product"}],"about":[{"href":"https:\/\/madelinefashion.pl\/sk\/wp-json\/wp\/v2\/types\/product"}],"wp:featuredmedia":[{"embeddable":true,"href":"https:\/\/madelinefashion.pl\/sk\/wp-json\/wp\/v2\/media\/602397"}],"wp:attachment":[{"href":"https:\/\/madelinefashion.pl\/sk\/wp-json\/wp\/v2\/media?parent=602402"}],"wp:term":[{"taxonomy":"product_brand","embeddable":true,"href":"https:\/\/madelinefashion.pl\/sk\/wp-json\/wp\/v2\/product_brand?post=602402"},{"taxonomy":"product_cat","embeddable":true,"href":"https:\/\/madelinefashion.pl\/sk\/wp-json\/wp\/v2\/product_cat?post=602402"},{"taxonomy":"product_tag","embeddable":true,"href":"https:\/\/madelinefashion.pl\/sk\/wp-json\/wp\/v2\/product_tag?post=602402"}],"curies":[{"name":"pracovn\u00fd list","href":"https:\/\/api.w.org\/{rel}","templated":true}]}}