{"id":603878,"date":"2026-05-12T22:13:35","date_gmt":"2026-05-12T20:13:35","guid":{"rendered":"https:\/\/madelinefashion.pl\/?post_type=product&#038;p=603878"},"modified":"2026-05-14T16:44:13","modified_gmt":"2026-05-14T14:44:13","slug":"sukienka-midi-gladka-farisa-bezowa","status":"publish","type":"product","link":"https:\/\/madelinefashion.pl\/sk\/sukienka-midi-gladka-farisa-bezowa\/","title":{"rendered":"Sukienka Midi G\u0142adka Farisa Be\u017cowa"},"content":{"rendered":"<h3 style=\"text-align: center;\">Sukienka Midi G\u0142adka Farisa Be\u017cowa<\/h3>\n<p style=\"text-align: center;\">Elegancka sukienka na komuni\u0119 od polskiego producenta to idealny wyb\u00f3r dla kobiet, kt\u00f3re szukaj\u0105 stylowej i wygodnej kreacji na wyj\u0105tkowe okazje. Model o dopasowanym kroju pi\u0119knie podkre\u015bla sylwetk\u0119, a subtelne detale dodaj\u0105 mu kobiecego charakteru. Sukienka \u015bwietnie sprawdzi si\u0119 na komuni\u0119, wesele, chrzciny, rodzinne przyj\u0119cia oraz eleganckie spotkania.<\/p>\n<p style=\"text-align: center;\" data-start=\"358\" data-end=\"682\">Uszyta z wysokiej jako\u015bci materia\u0142u, zapewnia komfort noszenia przez ca\u0142y dzie\u0144. Klasyczny fason z modnym rozci\u0119ciem na nodze oraz ozdobnym kwiatem przy dekolcie sprawia, \u017ce kreacja prezentuje si\u0119 niezwykle elegancko i nowocze\u015bnie. To propozycja dla kobiet ceni\u0105cych polsk\u0105 produkcj\u0119, staranne wykonanie i ponadczasowy styl.<\/p>\n<p style=\"text-align: center;\" data-start=\"684\" data-end=\"894\">Sukienka dost\u0119pna jest w wielu modnych kolorach, dzi\u0119ki czemu bez problemu dopasujesz j\u0105 do swojego stylu i charakteru uroczysto\u015bci. Pastelowe odcienie idealnie wpisuj\u0105 si\u0119 w trendy komunijne i wiosenno-letnie.<\/p>\n<p style=\"text-align: center;\">.\u00a0 Zapoznaj si\u0119 z nasz\u0105 ofert\u0105 <a href=\"https:\/\/madelinefashion.pl\/sk\/sukienki-i-kombinezony\/sukienki-okolicznosciowe\/\"><strong>ve\u010dern\u00e9 \u0161aty<\/strong><\/a> a vyberte si model, v ktorom budete <strong>vyzera\u0165 ako hviezda<\/strong> i wyr\u00f3\u017cnisz si\u0119 z t\u0142umu. Je\u015bli nie mo\u017cesz zdecydowa\u0107, kt\u00f3ry kolor, <strong>ve\u013ekos\u0165<\/strong> je pre v\u00e1s to najlep\u0161ie <strong>kontaktuj n\u00e1s<\/strong> cez <a href=\"https:\/\/www.facebook.com\/madelinefashionbutik\" target=\"_blank\" rel=\"noopener\">Facebook<\/a> alebo <a href=\"https:\/\/madelinefashion.pl\/sk\/kontakt\/\">telef\u00f3n<\/a>. Ak ve\u013ekos\u0165 nie je na str\u00e1nke, kontaktujte n\u00e1s.<\/p>\n<p>\u00a0<\/p>\n<h3 style=\"text-align: center;\">ROZMERY \u0161iat:<\/h3>\n<div class=\"additional-details\" style=\"text-align: center;\">\n<table width=\"556\">\n<tbody>\n<tr>\n<td width=\"202\"><strong>VE\u013dKOS\u0164<\/strong><\/td>\n<td><strong>poprsia<\/strong><\/td>\n<td><strong>P\u00e1s<\/strong><\/td>\n<td><strong>Boky<\/strong><\/td>\n<\/tr>\n<tr>\n<td width=\"202\"><strong>36<\/strong><\/td>\n<td>88-90<\/td>\n<td>68<\/td>\n<td>\u00a0Ak\u00e9ko\u013evek<\/td>\n<\/tr>\n<tr>\n<td width=\"202\"><strong>38<\/strong><\/td>\n<td>92-94<\/td>\n<td>72<\/td>\n<td>\u00a0Ak\u00e9ko\u013evek<\/td>\n<\/tr>\n<tr>\n<td width=\"202\"><strong>40<\/strong><\/td>\n<td>96-98<\/td>\n<td>76<\/td>\n<td>\u00a0Ak\u00e9ko\u013evek<\/td>\n<\/tr>\n<tr>\n<td width=\"202\"><strong>42<\/strong><\/td>\n<td>100-104<\/td>\n<td>80<\/td>\n<td>\u00a0Ak\u00e9ko\u013evek<\/td>\n<\/tr>\n<tr>\n<td width=\"202\"><strong>44<\/strong><\/td>\n<td>102-106<\/td>\n<td>86<\/td>\n<td>\u00a0Ak\u00e9ko\u013evek<\/td>\n<\/tr>\n<tr>\n<td width=\"202\"><strong>46<\/strong><\/td>\n<td>106-110<\/td>\n<td>88<\/td>\n<td>\u00a0Ak\u00e9ko\u013evek<\/td>\n<\/tr>\n<tr>\n<td width=\"202\"><strong>48<\/strong><\/td>\n<td>110-112<\/td>\n<td>92<\/td>\n<td>\u00a0Ak\u00e9ko\u013evek<\/td>\n<\/tr>\n<tr>\n<td width=\"202\"><strong>50<\/strong><\/td>\n<td>114-116<\/td>\n<td>96<\/td>\n<td>\u00a0Ak\u00e9ko\u013evek<\/td>\n<\/tr>\n<\/tbody>\n<\/table>\n<\/div>\n<p style=\"text-align: center;\"><span style=\"font-size: 10pt;\"><span style=\"font-size: 10pt;\">celkov\u00e1 d\u013a\u017eka cca 107 cm <\/span>\u00a0 <\/span><\/p>\n<p style=\"text-align: center;\"><span style=\"font-size: 10pt;\">\u0160aty s\u00fa dostupn\u00e9 aj v in\u00fdch farb\u00e1ch - odpor\u00fa\u010dame v\u00e1m zozn\u00e1mi\u0165 sa s na\u0161imi \u010fal\u0161\u00edmi produktmi.<\/span><\/p>\n<p style=\"text-align: center;\"><span style=\"font-size: 10pt;\">Rozmery sa m\u00f4\u017eu mierne l\u00ed\u0161i\u0165 od uveden\u00fdch +\/- 2cm.\u00a0<\/span><\/p>\n<p style=\"text-align: center;\"><span style=\"font-size: 10pt;\"><strong>\u00a0<\/strong>\u00a0<\/span><\/p>\n<table width=\"620\">\n<tbody>\n<tr>\n<td width=\"302\">Meno modela<\/td>\n<td width=\"302\">Hladk\u00e9 midi \u0161aty Farisa<\/td>\n<\/tr>\n<tr>\n<td width=\"302\">Farba<\/td>\n<td width=\"302\">B\u00e9\u017eov\u00e1<\/td>\n<\/tr>\n<tr>\n<td width=\"302\">\u0160tiepenie<\/td>\n<td width=\"302\">Pod krkom<\/td>\n<\/tr>\n<tr>\n<td width=\"302\">ve\u013ekosti<\/td>\n<td width=\"302\">36 38 40 42 44<\/td>\n<\/tr>\n<tr>\n<td width=\"302\">M\u00f3da<\/td>\n<td width=\"302\">Zhoda<\/td>\n<\/tr>\n<tr>\n<td width=\"302\">Materi\u00e1l<\/td>\n<td width=\"302\">80% Polyester 15 Visk\u00f3za 5% Elastan<\/td>\n<\/tr>\n<tr>\n<td width=\"302\">D\u013a\u017eka<\/td>\n<td width=\"302\">Behind the Knee<\/td>\n<\/tr>\n<\/tbody>\n<\/table>\n<p style=\"text-align: center;\"><span style=\"font-size: 10pt;\">\u00a0<\/span><\/p>\n<p style=\"text-align: center;\"><span style=\"font-size: 10pt;\">Aby ste si vybrali <strong>perfektn\u00e9 \u0161aty<\/strong> kontaktujte n\u00e1s telefonicky alebo prostredn\u00edctvom na\u0161ej webovej str\u00e1nky <a href=\"https:\/\/www.facebook.com\/madelinefashionbutik\" target=\"_blank\" rel=\"noopener\">Facebook<\/a> .<\/span><br \/>\n<span style=\"font-size: 10pt;\">N\u00e1\u0161 t\u00edm v\u00e1m pom\u00f4\u017ee <strong>Vyberte si ten spr\u00e1vny<\/strong> . <strong>Na \u017eelanie kupuj\u00faceho vyrob\u00edme ak\u00e9ko\u013evek \u0161aty\u00a0<\/strong><strong>opatrne mera\u0165. <\/strong><\/span><span style=\"font-size: 10pt;\">\u00a0<\/span><\/p>","protected":false},"excerpt":{"rendered":"<p>Sukienka Midi G\u0142adka Farisa Be\u017cowa Elegancka sukienka na komuni\u0119 od polskiego producenta to idealny wyb\u00f3r dla kobiet, kt\u00f3re szukaj\u0105 stylowej i wygodnej kreacji na wyj\u0105tkowe okazje. Model o dopasowanym kroju pi\u0119knie podkre\u015bla sylwetk\u0119, a subtelne detale dodaj\u0105 mu kobiecego charakteru. Sukienka \u015bwietnie sprawdzi si\u0119 na komuni\u0119, wesele, chrzciny, rodzinne przyj\u0119cia oraz eleganckie spotkania. Uszyta z<\/p>\n<div class=\"klb-readmore post-buttons\"><a class=\"button black outline size-sm\" href=\"https:\/\/madelinefashion.pl\/sk\/sukienka-midi-gladka-farisa-bezowa\/\">\u010c\u00edta\u0165 \u010falej <i class=\"klbth-icon-right-arrow\"><\/i><\/a><\/div>","protected":false},"featured_media":603861,"template":"","meta":[],"product_brand":[],"product_cat":[124,395],"product_tag":[212,262],"class_list":{"0":"post-603878","1":"product","2":"type-product","3":"status-publish","4":"has-post-thumbnail","6":"product_cat-sukienki-okolicznosciowe","7":"product_cat-nowosci","8":"product_tag-sukienki-bezowe","9":"product_tag-sukienki-krotkie","11":"first","12":"instock","13":"purchasable","14":"product-type-variable"},"_links":{"self":[{"href":"https:\/\/madelinefashion.pl\/sk\/wp-json\/wp\/v2\/product\/603878","targetHints":{"allow":["GET"]}}],"collection":[{"href":"https:\/\/madelinefashion.pl\/sk\/wp-json\/wp\/v2\/product"}],"about":[{"href":"https:\/\/madelinefashion.pl\/sk\/wp-json\/wp\/v2\/types\/product"}],"wp:featuredmedia":[{"embeddable":true,"href":"https:\/\/madelinefashion.pl\/sk\/wp-json\/wp\/v2\/media\/603861"}],"wp:attachment":[{"href":"https:\/\/madelinefashion.pl\/sk\/wp-json\/wp\/v2\/media?parent=603878"}],"wp:term":[{"taxonomy":"product_brand","embeddable":true,"href":"https:\/\/madelinefashion.pl\/sk\/wp-json\/wp\/v2\/product_brand?post=603878"},{"taxonomy":"product_cat","embeddable":true,"href":"https:\/\/madelinefashion.pl\/sk\/wp-json\/wp\/v2\/product_cat?post=603878"},{"taxonomy":"product_tag","embeddable":true,"href":"https:\/\/madelinefashion.pl\/sk\/wp-json\/wp\/v2\/product_tag?post=603878"}],"curies":[{"name":"pracovn\u00fd list","href":"https:\/\/api.w.org\/{rel}","templated":true}]}}