{"id":604157,"date":"2026-05-14T21:22:51","date_gmt":"2026-05-14T19:22:51","guid":{"rendered":"https:\/\/madelinefashion.pl\/?post_type=product&#038;p=604157"},"modified":"2026-05-14T21:28:28","modified_gmt":"2026-05-14T19:28:28","slug":"sukienka-cekinowa-maxi-miodi-srebrna","status":"publish","type":"product","link":"https:\/\/madelinefashion.pl\/sk\/sukienka-cekinowa-maxi-miodi-srebrna\/","title":{"rendered":"Sukienka Cekinowa Maxi Miodi Srebrna"},"content":{"rendered":"<h3 style=\"text-align: center;\">Sukienka Cekinowa Maxi Miodi Srebrna<\/h3>\n<p style=\"text-align: center;\">Kr\u00e1sne dlh\u00e9 ve\u010dern\u00e9 \u0161aty ozdoben\u00e9 trblietav\u00fdmi kri\u0161t\u00e1\u013eov\u00fdmi flitrami. Kr\u00e1sne zv\u00fdraz\u0148uj\u00fa \u017eensk\u00e9 krivky. Navy\u0161e,<strong> model m\u00e1 ve\u013emi efektn\u00e9 kor\u00e1lky padaj\u00face na ramen\u00e1.\u00a0 \u00a0<\/strong>Zozn\u00e1mte sa s na\u0161ou ponukou <strong><a href=\"https:\/\/madelinefashion.pl\/sk\/sukienki-i-kombinezony\/sukienki-okolicznosciowe\/\">ve\u010dern\u00e9 \u0161aty<\/a>\u00a0a vyberte si model, <\/strong>v ktorom budete <strong>vyzera\u0165 ako hviezda a vy\u010dnieva\u0165 z davu. Maxi \u0161aty sa vo svetle l\u00e1mp rozpr\u00e1vkovo trblietaj\u00fa. <\/strong>Nem\u00f4\u017eete by\u0165 k tomu \u013eahostajn\u00ed.<strong> Dlh\u00e9 maxi \u0161aty po zem. <\/strong>\u0160aty maj\u00fa vpredu v\u0161it\u00e9 ko\u0161\u00ed\u010dky, tak\u017ee nemus\u00edte nosi\u0165 podprsenku.\u00a0 <strong>\u00a0A rozci\u0119cie na boku dodaje ca\u0142o\u015bci sexapilu.\u00a0 Sukienka Miodi <\/strong>\u00a0dostupn\u00e9 vo ve\u013ekostiach <strong>34, 36, 38,40<\/strong> .\u00a0 Sukienka srebrna dopasowana z cekinami i pi\u00f3rkami przy dekolcie to efektowna propozycja dla kobiet, kt\u00f3re chc\u0105 zachwyci\u0107 eleganckim i glamour wygl\u0105dem. Dopasowany fason pi\u0119knie podkre\u015bla sylwetk\u0119, eksponuj\u0105c kobiece kszta\u0142ty, a po\u0142yskuj\u0105ce cekiny dodaj\u0105 kreacji wyj\u0105tkowego blasku. Ozdobne pi\u00f3rka przy dekolcie nadaj\u0105 sukience luksusowego charakteru i sprawiaj\u0105, \u017ce model prezentuje si\u0119 niezwykle stylowo oraz modnie. Srebrna sukienka cekinowa doskonale sprawdzi si\u0119 na wesele, sylwestra, studni\u00f3wk\u0119, imprez\u0119 okoliczno\u015bciow\u0105 czy eleganckie przyj\u0119cie. B\u0142yszcz\u0105cy materia\u0142 pi\u0119knie odbija \u015bwiat\u0142o, dzi\u0119ki czemu kreacja przyci\u0105ga spojrzenia i wyr\u00f3\u017cnia si\u0119 na tle klasycznych stylizacji. Dopasowany kr\u00f3j zapewnia kobiecy i zmys\u0142owy efekt, a eleganckie wyko\u0144czenie gwarantuje komfort noszenia.\u00a0 Sukienki <strong>MADELINEFASHION<\/strong> je vynikaj\u00facou vo\u013ebou na svadbu, ples, Silvestra a in\u00e9 elegantn\u00e9 \u0161peci\u00e1lne udalosti. Dostupn\u00e9 na na\u0161om e-shope vo viacer\u00fdch farebn\u00fdch variantoch, tak nev\u00e1hajte a vyberte si t\u00fa, ktor\u00e1 je pre v\u00e1s ako stvoren\u00e1. Ak sa neviete rozhodn\u00fa\u0165 ak\u00fa farbu, <strong>ve\u013ekos\u0165<\/strong> je pre v\u00e1s to najlep\u0161ie <strong>kontaktuj n\u00e1s<\/strong> cez <a href=\"https:\/\/www.facebook.com\/madelinefashionbutik\" target=\"_blank\" rel=\"noopener\">Facebook<\/a> alebo <a href=\"https:\/\/madelinefashion.pl\/sk\/kontakt\/\">telef\u00f3n<\/a>. Ak ve\u013ekos\u0165 nie je na str\u00e1nke, kontaktujte n\u00e1s.\u00a0 <strong>Svoje rozmery m\u00f4\u017eete \u0161pecifikova\u0165 v inform\u00e1ci\u00e1ch po n\u00e1kupe<\/strong> Ve\u013ekos\u0165 p\u00e1su a poprsia V\u00e1m vyberieme t\u00fa spr\u00e1vnu ve\u013ekos\u0165!!<\/p>\n<h3 style=\"text-align: center;\">ROZMERY \u0161iat:<\/h3>\n<table width=\"556\">\n<tbody>\n<tr>\n<td><strong>VE\u013dKOS\u0164<\/strong><\/td>\n<td><strong>poprsia<\/strong><\/td>\n<td><strong>P\u00e1s<\/strong><\/td>\n<td><strong>Boky<\/strong><\/td>\n<\/tr>\n<tr>\n<td><strong>34<\/strong><\/td>\n<td>84-86<\/td>\n<td>64-68<\/td>\n<td>\u00a082-90<\/td>\n<\/tr>\n<tr>\n<td><strong>36<\/strong><\/td>\n<td>88-90<\/td>\n<td>68-72<\/td>\n<td>\u00a086-92<\/td>\n<\/tr>\n<tr>\n<td><strong>38<\/strong><\/td>\n<td>92-94<\/td>\n<td>72-76<\/td>\n<td>\u00a090-96<\/td>\n<\/tr>\n<tr>\n<td><strong>40<\/strong><\/td>\n<td>96-98<\/td>\n<td>76-80<\/td>\n<td>\u00a094-106<\/td>\n<\/tr>\n<tr>\n<td><strong>42<\/strong><\/td>\n<td>100-104<\/td>\n<td>80-84<\/td>\n<td>\u00a098-108<\/td>\n<\/tr>\n<tr>\n<td><strong>44<\/strong><\/td>\n<td>102-106<\/td>\n<td>84-88<\/td>\n<td>\u00a0102-112<\/td>\n<\/tr>\n<tr>\n<td><strong>46<\/strong><\/td>\n<td>106-110<\/td>\n<td>88-92<\/td>\n<td>106-118<\/td>\n<\/tr>\n<tr>\n<td><strong>48<\/strong><\/td>\n<td>110-112<\/td>\n<td>92-98<\/td>\n<td>\u00a0110-122<\/td>\n<\/tr>\n<\/tbody>\n<\/table>\n<p style=\"text-align: center;\">celkov\u00e1 d\u013a\u017eka cca 157 cm<\/p>\n<p style=\"text-align: center;\">\u0160aty s\u00fa dostupn\u00e9 aj v in\u00fdch farb\u00e1ch - odpor\u00fa\u010dame v\u00e1m zozn\u00e1mi\u0165 sa s na\u0161imi \u010fal\u0161\u00edmi produktmi.<\/p>\n<p style=\"text-align: center;\">Rozmery sa m\u00f4\u017eu mierne l\u00ed\u0161i\u0165 od uveden\u00fdch +\/- 2cm.<\/p>\n<p style=\"text-align: center;\"><strong>\u00a0<\/strong><\/p>\n<p>\u00a0<\/p>\n<table>\n<tbody>\n<tr>\n<td width=\"302\">Meno modela<\/td>\n<td width=\"302\">Maxi \u0161aty Miodi Sequin<\/td>\n<\/tr>\n<tr>\n<td width=\"302\">Farba<\/td>\n<td width=\"302\">Srebrny Be\u017cowy<\/td>\n<\/tr>\n<tr>\n<td width=\"302\">Marka<\/td>\n<td width=\"302\">Madeline Fashion<\/td>\n<\/tr>\n<tr>\n<td width=\"302\">ve\u013ekosti<\/td>\n<td width=\"302\">34 36 38 40<\/td>\n<\/tr>\n<tr>\n<td width=\"302\">M\u00f3da<\/td>\n<td width=\"302\">Zhoda<\/td>\n<\/tr>\n<tr>\n<td width=\"302\">Materi\u00e1l<\/td>\n<td width=\"302\">Visk\u00f3za, Polyester<\/td>\n<\/tr>\n<tr>\n<td width=\"302\">D\u013a\u017eka<\/td>\n<td width=\"302\">Na zem<\/td>\n<\/tr>\n<\/tbody>\n<\/table>\n<p>\u00a0<\/p>\n<p style=\"text-align: center;\">Aby ste si vybrali\u00a0<strong>perfektn\u00e9 \u0161aty<\/strong>\u00a0kontaktujte n\u00e1s pros\u00edm telefonicky alebo cez n\u00e1\u0161 facebook.<br \/>\nN\u00e1\u0161 t\u00edm v\u00e1m pom\u00f4\u017ee\u00a0<strong>Vyberte si ten spr\u00e1vny<\/strong>\u00a0.\u00a0<strong>Na \u017eelanie kupuj\u00faceho vyrob\u00edme ak\u00e9ko\u013evek \u0161aty\u00a0<\/strong><strong>opatrne mera\u0165.\u00a0<\/strong><\/p>\n<div class=\"additional-details\">\n<p style=\"text-align: center;\">\n<\/div>","protected":false},"excerpt":{"rendered":"<p>Sukienka Cekinowa Maxi Miodi Srebrna Pi\u0119kna d\u0142uga suknia wieczorowa zdobiona cekinami w postaci mieni\u0105cych si\u0119 kryszta\u0142k\u00f3w. Pi\u0119knie eksponuje kobiece kszta\u0142ty. Ponadto model posiada bardzo efektowne koraliki opadaj\u0105ce na ramiona.\u00a0 \u00a0Zapoznaj si\u0119 z nasz\u0105 ofert\u0105 sukni wieczorowych\u00a0i wybierz model, w kt\u00f3rej b\u0119dziesz wygl\u0105da\u0107 jak gwiazda\u00a0i wyr\u00f3\u017cnisz si\u0119 z t\u0142umu.\u00a0 Suknia maxi bajecznie mieni si\u0119 w \u015bwietle<\/p>\n<div class=\"klb-readmore post-buttons\"><a class=\"button black outline size-sm\" href=\"https:\/\/madelinefashion.pl\/sk\/sukienka-cekinowa-maxi-miodi-srebrna\/\">\u010c\u00edta\u0165 \u010falej <i class=\"klbth-icon-right-arrow\"><\/i><\/a><\/div>","protected":false},"featured_media":604171,"template":"","meta":[],"product_brand":[],"product_cat":[124,395,558,564,562],"product_tag":[257,704,163],"class_list":{"0":"post-604157","1":"product","2":"type-product","3":"status-publish","4":"has-post-thumbnail","6":"product_cat-sukienki-okolicznosciowe","7":"product_cat-nowosci","8":"product_cat-sukienki-cekinowe","9":"product_cat-sukienki-plus-size","10":"product_cat-sukienki-z-piorkami","11":"product_tag-madelinefashion","12":"product_tag-srebrne-sukienki","13":"product_tag-sukienki-dlugie","15":"first","16":"instock","17":"purchasable","18":"product-type-variable"},"_links":{"self":[{"href":"https:\/\/madelinefashion.pl\/sk\/wp-json\/wp\/v2\/product\/604157","targetHints":{"allow":["GET"]}}],"collection":[{"href":"https:\/\/madelinefashion.pl\/sk\/wp-json\/wp\/v2\/product"}],"about":[{"href":"https:\/\/madelinefashion.pl\/sk\/wp-json\/wp\/v2\/types\/product"}],"wp:featuredmedia":[{"embeddable":true,"href":"https:\/\/madelinefashion.pl\/sk\/wp-json\/wp\/v2\/media\/604171"}],"wp:attachment":[{"href":"https:\/\/madelinefashion.pl\/sk\/wp-json\/wp\/v2\/media?parent=604157"}],"wp:term":[{"taxonomy":"product_brand","embeddable":true,"href":"https:\/\/madelinefashion.pl\/sk\/wp-json\/wp\/v2\/product_brand?post=604157"},{"taxonomy":"product_cat","embeddable":true,"href":"https:\/\/madelinefashion.pl\/sk\/wp-json\/wp\/v2\/product_cat?post=604157"},{"taxonomy":"product_tag","embeddable":true,"href":"https:\/\/madelinefashion.pl\/sk\/wp-json\/wp\/v2\/product_tag?post=604157"}],"curies":[{"name":"pracovn\u00fd list","href":"https:\/\/api.w.org\/{rel}","templated":true}]}}