{"id":604269,"date":"2026-05-15T11:32:30","date_gmt":"2026-05-15T09:32:30","guid":{"rendered":"https:\/\/madelinefashion.pl\/?post_type=product&#038;p=604269"},"modified":"2026-05-15T11:35:47","modified_gmt":"2026-05-15T09:35:47","slug":"sukienka-cekinowa-valencia-zlota","status":"publish","type":"product","link":"https:\/\/madelinefashion.pl\/sk\/sukienka-cekinowa-valencia-zlota\/","title":{"rendered":"Sukienka Cekinowa Valencia Z\u0142ota"},"content":{"rendered":"<h3 style=\"text-align: center;\">Sukienka Cekinowa Valencia Z\u0142ota<\/h3>\n<p style=\"text-align: center;\">Sukienka Cekinowa Valencia Z\u0142ota to wyj\u0105tkowa propozycja dla kobiet, kt\u00f3re ceni\u0105 elegancj\u0119 i efektowny styl. Model wykonany z po\u0142yskuj\u0105cych cekin\u00f3w pi\u0119knie prezentuje si\u0119 w \u015bwietle i przyci\u0105ga uwag\u0119 przy ka\u017cdej okazji.Zabudowany fason pod szyj\u0119 dodaje klasy i podkre\u015bla elegancki charakter sukienki. Dopasowany kr\u00f3j rybki idealnie eksponuje sylwetk\u0119, podkre\u015blaj\u0105c tali\u0119 oraz kobiece kszta\u0142ty. To model stworzony na wyj\u0105tkowe wyj\u015bcia \u2014 wesele, studni\u00f3wk\u0119, sylwestra, bale oraz eleganckie przyj\u0119cia.Valencia Z\u0142ota \u0142\u0105czy w sobie szyk, kobieco\u015b\u0107 i nowoczesny glamour, dzi\u0119ki czemu pozwala poczu\u0107 si\u0119 wyj\u0105tkowo i pewnie.Pokryta drobnymi cekinami, kt\u00f3re pi\u0119knie odbijaj\u0105 \u015bwiat\u0142o, zapewni Ci spektakularny efekt na weselu, balu czy uroczystej gali. <strong>Flitrovan\u00e9 \u0161aty <\/strong>dostupn\u00e9 vo ve\u013ekostiach <strong>34, 36, 38<\/strong> , <strong>40<\/strong>\u00a0 . \u0160aty z <strong>madelinefashion<\/strong> je vynikaj\u00facou vo\u013ebou na svadbu, ples, Silvestra a in\u00e9 elegantn\u00e9 \u0161peci\u00e1lne udalosti. Dostupn\u00e9 na na\u0161om e-shope vo viacer\u00fdch farebn\u00fdch variantoch, tak nev\u00e1hajte a vyberte si t\u00fa, ktor\u00e1 je pre v\u00e1s ako stvoren\u00e1. Ak sa neviete rozhodn\u00fa\u0165 ak\u00fa farbu, <strong>ve\u013ekos\u0165<\/strong> je pre v\u00e1s to najlep\u0161ie <strong>kontaktuj n\u00e1s<\/strong> cez <a href=\"https:\/\/www.facebook.com\/madelinefashionbutik\" target=\"_blank\" rel=\"noopener\">Facebook<\/a> alebo <a href=\"https:\/\/madelinefashion.pl\/sk\/kontakt\/\">telef\u00f3n<\/a>. Ak ve\u013ekos\u0165 nie je na str\u00e1nke, kontaktujte n\u00e1s.<\/p>\n<h3 style=\"text-align: center;\">ROZMERY \u0161iat:<\/h3>\n<table width=\"556\">\n<tbody>\n<tr>\n<td><strong>VE\u013dKOS\u0164<\/strong><\/td>\n<td><strong>poprsia<\/strong><\/td>\n<td><strong>P\u00e1s<\/strong><\/td>\n<td><strong>Boky<\/strong><\/td>\n<\/tr>\n<tr>\n<td><strong>34<\/strong><\/td>\n<td>84-86<\/td>\n<td>64-68<\/td>\n<td>\u00a082-90<\/td>\n<\/tr>\n<tr>\n<td><strong>36<\/strong><\/td>\n<td>88-90<\/td>\n<td>68-72<\/td>\n<td>\u00a086-92<\/td>\n<\/tr>\n<tr>\n<td><strong>38<\/strong><\/td>\n<td>92-94<\/td>\n<td>72-76<\/td>\n<td>\u00a090-96<\/td>\n<\/tr>\n<tr>\n<td><strong>40<\/strong><\/td>\n<td>96-98<\/td>\n<td>76-80<\/td>\n<td>\u00a094-106<\/td>\n<\/tr>\n<\/tbody>\n<\/table>\n<p style=\"text-align: center;\">celkov\u00e1 d\u013a\u017eka cca 157 cm<\/p>\n<p style=\"text-align: center;\">\u0160aty s\u00fa dostupn\u00e9 aj v in\u00fdch farb\u00e1ch - odpor\u00fa\u010dame v\u00e1m zozn\u00e1mi\u0165 sa s na\u0161imi \u010fal\u0161\u00edmi produktmi.<\/p>\n<p style=\"text-align: center;\">Rozmery sa m\u00f4\u017eu mierne l\u00ed\u0161i\u0165 od uveden\u00fdch +\/- 2cm.<\/p>\n<p style=\"text-align: center;\"><strong>\u00a0<\/strong><\/p>\n<p>\u00a0<\/p>\n<table>\n<tbody>\n<tr>\n<td width=\"302\">Meno modela<\/td>\n<td width=\"302\">Sukienka Cekinowa Valencia Z\u0142ota<\/td>\n<\/tr>\n<tr>\n<td width=\"302\">Farba<\/td>\n<td width=\"302\">Zlat\u00fd<\/td>\n<\/tr>\n<tr>\n<td width=\"302\">Marka<\/td>\n<td width=\"302\">Madelinefashion<\/td>\n<\/tr>\n<tr>\n<td width=\"302\">ve\u013ekosti<\/td>\n<td width=\"302\">34 36 38 40<\/td>\n<\/tr>\n<tr>\n<td width=\"302\">M\u00f3da<\/td>\n<td width=\"302\">Zhoda<\/td>\n<\/tr>\n<tr>\n<td width=\"302\">Materi\u00e1l<\/td>\n<td width=\"302\">Visk\u00f3za, Polyester<\/td>\n<\/tr>\n<tr>\n<td width=\"302\">D\u013a\u017eka<\/td>\n<td width=\"302\">Na zem<\/td>\n<\/tr>\n<\/tbody>\n<\/table>\n<p>\u00a0<\/p>\n<p style=\"text-align: center;\">Aby ste si vybrali\u00a0<strong>perfektn\u00e9 \u0161aty<\/strong>\u00a0kontaktujte n\u00e1s pros\u00edm telefonicky alebo cez n\u00e1\u0161 facebook.<br \/>\nN\u00e1\u0161 t\u00edm v\u00e1m pom\u00f4\u017ee\u00a0<strong>Vyberte si ten spr\u00e1vny<\/strong>\u00a0.\u00a0<strong>Na \u017eelanie kupuj\u00faceho vyrob\u00edme ak\u00e9ko\u013evek \u0161aty\u00a0<\/strong><strong>opatrne mera\u0165.\u00a0<\/strong><\/p>\n<div class=\"additional-details\">\n<p style=\"text-align: center;\">\n<\/div>","protected":false},"excerpt":{"rendered":"<p>Sukienka Cekinowa Valencia Z\u0142ota Sukienka Cekinowa Valencia Z\u0142ota to wyj\u0105tkowa propozycja dla kobiet, kt\u00f3re ceni\u0105 elegancj\u0119 i efektowny styl. Model wykonany z po\u0142yskuj\u0105cych cekin\u00f3w pi\u0119knie prezentuje si\u0119 w \u015bwietle i przyci\u0105ga uwag\u0119 przy ka\u017cdej okazji.Zabudowany fason pod szyj\u0119 dodaje klasy i podkre\u015bla elegancki charakter sukienki. Dopasowany kr\u00f3j rybki idealnie eksponuje sylwetk\u0119, podkre\u015blaj\u0105c tali\u0119 oraz kobiece<\/p>\n<div class=\"klb-readmore post-buttons\"><a class=\"button black outline size-sm\" href=\"https:\/\/madelinefashion.pl\/sk\/sukienka-cekinowa-valencia-zlota\/\">\u010c\u00edta\u0165 \u010falej <i class=\"klbth-icon-right-arrow\"><\/i><\/a><\/div>","protected":false},"featured_media":604248,"template":"","meta":[],"product_brand":[],"product_cat":[395,558,569,692,124],"product_tag":[257,163,445],"class_list":{"0":"post-604269","1":"product","2":"type-product","3":"status-publish","4":"has-post-thumbnail","6":"product_cat-nowosci","7":"product_cat-sukienki-cekinowe","8":"product_cat-sukienki-dopasowane","9":"product_cat-sukienki-na-studniowke","10":"product_cat-sukienki-okolicznosciowe","11":"product_tag-madelinefashion","12":"product_tag-sukienki-dlugie","13":"product_tag-sukienki-zlote","15":"first","16":"instock","17":"purchasable","18":"product-type-variable"},"_links":{"self":[{"href":"https:\/\/madelinefashion.pl\/sk\/wp-json\/wp\/v2\/product\/604269","targetHints":{"allow":["GET"]}}],"collection":[{"href":"https:\/\/madelinefashion.pl\/sk\/wp-json\/wp\/v2\/product"}],"about":[{"href":"https:\/\/madelinefashion.pl\/sk\/wp-json\/wp\/v2\/types\/product"}],"wp:featuredmedia":[{"embeddable":true,"href":"https:\/\/madelinefashion.pl\/sk\/wp-json\/wp\/v2\/media\/604248"}],"wp:attachment":[{"href":"https:\/\/madelinefashion.pl\/sk\/wp-json\/wp\/v2\/media?parent=604269"}],"wp:term":[{"taxonomy":"product_brand","embeddable":true,"href":"https:\/\/madelinefashion.pl\/sk\/wp-json\/wp\/v2\/product_brand?post=604269"},{"taxonomy":"product_cat","embeddable":true,"href":"https:\/\/madelinefashion.pl\/sk\/wp-json\/wp\/v2\/product_cat?post=604269"},{"taxonomy":"product_tag","embeddable":true,"href":"https:\/\/madelinefashion.pl\/sk\/wp-json\/wp\/v2\/product_tag?post=604269"}],"curies":[{"name":"pracovn\u00fd list","href":"https:\/\/api.w.org\/{rel}","templated":true}]}}