{"id":604279,"date":"2026-05-15T11:39:41","date_gmt":"2026-05-15T09:39:41","guid":{"rendered":"https:\/\/madelinefashion.pl\/?post_type=product&#038;p=604279"},"modified":"2026-05-15T11:45:14","modified_gmt":"2026-05-15T09:45:14","slug":"sukienka-koronkowa-dopasowana-z-szyfonowa-gora-bezowa-kamise","status":"publish","type":"product","link":"https:\/\/madelinefashion.pl\/sk\/sukienka-koronkowa-dopasowana-z-szyfonowa-gora-bezowa-kamise\/","title":{"rendered":"Sukienka Koronkowa Dopasowana Z szyfonow\u0105 G\u00f3r\u0105 Be\u017cowa Kamise"},"content":{"rendered":"<h3 style=\"text-align: center;\">Sukienka Koronkowa Dopasowana Z szyfonow\u0105 G\u00f3r\u0105 Be\u017cowa Kamise<\/h3>\n<div class=\"h-(--last-known-height,50vh) min-h-14\" data-turn-id-container=\"1cdebde8-c164-4ef1-8431-ee87dcff71ee\" data-is-intersecting=\"false\">\n<div class=\"relative w-full overflow-visible\"><\/div>\n<\/div>\n<div class=\"\" data-turn-id-container=\"request-WEB:26a38909-4d18-4a3b-8c7f-4567054bee94-3\" data-is-intersecting=\"true\">\n<div class=\"relative w-full overflow-visible\">\n<section class=\"text-token-text-primary w-full focus:outline-none has-data-writing-block:pointer-events-none [&:has([data-writing-block])>*]:pointer-events-auto R6Vx5W_threadScrollVars scroll-mb-[calc(var(--scroll-root-safe-area-inset-bottom,0px)+var(--thread-response-height))] scroll-mt-[calc(var(--header-height)+min(200px,max(70px,20svh)))]\" dir=\"auto\" data-turn-id=\"request-WEB:26a38909-4d18-4a3b-8c7f-4567054bee94-3\" data-turn-id-container=\"request-WEB:26a38909-4d18-4a3b-8c7f-4567054bee94-3\" data-testid=\"conversation-turn-8\" data-scroll-anchor=\"false\" data-turn=\"assistant\">\n<div class=\"text-base my-auto mx-auto pb-10 [--thread-content-margin:var(--thread-content-margin-xs,calc(var(--spacing)*4))] @w-sm\/main:[--thread-content-margin:var(--thread-content-margin-sm,calc(var(--spacing)*6))] @w-lg\/main:[--thread-content-margin:var(--thread-content-margin-lg,calc(var(--spacing)*16))] px-(--thread-content-margin)\">\n<div class=\"[--thread-content-max-width:40rem] @w-lg\/main:[--thread-content-max-width:48rem] mx-auto max-w-(--thread-content-max-width) flex-1 group\/turn-messages focus-visible:outline-hidden relative flex w-full min-w-0 flex-col agent-turn\">\n<div class=\"flex max-w-full flex-col gap-4 grow\">\n<div class=\"min-h-8 text-message relative flex w-full flex-col items-end gap-2 text-start break-words whitespace-normal outline-none keyboard-focused:focus-ring [.text-message+&]:mt-1\" dir=\"auto\" tabindex=\"0\" data-message-author-role=\"assistant\" data-message-id=\"fda99c75-dbe2-44a8-9a41-0186d662cdf1\" data-message-model-slug=\"gpt-5-5\" data-turn-start-message=\"true\">\n<div class=\"flex w-full flex-col gap-1 empty:hidden\">\n<div class=\"markdown prose dark:prose-invert wrap-break-word w-full light markdown-new-styling\">\n<p style=\"text-align: center;\" data-start=\"0\" data-end=\"249\">Elegancka sukienka midi w odcieniu jasnego be\u017cu to doskona\u0142a propozycja dla kobiet ceni\u0105cych klas\u0119 i ponadczasowy styl. Model zachwyca subtelnym po\u0142\u0105czeniem delikatnej, zwiewnej g\u00f3ry z efektownym koronkowym do\u0142em, kt\u00f3ry pi\u0119knie podkre\u015bla sylwetk\u0119.Lu\u017aniejsza narzutka z lekkiego materia\u0142u zapewnia komfort noszenia oraz dodaje stylizacji lekko\u015bci i elegancji. Dopasowany koronkowy d\u00f3\u0142 o d\u0142ugo\u015bci midi wysmukla figur\u0119 i nadaje ca\u0142o\u015bci wyj\u0105tkowo kobiecego charakteru.To idealna propozycja na wesele, komuni\u0119, chrzciny, rodzinne uroczysto\u015bci oraz eleganckie przyj\u0119cia. Sukienka doskonale prezentuje si\u0119 zar\u00f3wno z klasycznymi szpilkami, jak i subtelnymi dodatkami.<span style=\"text-align: center;\">\u00a0To idealna kreacja na <\/span><strong style=\"text-align: center;\" data-start=\"500\" data-end=\"529\">wesela, chrzciny, komunie<\/strong><span style=\"text-align: center;\"> czy inne wyj\u0105tkowe uroczysto\u015bci \u2013 wsz\u0119dzie tam, gdzie chcesz wygl\u0105da\u0107 ol\u015bniewaj\u0105co i czu\u0107 si\u0119 komfortowo przez ca\u0142y dzie\u0144.Wygodna, lekko elastyczna, \u015bwietnie dopasowuj\u0105ca si\u0119 do sylwetki. Model sukni wysmuklaj\u0105cy, zaprojektowany z my\u015bl\u0105 o sylwetkach PLUS SIZE. Dost\u0119pna w rozmiarach\u00a0 48 50 52 . Dost\u0119pna w naszym e-sklepie w kilku wariantach kolorystycznych, wi\u0119c nie wahaj si\u0119 i wybierz ten, kt\u00f3ry jest dla Ciebie idealny. Je\u015bli nie mo\u017cesz zdecydowa\u0107, kt\u00f3ry kolor, <\/span><strong style=\"text-align: center;\">rozmiar<\/strong><span style=\"text-align: center;\"> jest dla Ciebie najlepszy, <\/span><strong style=\"text-align: center;\">skontaktuj si\u0119 z nami<\/strong><span style=\"text-align: center;\"> za po\u015brednictwem <\/span><a style=\"text-align: center;\" href=\"https:\/\/www.facebook.com\/madelinefashionbutik\" target=\"_blank\" rel=\"noopener\">Facebooka<\/a><span style=\"text-align: center;\"> lub <\/span><a style=\"text-align: center;\" href=\"https:\/\/madelinefashion.pl\/kontakt\/\">telefonu<\/a><span style=\"text-align: center;\">. W przypadku braku rozmiaru na stronie prosimy o kontakt.<\/span><\/p>\n<\/div>\n<\/div>\n<\/div>\n<\/div>\n<\/div>\n<\/div>\n<\/section>\n<\/div>\n<\/div>\n<h3>WYMIARY SUKIENKI:<\/h3>\n<table width=\"338\">\n<tbody>\n<tr>\n<td><strong>ROZMIAR<\/strong><\/td>\n<td><strong>Biust<\/strong><\/td>\n<td><strong>Talia<\/strong><\/td>\n<td><strong>Biodra<\/strong><\/td>\n<\/tr>\n<tr>\n<td><strong>48<\/strong><\/td>\n<td>110-120<\/td>\n<td>96-104<\/td>\n<td>\u00a0116-124<\/td>\n<\/tr>\n<tr>\n<td><strong>50<\/strong><\/td>\n<td>112-122<\/td>\n<td>100-108<\/td>\n<td>\u00a0120-128<\/td>\n<\/tr>\n<tr>\n<td><strong>52<\/strong><\/td>\n<td>116-126<\/td>\n<td>104-112<\/td>\n<td>\u00a0124-132<\/td>\n<\/tr>\n<\/tbody>\n<\/table>\n<p style=\"text-align: center;\"><span style=\"font-size: 10pt;\">d\u0142ugo\u015b\u0107 ca\u0142kowita ok. 134 cm\u00a0\u00a0<\/span><\/p>\n<p style=\"text-align: center;\"><span style=\"font-size: 10pt;\">Sukienka dost\u0119pna r\u00f3wnie\u017c w <strong>innych wariantach kolorystycznych<\/strong> \u2013 zach\u0119camy do zapoznania si\u0119 z naszymi innymi produktami.\u00a0<\/span><\/p>\n<p style=\"text-align: center;\"><span style=\"font-size: 10pt;\">Wymiary mog\u0105 si\u0119 nieznacznie r\u00f3\u017cni\u0107 od podanych +\/-2cm.\u00a0<\/span><\/p>\n<p style=\"text-align: center;\"><span style=\"font-size: 10pt;\"><strong>\u00a0<\/strong>\u00a0<\/span><\/p>\n<table width=\"618\">\n<tbody>\n<tr>\n<td width=\"302\">Nazwa modelu<\/td>\n<td width=\"302\">Sukienka Koronkowa Dopasowana Z szyfonow\u0105 G\u00f3r\u0105 Be\u017cowa Kamise<\/td>\n<\/tr>\n<tr>\n<td width=\"302\">Kolor<\/td>\n<td width=\"302\">Be\u017cowa<\/td>\n<\/tr>\n<tr>\n<td width=\"302\">Dekolt<\/td>\n<td width=\"302\">\u201eU\u201d<\/td>\n<\/tr>\n<tr>\n<td width=\"302\">Rozmiary<\/td>\n<td width=\"302\">\u00a048 50 52<\/td>\n<\/tr>\n<tr>\n<td width=\"302\">Fason<\/td>\n<td width=\"302\">Rozkloszowany<\/td>\n<\/tr>\n<tr>\n<td width=\"302\">Materia\u0142<\/td>\n<td width=\"302\">Wiskoza, Poliester<\/td>\n<\/tr>\n<tr>\n<td width=\"302\">D\u0142ugo\u015b\u0107<\/td>\n<td width=\"302\">Za kolano<\/td>\n<\/tr>\n<\/tbody>\n<\/table>\n<p style=\"text-align: center;\"><span style=\"font-size: 10pt;\">\u00a0<\/span><\/p>\n<p>\u00a0<\/p>\n<p style=\"text-align: center;\"><span style=\"font-size: 10pt;\">W celu dobrania <strong>idealnej Sukienki<\/strong> zapraszamy do kontaktu telefonicznego b\u0105d\u017a kontaktu przez nasz <a href=\"https:\/\/www.facebook.com\/madelinefashionbutik\" target=\"_blank\" rel=\"noopener\">Facebook<\/a> .<\/span><br \/>\n<span style=\"font-size: 10pt;\">Nasz Zesp\u00f3\u0142 Pomo\u017ce <strong>Wybra\u0107 t\u0105 odpowiedni\u0105<\/strong> . <strong>Ka\u017cd\u0105 sukienk\u0119 mo\u017cemy na pro\u015bb\u0119 kupuj\u0105cego\u00a0<\/strong><strong>dok\u0142adnie zmierzy\u0107.\u00a0<\/strong><\/span><\/p>\n<div class=\"additional-details\" style=\"text-align: center;\">\n<p style=\"text-align: center;\"><span style=\"font-size: 10pt;\">\u00a0<\/span><\/p>\n<\/div>\n","protected":false},"excerpt":{"rendered":"<p>Sukienka Koronkowa Dopasowana Z szyfonow\u0105 G\u00f3r\u0105 Be\u017cowa Kamise Elegancka sukienka midi w odcieniu jasnego be\u017cu to doskona\u0142a propozycja dla kobiet ceni\u0105cych klas\u0119 i ponadczasowy styl. Model zachwyca subtelnym po\u0142\u0105czeniem delikatnej, zwiewnej g\u00f3ry z efektownym koronkowym do\u0142em, kt\u00f3ry pi\u0119knie podkre\u015bla sylwetk\u0119.Lu\u017aniejsza narzutka z lekkiego materia\u0142u zapewnia komfort noszenia oraz dodaje stylizacji lekko\u015bci i elegancji. Dopasowany koronkowy<\/p>\n<div class=\"klb-readmore post-buttons\"><a class=\"button black outline size-sm\" href=\"https:\/\/madelinefashion.pl\/sk\/sukienka-koronkowa-dopasowana-z-szyfonowa-gora-bezowa-kamise\/\">\u010c\u00edta\u0165 \u010falej <i class=\"klbth-icon-right-arrow\"><\/i><\/a><\/div>","protected":false},"featured_media":604258,"template":"","meta":[],"product_brand":[],"product_cat":[124,395,560,564],"product_tag":[385,212],"class_list":{"0":"post-604279","1":"product","2":"type-product","3":"status-publish","4":"has-post-thumbnail","6":"product_cat-sukienki-okolicznosciowe","7":"product_cat-nowosci","8":"product_cat-sukienki-brokatowe","9":"product_cat-sukienki-plus-size","10":"product_tag-plus-size","11":"product_tag-sukienki-bezowe","13":"first","14":"instock","15":"purchasable","16":"product-type-variable"},"_links":{"self":[{"href":"https:\/\/madelinefashion.pl\/sk\/wp-json\/wp\/v2\/product\/604279","targetHints":{"allow":["GET"]}}],"collection":[{"href":"https:\/\/madelinefashion.pl\/sk\/wp-json\/wp\/v2\/product"}],"about":[{"href":"https:\/\/madelinefashion.pl\/sk\/wp-json\/wp\/v2\/types\/product"}],"wp:featuredmedia":[{"embeddable":true,"href":"https:\/\/madelinefashion.pl\/sk\/wp-json\/wp\/v2\/media\/604258"}],"wp:attachment":[{"href":"https:\/\/madelinefashion.pl\/sk\/wp-json\/wp\/v2\/media?parent=604279"}],"wp:term":[{"taxonomy":"product_brand","embeddable":true,"href":"https:\/\/madelinefashion.pl\/sk\/wp-json\/wp\/v2\/product_brand?post=604279"},{"taxonomy":"product_cat","embeddable":true,"href":"https:\/\/madelinefashion.pl\/sk\/wp-json\/wp\/v2\/product_cat?post=604279"},{"taxonomy":"product_tag","embeddable":true,"href":"https:\/\/madelinefashion.pl\/sk\/wp-json\/wp\/v2\/product_tag?post=604279"}],"curies":[{"name":"pracovn\u00fd list","href":"https:\/\/api.w.org\/{rel}","templated":true}]}}