{"id":604289,"date":"2026-05-15T11:45:20","date_gmt":"2026-05-15T09:45:20","guid":{"rendered":"https:\/\/madelinefashion.pl\/?post_type=product&#038;p=604289"},"modified":"2026-05-15T11:51:42","modified_gmt":"2026-05-15T09:51:42","slug":"sukienka-krotka-koronkowa-plus-size-malme","status":"publish","type":"product","link":"https:\/\/madelinefashion.pl\/sk\/sukienka-krotka-koronkowa-plus-size-malme\/","title":{"rendered":"Sukienka Kr\u00f3tka Koronkowa Plus Size Malme"},"content":{"rendered":"<h3 style=\"text-align: center;\">Sukienka Kr\u00f3tka Koronkowa Plus Size Malme<\/h3>\n<p>\u00a0<\/p>\n<div class=\"h-(--last-known-height,50vh) min-h-14\" data-turn-id-container=\"1cdebde8-c164-4ef1-8431-ee87dcff71ee\" data-is-intersecting=\"false\">\n<p class=\"relative w-full overflow-visible\" style=\"text-align: center;\">Elegancka sukienka koronkowa w odcieniu be\u017cu to wyj\u0105tkowa propozycja dla kobiet ceni\u0105cych subtelny szyk i ponadczasow\u0105 klasyk\u0119. Dopasowany fason pi\u0119knie podkre\u015bla sylwetk\u0119, a delikatna koronka nadaje ca\u0142o\u015bci niezwykle kobiecego i luksusowego charakteru.Model posiada elegancki dekolt w kszta\u0142cie litery V, kt\u00f3ry subtelnie eksponuje szyj\u0119 i wysmukla g\u00f3rn\u0105 cz\u0119\u015b\u0107 sylwetki. Kr\u00f3tkie koronkowe r\u0119kawki dodaj\u0105 lekko\u015bci i romantycznego wyko\u0144czenia. D\u0142ugo\u015b\u0107 midi sprawia, \u017ce sukienka doskonale sprawdzi si\u0119 zar\u00f3wno na rodzinne uroczysto\u015bci, jak i eleganckie przyj\u0119cia.To idealna stylizacja na wesele, komuni\u0119, chrzciny, jubileusze oraz inne wyj\u0105tkowe okazje, podczas kt\u00f3rych liczy si\u0119 elegancja i kobiecy styl.To idealna kreacja na wesela, chrzciny, komunie czy inne wyj\u0105tkowe uroczysto\u015bci \u2013 wsz\u0119dzie tam, gdzie chcesz wygl\u0105da\u0107 ol\u015bniewaj\u0105co i czu\u0107 si\u0119 komfortowo przez ca\u0142y dzie\u0144.Wygodna, lekko elastyczna, \u015bwietnie dopasowuj\u0105ca si\u0119 do sylwetki. Model sukni wysmuklaj\u0105cy, zaprojektowany z my\u015bl\u0105 o sylwetkach <strong>PLUSOV\u00c1 VELKOS\u0164<\/strong>. Dost\u0119pna w rozmiarach\u00a0<strong> 48 50 52<\/strong> . Dost\u0119pna w naszym e-sklepie w kilku wariantach kolorystycznych, wi\u0119c nie wahaj si\u0119 i wybierz ten, kt\u00f3ry jest dla Ciebie idealny. Je\u015bli nie mo\u017cesz zdecydowa\u0107, kt\u00f3ry kolor, rozmiar jest dla Ciebie najlepszy, skontaktuj si\u0119 z nami za po\u015brednictwem <a href=\"https:\/\/www.facebook.com\/madelinefashionbutik\" target=\"_blank\" rel=\"noopener\">Facebook<\/a> alebo <a href=\"https:\/\/madelinefashion.pl\/sk\/kontakt\/\">telef\u00f3n<\/a>. Ak ve\u013ekos\u0165 nie je na str\u00e1nke, kontaktujte n\u00e1s.<\/p>\n<\/div>\n<h3 style=\"text-align: center;\">ROZMERY \u0161iat:<\/h3>\n<table class=\"aligncenter\" width=\"338\">\n<tbody>\n<tr>\n<td><strong>VE\u013dKOS\u0164<\/strong><\/td>\n<td><strong>poprsia<\/strong><\/td>\n<td><strong>P\u00e1s<\/strong><\/td>\n<td><strong>Boky<\/strong><\/td>\n<\/tr>\n<tr>\n<td><strong>48<\/strong><\/td>\n<td>110-120<\/td>\n<td>96-104<\/td>\n<td>\u00a0116-124<\/td>\n<\/tr>\n<tr>\n<td><strong>50<\/strong><\/td>\n<td>112-122<\/td>\n<td>100-108<\/td>\n<td>\u00a0120-128<\/td>\n<\/tr>\n<tr>\n<td><strong>52<\/strong><\/td>\n<td>116-126<\/td>\n<td>104-112<\/td>\n<td>\u00a0124-132<\/td>\n<\/tr>\n<\/tbody>\n<\/table>\n<p style=\"text-align: center;\"><span style=\"font-size: 10pt;\">celkov\u00e1 d\u013a\u017eka cca 134 cm\u00a0\u00a0<\/span><\/p>\n<p style=\"text-align: center;\"><span style=\"font-size: 10pt;\">\u0160aty dostupn\u00e9 aj v <strong>in\u00e9 farebn\u00e9 varianty<\/strong> \u2013 odpor\u00fa\u010dame v\u00e1m zozn\u00e1mi\u0165 sa s na\u0161imi \u010fal\u0161\u00edmi produktmi.\u00a0<\/span><\/p>\n<p style=\"text-align: center;\"><span style=\"font-size: 10pt;\">Rozmery sa m\u00f4\u017eu mierne l\u00ed\u0161i\u0165 od uveden\u00fdch +\/- 2cm.\u00a0<\/span><\/p>\n<p style=\"text-align: center;\"><span style=\"font-size: 10pt;\"><strong>\u00a0<\/strong>\u00a0<\/span><\/p>\n<table width=\"618\">\n<tbody>\n<tr>\n<td width=\"302\">Meno modela<\/td>\n<td width=\"302\">Sukienka Kr\u00f3tka Koronkowa Plus Size Malme<\/td>\n<\/tr>\n<tr>\n<td width=\"302\">Farba<\/td>\n<td width=\"302\">B\u00e9\u017eov\u00e1<\/td>\n<\/tr>\n<tr>\n<td width=\"302\">\u0160tiepenie<\/td>\n<td width=\"302\">\u201eAT\u201d<\/td>\n<\/tr>\n<tr>\n<td width=\"302\">ve\u013ekosti<\/td>\n<td width=\"302\">\u00a048 50 52<\/td>\n<\/tr>\n<tr>\n<td width=\"302\">M\u00f3da<\/td>\n<td width=\"302\">Vzplanul<\/td>\n<\/tr>\n<tr>\n<td width=\"302\">Materi\u00e1l<\/td>\n<td width=\"302\">Visk\u00f3za, Polyester<\/td>\n<\/tr>\n<tr>\n<td width=\"302\">D\u013a\u017eka<\/td>\n<td width=\"302\">Cez koleno<\/td>\n<\/tr>\n<\/tbody>\n<\/table>\n<p style=\"text-align: center;\"><span style=\"font-size: 10pt;\">\u00a0<\/span><\/p>\n<p>\u00a0<\/p>\n<p style=\"text-align: center;\"><span style=\"font-size: 10pt;\">Aby ste si vybrali <strong>perfektn\u00e9 \u0161aty<\/strong> kontaktujte n\u00e1s telefonicky alebo prostredn\u00edctvom na\u0161ej webovej str\u00e1nky <a href=\"https:\/\/www.facebook.com\/madelinefashionbutik\" target=\"_blank\" rel=\"noopener\">Facebook<\/a> .<\/span><br \/>\n<span style=\"font-size: 10pt;\">N\u00e1\u0161 t\u00edm v\u00e1m pom\u00f4\u017ee <strong>Vyberte si ten spr\u00e1vny<\/strong> . <strong>Na \u017eelanie kupuj\u00faceho vyrob\u00edme ak\u00e9ko\u013evek \u0161aty\u00a0<\/strong><strong>opatrne mera\u0165.\u00a0<\/strong><\/span><\/p>\n<div class=\"additional-details\" style=\"text-align: center;\">\n<p style=\"text-align: center;\"><span style=\"font-size: 10pt;\">\u00a0<\/span><\/p>\n<\/div>","protected":false},"excerpt":{"rendered":"<p>Sukienka Kr\u00f3tka Koronkowa Plus Size Malme \u00a0 Elegancka sukienka koronkowa w odcieniu be\u017cu to wyj\u0105tkowa propozycja dla kobiet ceni\u0105cych subtelny szyk i ponadczasow\u0105 klasyk\u0119. Dopasowany fason pi\u0119knie podkre\u015bla sylwetk\u0119, a delikatna koronka nadaje ca\u0142o\u015bci niezwykle kobiecego i luksusowego charakteru.Model posiada elegancki dekolt w kszta\u0142cie litery V, kt\u00f3ry subtelnie eksponuje szyj\u0119 i wysmukla g\u00f3rn\u0105 cz\u0119\u015b\u0107 sylwetki.<\/p>\n<div class=\"klb-readmore post-buttons\"><a class=\"button black outline size-sm\" href=\"https:\/\/madelinefashion.pl\/sk\/sukienka-krotka-koronkowa-plus-size-malme\/\">\u010c\u00edta\u0165 \u010falej <i class=\"klbth-icon-right-arrow\"><\/i><\/a><\/div>","protected":false},"featured_media":604253,"template":"","meta":[],"product_brand":[],"product_cat":[124,395,560,564],"product_tag":[385,212],"class_list":{"0":"post-604289","1":"product","2":"type-product","3":"status-publish","4":"has-post-thumbnail","6":"product_cat-sukienki-okolicznosciowe","7":"product_cat-nowosci","8":"product_cat-sukienki-brokatowe","9":"product_cat-sukienki-plus-size","10":"product_tag-plus-size","11":"product_tag-sukienki-bezowe","13":"first","14":"instock","15":"purchasable","16":"product-type-variable"},"_links":{"self":[{"href":"https:\/\/madelinefashion.pl\/sk\/wp-json\/wp\/v2\/product\/604289","targetHints":{"allow":["GET"]}}],"collection":[{"href":"https:\/\/madelinefashion.pl\/sk\/wp-json\/wp\/v2\/product"}],"about":[{"href":"https:\/\/madelinefashion.pl\/sk\/wp-json\/wp\/v2\/types\/product"}],"wp:featuredmedia":[{"embeddable":true,"href":"https:\/\/madelinefashion.pl\/sk\/wp-json\/wp\/v2\/media\/604253"}],"wp:attachment":[{"href":"https:\/\/madelinefashion.pl\/sk\/wp-json\/wp\/v2\/media?parent=604289"}],"wp:term":[{"taxonomy":"product_brand","embeddable":true,"href":"https:\/\/madelinefashion.pl\/sk\/wp-json\/wp\/v2\/product_brand?post=604289"},{"taxonomy":"product_cat","embeddable":true,"href":"https:\/\/madelinefashion.pl\/sk\/wp-json\/wp\/v2\/product_cat?post=604289"},{"taxonomy":"product_tag","embeddable":true,"href":"https:\/\/madelinefashion.pl\/sk\/wp-json\/wp\/v2\/product_tag?post=604289"}],"curies":[{"name":"pracovn\u00fd list","href":"https:\/\/api.w.org\/{rel}","templated":true}]}}