{"id":604302,"date":"2026-05-15T11:54:48","date_gmt":"2026-05-15T09:54:48","guid":{"rendered":"https:\/\/madelinefashion.pl\/?post_type=product&#038;p=604302"},"modified":"2026-05-15T12:48:11","modified_gmt":"2026-05-15T10:48:11","slug":"sukienka-z-dlugim-rekawem-krotka-koronkowa-pudrowy-roz","status":"publish","type":"product","link":"https:\/\/madelinefashion.pl\/sk\/sukienka-z-dlugim-rekawem-krotka-koronkowa-pudrowy-roz\/","title":{"rendered":"Sukienka Z d\u0142ugim R\u0119kawem Kr\u00f3tka Koronkowa Pudrowy R\u00f3\u017c"},"content":{"rendered":"<h3 style=\"text-align: center;\">Sukienka Z d\u0142ugim R\u0119kawem Kr\u00f3tka Koronkowa Pudrowy R\u00f3\u017c<\/h3>\n<p style=\"text-align: center;\" data-start=\"0\" data-end=\"224\">Koronkowa sukienka mini w odcieniu pudrowego r\u00f3\u017cu to niezwykle kobieca i elegancka propozycja na wyj\u0105tkowe okazje. Delikatna koronka w po\u0142\u0105czeniu z romantycznym fasonem tworzy subteln\u0105, a jednocze\u015bnie efektown\u0105 stylizacj\u0119.Model posiada kopertowy dekolt w kszta\u0142cie litery V, kt\u00f3ry pi\u0119knie podkre\u015bla szyj\u0119 i dekolt. D\u0142ugie koronkowe r\u0119kawy dodaj\u0105 elegancji i lekko\u015bci, a marszczenie w talii doskonale modeluje sylwetk\u0119. Zwiewny d\u00f3\u0142 z falban\u0105 nadaje sukience dziewcz\u0119cego uroku i sprawia, \u017ce ca\u0142o\u015b\u0107 prezentuje si\u0119 niezwykle stylowo.To idealna propozycja na wesele, chrzciny, komuni\u0119, romantyczn\u0105 kolacj\u0119 oraz wszelkie eleganckie uroczysto\u015bci.<\/p>\n<h3 style=\"text-align: center;\">ROZMERY \u0161iat:<\/h3>\n<div class=\"additional-details\" style=\"text-align: center;\">\n<table width=\"556\">\n<tbody>\n<tr>\n<td width=\"205\"><strong>VE\u013dKOS\u0164<\/strong><\/td>\n<td><strong>poprsia<\/strong><\/td>\n<td><strong>P\u00e1s<\/strong><\/td>\n<td><strong>Boky<\/strong><\/td>\n<\/tr>\n<tr>\n<td width=\"205\"><strong>36<\/strong><\/td>\n<td>88-94<\/td>\n<td>68<\/td>\n<td>\u00a0ak\u00fdko\u013evek<\/td>\n<\/tr>\n<tr>\n<td width=\"205\"><strong>38<\/strong><\/td>\n<td>92-96<\/td>\n<td>72<\/td>\n<td>\u00a0ak\u00fdko\u013evek<\/td>\n<\/tr>\n<tr>\n<td width=\"205\"><strong>40<\/strong><\/td>\n<td>96-102<\/td>\n<td>76<\/td>\n<td>\u00a0ak\u00fdko\u013evek<\/td>\n<\/tr>\n<\/tbody>\n<\/table>\n<p>\u00a0<\/p>\n<\/div>\n<p style=\"text-align: center;\"><span style=\"font-size: 10pt;\">celkov\u00e1 d\u013a\u017eka cca 90 cm <\/span>(\u0161aty sa daj\u00fa skr\u00e1ti\u0165 pod\u013ea vlastnej chuti)<\/p>\n<p style=\"text-align: center;\"><span style=\"font-size: 10pt;\">Rozmery sa m\u00f4\u017eu mierne l\u00ed\u0161i\u0165 od uveden\u00fdch +\/- 2cm.\u00a0<\/span><\/p>\n<p style=\"text-align: center;\"><span style=\"font-size: 10pt;\"><strong>\u00a0<\/strong>\u00a0<\/span><\/p>\n<table width=\"620\">\n<tbody>\n<tr>\n<td width=\"302\">Meno modela<\/td>\n<td width=\"302\">Sukienka Z d\u0142ugim R\u0119kawem Kr\u00f3tka Koronkowa Pudrowy R\u00f3\u017c<\/td>\n<\/tr>\n<tr>\n<td width=\"302\">Farba<\/td>\n<td width=\"302\">P\u00fadrov\u00e1 ru\u017eov\u00e1<\/td>\n<\/tr>\n<tr>\n<td width=\"302\">Ruk\u00e1v<\/td>\n<td width=\"302\">Nie<\/td>\n<\/tr>\n<tr>\n<td width=\"302\">ve\u013ekosti<\/td>\n<td width=\"302\">36 38 40<\/td>\n<\/tr>\n<tr>\n<td width=\"302\">M\u00f3da<\/td>\n<td width=\"302\">Jednoduch\u00e9<\/td>\n<\/tr>\n<tr>\n<td width=\"302\">Materi\u00e1l<\/td>\n<td width=\"302\">Visk\u00f3za, Polyester<\/td>\n<\/tr>\n<tr>\n<td width=\"302\">D\u013a\u017eka<\/td>\n<td width=\"302\">Pred kolenom<\/td>\n<\/tr>\n<\/tbody>\n<\/table>\n<p style=\"text-align: center;\">Poz\u00fdvame v\u00e1s do n\u00e1\u0161ho sal\u00f3nu svadobn\u00fdch \u0161iat, ktor\u00fd sa nach\u00e1dza na ulici Moniuszki 2 v srdci Konstantyn\u00f3wa v Lod\u017eskom. V na\u0161om profesion\u00e1lnom sal\u00f3ne n\u00e1jdete \u0161irok\u00fd v\u00fdber svadobn\u00fdch \u0161iat, ktor\u00e9 splnia va\u0161e najtajnej\u0161ie sny o dokonalom dni. T\u00edm sk\u00fasen\u00fdch konzultantov v\u00e1m pom\u00f4\u017ee vybra\u0165 si perfektn\u00e9 \u0161aty, prisp\u00f4soben\u00e9 va\u0161im o\u010dak\u00e1vaniam a postave. Srde\u010dne v\u00e1s poz\u00fdvame na n\u00e1v\u0161tevu \u2013 presved\u010dte sa, ak\u00fd v\u00fdnimo\u010dn\u00fd m\u00f4\u017ee by\u0165 v\u00e1\u0161 de\u0148!<\/p>\n<p style=\"text-align: center;\"><span style=\"font-size: 10pt;\">\u00a0<\/span><\/p>\n<p style=\"text-align: center;\"><span style=\"font-size: 10pt;\">Aby ste si vybrali <strong>perfektn\u00e9 \u0161aty<\/strong> kontaktujte n\u00e1s telefonicky alebo prostredn\u00edctvom na\u0161ej webovej str\u00e1nky <a href=\"https:\/\/www.facebook.com\/madelinefashionbutik\" target=\"_blank\" rel=\"noopener\">Facebook<\/a> .<\/span><br \/>\n<span style=\"font-size: 10pt;\">N\u00e1\u0161 t\u00edm v\u00e1m pom\u00f4\u017ee <strong>Vyberte si ten spr\u00e1vny<\/strong> . <strong>Na \u017eelanie kupuj\u00faceho vyrob\u00edme ak\u00e9ko\u013evek \u0161aty\u00a0<\/strong><strong>opatrne mera\u0165.\u00a0<\/strong><\/span><\/p>\n<div class=\"additional-details\" style=\"text-align: center;\">\n<p style=\"text-align: center;\"><span style=\"font-size: 10pt;\">\u00a0<\/span><\/p>\n<\/div>","protected":false},"excerpt":{"rendered":"<p>Sukienka Z d\u0142ugim R\u0119kawem Kr\u00f3tka Koronkowa Pudrowy R\u00f3\u017c Koronkowa sukienka mini w odcieniu pudrowego r\u00f3\u017cu to niezwykle kobieca i elegancka propozycja na wyj\u0105tkowe okazje. Delikatna koronka w po\u0142\u0105czeniu z romantycznym fasonem tworzy subteln\u0105, a jednocze\u015bnie efektown\u0105 stylizacj\u0119.Model posiada kopertowy dekolt w kszta\u0142cie litery V, kt\u00f3ry pi\u0119knie podkre\u015bla szyj\u0119 i dekolt. D\u0142ugie koronkowe r\u0119kawy dodaj\u0105 elegancji<\/p>\n<div class=\"klb-readmore post-buttons\"><a class=\"button black outline size-sm\" href=\"https:\/\/madelinefashion.pl\/sk\/sukienka-z-dlugim-rekawem-krotka-koronkowa-pudrowy-roz\/\">\u010c\u00edta\u0165 \u010falej <i class=\"klbth-icon-right-arrow\"><\/i><\/a><\/div>","protected":false},"featured_media":604276,"template":"","meta":[],"product_brand":[],"product_cat":[124,568,566,632],"product_tag":[219,262],"class_list":{"0":"post-604302","1":"product","2":"type-product","3":"status-publish","4":"has-post-thumbnail","6":"product_cat-sukienki-okolicznosciowe","7":"product_cat-sukienki-rozkloszowane-szyfonowe","8":"product_cat-suknie-slubne","9":"product_cat-suknie-slubne-rozkloszowane","10":"product_tag-sukienka-biala","11":"product_tag-sukienki-krotkie","13":"first","14":"instock","15":"purchasable","16":"product-type-variable"},"_links":{"self":[{"href":"https:\/\/madelinefashion.pl\/sk\/wp-json\/wp\/v2\/product\/604302","targetHints":{"allow":["GET"]}}],"collection":[{"href":"https:\/\/madelinefashion.pl\/sk\/wp-json\/wp\/v2\/product"}],"about":[{"href":"https:\/\/madelinefashion.pl\/sk\/wp-json\/wp\/v2\/types\/product"}],"wp:featuredmedia":[{"embeddable":true,"href":"https:\/\/madelinefashion.pl\/sk\/wp-json\/wp\/v2\/media\/604276"}],"wp:attachment":[{"href":"https:\/\/madelinefashion.pl\/sk\/wp-json\/wp\/v2\/media?parent=604302"}],"wp:term":[{"taxonomy":"product_brand","embeddable":true,"href":"https:\/\/madelinefashion.pl\/sk\/wp-json\/wp\/v2\/product_brand?post=604302"},{"taxonomy":"product_cat","embeddable":true,"href":"https:\/\/madelinefashion.pl\/sk\/wp-json\/wp\/v2\/product_cat?post=604302"},{"taxonomy":"product_tag","embeddable":true,"href":"https:\/\/madelinefashion.pl\/sk\/wp-json\/wp\/v2\/product_tag?post=604302"}],"curies":[{"name":"pracovn\u00fd list","href":"https:\/\/api.w.org\/{rel}","templated":true}]}}