{"id":6057,"date":"2021-03-21T20:55:22","date_gmt":"2021-03-21T19:55:22","guid":{"rendered":"https:\/\/madelinefashion.pl\/?post_type=product&#038;p=6057"},"modified":"2026-01-15T12:43:35","modified_gmt":"2026-01-15T11:43:35","slug":"ramoneska-bezowa-kelly","status":"publish","type":"product","link":"https:\/\/madelinefashion.pl\/sk\/ramoneska-bezowa-kelly\/","title":{"rendered":"B\u00e9\u017eov\u00e1 Ramones Kelly"},"content":{"rendered":"<h3 style=\"text-align: center;\">B\u00e9\u017eov\u00e1 Ramones Kelly<\/h3>\n<p style=\"text-align: center;\"><strong>\u010cierna bunda ramones <\/strong>je jedn\u00fdm z na\u0161ich n\u00e1vrhov na nadch\u00e1dzaj\u00face chladnej\u0161ie dni. Model Kelly je hitom tohtoro\u010dnej sez\u00f3ny. Najklasickej\u0161\u00ed a nad\u010dasov\u00fd model bundy. D\u00e1 sa pou\u017ei\u0165 v akomko\u013evek \u0161t\u00fdle, ako ku klasick\u00fdm d\u017e\u00ednsom, bielemu tri\u010dku na ka\u017edodenn\u00e9 vych\u00e1dzky, tak aj k \u017eensk\u00fdm \u0161at\u00e1m.\u00a0 <strong>charakter<\/strong>. Je to ist\u00e9 <strong>musie\u0165 ma\u0165<\/strong> v ka\u017edom \u0161atn\u00edku! Model zo spodnej \u010dasti m\u00e1 dodato\u010dn\u00fa pod\u0161\u00edvku, ktor\u00e1 v\u00e1s ochr\u00e1ni v chladnej\u0161\u00edch d\u0148och. bo\u010dn\u00e9 rezy <strong>r<\/strong><strong>Amoniak Kelly <\/strong>\u00a0s gumou na bokoch sa dokonale prisp\u00f4sob\u00ed postave <strong>ramoneska<\/strong> bude vyzera\u0165 skvele s na\u0161imi modelmi nohav\u00edc. Tento model je ide\u00e1lny na jar alebo jese\u0148 a na chladnej\u0161ie letn\u00e9 dni. V\u010faka vhodne zvolen\u00fdm doplnkom \u013eahko vytvor\u00edte jedine\u010dn\u00e9 \u0161tyliz\u00e1cie na spolo\u010densk\u00e9 udalosti \u010di oslavy. Bunda <strong>je vyroben\u00fd z m\u00e4kkej eko ko\u017ee<\/strong>desivo pripom\u00edna <strong>pr\u00edrodn\u00e1 ko\u017ea<\/strong>. Model m\u00e1 dve vreck\u00e1 na zips. <strong>Vy\u010dnieva\u0165 z davu<\/strong> s na\u0161ou eko ko\u017eenou bundou. Fant\u00e1zii sa medze neklad\u00fa, preto nev\u00e1hajte a<strong> vytvorte si svoj vlastn\u00fd \u0161t\u00fdl<\/strong>. Ramones prich\u00e1dza vo ve\u013ekosti<strong> SML XL.\u00a0\u00a0<\/strong>Ak m\u00e1te nejak\u00e9 ot\u00e1zky, sme tu, aby sme v\u00e1m pomohli.<\/p>\n<h2 style=\"text-align: center;\">Rozmery:<\/h2>\n<p style=\"text-align: center;\"><b>36\/sek<\/b><\/p>\n<p style=\"text-align: center;\">Celkov\u00e1 d\u013a\u017eka - 56 cm<\/p>\n<p style=\"text-align: center;\">\u0160\u00edrka od pazuchy po pazuchu - 43-46 cm<\/p>\n<p style=\"text-align: center;\">\u0160\u00edrka v spodnej \u010dasti - 38-44 cm<\/p>\n<p style=\"text-align: center;\">D\u013a\u017eka ruk\u00e1va od ramena - 63 cm<\/p>\n<p style=\"text-align: center;\">D\u013a\u017eka ruk\u00e1va od podpazu\u0161ia - 46 cm<\/p>\n<p style=\"text-align: center;\">\u0160\u00edrka v bicepsoch - 36 cm<\/p>\n<p style=\"text-align: center;\"><b>38\/m<\/b><\/p>\n<p style=\"text-align: center;\">Celkov\u00e1 d\u013a\u017eka - 56 cm<\/p>\n<p style=\"text-align: center;\">\u0160\u00edrka od pazuchy po pazuchu - 44-47 cm<\/p>\n<p style=\"text-align: center;\">\u0160\u00edrka v spodnej \u010dasti - 40-46 cm<\/p>\n<p style=\"text-align: center;\">D\u013a\u017eka ruk\u00e1va od ramena - 63 cm<\/p>\n<p style=\"text-align: center;\">D\u013a\u017eka ruk\u00e1va od podpazu\u0161ia - 46 cm<\/p>\n<p style=\"text-align: center;\">\u0160\u00edrka v bicepsoch - 37 cm<\/p>\n<p style=\"text-align: center;\"><b>40\/l<\/b><\/p>\n<p style=\"text-align: center;\">Celkov\u00e1 d\u013a\u017eka - 57 cm<\/p>\n<p style=\"text-align: center;\">\u0160\u00edrka od podpazu\u0161ia po podpazu\u0161ie - 47-50 cm<\/p>\n<p style=\"text-align: center;\">\u0160\u00edrka v spodnej \u010dasti - 47-51 cm<\/p>\n<p style=\"text-align: center;\">D\u013a\u017eka ruk\u00e1va od ramena - 64 cm<\/p>\n<p style=\"text-align: center;\">D\u013a\u017eka ruk\u00e1va od podpazu\u0161ia - 47 cm<\/p>\n<p style=\"text-align: center;\">\u0160\u00edrka v bicepsoch - 37 cm<\/p>\n<p style=\"text-align: center;\"><b>42\/xl<\/b><\/p>\n<p style=\"text-align: center;\">Celkov\u00e1 d\u013a\u017eka - 57 cm<\/p>\n<p style=\"text-align: center;\">\u0160\u00edrka od pazuchy po pazuchu - 49-53 cm<\/p>\n<p style=\"text-align: center;\">\u0160\u00edrka v spodnej \u010dasti - 48-55 cm<\/p>\n<p style=\"text-align: center;\">D\u013a\u017eka ruk\u00e1va od ramena - 64 cm<\/p>\n<p style=\"text-align: center;\">D\u013a\u017eka ruk\u00e1va od podpazu\u0161ia - 47 cm<\/p>\n<p style=\"text-align: center;\">\u0160\u00edrka v bicepsoch - 38 cm<\/p>\n<table width=\"605\">\n<tbody>\n<tr>\n<td width=\"302\">Meno modela<\/td>\n<td width=\"302\">B\u00e9\u017eov\u00e1 Ramones Kelly<\/td>\n<\/tr>\n<tr>\n<td width=\"302\">Farba<\/td>\n<td width=\"302\">Bez<\/td>\n<\/tr>\n<tr>\n<td width=\"302\">ve\u013ekosti<\/td>\n<td width=\"302\">SML XL<\/td>\n<\/tr>\n<tr>\n<td width=\"302\">M\u00f3da<\/td>\n<td width=\"302\">Priliehav\u00e9 \/ \u0161t\u00edhle<\/td>\n<\/tr>\n<tr>\n<td width=\"302\">Hood<\/td>\n<td width=\"302\">Nie<\/td>\n<\/tr>\n<tr>\n<td width=\"302\">Kvalita<\/td>\n<td width=\"302\">Premium<\/td>\n<\/tr>\n<tr>\n<td width=\"302\">zap\u00ednanie<\/td>\n<td width=\"302\">Z\u00e1mok<\/td>\n<\/tr>\n<\/tbody>\n<\/table>\n<p style=\"text-align: center;\">Model m\u00e1\u00a0<strong>166<\/strong>\u00a0cm vysok\u00fd, nos\u00ed ho ka\u017ed\u00fd de\u0148\u00a0<strong>ve\u013ekos\u0165 S<\/strong><\/p>\n<p style=\"text-align: center;\">","protected":false},"excerpt":{"rendered":"<p>Ramoneska Be\u017cowa Kelly Czarna ramoneska to jedna z naszych propozycji na nadchodz\u0105ce ch\u0142odniejsze dni. Model Kelly to Hit tego sezonu. Najbardziej klasyczny i ponadczasowy model kurtki. Mo\u017cna j\u0105 wykorzysta\u0107 w ka\u017cdej stylizacji, zar\u00f3wno do klasycznych jeans\u00f3w, bia\u0142ego t-shirtu na codzienne wyj\u015bcia, jak i do kobiecych sukienek dodaj\u0105c im\u00a0 charakteru. Jest to zdecydowany must have w<\/p>\n<div class=\"klb-readmore post-buttons\"><a class=\"button black outline size-sm\" href=\"https:\/\/madelinefashion.pl\/sk\/ramoneska-bezowa-kelly\/\">\u010c\u00edta\u0165 \u010falej <i class=\"klbth-icon-right-arrow\"><\/i><\/a><\/div>","protected":false},"featured_media":560038,"template":"","meta":[],"product_brand":[],"product_cat":[117],"product_tag":[295],"class_list":{"0":"post-6057","1":"product","2":"type-product","3":"status-publish","4":"has-post-thumbnail","6":"product_cat-kurtki","7":"product_tag-ramoneski","8":"pa_rozmiar-l","9":"pa_rozmiar-xl","10":"pa_rozmiar-s","11":"pa_rozmiar-m","13":"first","14":"instock","15":"sale","16":"purchasable","17":"product-type-variable"},"_links":{"self":[{"href":"https:\/\/madelinefashion.pl\/sk\/wp-json\/wp\/v2\/product\/6057","targetHints":{"allow":["GET"]}}],"collection":[{"href":"https:\/\/madelinefashion.pl\/sk\/wp-json\/wp\/v2\/product"}],"about":[{"href":"https:\/\/madelinefashion.pl\/sk\/wp-json\/wp\/v2\/types\/product"}],"wp:featuredmedia":[{"embeddable":true,"href":"https:\/\/madelinefashion.pl\/sk\/wp-json\/wp\/v2\/media\/560038"}],"wp:attachment":[{"href":"https:\/\/madelinefashion.pl\/sk\/wp-json\/wp\/v2\/media?parent=6057"}],"wp:term":[{"taxonomy":"product_brand","embeddable":true,"href":"https:\/\/madelinefashion.pl\/sk\/wp-json\/wp\/v2\/product_brand?post=6057"},{"taxonomy":"product_cat","embeddable":true,"href":"https:\/\/madelinefashion.pl\/sk\/wp-json\/wp\/v2\/product_cat?post=6057"},{"taxonomy":"product_tag","embeddable":true,"href":"https:\/\/madelinefashion.pl\/sk\/wp-json\/wp\/v2\/product_tag?post=6057"}],"curies":[{"name":"pracovn\u00fd list","href":"https:\/\/api.w.org\/{rel}","templated":true}]}}