{"id":6162,"date":"2021-03-21T23:37:29","date_gmt":"2021-03-21T22:37:29","guid":{"rendered":"https:\/\/madelinefashion.pl\/?post_type=product&#038;p=6162"},"modified":"2026-01-20T10:34:41","modified_gmt":"2026-01-20T09:34:41","slug":"bluzka-mickey-mouse-biala-miki-smile","status":"publish","type":"product","link":"https:\/\/madelinefashion.pl\/sk\/bluzka-mickey-mouse-biala-miki-smile\/","title":{"rendered":"Bluzka Mickey Mouse Bia\u0142a &#8211; Miki Smile"},"content":{"rendered":"<h3 style=\"text-align: center;\">Bluzka Mickey Mouse Bia\u0142a &#8211; Miki Smile<\/h3>\n<p style=\"text-align: center;\">Bl\u00fazka s ikonickou potla\u010dou Mickey Mouse - \u0161 <strong>biely<\/strong> \u00a0.<strong>\u00a0<\/strong>V\u010faka nemu vytvor\u00edte nezabudnute\u013en\u00fa \u0161tyliz\u00e1ciu. \u010eal\u0161ia ponuka najm\u00f3dnej\u0161\u00edch tri\u010diek tejto sez\u00f3ny s roztomilou my\u0161kou. Odpor\u00fa\u010dame! Bl\u00fazka m\u00e1 v spodnej \u010dasti bl\u00fazky lem, v\u010faka ktor\u00e9mu perfektne sed\u00ed na postave. Odpor\u00fa\u010dan\u00e1 univerz\u00e1lna ve\u013ekos\u0165 od S po XL.<\/p>\n<h3 style=\"text-align: center;\">Rozmery:<\/h3>\n<ul style=\"text-align: center;\">\n<li style=\"list-style-type: none;\">\n<ul>\n<li style=\"list-style-type: none;\">\n<ul>\n<li>Celkov\u00e1 d\u013a\u017eka: 61 cm<\/li>\n<li>\u0160\u00edrka od pazuchy po pazuchu: 54-57 cm<\/li>\n<li>\u0160\u00edrka v spodnej \u010dasti (\u0161n\u00farka-rebro): 47 cm<\/li>\n<\/ul>\n<p>&nbsp;<\/li>\n<\/ul>\n<\/li>\n<\/ul>\n<p style=\"text-align: center;\">Rozmery sa m\u00f4\u017eu mierne l\u00ed\u0161i\u0165 od uveden\u00fdch +\/- 2cm. V\u0161etky uveden\u00e9 rozmery s\u00fa meran\u00e9 plo\u0161ne.<\/p>\n<p style=\"text-align: center;\"><span style=\"font-size: 10pt;\">\u00a0<\/span><\/p>\n<p style=\"text-align: center;\"><span style=\"font-size: 10pt;\">\u00a0<\/span><\/p>\n<table width=\"608\">\n<tbody>\n<tr>\n<td width=\"302\">Meno modela<\/td>\n<td width=\"302\">Bluzka Mickey Mouse Bia\u0142a &#8211; Miki Smile<\/td>\n<\/tr>\n<tr>\n<td width=\"302\">Farba<\/td>\n<td width=\"302\">biely<\/td>\n<\/tr>\n<tr>\n<td width=\"302\">ve\u013ekosti<\/td>\n<td width=\"302\">Univerz\u00e1lny<\/td>\n<\/tr>\n<tr>\n<td width=\"302\">M\u00f3da<\/td>\n<td width=\"302\">nadrozmern\u00e9<\/td>\n<\/tr>\n<tr>\n<td width=\"302\">Materi\u00e1l<\/td>\n<td width=\"302\">Zlo\u017eenie: 95% Polyester 5% Elastan<\/td>\n<\/tr>\n<\/tbody>\n<\/table>\n<p style=\"text-align: center;\">Model m\u00e1\u00a0<strong>169<\/strong>\u00a0cm vysok\u00fd, nos\u00ed ve\u013ekos\u0165 ka\u017ed\u00fd de\u0148\u00a0<strong>S<\/strong><\/p>\n<p style=\"text-align: center;\">\u0160\u00edrka hrudn\u00edka 91 cm<\/p>\n<p style=\"text-align: center;\">\u0160\u00edrka p\u00e1su 71 cm<\/p>\n<p style=\"text-align: center;\">\u0160\u00edrka bokov 96 cm<\/p>","protected":false},"excerpt":{"rendered":"<p>Bluzka Mickey Mouse Bia\u0142a &#8211; Miki Smile Bluzka z kultowym nadrukiem Mickey Mouse- w kolorze bia\u0142ym \u00a0.\u00a0Dzi\u0119ki niej stworzysz niezapomnian\u0105 stylizacj\u0119. Kolejna ju\u017c propozycja najmodniejszych w tym sezonie t-shirt\u00f3w z urocz\u0105 myszk\u0105. Polecamy! Bluzka posiada \u015bci\u0105gacz na dole bluzki, dzi\u0119ki czemu idealnie dopasowuje si\u0119 do sylwetki. Rozmiar Uniwersalny zalecany od S do XL. Wymiary: D\u0142ugo\u015b\u0107<\/p>\n<div class=\"klb-readmore post-buttons\"><a class=\"button black outline size-sm\" href=\"https:\/\/madelinefashion.pl\/sk\/bluzka-mickey-mouse-biala-miki-smile\/\">\u010c\u00edta\u0165 \u010falej <i class=\"klbth-icon-right-arrow\"><\/i><\/a><\/div>","protected":false},"featured_media":113347,"template":"","meta":[],"product_brand":[],"product_cat":[77],"product_tag":[251],"class_list":{"0":"post-6162","1":"product","2":"type-product","3":"status-publish","4":"has-post-thumbnail","6":"product_cat-bluzki","7":"product_tag-bluzka-biala","9":"first","10":"outofstock","11":"sale","12":"purchasable","13":"product-type-simple"},"_links":{"self":[{"href":"https:\/\/madelinefashion.pl\/sk\/wp-json\/wp\/v2\/product\/6162","targetHints":{"allow":["GET"]}}],"collection":[{"href":"https:\/\/madelinefashion.pl\/sk\/wp-json\/wp\/v2\/product"}],"about":[{"href":"https:\/\/madelinefashion.pl\/sk\/wp-json\/wp\/v2\/types\/product"}],"wp:featuredmedia":[{"embeddable":true,"href":"https:\/\/madelinefashion.pl\/sk\/wp-json\/wp\/v2\/media\/113347"}],"wp:attachment":[{"href":"https:\/\/madelinefashion.pl\/sk\/wp-json\/wp\/v2\/media?parent=6162"}],"wp:term":[{"taxonomy":"product_brand","embeddable":true,"href":"https:\/\/madelinefashion.pl\/sk\/wp-json\/wp\/v2\/product_brand?post=6162"},{"taxonomy":"product_cat","embeddable":true,"href":"https:\/\/madelinefashion.pl\/sk\/wp-json\/wp\/v2\/product_cat?post=6162"},{"taxonomy":"product_tag","embeddable":true,"href":"https:\/\/madelinefashion.pl\/sk\/wp-json\/wp\/v2\/product_tag?post=6162"}],"curies":[{"name":"pracovn\u00fd list","href":"https:\/\/api.w.org\/{rel}","templated":true}]}}