{"id":6186,"date":"2021-03-22T00:47:24","date_gmt":"2021-03-21T23:47:24","guid":{"rendered":"https:\/\/madelinefashion.pl\/?post_type=product&#038;p=6186"},"modified":"2026-04-13T14:59:54","modified_gmt":"2026-04-13T12:59:54","slug":"body-sznurowane-biale","status":"publish","type":"product","link":"https:\/\/madelinefashion.pl\/sk\/body-sznurowane-biale\/","title":{"rendered":"Biele \u0161nurovacie body"},"content":{"rendered":"<h3 style=\"text-align: center;\">Biele \u0161nurovacie body<\/h3>\n<p style=\"text-align: center;\"><strong>Biele \u0161nurovacie body<\/strong>\u00a0. Telo vyroben\u00e9 z pru\u017enej l\u00e1tky, ktor\u00e1 ho rob\u00ed <strong>perfektne sed\u00ed na postave<\/strong>. Dokonale sa hod\u00ed k elegantn\u00fdm aj ve\u010dern\u00fdm \u0161tyliz\u00e1ci\u00e1m. <strong>Model, ktor\u00fd si zamilujete<\/strong> . M\u00f4\u017eete ich nosi\u0165 k \u0161ortk\u00e1m, d\u017e\u00ednsom, sukni a dokonca aj ko\u017een\u00fdm nohaviciam. Eur\u00f3psky v\u00fdrobok - Perfektne sa prisp\u00f4sob\u00ed postave. Ide\u00e1lne na rande!\u00a0<b> Mimoriadne m\u00f3dne medved\u00edky dokonale zd\u00f4raz\u0148uj\u00fa na\u0161u postavu a prezentuj\u00fa jej prednosti. <\/b>D\u00e1mske body je<b> musie\u0165 ma\u0165 <\/b>vo va\u0161om \u0161atn\u00edku<b>. <\/b>Toto je jeden z <b>najsexi oble\u010denie, <\/b>ktor\u00fd dokonale zv\u00fdraz\u0148uje a <b>zd\u00f4raz\u0148uje \u017eensk\u00e9 tvary. sexi medved\u00edk, <\/b>\u010do sp\u00f4sob\u00ed\u00a0<b>budete rozli\u0161ova\u0165<\/b>mimo davu<b>. <\/b>n<b>nebezpe\u010dne l\u00e1kav\u00e9 medved\u00edky <\/b>pon\u00fakame v na\u0161om obchode vo viacer\u00fdch<b> farebn\u00e9 varianty. K\u00fapte a urobte si dar\u010dek.\u00a0\u00a0<\/b><br \/>\nVe\u013ekos\u0165 <strong>odpor\u00fa\u010dan\u00e9 univerz\u00e1lne<\/strong> pre d\u00e1my vo ve\u013ekosti od<strong> XS a\u017e L\u00a0<\/strong><\/p>\n<h3 style=\"text-align: center;\">Rozmery<\/h3>\n<ul style=\"text-align: center;\">\n<li>celkov\u00e1 d\u013a\u017eka: 68 cm<\/li>\n<li>\u0161\u00edrka od pazuchy po pazuchu: 38-48 cm<\/li>\n<li>odpor\u00fa\u010dan\u00fd maxim\u00e1lny obvod poprsia: 96 cm<\/li>\n<li><\/li>\n<\/ul>\n<p style=\"text-align: center;\">Rozmery sa m\u00f4\u017eu mierne l\u00ed\u0161i\u0165 od uveden\u00fdch +\/- 2cm. V\u0161etky uveden\u00e9 rozmery s\u00fa meran\u00e9 plo\u0161ne.<\/p>\n<p style=\"text-align: center;\"><strong>\u00a0<\/strong><\/p>\n<table width=\"617\">\n<tbody>\n<tr>\n<td width=\"302\">Meno modela<\/td>\n<td width=\"302\">\u010cipkovan\u00e9 body<\/td>\n<\/tr>\n<tr>\n<td width=\"302\">Farba<\/td>\n<td width=\"302\">biely<\/td>\n<\/tr>\n<tr>\n<td width=\"302\">Zbierka<\/td>\n<td width=\"302\">Jar leto jese\u0148 zima<\/td>\n<\/tr>\n<tr>\n<td width=\"302\">ve\u013ekosti<\/td>\n<td width=\"302\">Univerz\u00e1lny<\/td>\n<\/tr>\n<tr>\n<td width=\"302\">M\u00f3da<\/td>\n<td width=\"302\">Zhoda<\/td>\n<\/tr>\n<tr>\n<td width=\"302\">\u0160tiepenie<\/td>\n<td width=\"302\">Okr\u00fahly<\/td>\n<\/tr>\n<tr>\n<td width=\"302\">Nohavi\u010dky<\/td>\n<td width=\"302\">nohavi\u010dky<\/td>\n<\/tr>\n<tr>\n<td width=\"302\">Ruk\u00e1v<\/td>\n<td width=\"302\">Dlh\u00e9<\/td>\n<\/tr>\n<\/tbody>\n<\/table>\n<p>&nbsp;<\/p>\n<p>&nbsp;<\/p>\n<p style=\"text-align: center;\">Model m\u00e1\u00a0<strong>169<\/strong>\u00a0cm vysok\u00fd, nos\u00ed ve\u013ekos\u0165 ka\u017ed\u00fd de\u0148\u00a0<strong>S<\/strong><\/p>\n<p style=\"text-align: center;\">\u0160\u00edrka cez prsia 92 cm<\/p>\n<p style=\"text-align: center;\">\u0160\u00edrka v p\u00e1se 62 cm<\/p>\n<p style=\"text-align: center;\">\u0160\u00edrka v bokoch 94 cm<\/p>","protected":false},"excerpt":{"rendered":"<p>Body Sznurowane Bia\u0142e Body Sznurowane Bia\u0142e\u00a0. Body wykonane z rozci\u0105gliwej dzianiny, co sprawia, \u017ce idealnie dopasowuje si\u0119 do sylwetki. Rewelacyjnie sprawdzi si\u0119 zar\u00f3wno w eleganckich, jak i wieczorowych stylizacjach. Model w kt\u00f3rym si\u0119 zakochasz . Mo\u017cesz je nosi\u0107 do szort\u00f3w, d\u017cins\u00f3w, sp\u00f3dnicy, a nawet spodni ze sk\u00f3ry. Produkt europejski &#8211;\u00a0 Idealnie dopasowuje si\u0119 do sylwetki.<\/p>\n<div class=\"klb-readmore post-buttons\"><a class=\"button black outline size-sm\" href=\"https:\/\/madelinefashion.pl\/sk\/body-sznurowane-biale\/\">\u010c\u00edta\u0165 \u010falej <i class=\"klbth-icon-right-arrow\"><\/i><\/a><\/div>","protected":false},"featured_media":56726,"template":"","meta":[],"product_brand":[],"product_cat":[84],"product_tag":[],"class_list":{"0":"post-6186","1":"product","2":"type-product","3":"status-publish","4":"has-post-thumbnail","6":"product_cat-body","8":"first","9":"instock","10":"purchasable","11":"product-type-simple"},"_links":{"self":[{"href":"https:\/\/madelinefashion.pl\/sk\/wp-json\/wp\/v2\/product\/6186","targetHints":{"allow":["GET"]}}],"collection":[{"href":"https:\/\/madelinefashion.pl\/sk\/wp-json\/wp\/v2\/product"}],"about":[{"href":"https:\/\/madelinefashion.pl\/sk\/wp-json\/wp\/v2\/types\/product"}],"wp:featuredmedia":[{"embeddable":true,"href":"https:\/\/madelinefashion.pl\/sk\/wp-json\/wp\/v2\/media\/56726"}],"wp:attachment":[{"href":"https:\/\/madelinefashion.pl\/sk\/wp-json\/wp\/v2\/media?parent=6186"}],"wp:term":[{"taxonomy":"product_brand","embeddable":true,"href":"https:\/\/madelinefashion.pl\/sk\/wp-json\/wp\/v2\/product_brand?post=6186"},{"taxonomy":"product_cat","embeddable":true,"href":"https:\/\/madelinefashion.pl\/sk\/wp-json\/wp\/v2\/product_cat?post=6186"},{"taxonomy":"product_tag","embeddable":true,"href":"https:\/\/madelinefashion.pl\/sk\/wp-json\/wp\/v2\/product_tag?post=6186"}],"curies":[{"name":"pracovn\u00fd list","href":"https:\/\/api.w.org\/{rel}","templated":true}]}}