{"id":6244,"date":"2021-03-22T22:24:12","date_gmt":"2021-03-22T21:24:12","guid":{"rendered":"https:\/\/madelinefashion.pl\/?post_type=product&#038;p=6244"},"modified":"2026-03-03T13:54:55","modified_gmt":"2026-03-03T12:54:55","slug":"body-pistolety-czerwone","status":"publish","type":"product","link":"https:\/\/madelinefashion.pl\/sk\/body-pistolety-czerwone\/","title":{"rendered":"Body Red Pistols"},"content":{"rendered":"<h2 style=\"text-align: center;\">Body Red Pistols<\/h2>\n<p><strong>Kr\u00e1sny medved\u00edk<\/strong>s origin\u00e1lmi<strong> zbrane,<\/strong> perfektne zladen\u00e9, super pohodln\u00e9, pr\u00edjemn\u00e9 na nosenie. Ve\u013emi p\u00f4sobiv\u00fd model dostupn\u00fd v univerz\u00e1lnej ve\u013ekosti. Klzk\u00fd, neprieh\u013eadn\u00fd materi\u00e1l, dlh\u00fd ruk\u00e1v. Body zap\u00ednanie na h\u00e1\u010diky v rozkroku, vyv\u00fd\u0161en\u00fd chrb\u00e1t. Ide\u00e1lne pre elegantn\u00e9 aj neform\u00e1lne \u0161tyliz\u00e1cie. Vybran\u00e9 pre mnoho \u0161t\u00fdlov. Model, ktor\u00fd si zamilujete. M\u00f4\u017eete ich nosi\u0165 k \u0161ortk\u00e1m, d\u017e\u00ednsom, sukni a dokonca aj ko\u017een\u00fdm nohaviciam. Dokonale sa prisp\u00f4sob\u00ed postave. Ide\u00e1lne do \u0161koly, pr\u00e1ce, na rande alebo na stretnutie s priate\u013emi! <b>Ide\u00e1lne pre ka\u017ed\u00fa pr\u00edle\u017eitos\u0165 a \u010das!\u00a0<\/b>Ve\u013ekos\u0165\u00a0<b>odpor\u00fa\u010dan\u00e9 univerz\u00e1lne<\/b>\u00a0pre d\u00e1my z<b>\u00a0XS a\u017e L<\/b><\/p>\n<h3 style=\"text-align: center;\">Rozmery :<\/h3>\n<ul style=\"text-align: center;\">\n<li>celkov\u00e1 d\u013a\u017eka: 75 cm<\/li>\n<li>\u0161\u00edrka od pazuchy po pazuchu: 40-48 cm<\/li>\n<li>\u0161\u00edrka v p\u00e1se: 30-40 cm<\/li>\n<li>odpor\u00fa\u010dan\u00fd maxim\u00e1lny obvod poprsia: 96 cm<\/li>\n<li>D\u013a\u017eka ruk\u00e1va od ramena: 62 cm<\/li>\n<li>D\u013a\u017eka ruk\u00e1va od podpazu\u0161ia: 43 cm<\/li>\n<li><\/li>\n<\/ul>\n<p>&nbsp;<\/p>\n<p>&nbsp;<\/p>\n<p style=\"text-align: center;\">Rozmery sa m\u00f4\u017eu mierne l\u00ed\u0161i\u0165 od uveden\u00fdch +\/- 2cm. V\u0161etky uveden\u00e9 rozmery s\u00fa meran\u00e9 plo\u0161ne.<\/p>\n<p style=\"text-align: center;\"><strong>\u00a0<\/strong><\/p>\n<table width=\"618\">\n<tbody>\n<tr>\n<td width=\"302\">Meno modela<\/td>\n<td width=\"302\">Telov\u00e9 zbrane<\/td>\n<\/tr>\n<tr>\n<td width=\"302\">Farba<\/td>\n<td width=\"302\">\u010cerven\u00e1<\/td>\n<\/tr>\n<tr>\n<td width=\"302\">ve\u013ekosti<\/td>\n<td width=\"302\">Univerz\u00e1lny<\/td>\n<\/tr>\n<tr>\n<td width=\"302\">Zhoda<\/td>\n<td width=\"302\">\u00c1no<\/td>\n<\/tr>\n<tr>\n<td width=\"302\">\u0160tiepenie<\/td>\n<td width=\"302\">Okr\u00fahly<\/td>\n<\/tr>\n<tr>\n<td width=\"302\">Materi\u00e1l<\/td>\n<td width=\"302\">95% polyester 5% elastan<\/td>\n<\/tr>\n<\/tbody>\n<\/table>\n<p>&nbsp;<\/p>\n<p>&nbsp;<\/p>\n<p style=\"text-align: center;\">Model m\u00e1\u00a0<strong>169<\/strong>\u00a0cm vysok\u00fd, nos\u00ed ve\u013ekos\u0165 ka\u017ed\u00fd de\u0148\u00a0<strong>S<\/strong><\/p>\n<p style=\"text-align: center;\">\u0160\u00edrka cez prsia 92 cm<\/p>\n<p style=\"text-align: center;\">\u0160\u00edrka v p\u00e1se 62 cm<\/p>\n<p style=\"text-align: center;\">\u0160\u00edrka v bokoch 94 cm<\/p>","protected":false},"excerpt":{"rendered":"<p>Body Pistolety Czerwone Pi\u0119kne body, z oryginalnymi pistoletami, idealnie dopasowane , mega wygodne , komfortowe w noszeniu . Bardzo efektowny model dost\u0119pny w rozmiarze uniwersalnym. Materia\u0142 \u015bliski, kryj\u0105cy, d\u0142ugi r\u0119kaw. Body zapinane na haftki w kroku, ty\u0142 zabudowany. Rewelacyjnie sprawdz\u0105 si\u0119 zar\u00f3wno w eleganckich, jak i casualowych stylizacjach. Wybierane do wielu stylizacji. Model w kt\u00f3rym<\/p>\n<div class=\"klb-readmore post-buttons\"><a class=\"button black outline size-sm\" href=\"https:\/\/madelinefashion.pl\/sk\/body-pistolety-czerwone\/\">\u010c\u00edta\u0165 \u010falej <i class=\"klbth-icon-right-arrow\"><\/i><\/a><\/div>","protected":false},"featured_media":60558,"template":"","meta":[],"product_brand":[],"product_cat":[84],"product_tag":[],"class_list":{"0":"post-6244","1":"product","2":"type-product","3":"status-publish","4":"has-post-thumbnail","6":"product_cat-body","8":"first","9":"instock","10":"purchasable","11":"product-type-simple"},"_links":{"self":[{"href":"https:\/\/madelinefashion.pl\/sk\/wp-json\/wp\/v2\/product\/6244","targetHints":{"allow":["GET"]}}],"collection":[{"href":"https:\/\/madelinefashion.pl\/sk\/wp-json\/wp\/v2\/product"}],"about":[{"href":"https:\/\/madelinefashion.pl\/sk\/wp-json\/wp\/v2\/types\/product"}],"wp:featuredmedia":[{"embeddable":true,"href":"https:\/\/madelinefashion.pl\/sk\/wp-json\/wp\/v2\/media\/60558"}],"wp:attachment":[{"href":"https:\/\/madelinefashion.pl\/sk\/wp-json\/wp\/v2\/media?parent=6244"}],"wp:term":[{"taxonomy":"product_brand","embeddable":true,"href":"https:\/\/madelinefashion.pl\/sk\/wp-json\/wp\/v2\/product_brand?post=6244"},{"taxonomy":"product_cat","embeddable":true,"href":"https:\/\/madelinefashion.pl\/sk\/wp-json\/wp\/v2\/product_cat?post=6244"},{"taxonomy":"product_tag","embeddable":true,"href":"https:\/\/madelinefashion.pl\/sk\/wp-json\/wp\/v2\/product_tag?post=6244"}],"curies":[{"name":"pracovn\u00fd list","href":"https:\/\/api.w.org\/{rel}","templated":true}]}}