{"id":62938,"date":"2022-10-17T11:23:25","date_gmt":"2022-10-17T09:23:25","guid":{"rendered":"https:\/\/madelinefashion.pl\/?post_type=product&#038;p=62938"},"modified":"2026-02-16T15:02:26","modified_gmt":"2026-02-16T14:02:26","slug":"czarne-botki-z-fredzalmi-czarne-haidanassa","status":"publish","type":"product","link":"https:\/\/madelinefashion.pl\/sk\/czarne-botki-z-fredzalmi-czarne-haidanassa\/","title":{"rendered":"\u010cierne strapcov\u00e9 \u010dlenkov\u00e9 \u010di\u017emy Black Haidanassa"},"content":{"rendered":"<h3 style=\"text-align: center;\">\u010cierne strapcov\u00e9 \u010dlenkov\u00e9 \u010di\u017emy Black Haidanassa<\/h3>\n<p>\u010cierne \u010di\u017emy so strapcami Black Haidanassa s\u00fa perfektn\u00fdm rie\u0161en\u00edm na d\u00f4le\u017eitej\u0161ie spolo\u010densk\u00e9 stretnutia. Mimoriadne pohodln\u00e9 a pohodln\u00e9 v\u010faka pou\u017eitiu optim\u00e1lneho profilovania pre jemn\u00e9 \u017eensk\u00e9 chodidlo a m\u00e4kkej vlo\u017eke. \u010ci\u017emy na podp\u00e4tku bude pote\u0161en\u00edm zladi\u0165 s mnoh\u00fdmi \u0161t\u00fdlmi.<strong>\u00a0<\/strong>Navy\u0161e vedia ve\u013emi dobre udr\u017ea\u0165 chodidlo v pr\u00edjemnej teplote. Bud\u00fa skvelou ozdobou pre ka\u017edodenn\u00e9 \u0161tyliz\u00e1cie.<\/p>\n<h3 style=\"text-align: center;\">Charakteristika:<\/h3>\n<ul>\n<li style=\"text-align: center;\">Klasick\u00e9 \u010di\u017emy na st\u013apiku - elegancia a pote\u0161enie z pou\u017e\u00edvania<\/li>\n<li style=\"text-align: center;\">M\u00f3dne \u2013 odpor\u00fa\u010dan\u00e9 blogermi<\/li>\n<li style=\"text-align: center;\">Pevn\u00fd op\u00e4tok - chod\u00ed sa v nich stabilne<\/li>\n<li style=\"text-align: center;\">Pohodln\u00e9 - pohodlne v nich str\u00e1vite cel\u00fd de\u0148<\/li>\n<li style=\"text-align: center;\">Klasick\u00fd vzh\u013ead - univerz\u00e1lny a nad\u010dasov\u00fd strih<\/li>\n<\/ul>\n<div class=\"mb-4\" style=\"text-align: center;\"><b>Farba:\u00a0<\/b>\u010dierna<\/div>\n<div class=\"mb-4\" style=\"text-align: center;\" data-key=\"sizes\"><b>Ve\u013ekos\u0165:\u00a0<\/b>Typick\u00e9<\/div>\n<div class=\"mb-4\" style=\"text-align: center;\" data-key=\"foot-thickness\"><b>\u0161\u00edrka chodidla:\u00a0<\/b>Neutr\u00e1lne<\/div>\n<div class=\"mb-4\" style=\"text-align: center;\" data-key=\"type-of-heel\"><b>Typ podp\u00e4tku:\u00a0<\/b>Pr\u00edspevok<\/div>\n<div class=\"mb-4\" style=\"text-align: center;\" data-key=\"warming\"><b>Otep\u013eovanie:\u00a0<\/b>\u013dahko zateplen\u00e9<\/div>\n<div class=\"mb-4\" style=\"text-align: center;\" data-key=\"cloth\"><b>Materi\u00e1l:\u00a0<\/b>Ekoko\u017ea<\/div>\n<div class=\"mb-4\" style=\"text-align: center;\" data-key=\"nose-of-shoe\"><b>\u0160pi\u010dka top\u00e1nky:\u00a0<\/b>Tonsil<\/div>\n<div class=\"mb-4\" style=\"text-align: center;\"><b>V\u00fd\u0161ka podp\u00e4tku:\u00a0<\/b>8 cm<\/div>\n<h3 style=\"text-align: center;\"><\/h3>\n<table width=\"540\">\n<thead>\n<tr>\n<td width=\"216\"><strong>Ve\u013ekos\u0165 E\u00da<\/strong><\/td>\n<td width=\"316\"><strong>D\u013a\u017eka vlo\u017eky<\/strong><\/td>\n<\/tr>\n<\/thead>\n<tbody>\n<tr>\n<td width=\"216\"><strong>36<\/strong><\/td>\n<td width=\"316\">23 cm<\/td>\n<\/tr>\n<tr>\n<td width=\"216\"><strong>37<\/strong><\/td>\n<td width=\"316\">24 cm<\/td>\n<\/tr>\n<tr>\n<td width=\"216\"><strong>38<\/strong><\/td>\n<td width=\"316\">24,5 cm<\/td>\n<\/tr>\n<tr>\n<td width=\"216\"><strong>39<\/strong><\/td>\n<td width=\"316\">25 cm<\/td>\n<\/tr>\n<tr>\n<td width=\"216\"><strong>40<\/strong><\/td>\n<td width=\"316\">25,5 cm<\/td>\n<\/tr>\n<tr>\n<td width=\"216\"><strong>41<\/strong><\/td>\n<td width=\"316\">26 cm<\/td>\n<\/tr>\n<\/tbody>\n<\/table>\n<div class=\"wrap-content\">\n<div class=\"main-container container\">\n<div class=\"row\">\n<section class=\"main-content sidebar-left-false\">\n<div class=\"product-page page\">\n<div class=\"page-content\">\n<div id=\"ProductSizing\" class=\"product-sizing modal fade in\" tabindex=\"-1\" role=\"dialog\" aria-hidden=\"false\">\n<div class=\"modal-dialog\">\n<div class=\"modal-content\">\n<div class=\"widget html_editor\">\n<p>&nbsp;<\/p>\n<\/div>\n<p>&nbsp;<\/p>\n<\/div>\n<\/div>\n<\/div>\n<\/div>\n<\/div>\n<\/section>\n<\/div>\n<\/div>\n<\/div>\n<div class=\"wrap-footer\">\n<footer class=\"\">\n<div class=\"container\">\n<div class=\"footer-newsletter-box\"><\/div>\n<\/div>\n<\/footer>\n<\/div>\n<table>\n<tbody>\n<tr>\n<td width=\"302\">Meno modela<\/td>\n<td width=\"302\">Haidanassa \u010dierne strapcov\u00e9 \u010dlenkov\u00e9 \u010di\u017emy<\/td>\n<\/tr>\n<tr>\n<td width=\"302\">Farba<\/td>\n<td width=\"302\">\u010dierna<\/td>\n<\/tr>\n<tr>\n<td width=\"302\">ve\u013ekosti<\/td>\n<td width=\"302\">36 37\u00a0 38\u00a0 39 40 41<\/td>\n<\/tr>\n<tr>\n<td width=\"302\">Materi\u00e1l<\/td>\n<td width=\"302\">Ekoko\u017ea<\/td>\n<\/tr>\n<tr>\n<td width=\"302\">Otep\u013eovanie<\/td>\n<td width=\"302\">\u00c1no<\/td>\n<\/tr>\n<tr>\n<td width=\"302\">Spona<\/td>\n<td width=\"302\">Z\u00e1mok<\/td>\n<\/tr>\n<tr>\n<td width=\"302\">Zbierka<\/td>\n<td width=\"302\">jar\/jese\u0148\/zima<\/td>\n<\/tr>\n<\/tbody>\n<\/table>\n<div class=\"tabs tabs-bb clear mb-80\">\n<div class=\"tab-content\">\n<div id=\"tab-description\" class=\"tab-pane fade in woocommerce-Tabs-panel--description active\">\n<p style=\"text-align: center;\">\n<\/div>\n<\/div>\n<\/div>\n<section class=\"up-sells upsells products mb-80\"><\/section>\n<p style=\"text-align: left;\">A9881<\/p>","protected":false},"excerpt":{"rendered":"<p>Czarne Botki z Fr\u0119dzalmi Czarne Haidanassa Czarne Botki z Fr\u0119dzalmi Czarne Haidanassa\u00a0 to doskona\u0142e rozwi\u0105zanie na wa\u017cniejsze spotkania towarzyskie. Niezwykle wygodne i komfortowe dzi\u0119ki zastosowaniu optymalnego wyprofilowania do kobiecej delikatnej stopy oraz mi\u0119kkiej wk\u0142adce. Botki na obcasie z przyjemno\u015bci\u0105 dopasujesz do licznych stylizacji.\u00a0Ponadto s\u0105 w stanie bardzo dobrze utrzyma\u0107 stop\u0119 w komfortowej temperaturze. B\u0119d\u0105 \u015bwietn\u0105<\/p>\n<div class=\"klb-readmore post-buttons\"><a class=\"button black outline size-sm\" href=\"https:\/\/madelinefashion.pl\/sk\/czarne-botki-z-fredzalmi-czarne-haidanassa\/\">\u010c\u00edta\u0165 \u010falej <i class=\"klbth-icon-right-arrow\"><\/i><\/a><\/div>","protected":false},"featured_media":62970,"template":"","meta":[],"product_brand":[],"product_cat":[400,395],"product_tag":[492],"class_list":{"0":"post-62938","1":"product","2":"type-product","3":"status-publish","4":"has-post-thumbnail","6":"product_cat-buty","7":"product_cat-nowosci","8":"product_tag-botki","10":"first","11":"instock","12":"sale","13":"purchasable","14":"product-type-variable"},"_links":{"self":[{"href":"https:\/\/madelinefashion.pl\/sk\/wp-json\/wp\/v2\/product\/62938","targetHints":{"allow":["GET"]}}],"collection":[{"href":"https:\/\/madelinefashion.pl\/sk\/wp-json\/wp\/v2\/product"}],"about":[{"href":"https:\/\/madelinefashion.pl\/sk\/wp-json\/wp\/v2\/types\/product"}],"wp:featuredmedia":[{"embeddable":true,"href":"https:\/\/madelinefashion.pl\/sk\/wp-json\/wp\/v2\/media\/62970"}],"wp:attachment":[{"href":"https:\/\/madelinefashion.pl\/sk\/wp-json\/wp\/v2\/media?parent=62938"}],"wp:term":[{"taxonomy":"product_brand","embeddable":true,"href":"https:\/\/madelinefashion.pl\/sk\/wp-json\/wp\/v2\/product_brand?post=62938"},{"taxonomy":"product_cat","embeddable":true,"href":"https:\/\/madelinefashion.pl\/sk\/wp-json\/wp\/v2\/product_cat?post=62938"},{"taxonomy":"product_tag","embeddable":true,"href":"https:\/\/madelinefashion.pl\/sk\/wp-json\/wp\/v2\/product_tag?post=62938"}],"curies":[{"name":"pracovn\u00fd list","href":"https:\/\/api.w.org\/{rel}","templated":true}]}}