{"id":6384,"date":"2021-03-23T19:36:22","date_gmt":"2021-03-23T18:36:22","guid":{"rendered":"https:\/\/madelinefashion.pl\/?post_type=product&#038;p=6384"},"modified":"2026-01-20T10:34:40","modified_gmt":"2026-01-20T09:34:40","slug":"tunika-beautiful-czarna","status":"publish","type":"product","link":"https:\/\/madelinefashion.pl\/sk\/tunika-beautiful-czarna\/","title":{"rendered":"Kr\u00e1sna \u010dierna tunika"},"content":{"rendered":"<h2 style=\"text-align: center;\">Kr\u00e1sna \u010dierna tunika<\/h2>\n<p style=\"text-align: center;\">H\u013ead\u00e1te pohodln\u00e9 a <strong>\u0161t\u00fdlov\u00e1 tunika<\/strong>ktor\u00e9 m\u00f4\u017eete nosi\u0165 aj vy <a href=\"https:\/\/madelinefashion.pl\/sk\/sukienki-i-kombinezony\/sukienki\/\" target=\"_blank\" rel=\"noopener\">\u0161aty<\/a>\u00a0alebo tunika? Pozrite si na\u0161e\u00a0<strong>tuniky <\/strong>! \u013dahk\u00e1 tunika sa bude hodi\u0165 v ka\u017edom ro\u010dnom obdob\u00ed. Tunika je v spodnej \u010dasti ukon\u010den\u00e1 ozdobnou \u0161n\u00farkou a vpredu je ozdobn\u00e1<strong> zlat\u00fd n\u00e1pis\u00a0<\/strong>. Vyroben\u00e9 z pr\u00edjemn\u00e9ho a \u013eahk\u00e9ho materi\u00e1lu. Klasick\u00fd strih sa bude hodi\u0165 do \u0161koly, pr\u00e1ce alebo na ka\u017edodenn\u00e9 vych\u00e1dzky. Tunika vpredu zakryt\u00e1 je ala semi\u0161ov\u00e1.\u00a0 \u00a0<strong>\u010cierna tunika<\/strong>\u00a0je dokonal\u00fdm n\u00e1padom pre pohodln\u00fd a m\u00f3dny styling. Odpor\u00fa\u010dame pre d\u00e1my vo ve\u013ekosti SML XL XXL<\/p>\n<h3 style=\"text-align: center;\">\u00a0 \u00a0 \u00a0 \u00a0Rozmery<\/h3>\n<ul style=\"text-align: center;\">\n<li style=\"list-style-type: none;\">\n<ul>\n<li>\u00a0\u00a0\u00a0\u00a0\u00a0\u00a0\u00a0 celkov\u00e1 d\u013a\u017eka: 88 cm<\/li>\n<li>\u00a0\u00a0\u00a0\u00a0\u00a0\u00a0\u00a0 \u0161\u00edrka od pazuchy po pazuchu: 54-60 cm<\/li>\n<li>\u00a0\u00a0\u00a0\u00a0\u00a0\u00a0\u00a0 d\u013a\u017eka ruk\u00e1va od ramena: 42 cm<\/li>\n<li>\u00a0\u00a0\u00a0\u00a0\u00a0\u00a0\u00a0 d\u013a\u017eka ruk\u00e1va od podpazu\u0161ia: 28 cm<\/li>\n<li>\u00a0\u00a0\u00a0\u00a0\u00a0\u00a0\u00a0 odpor\u00fa\u010dan\u00fd maxim\u00e1lny obvod poprsia: 120 cm<\/li>\n<\/ul>\n<\/li>\n<\/ul>\n<table>\n<tbody>\n<tr>\n<td width=\"302\">Meno modela<\/td>\n<td width=\"302\">Kr\u00e1sna tunika<\/td>\n<\/tr>\n<tr>\n<td width=\"302\">Farba<\/td>\n<td width=\"302\">\u010dierna<\/td>\n<\/tr>\n<tr>\n<td width=\"302\">ve\u013ekosti<\/td>\n<td width=\"302\">Univerz\u00e1lny<\/td>\n<\/tr>\n<tr>\n<td width=\"302\">M\u00f3da<\/td>\n<td width=\"302\">nadrozmern\u00e9<\/td>\n<\/tr>\n<tr>\n<td width=\"302\">Materi\u00e1l<\/td>\n<td width=\"302\">95 % Bavlna 5lastan<\/td>\n<\/tr>\n<\/tbody>\n<\/table>\n<p>1<\/p>\n<div class=\"tabs tabs-bb clear mb-80\">\n<div class=\"tab-content\">\n<div id=\"tab-description\" class=\"tab-pane fade in woocommerce-Tabs-panel--description active\">\n<p style=\"text-align: center;\">\u00a0Model m\u00e1\u00a0<strong>175<\/strong>\u00a0cm vysok\u00fd, nos\u00ed ve\u013ekos\u0165 ka\u017ed\u00fd de\u0148\u00a0<strong>S<\/strong><\/p>\n<p>&nbsp;<\/p>\n<\/div>\n<\/div>\n<\/div>\n<section class=\"up-sells upsells products mb-80\"><\/section>\n<p style=\"text-align: center;\">","protected":false},"excerpt":{"rendered":"<p>Tunika Beautiful Czarna Szukasz wygodnej i stylowej Tuniki, kt\u00f3r\u0105 mo\u017cesz nosi\u0107 r\u00f3wnie\u017c jako sukienk\u0119\u00a0lub tunik\u0119? Sprawd\u017a nasze\u00a0tuniki ! Lekka tunika sprawdzi si\u0119 idealnie na ka\u017cd\u0105 por\u0119 roku. Tunika zako\u0144czona jest na dole ozdobn\u0105 koronk\u0105 a z przodu posiada ozdobny z\u0142oty napis\u00a0. Wykonana z przyjemnego i lekkiego materia\u0142u. Klasyczny fason b\u0119dzie idealny do szko\u0142y, pracy czy<\/p>\n<div class=\"klb-readmore post-buttons\"><a class=\"button black outline size-sm\" href=\"https:\/\/madelinefashion.pl\/sk\/tunika-beautiful-czarna\/\">\u010c\u00edta\u0165 \u010falej <i class=\"klbth-icon-right-arrow\"><\/i><\/a><\/div>","protected":false},"featured_media":6382,"template":"","meta":[],"product_brand":[],"product_cat":[77],"product_tag":[296],"class_list":{"0":"post-6384","1":"product","2":"type-product","3":"status-publish","4":"has-post-thumbnail","6":"product_cat-bluzki","7":"product_tag-tuniki","9":"first","10":"instock","11":"sale","12":"purchasable","13":"product-type-simple"},"_links":{"self":[{"href":"https:\/\/madelinefashion.pl\/sk\/wp-json\/wp\/v2\/product\/6384","targetHints":{"allow":["GET"]}}],"collection":[{"href":"https:\/\/madelinefashion.pl\/sk\/wp-json\/wp\/v2\/product"}],"about":[{"href":"https:\/\/madelinefashion.pl\/sk\/wp-json\/wp\/v2\/types\/product"}],"wp:featuredmedia":[{"embeddable":true,"href":"https:\/\/madelinefashion.pl\/sk\/wp-json\/wp\/v2\/media\/6382"}],"wp:attachment":[{"href":"https:\/\/madelinefashion.pl\/sk\/wp-json\/wp\/v2\/media?parent=6384"}],"wp:term":[{"taxonomy":"product_brand","embeddable":true,"href":"https:\/\/madelinefashion.pl\/sk\/wp-json\/wp\/v2\/product_brand?post=6384"},{"taxonomy":"product_cat","embeddable":true,"href":"https:\/\/madelinefashion.pl\/sk\/wp-json\/wp\/v2\/product_cat?post=6384"},{"taxonomy":"product_tag","embeddable":true,"href":"https:\/\/madelinefashion.pl\/sk\/wp-json\/wp\/v2\/product_tag?post=6384"}],"curies":[{"name":"pracovn\u00fd list","href":"https:\/\/api.w.org\/{rel}","templated":true}]}}