{"id":6435,"date":"2021-03-23T22:32:06","date_gmt":"2021-03-23T21:32:06","guid":{"rendered":"https:\/\/madelinefashion.pl\/?post_type=product&#038;p=6435"},"modified":"2025-09-09T10:37:35","modified_gmt":"2025-09-09T08:37:35","slug":"sukienka-panterka-kleopatra","status":"publish","type":"product","link":"https:\/\/madelinefashion.pl\/sk\/sukienka-panterka-kleopatra\/","title":{"rendered":"Leopardie \u0161aty Kleopatra"},"content":{"rendered":"<h3 style=\"text-align: center;\">Leopardie \u0161aty Kleopatra<\/h3>\n<p style=\"text-align: center;\"><span style=\"font-size: 10pt;\">Dotyk divokosti v <strong>v\u00e1\u0161 \u0161atn\u00edk<\/strong>! \u0160aty v\u00e1s prenes\u00fa do jedine\u010dnej atmosf\u00e9ry tropickej d\u017eungle. Origin\u00e1lne \u0161aty so zvieracou potla\u010dou. Vyroben\u00e9 z jemnej, vzdu\u0161nej l\u00e1tky.<br \/>\n<strong>\u0160aty so zvierac\u00edm mot\u00edvom <\/strong>je to vynikaj\u00faci z\u00e1klad pre mnoho \u0161t\u00fdlov. Zvieracie mot\u00edvy sa stali medzi nepopierate\u013en\u00fdm hitom <strong>celebrity a blogeri<\/strong>. Skvel\u00e1 ponuka pre oboch <strong>na p\u00e1rty, do pr\u00e1ce a na prech\u00e1dzku<\/strong>. \u0160aty maj\u00fa <strong>Vr\u00e1tane opasku<\/strong> v\u010faka ktor\u00e9mu zv\u00fdrazn\u00edte \u017eensk\u00e9 tvary. Odpor\u00fa\u010dame pre d\u00e1my vo ve\u013ekosti SML XL<br \/>\n<\/span><\/p>\n<ul style=\"text-align: center;\">\n<li><span style=\"font-size: 10pt;\">\u00da\u017easn\u00e9 \u0161aty so zvierac\u00edmi vzormi<\/span><\/li>\n<li><span style=\"font-size: 10pt;\">\u0160t\u00fdl s v\u00fdstrihom do V<\/span><\/li>\n<li><span style=\"font-size: 10pt;\">3\/4 ruk\u00e1v<\/span><\/li>\n<li><span style=\"font-size: 10pt;\">Ide\u00e1lne pre mnoho \u0161t\u00fdlov!<\/span><\/li>\n<li><span style=\"font-size: 10pt;\">Na\u0161a najnov\u0161ia ponuka na ka\u017ed\u00fa pr\u00edle\u017eitos\u0165!<\/span><\/li>\n<\/ul>\n<h3 style=\"text-align: center;\">Rozmery:<\/h3>\n<ul style=\"text-align: center;\">\n<li><span style=\"font-size: 10pt;\">\u00a0\u00a0\u00a0\u00a0\u00a0\u00a0\u00a0 celkov\u00e1 predn\u00e1 d\u013a\u017eka: 81 cm<br \/>\n<\/span><\/li>\n<li><span style=\"font-size: 10pt;\">\u00a0\u00a0\u00a0\u00a0\u00a0\u00a0\u00a0 celkov\u00e1 d\u013a\u017eka chrbta: 100 cm\u00a0<\/span><\/li>\n<li><span style=\"font-size: 10pt;\">\u00a0\u00a0\u00a0\u00a0\u00a0\u00a0\u00a0 \u0161\u00edrka od pazuchy po pazuchu: 62 cm<\/span><\/li>\n<li><span style=\"font-size: 10pt;\">\u00a0\u00a0\u00a0\u00a0\u00a0\u00a0\u00a0 d\u013a\u017eka ruk\u00e1va od podpazu\u0161ia: 29 cm<\/span><\/li>\n<li><span style=\"font-size: 10pt;\">\u00a0\u00a0\u00a0\u00a0\u00a0\u00a0\u00a0 d\u013a\u017eka ruk\u00e1va od ramena: 50 cm<\/span><\/li>\n<li><span style=\"font-size: 10pt;\">\u00a0\u00a0\u00a0\u00a0\u00a0\u00a0\u00a0 \u0161\u00edrka bokov: 62 cm<\/span><\/li>\n<\/ul>\n<p style=\"text-align: center;\"><span style=\"font-size: 10pt;\">Rozmery sa m\u00f4\u017eu mierne l\u00ed\u0161i\u0165 od uveden\u00fdch +\/- 2cm. V\u0161etky uveden\u00e9 rozmery s\u00fa meran\u00e9 plo\u0161ne.<\/span><\/p>\n<p style=\"text-align: center;\"><span style=\"font-size: 10pt;\">\u00a0<\/span><\/p>\n<table width=\"627\">\n<tbody>\n<tr>\n<td width=\"302\">Meno modela<\/td>\n<td width=\"302\">Leopardie \u0161aty Kleopatra<\/td>\n<\/tr>\n<tr>\n<td width=\"302\">Farba<\/td>\n<td width=\"302\">karamel<\/td>\n<\/tr>\n<tr>\n<td width=\"302\">M\u00f3da<\/td>\n<td width=\"302\">nadrozmern\u00e9<\/td>\n<\/tr>\n<tr>\n<td width=\"302\">Materi\u00e1l<\/td>\n<td width=\"302\">95 % Polyester 5% Elastan<\/td>\n<\/tr>\n<tr>\n<td width=\"302\">D\u013a\u017eka<\/td>\n<td width=\"302\">Na koleno<\/td>\n<\/tr>\n<\/tbody>\n<\/table>\n<p>&nbsp;<\/p>\n<p>&nbsp;<\/p>\n<div class=\"tabs tabs-bb clear mb-80\">\n<div class=\"tab-content\">\n<div id=\"tab-description\" class=\"tab-pane fade in woocommerce-Tabs-panel--description active\">\n<p style=\"text-align: center;\">\u00a0Modelka je vysok\u00e1 175 cm a zvy\u010dajne nos\u00ed ve\u013ekos\u0165 hore\u00a0<strong>S<\/strong><\/p>\n<\/div>\n<\/div>\n<\/div>\n<section class=\"related products mb-80\"><\/section>\n<p style=\"text-align: center;\"><span style=\"font-size: 10pt;\">\u00a0<\/span><\/p>\n<p style=\"text-align: center;\"><span style=\"font-size: 10pt;\">\u00a0<\/span><\/p>\n<p style=\"text-align: center;\"><span style=\"font-size: 10pt;\">\u00a0<\/span><\/p>\n<div class=\"additional-details\" style=\"text-align: center;\">\n<p><span style=\"font-size: 10pt;\">\u00a0<\/span><\/p>\n<p><span style=\"font-size: 10pt;\">\u00a0<\/span><\/p>\n<\/div>\n<div class=\"overview-buttons\" style=\"text-align: center;\"><span style=\"font-size: 10pt;\">\u00a0<\/span><\/div>\n<div class=\"additional-details\" style=\"text-align: center;\">\n<p style=\"text-align: center;\"><span style=\"font-size: 10pt;\">\u00a0<\/span><\/p>\n<\/div>","protected":false},"excerpt":{"rendered":"<p>Sukienka Panterka Kleopatra Odrobina dziko\u015bci w Twojej garderobie! Sukienka przeniesie Ci\u0119 w niepowtarzalny klimat tropikalnej d\u017cungli. Oryginalna, drukowana w zwierz\u0119cy print sukienka.\u00a0 Uszyta z delikatnej, zwiewnej tkaniny. Sukienka z Motywem zwierz\u0119cym to doskona\u0142a baza do wielu stylizacji. Zwierz\u0119ce motywy sta\u0142y si\u0119 niezaprzeczalnym hitem w\u015br\u00f3d gwiazd oraz blogerek.\u00a0 Super propozycja zar\u00f3wno na imprez\u0119, do pracy, jak<\/p>\n<div class=\"klb-readmore post-buttons\"><a class=\"button black outline size-sm\" href=\"https:\/\/madelinefashion.pl\/sk\/sukienka-panterka-kleopatra\/\">\u010c\u00edta\u0165 \u010falej <i class=\"klbth-icon-right-arrow\"><\/i><\/a><\/div>","protected":false},"featured_media":6430,"template":"","meta":[],"product_brand":[],"product_cat":[125],"product_tag":[],"class_list":{"0":"post-6435","1":"product","2":"type-product","3":"status-publish","4":"has-post-thumbnail","6":"product_cat-sukienki","8":"first","9":"instock","10":"purchasable","11":"product-type-simple"},"_links":{"self":[{"href":"https:\/\/madelinefashion.pl\/sk\/wp-json\/wp\/v2\/product\/6435","targetHints":{"allow":["GET"]}}],"collection":[{"href":"https:\/\/madelinefashion.pl\/sk\/wp-json\/wp\/v2\/product"}],"about":[{"href":"https:\/\/madelinefashion.pl\/sk\/wp-json\/wp\/v2\/types\/product"}],"wp:featuredmedia":[{"embeddable":true,"href":"https:\/\/madelinefashion.pl\/sk\/wp-json\/wp\/v2\/media\/6430"}],"wp:attachment":[{"href":"https:\/\/madelinefashion.pl\/sk\/wp-json\/wp\/v2\/media?parent=6435"}],"wp:term":[{"taxonomy":"product_brand","embeddable":true,"href":"https:\/\/madelinefashion.pl\/sk\/wp-json\/wp\/v2\/product_brand?post=6435"},{"taxonomy":"product_cat","embeddable":true,"href":"https:\/\/madelinefashion.pl\/sk\/wp-json\/wp\/v2\/product_cat?post=6435"},{"taxonomy":"product_tag","embeddable":true,"href":"https:\/\/madelinefashion.pl\/sk\/wp-json\/wp\/v2\/product_tag?post=6435"}],"curies":[{"name":"pracovn\u00fd list","href":"https:\/\/api.w.org\/{rel}","templated":true}]}}