{"id":6457,"date":"2021-03-23T23:33:49","date_gmt":"2021-03-23T22:33:49","guid":{"rendered":"https:\/\/madelinefashion.pl\/?post_type=product&#038;p=6457"},"modified":"2021-10-25T19:13:10","modified_gmt":"2021-10-25T17:13:10","slug":"komplet-asymetryczny-spodnica-bluzka-pudrowy-roz","status":"publish","type":"product","link":"https:\/\/madelinefashion.pl\/sk\/komplet-asymetryczny-spodnica-bluzka-pudrowy-roz\/","title":{"rendered":"Asymetrick\u00fd set suk\u0148a + bl\u00fazka p\u00fadrovo ru\u017eov\u00e1"},"content":{"rendered":"<h3 style=\"text-align: center;\">Asymetrick\u00fd set suk\u0148a + bl\u00fazka p\u00fadrovo ru\u017eov\u00e1<\/h3>\n<p style=\"text-align: center;\"><strong>Dreamlike Set Asymetrick\u00e1 suk\u0148a + bl\u00fazka<\/strong> p\u00fadrovo ru\u017eovej farby. Letn\u00fd komplet pozost\u00e1va zo \u0161panielskej bl\u00fazky s dlh\u00fdmi naf\u00faknut\u00fdmi ruk\u00e1vmi a asymetrickej sukne po zem s hlbok\u00fdm rozparkom zakon\u010den\u00fdm ozdobn\u00fdm vol\u00e1nom. Celok prezentuje ve\u013emi efektne. V\u010faka elastick\u00e9mu stavu sukne sadne v\u00e4\u010d\u0161ine siluet. Na\u0161a sada je perfektnou vo\u013ebou pre styling, v ktorom chcete za\u017eiari\u0165. S\u00faprava je dostupn\u00e1 v kr\u00e1snych farb\u00e1ch, ktor\u00e9 dokonale ladia s nadch\u00e1dzaj\u00facou sez\u00f3nou. Odpor\u00fa\u010da sa pre d\u00e1my, ktor\u00e9 nosia ve\u013e <strong>SML\u00a0<\/strong><\/p>\n<h3 style=\"text-align: center;\">\u00a0 \u00a0 \u00a0Rozmery :<\/h3>\n<p style=\"text-align: center;\"><strong>BL\u00daZKA<\/strong><br \/>\n\u0160\u00edrka pod pazuchami: 43-48 cm<br \/>\nCelkov\u00e1 d\u013a\u017eka: 44 cm<\/p>\n<p style=\"text-align: center;\"><strong>SUK\u0147A<\/strong><br \/>\n\u0160\u00edrka p\u00e1sa (elastick\u00fd): 30-42 cm<br \/>\nD\u013a\u017eka chrbta: 100 cm<\/p>\n<p style=\"text-align: center;\">Rozmery sa m\u00f4\u017eu mierne l\u00ed\u0161i\u0165 od uveden\u00fdch +\/- 2cm. V\u0161etky uveden\u00e9 rozmery s\u00fa meran\u00e9 plo\u0161ne.<\/p>\n<table width=\"618\">\n<tbody>\n<tr>\n<td width=\"302\">Meno modela<\/td>\n<td width=\"302\">Asymetrick\u00fd set suk\u0148a + bl\u00fazka<\/td>\n<\/tr>\n<tr>\n<td width=\"302\">Farba<\/td>\n<td width=\"302\">P\u00fadrov\u00e1 ru\u017eov\u00e1<\/td>\n<\/tr>\n<tr>\n<td width=\"302\">ve\u013ekosti<\/td>\n<td width=\"302\">Univerz\u00e1lny<\/td>\n<\/tr>\n<tr>\n<td width=\"302\">M\u00f3da<\/td>\n<td width=\"302\">nadrozmern\u00e9<\/td>\n<\/tr>\n<tr>\n<td width=\"302\">Materi\u00e1l<\/td>\n<td width=\"302\">95 % Polyester 5last<\/td>\n<\/tr>\n<\/tbody>\n<\/table>\n<div class=\"tabs tabs-bb clear mb-80\">\n<div class=\"tab-content\">\n<div id=\"tab-description\" class=\"tab-pane fade in woocommerce-Tabs-panel--description active\">\n<p style=\"text-align: center;\">\u00a0Modelka je vysok\u00e1 175 cm a zvy\u010dajne nos\u00ed ve\u013ekos\u0165 hore\u00a0<strong>S<\/strong><\/p>\n<\/div>\n<\/div>\n<\/div>\n<section class=\"related products mb-80\"><\/section>\n<p style=\"text-align: center;\">","protected":false},"excerpt":{"rendered":"<p>Komplet Asymetryczny Sp\u00f3dnica + Bluzka Pudrowy R\u00f3\u017c Zjawiskowy Komplet Asymetryczny sp\u00f3dnica + bluzka w kolorze pudrowego r\u00f3\u017cu. Letni zestaw sk\u0142ada si\u0119 z bluzki hiszpanki z d\u0142ugimi, bufiastymi r\u0119kawami oraz asymetrycznej sp\u00f3dnicy do ziemi z g\u0142\u0119bokim rozci\u0119ciem zako\u0144czony ozdobn\u0105\u00a0 falban\u0105. Ca\u0142o\u015b\u0107 prezentuje niezwykle efektownie. Elastyczny stan sp\u00f3dniczki sprawia, \u017ce b\u0119dzie pasowa\u0142 na wi\u0119kszo\u015b\u0107 sylwetek. Nasz komplet<\/p>\n<div class=\"klb-readmore post-buttons\"><a class=\"button black outline size-sm\" href=\"https:\/\/madelinefashion.pl\/sk\/komplet-asymetryczny-spodnica-bluzka-pudrowy-roz\/\">\u010c\u00edta\u0165 \u010falej <i class=\"klbth-icon-right-arrow\"><\/i><\/a><\/div>","protected":false},"featured_media":6456,"template":"","meta":[],"product_brand":[],"product_cat":[89],"product_tag":[],"class_list":{"0":"post-6457","1":"product","2":"type-product","3":"status-publish","4":"has-post-thumbnail","6":"product_cat-komplety","7":"pa_rozmiar-s-m","8":"pa_rozmiar-l-xl","10":"first","11":"instock","12":"purchasable","13":"product-type-simple"},"_links":{"self":[{"href":"https:\/\/madelinefashion.pl\/sk\/wp-json\/wp\/v2\/product\/6457","targetHints":{"allow":["GET"]}}],"collection":[{"href":"https:\/\/madelinefashion.pl\/sk\/wp-json\/wp\/v2\/product"}],"about":[{"href":"https:\/\/madelinefashion.pl\/sk\/wp-json\/wp\/v2\/types\/product"}],"wp:featuredmedia":[{"embeddable":true,"href":"https:\/\/madelinefashion.pl\/sk\/wp-json\/wp\/v2\/media\/6456"}],"wp:attachment":[{"href":"https:\/\/madelinefashion.pl\/sk\/wp-json\/wp\/v2\/media?parent=6457"}],"wp:term":[{"taxonomy":"product_brand","embeddable":true,"href":"https:\/\/madelinefashion.pl\/sk\/wp-json\/wp\/v2\/product_brand?post=6457"},{"taxonomy":"product_cat","embeddable":true,"href":"https:\/\/madelinefashion.pl\/sk\/wp-json\/wp\/v2\/product_cat?post=6457"},{"taxonomy":"product_tag","embeddable":true,"href":"https:\/\/madelinefashion.pl\/sk\/wp-json\/wp\/v2\/product_tag?post=6457"}],"curies":[{"name":"pracovn\u00fd list","href":"https:\/\/api.w.org\/{rel}","templated":true}]}}