{"id":64591,"date":"2022-10-27T17:11:55","date_gmt":"2022-10-27T15:11:55","guid":{"rendered":"https:\/\/madelinefashion.pl\/?post_type=product&#038;p=64591"},"modified":"2025-09-09T10:22:06","modified_gmt":"2025-09-09T08:22:06","slug":"marynarka-w-krate-nikola-czerwona","status":"publish","type":"product","link":"https:\/\/madelinefashion.pl\/sk\/marynarka-w-krate-nikola-czerwona\/","title":{"rendered":"Kockovan\u00e9 sako Nikola Red"},"content":{"rendered":"<h3 style=\"text-align: center;\">Kockovan\u00e9 sako Nikola Red<\/h3>\n<p style=\"text-align: center;\">Elegantn\u00e9 sako v najm\u00f3dnej\u0161om k\u00e1rovanom vzore tejto sez\u00f3ny. Bunda m\u00e1 vpredu figur\u00edny vreciek a zap\u00edna sa na gomb\u00edk. Model s pod\u0161\u00edvkou m\u00e1 imit\u00e1ciu vreciek.Bunda m\u00e1 v\u0161it\u00e9 vypch\u00e1vky na ramen\u00e1ch. <strong>Klasick\u00e9 sako je prvkom oble\u010denia, ktor\u00fd by mal ma\u0165 v \u0161atn\u00edku ka\u017ed\u00fd z n\u00e1s. <\/strong>Ide\u00e1lne pre elegantn\u00e9 \u0161tyliz\u00e1cie a skvel\u00e9 pre oby\u010dajn\u00e9 tri\u010dko a d\u017e\u00ednsy. Vysoko kvalitn\u00fd materi\u00e1l. <strong>Origin\u00e1lny \u0161t\u00fdl<\/strong> bundy bud\u00fa fungova\u0165 v elegantnom aj \u0161portovom \u0161t\u00fdle. Ozdobn\u00e9 gomb\u00edky na man\u017eet\u00e1ch. Mimoriadne \u0161t\u00fdlov\u00e1 ponuka na ka\u017edodenn\u00e9 pou\u017eitie, ako aj na elegantnej\u0161ie \u0161tyliz\u00e1cie.<\/p>\n<h3 style=\"text-align: center;\">Rozmery:<\/h3>\n<p style=\"text-align: center;\"><strong>36\/S<\/strong><\/p>\n<p style=\"text-align: center;\">Celkov\u00e1 d\u013a\u017eka - 70 \/ 72 cm<br \/>\n\u0160\u00edrka od pazuchy po pazuchu -38-42 cm<br \/>\nD\u013a\u017eka ruk\u00e1va od ramena - 62 cm<br \/>\nD\u013a\u017eka ruk\u00e1va od podpazu\u0161ia - 44 cm<\/p>\n<p style=\"text-align: center;\"><strong>38\/M<\/strong><\/p>\n<p style=\"text-align: center;\">Celkov\u00e1 d\u013a\u017eka - 70 \/ 72 cm<br \/>\n\u0160\u00edrka od pazuchy po pazuchu -42-46 cm<br \/>\nD\u013a\u017eka ruk\u00e1va od ramena - 62 cm<br \/>\nD\u013a\u017eka ruk\u00e1va od podpazu\u0161ia - 44 cm<\/p>\n<p style=\"text-align: center;\"><strong>40\/L<\/strong><\/p>\n<p style=\"text-align: center;\">Celkov\u00e1 d\u013a\u017eka - 70 \/ 72 cm<br \/>\n\u0160\u00edrka od pazuchy po pazuchu -46-50 cm<br \/>\nD\u013a\u017eka ruk\u00e1va od ramena - 63 cm<br \/>\nD\u013a\u017eka ruk\u00e1va od podpazu\u0161ia - 45 cm<\/p>\n<p style=\"text-align: center;\"><strong>42\/XL<\/strong><\/p>\n<p style=\"text-align: center;\">Celkov\u00e1 d\u013a\u017eka - 70 \/ 72 cm<br \/>\n\u0160\u00edrka od pazuchy po pazuchu 50-54 cm<br \/>\nD\u013a\u017eka ruk\u00e1va od ramena - 64 cm<br \/>\nD\u013a\u017eka ruk\u00e1va od podpazu\u0161ia - 45 cm<\/p>\n<p>&nbsp;<\/p>\n<p style=\"text-align: center;\">Model m\u00e1\u00a0<strong>169<\/strong>\u00a0cm vysok\u00fd, nos\u00ed ve\u013ekos\u0165 ka\u017ed\u00fd de\u0148\u00a0<strong>S<\/strong><\/p>\n<p style=\"text-align: center;\">\u0160\u00edrka cez prsia 92 cm<\/p>\n<p style=\"text-align: center;\">\u0160\u00edrka v p\u00e1se 62 cm<\/p>\n<p style=\"text-align: center;\">\u0160\u00edrka v bokoch 94 cm<\/p>\n<p style=\"text-align: center;\">","protected":false},"excerpt":{"rendered":"<p>Marynarka w Krat\u0119 Nikola Czerwona Elegancka marynarka w najmodniejsz\u0105 w tym sezonie krat\u0119. Marynarka posiada atrapy kieszeni z przodu, zapinana jest na guzik. Model z podszewk\u0105 posiada imitacje kieszeniu Marynarka posiada wszyte poduszki na ramionach. Klasyczna marynarka to element garderoby, kt\u00f3ra powinna mie\u0107 ka\u017cda z Nas w swojej szafie. Idealna do eleganckich stylizacji oraz \u015bwietnie<\/p>\n<div class=\"klb-readmore post-buttons\"><a class=\"button black outline size-sm\" href=\"https:\/\/madelinefashion.pl\/sk\/marynarka-w-krate-nikola-czerwona\/\">\u010c\u00edta\u0165 \u010falej <i class=\"klbth-icon-right-arrow\"><\/i><\/a><\/div>","protected":false},"featured_media":64584,"template":"","meta":[],"product_brand":[],"product_cat":[95,125],"product_tag":[],"class_list":{"0":"post-64591","1":"product","2":"type-product","3":"status-publish","4":"has-post-thumbnail","6":"product_cat-marynarki-i-zakiety","7":"product_cat-sukienki","8":"pa_rozmiar-s","9":"pa_rozmiar-m","10":"pa_rozmiar-l","11":"pa_rozmiar-xl","13":"first","14":"outofstock","15":"product-type-variable"},"_links":{"self":[{"href":"https:\/\/madelinefashion.pl\/sk\/wp-json\/wp\/v2\/product\/64591","targetHints":{"allow":["GET"]}}],"collection":[{"href":"https:\/\/madelinefashion.pl\/sk\/wp-json\/wp\/v2\/product"}],"about":[{"href":"https:\/\/madelinefashion.pl\/sk\/wp-json\/wp\/v2\/types\/product"}],"wp:featuredmedia":[{"embeddable":true,"href":"https:\/\/madelinefashion.pl\/sk\/wp-json\/wp\/v2\/media\/64584"}],"wp:attachment":[{"href":"https:\/\/madelinefashion.pl\/sk\/wp-json\/wp\/v2\/media?parent=64591"}],"wp:term":[{"taxonomy":"product_brand","embeddable":true,"href":"https:\/\/madelinefashion.pl\/sk\/wp-json\/wp\/v2\/product_brand?post=64591"},{"taxonomy":"product_cat","embeddable":true,"href":"https:\/\/madelinefashion.pl\/sk\/wp-json\/wp\/v2\/product_cat?post=64591"},{"taxonomy":"product_tag","embeddable":true,"href":"https:\/\/madelinefashion.pl\/sk\/wp-json\/wp\/v2\/product_tag?post=64591"}],"curies":[{"name":"pracovn\u00fd list","href":"https:\/\/api.w.org\/{rel}","templated":true}]}}