{"id":6474,"date":"2021-03-24T00:24:59","date_gmt":"2021-03-23T23:24:59","guid":{"rendered":"https:\/\/madelinefashion.pl\/?post_type=product&#038;p=6474"},"modified":"2025-09-09T10:37:26","modified_gmt":"2025-09-09T08:37:26","slug":"sukienka-w-kwiaty-maxi-zielono-biala","status":"publish","type":"product","link":"https:\/\/madelinefashion.pl\/sk\/sukienka-w-kwiaty-maxi-zielono-biala\/","title":{"rendered":"Zeleno-biele Maxi \u0161aty s kvetmi"},"content":{"rendered":"<h3 style=\"text-align: center;\">Zeleno-biele Maxi \u0161aty s kvetmi<\/h3>\n<p style=\"text-align: center;\"><strong>Dlh\u00e9 rovn\u00e9 \u0161if\u00f3nov\u00e9 \u0161aty<\/strong> zdoben\u00e9 kr\u00e1snymi farebn\u00fdmi kvetmi. <strong>V\u00fdstrih kr\u00e1sne odha\u013euje poprsie<\/strong>. \u0160aty s v\u00e9\u010dkov\u00fdm v\u00fdstrihom na chrbte a zav\u00e4zovan\u00edm. \u0160aty bud\u00fa vyzera\u0165 perfektne s op\u00e4tkami, je to dokonal\u00fd jarn\u00fd styling! Je to skvel\u00e9 aj na p\u00e1rty. \u0160aty s kvetinov\u00fdm mot\u00edvom maj\u00fa v p\u00e1se gumu, v\u010faka ktorej<strong> dokonale zv\u00fdraz\u0148uje \u017eensk\u00e9 tvary<\/strong>. K maxi \u0161at\u00e1m patr\u00ed aj spodni\u010dka. \u0160aty s\u00fa dod\u00e1van\u00e9 vo ve\u013ekosti <strong>univerz\u00e1lne, odpor\u00fa\u010dan\u00e9 od XS po XL<\/strong>. Dostupn\u00e9 vo viacer\u00fdch farebn\u00fdch variantoch.<\/p>\n<h3 style=\"text-align: center;\">Rozmery:<\/h3>\n<ul style=\"text-align: center;\">\n<li><span style=\"font-size: 10pt;\">\u00a0\u00a0\u00a0\u00a0\u00a0\u00a0\u00a0 celkov\u00e1 d\u013a\u017eka: 144 cm<br \/>\nd\u013a\u017eka spodni\u010dky: 90 cm<\/span><\/li>\n<li><span style=\"font-size: 10pt;\">\u00a0\u00a0\u00a0\u00a0\u00a0\u00a0\u00a0 \u0161\u00edrka od pazuchy po pazuchu: 38-55 cm<\/span><span style=\"font-size: 10pt;\">\u00a0\u00a0<\/span><\/li>\n<li><span style=\"font-size: 10pt;\">\u00a0\u00a0\u00a0\u00a0\u00a0\u00a0\u00a0 \u0161\u00edrka v p\u00e1se: 32-46 cm<\/span><\/li>\n<li><span style=\"font-size: 10pt;\">\u00a0\u00a0\u00a0\u00a0\u00a0\u00a0\u00a0 odpor\u00fa\u010dan\u00fd maxim\u00e1lny obvod poprsia: 96 cm<\/span><\/li>\n<\/ul>\n<p style=\"text-align: center;\"><span style=\"font-size: 10pt;\">Rozmery sa m\u00f4\u017eu mierne l\u00ed\u0161i\u0165 od uveden\u00fdch +\/- 2cm. V\u0161etky uveden\u00e9 rozmery s\u00fa meran\u00e9 plo\u0161ne.<\/span><\/p>\n<table width=\"602\">\n<tbody>\n<tr>\n<td width=\"302\">Meno modela<\/td>\n<td width=\"302\">Maxi kvetinov\u00e9 \u0161aty<\/td>\n<\/tr>\n<tr>\n<td width=\"302\">Farba<\/td>\n<td width=\"302\">Zelen\u00e1 Biela<\/td>\n<\/tr>\n<tr>\n<td width=\"302\">M\u00f3da<\/td>\n<td width=\"302\">nadrozmern\u00e9<\/td>\n<\/tr>\n<tr>\n<td width=\"302\">Materi\u00e1l<\/td>\n<td width=\"302\">95 % Polyester 5% Elastan<\/td>\n<\/tr>\n<tr>\n<td width=\"302\">D\u013a\u017eka<\/td>\n<td width=\"302\">Na zem<\/td>\n<\/tr>\n<\/tbody>\n<\/table>\n<div class=\"tabs tabs-bb clear mb-80\">\n<div class=\"tab-content\">\n<div id=\"tab-description\" class=\"tab-pane fade in woocommerce-Tabs-panel--description active\">\n<p style=\"text-align: center;\">\u00a0Model m\u00e1 <strong>175<\/strong> cm vysok\u00fd, nos\u00ed ve\u013ekos\u0165 ka\u017ed\u00fd de\u0148\u00a0<strong>S<\/strong><\/p>\n<\/div>\n<\/div>\n<\/div>\n<p style=\"text-align: center;\"><span style=\"font-size: 10pt;\">\u00a0<\/span><\/p>\n<p style=\"text-align: center;\"><span style=\"font-size: 10pt;\">\u00a0<\/span><\/p>\n<p style=\"text-align: center;\"><span style=\"font-size: 10pt;\">\u00a0<\/span><\/p>\n<div class=\"additional-details\" style=\"text-align: center;\">\n<p><span style=\"font-size: 10pt;\">\u00a0<\/span><\/p>\n<p><span style=\"font-size: 10pt;\">\u00a0<\/span><\/p>\n<\/div>\n<div class=\"overview-buttons\" style=\"text-align: center;\"><span style=\"font-size: 10pt;\">\u00a0<\/span><\/div>\n<div class=\"additional-details\" style=\"text-align: center;\">\n<p style=\"text-align: center;\"><span style=\"font-size: 10pt;\">\u00a0<\/span><\/p>\n<\/div>","protected":false},"excerpt":{"rendered":"<p>Sukienka w Kwiaty Maxi Zielono Bia\u0142a D\u0142uga prosta sukienka szyfonowa zdobiona pi\u0119knymi kolorowymi\u00a0 kwiatami. Dekolt pi\u0119knie wyeksponuje biust. Sukienka z dekoltem v na plecach oraz wi\u0105zaniem. Sukienka idealnie b\u0119dzie si\u0119 prezentowa\u0107 ze szpilkami to idealna wiosenna stylizacja ! Sprawdzi si\u0119 \u015bwietnie r\u00f3wnie\u017c na przyj\u0119cia.\u00a0 Sukienka z motywem kwiatowym posiada gumk\u0119 w tali dzi\u0119ki czemu idealnie<\/p>\n<div class=\"klb-readmore post-buttons\"><a class=\"button black outline size-sm\" href=\"https:\/\/madelinefashion.pl\/sk\/sukienka-w-kwiaty-maxi-zielono-biala\/\">\u010c\u00edta\u0165 \u010falej <i class=\"klbth-icon-right-arrow\"><\/i><\/a><\/div>","protected":false},"featured_media":6466,"template":"","meta":[],"product_brand":[],"product_cat":[125,80],"product_tag":[396],"class_list":{"0":"post-6474","1":"product","2":"type-product","3":"status-publish","4":"has-post-thumbnail","6":"product_cat-sukienki","7":"product_cat-sukienki-i-kombinezony","8":"product_tag-sukienki-w-kwiaty","10":"first","11":"instock","12":"purchasable","13":"product-type-simple"},"_links":{"self":[{"href":"https:\/\/madelinefashion.pl\/sk\/wp-json\/wp\/v2\/product\/6474","targetHints":{"allow":["GET"]}}],"collection":[{"href":"https:\/\/madelinefashion.pl\/sk\/wp-json\/wp\/v2\/product"}],"about":[{"href":"https:\/\/madelinefashion.pl\/sk\/wp-json\/wp\/v2\/types\/product"}],"wp:featuredmedia":[{"embeddable":true,"href":"https:\/\/madelinefashion.pl\/sk\/wp-json\/wp\/v2\/media\/6466"}],"wp:attachment":[{"href":"https:\/\/madelinefashion.pl\/sk\/wp-json\/wp\/v2\/media?parent=6474"}],"wp:term":[{"taxonomy":"product_brand","embeddable":true,"href":"https:\/\/madelinefashion.pl\/sk\/wp-json\/wp\/v2\/product_brand?post=6474"},{"taxonomy":"product_cat","embeddable":true,"href":"https:\/\/madelinefashion.pl\/sk\/wp-json\/wp\/v2\/product_cat?post=6474"},{"taxonomy":"product_tag","embeddable":true,"href":"https:\/\/madelinefashion.pl\/sk\/wp-json\/wp\/v2\/product_tag?post=6474"}],"curies":[{"name":"pracovn\u00fd list","href":"https:\/\/api.w.org\/{rel}","templated":true}]}}