{"id":65346,"date":"2022-11-07T12:00:52","date_gmt":"2022-11-07T11:00:52","guid":{"rendered":"https:\/\/madelinefashion.pl\/?post_type=product&#038;p=65346"},"modified":"2026-03-01T12:58:26","modified_gmt":"2026-03-01T11:58:26","slug":"dlugie-swiateczne-skarpety-ocieplane-antyposlizgowe-mikolaj","status":"publish","type":"product","link":"https:\/\/madelinefashion.pl\/sk\/dlugie-swiateczne-skarpety-ocieplane-antyposlizgowe-mikolaj\/","title":{"rendered":"Dlh\u00e9 viano\u010dn\u00e9 pono\u017eky Tepl\u00e9 proti\u0161mykov\u00e9 Santa Claus"},"content":{"rendered":"<h3 style=\"text-align: center;\">Dlh\u00e9 viano\u010dn\u00e9 pono\u017eky Tepl\u00e9 proti\u0161mykov\u00e9 Santa Claus<\/h3>\n<p style=\"text-align: center;\">\u00a0Vianoce s\u00fa za dverami, a tak je \u010das myslie\u0165 na pr\u00edpravy, vr\u00e1tane t\u00fdch, ktor\u00e9 s\u00favisia s osvie\u017een\u00edm \u0161atn\u00edka. V na\u0161ej predajni n\u00e1jdete <a href=\"https:\/\/madelinefashion.pl\/sk\/product-tag\/swiateczny\/\"><strong>viano\u010dn\u00e9 oble\u010denie<\/strong><\/a>v\u010faka tomu sa znova budete c\u00edti\u0165 <strong>k\u00fazlo Vianoc.<\/strong> <strong>Sl\u00e1vnostn\u00fd charakter <\/strong>dobre posl\u00fa\u017ei aj na ka\u017edodenn\u00e9 pou\u017eitie<strong>, <\/strong>ako aj po\u010das ve\u010dere <b>na \u0160tedr\u00fd de\u0148.<\/b><\/p>\n<p style=\"text-align: center;\">Vtipn\u00e9 viano\u010dn\u00e9 pono\u017eky s viano\u010dnou tematikou. Zateplen\u00e9 pono\u017eky vyroben\u00e9 z ABS.<br \/>\nNa\u0161e pono\u017eky bud\u00fa dokonal\u00fdm spolo\u010dn\u00edkom na chladn\u00e9 zimn\u00e9 ve\u010dery. Ko\u017eu\u0161ina je ve\u013emi tepl\u00e1 a pr\u00edjemn\u00e1 na dotyk. Spodn\u00e1 \u010das\u0165 m\u00e1 proti\u0161mykov\u00e9 prvky. Ich kr\u00e1sne viano\u010dn\u00e9 vzory z nich robia mil\u00fd dar\u010dek, napr\u00edklad pod strom\u010dek \ud83d\ude09<\/p>\n<p style=\"text-align: center;\"><strong>Ide\u00e1lne na nosenie po\u010das Vianoc a Mikul\u00e1\u0161a.<\/strong><\/p>\n<p style=\"text-align: center;\">Zlo\u017eenie: 50% Akryl 45% Polyester 5% Elastan<\/p>","protected":false},"excerpt":{"rendered":"<p>D\u0142ugie \u015awi\u0105teczne Skarpety Ocieplane Antypo\u015blizgowe Miko\u0142aj \u00a0\u015awi\u0119ta ju\u017c za pasem, wi\u0119c najwy\u017csza pora pomy\u015ble\u0107 o przygotowaniach, r\u00f3wnie\u017c tych zwi\u0105zanych z od\u015bwie\u017ceniem garderoby. W Naszym sklepie znajdziesz \u015bwi\u0105teczne ubrania, dzi\u0119ki kt\u00f3rym na nowo poczujesz magi\u0119 \u015bwi\u0105t Bo\u017cego Narodzenia. \u015awi\u0105teczny charakter sprawdzi si\u0119 zar\u00f3wno na co dzie\u0144, jak i podczas kolacji wigilijnej. Zabawne \u015bwi\u0105teczne skarpety z motywem<\/p>\n<div class=\"klb-readmore post-buttons\"><a class=\"button black outline size-sm\" href=\"https:\/\/madelinefashion.pl\/sk\/dlugie-swiateczne-skarpety-ocieplane-antyposlizgowe-mikolaj\/\">\u010c\u00edta\u0165 \u010falej <i class=\"klbth-icon-right-arrow\"><\/i><\/a><\/div>","protected":false},"featured_media":65328,"template":"","meta":[],"product_brand":[],"product_cat":[113],"product_tag":[473,491],"class_list":{"0":"post-65346","1":"product","2":"type-product","3":"status-publish","4":"has-post-thumbnail","6":"product_cat-dodatki","7":"product_tag-kolekcja-swiateczna","8":"product_tag-skarpetki-swiateczne","10":"first","11":"instock","12":"sale","13":"purchasable","14":"product-type-variable"},"_links":{"self":[{"href":"https:\/\/madelinefashion.pl\/sk\/wp-json\/wp\/v2\/product\/65346","targetHints":{"allow":["GET"]}}],"collection":[{"href":"https:\/\/madelinefashion.pl\/sk\/wp-json\/wp\/v2\/product"}],"about":[{"href":"https:\/\/madelinefashion.pl\/sk\/wp-json\/wp\/v2\/types\/product"}],"wp:featuredmedia":[{"embeddable":true,"href":"https:\/\/madelinefashion.pl\/sk\/wp-json\/wp\/v2\/media\/65328"}],"wp:attachment":[{"href":"https:\/\/madelinefashion.pl\/sk\/wp-json\/wp\/v2\/media?parent=65346"}],"wp:term":[{"taxonomy":"product_brand","embeddable":true,"href":"https:\/\/madelinefashion.pl\/sk\/wp-json\/wp\/v2\/product_brand?post=65346"},{"taxonomy":"product_cat","embeddable":true,"href":"https:\/\/madelinefashion.pl\/sk\/wp-json\/wp\/v2\/product_cat?post=65346"},{"taxonomy":"product_tag","embeddable":true,"href":"https:\/\/madelinefashion.pl\/sk\/wp-json\/wp\/v2\/product_tag?post=65346"}],"curies":[{"name":"pracovn\u00fd list","href":"https:\/\/api.w.org\/{rel}","templated":true}]}}