{"id":66531,"date":"2022-11-19T15:53:36","date_gmt":"2022-11-19T14:53:36","guid":{"rendered":"https:\/\/madelinefashion.pl\/?post_type=product&#038;p=66531"},"modified":"2026-03-05T17:03:14","modified_gmt":"2026-03-05T16:03:14","slug":"tunika-z-golfem-i-szerokimi-rekawami-ruby-pudrowy-roz","status":"publish","type":"product","link":"https:\/\/madelinefashion.pl\/sk\/tunika-z-golfem-i-szerokimi-rekawami-ruby-pudrowy-roz\/","title":{"rendered":"Rol\u00e1kov\u00e1 tunika so \u0161irok\u00fdmi ruk\u00e1vmi Rub\u00ednovo ru\u017eov\u00e1"},"content":{"rendered":"<h3 style=\"text-align: center;\">Rol\u00e1kov\u00e1 tunika so \u0161irok\u00fdmi ruk\u00e1vmi Rub\u00ednovo ru\u017eov\u00e1<\/h3>\n<p style=\"text-align: center;\">Oversize \u0161t\u00fdlov\u00e1 tunika s bo\u010dn\u00fdmi rozparkami. M\u00e1 vysok\u00fd a tepl\u00fd rol\u00e1k, kr\u00e1sne a m\u00f3dne zdobenie na prednej strane. Vyroben\u00fd z <strong>najlep\u0161ia kvalita<\/strong> priadza, dop\u013a\u0148a ak\u00fdko\u013evek styling. Perfektn\u00e1 tunika na chladnej\u0161ie dni. ve\u013ekos\u0165 je <strong>univerz\u00e1lny<\/strong>\u00a0perfektne sed\u00ed\u00a0<strong>S, M, L<\/strong> ,\u00a0<strong>XL\u00a0<\/strong> v pr\u00edpade v\u00e4\u010d\u0161ieho rozmeru odpor\u00fa\u010dame presn\u00e9 meranie pod\u013ea rozmerovej tabu\u013eky ni\u017e\u0161ie. V na\u0161om internetovom obchode n\u00e1jdete tento produkt v r\u00f4znych farebn\u00fdch variantoch za bezkonkuren\u010dn\u00fa cenu <strong>n\u00edzka cena<\/strong>. Preto nev\u00e1hajte a objedn\u00e1vajte \u010do najsk\u00f4r. Ak m\u00e1te \u010fal\u0161ie ot\u00e1zky k tomuto produktu, nev\u00e1hajte n\u00e1s kontaktova\u0165 telefonicky alebo cez Facebook.<\/p>\n<p style=\"text-align: center;\">\u00a0.<\/p>\n<h3 style=\"text-align: center;\">Rozmery :<\/h3>\n<ul style=\"text-align: center;\">\n<li>\u0160\u00edrka od pazuchy po pazuchu 62-74 cm<\/li>\n<li>Celkov\u00e1 predn\u00e1 d\u013a\u017eka 83 cm<br \/>\nCelkov\u00e1 d\u013a\u017eka chrbta 91 cm<\/li>\n<li>D\u013a\u017eka ruk\u00e1va od podpazu\u0161ia 47 cm<\/li>\n<li>D\u013a\u017eka ruk\u00e1va od ramena 66 cm<\/li>\n<\/ul>\n<p style=\"text-align: center;\">Rozmery sa m\u00f4\u017eu mierne l\u00ed\u0161i\u0165 od uveden\u00fdch +\/- 2cm. V\u0161etky uveden\u00e9 rozmery s\u00fa meran\u00e9 plo\u0161ne.<strong>\u00a0<\/strong><\/p>\n<table width=\"355\">\n<tbody>\n<tr>\n<td width=\"302\">Meno modela<\/td>\n<td width=\"302\">Rol\u00e1kov\u00e1 tunika so \u0161irok\u00fdmi rub\u00ednov\u00fdmi ruk\u00e1vmi<\/td>\n<\/tr>\n<tr>\n<td width=\"302\">Zbierka<\/td>\n<td width=\"302\">jar\/jese\u0148\/zima<\/td>\n<\/tr>\n<tr>\n<td width=\"302\">ve\u013ekosti<\/td>\n<td width=\"302\">Univerz\u00e1lny<\/td>\n<\/tr>\n<tr>\n<td width=\"302\">Zlo\u017eenie<\/td>\n<td width=\"302\">70% Akryl 30% Polyester<\/td>\n<\/tr>\n<tr>\n<td width=\"302\">Farba<\/td>\n<td width=\"302\">Ru\u017eov\u00e1<\/td>\n<\/tr>\n<tr>\n<td width=\"302\">\u0160tiepenie<\/td>\n<td width=\"302\">Golf<\/td>\n<\/tr>\n<\/tbody>\n<\/table>\n<div class=\"rte\" style=\"text-align: center;\">\n<p>Model m\u00e1\u00a0<strong>169<\/strong>\u00a0cm vysok\u00fd, nos\u00ed ve\u013ekos\u0165 ka\u017ed\u00fd de\u0148\u00a0<strong>S<\/strong><\/p>\n<p>\u0160\u00edrka cez prsia 92 cm<\/p>\n<p>\u0160\u00edrka v p\u00e1se 62 cm<\/p>\n<p>\u0160\u00edrka v bokoch 94 cm<\/p>\n<\/div>","protected":false},"excerpt":{"rendered":"<p>Tunika Z Golfem I Szerokimi R\u0119kawami Ruby Pudrowy R\u00f3\u017c Tunika w stylu oversize, z rozci\u0119ciami na bokach. Posiada wysoki i ciep\u0142y golf, z przodu pi\u0119kne i modne zdobienie. Wykonana z najlepszej jako\u015bci prz\u0119dzy, uzupe\u0142nia ka\u017cd\u0105 stylizacj\u0119. Tunika idealna na ch\u0142odniejsze dni. Rozmiar jest uniwersalny\u00a0, idealnie pasuje do\u00a0S, M, L ,\u00a0XL\u00a0 w przypadku wi\u0119kszego rozmiaru zalecamy<\/p>\n<div class=\"klb-readmore post-buttons\"><a class=\"button black outline size-sm\" href=\"https:\/\/madelinefashion.pl\/sk\/tunika-z-golfem-i-szerokimi-rekawami-ruby-pudrowy-roz\/\">\u010c\u00edta\u0165 \u010falej <i class=\"klbth-icon-right-arrow\"><\/i><\/a><\/div>","protected":false},"featured_media":66483,"template":"","meta":[],"product_brand":[],"product_cat":[158],"product_tag":[296],"class_list":{"0":"post-66531","1":"product","2":"type-product","3":"status-publish","4":"has-post-thumbnail","6":"product_cat-sukienki-sweterkowe","7":"product_tag-tuniki","9":"first","10":"instock","11":"sale","12":"purchasable","13":"product-type-simple"},"_links":{"self":[{"href":"https:\/\/madelinefashion.pl\/sk\/wp-json\/wp\/v2\/product\/66531","targetHints":{"allow":["GET"]}}],"collection":[{"href":"https:\/\/madelinefashion.pl\/sk\/wp-json\/wp\/v2\/product"}],"about":[{"href":"https:\/\/madelinefashion.pl\/sk\/wp-json\/wp\/v2\/types\/product"}],"wp:featuredmedia":[{"embeddable":true,"href":"https:\/\/madelinefashion.pl\/sk\/wp-json\/wp\/v2\/media\/66483"}],"wp:attachment":[{"href":"https:\/\/madelinefashion.pl\/sk\/wp-json\/wp\/v2\/media?parent=66531"}],"wp:term":[{"taxonomy":"product_brand","embeddable":true,"href":"https:\/\/madelinefashion.pl\/sk\/wp-json\/wp\/v2\/product_brand?post=66531"},{"taxonomy":"product_cat","embeddable":true,"href":"https:\/\/madelinefashion.pl\/sk\/wp-json\/wp\/v2\/product_cat?post=66531"},{"taxonomy":"product_tag","embeddable":true,"href":"https:\/\/madelinefashion.pl\/sk\/wp-json\/wp\/v2\/product_tag?post=66531"}],"curies":[{"name":"pracovn\u00fd list","href":"https:\/\/api.w.org\/{rel}","templated":true}]}}