{"id":66823,"date":"2022-11-21T15:47:59","date_gmt":"2022-11-21T14:47:59","guid":{"rendered":"https:\/\/madelinefashion.pl\/?post_type=product&#038;p=66823"},"modified":"2026-03-05T17:03:10","modified_gmt":"2026-03-05T16:03:10","slug":"sukienka-sweterkowa-z-golfem-kayla-pudrowy-roz","status":"publish","type":"product","link":"https:\/\/madelinefashion.pl\/sk\/sukienka-sweterkowa-z-golfem-kayla-pudrowy-roz\/","title":{"rendered":"Rol\u00e1kov\u00e9 \u0161aty Kayla Powder Pink"},"content":{"rendered":"<h2 style=\"text-align: center;\">Rol\u00e1kov\u00e9 \u0161aty Kayla Powder Pink<\/h2>\n<p style=\"text-align: center;\">Strih \u0161iat je kr\u00e1sny <strong>zv\u00fdraz\u0148uje postavu a \u017eensk\u00e9 tvary<\/strong>. Ve\u013emi pohodln\u00e9 a na dotyk pr\u00edjemn\u00e9 pleten\u00e9 \u0161aty sa bud\u00fa hodi\u0165 na ka\u017ed\u00fd de\u0148, ke\u010f chcete vyzera\u0165 perfektne a z\u00e1rove\u0148 sa skvele c\u00edti\u0165. <strong>S<\/strong><strong>\u0161aty, v ktor\u00fdch za\u017eiarite <\/strong>s priate\u013emi alebo rodinn\u00fdm stretnut\u00edm. V\u010faka ich materi\u00e1lu sa s nimi bude lep\u0161ie pracova\u0165\u00a0<strong>po\u010das chladnej\u0161\u00edch dn\u00ed a prechodn\u00fdch obdob\u00ed<\/strong> alebo na zimu v kombin\u00e1cii s bundou. Svetrov\u00e9 \u0161aty s rol\u00e1kom maj\u00fa v spodnej \u010dasti jemn\u00fd rozparok. V\u010faka \u0161trukt\u00fare materi\u00e1lu sa s n\u00edm bude lep\u0161ie pracova\u0165 <strong>po\u010das chladnej\u0161\u00edch dn\u00ed a prechodn\u00fdch obdob\u00ed\u00a0<\/strong>alebo na zimu v kombin\u00e1cii s bundou. ve\u013ekos\u0165 je\u00a0<strong>univerz\u00e1lny<\/strong>\u00a0, perfektne sed\u00ed na nosenie \u017eien\u00a0\u00a0<strong>S, M, L, XL<\/strong><strong>\u00a0<\/strong><\/p>\n<h2 style=\"text-align: center;\">Rozmery \u0161iat:<\/h2>\n<ul style=\"text-align: center;\">\n<li>celkov\u00e1 d\u013a\u017eka 97 cm<\/li>\n<li>\u0161\u00edrka od pazuchy po pazuchu: 40-65 cm<\/li>\n<li>\u0161\u00edrka v p\u00e1se 33-47 cm<\/li>\n<li>\u0161\u00edrka bokov 40-60<\/li>\n<li>d\u013a\u017eka ruk\u00e1va od ramena: 57 cm<\/li>\n<li>d\u013a\u017eka ruk\u00e1va od pazuchy 54 cm<\/li>\n<\/ul>\n<p style=\"text-align: center;\">Rozmery sa m\u00f4\u017eu mierne l\u00ed\u0161i\u0165 od uveden\u00fdch +\/- 2cm. V\u0161etky uveden\u00e9 rozmery s\u00fa meran\u00e9 plo\u0161ne.<\/p>\n<p style=\"text-align: center;\">rozmer x2<\/p>\n<table style=\"height: 255px;\" width=\"613\">\n<tbody>\n<tr>\n<td width=\"302\">Meno modela<\/td>\n<td width=\"302\">Kayla<\/td>\n<\/tr>\n<tr>\n<td width=\"302\">Farba<\/td>\n<td width=\"302\">Pr\u00e1\u0161ok<\/td>\n<\/tr>\n<tr>\n<td width=\"302\">Zbierka<\/td>\n<td width=\"302\">jar\/jese\u0148\/zima<\/td>\n<\/tr>\n<tr>\n<td width=\"302\">ve\u013ekosti<\/td>\n<td width=\"302\">Univerz\u00e1lny<\/td>\n<\/tr>\n<tr>\n<td width=\"302\">Zlo\u017eenie<\/td>\n<td width=\"302\">40% akryl, 30% moh\u00e9r 30% vlna<\/td>\n<\/tr>\n<tr>\n<td width=\"302\"><\/td>\n<td width=\"302\"><\/td>\n<\/tr>\n<tr>\n<td width=\"302\"><\/td>\n<td width=\"302\"><\/td>\n<\/tr>\n<\/tbody>\n<\/table>\n<p>&nbsp;<\/p>\n<section class=\"page-product-box\">\n<div class=\"rte\">\n<p style=\"text-align: center;\">Model m\u00e1\u00a0<strong>169<\/strong>\u00a0cm vysok\u00fd, nos\u00ed ve\u013ekos\u0165 ka\u017ed\u00fd de\u0148\u00a0<strong>S<\/strong><\/p>\n<p style=\"text-align: center;\">\u0160\u00edrka cez prsia 92 cm<\/p>\n<p style=\"text-align: center;\">\u0160\u00edrka v p\u00e1se 62 cm<\/p>\n<p style=\"text-align: center;\">\u0160\u00edrka v bokoch 94 cm<\/p>\n<p style=\"text-align: center;\">\n<\/div>\n<\/section>","protected":false},"excerpt":{"rendered":"<p>Sukienka Sweterkowa z Golfem Kayla Pudrowy R\u00f3\u017c Kr\u00f3j sukienki pi\u0119knie podkre\u015bla figur\u0119 i kobiece kszta\u0142ty. Bardzo wygodna i przyjemna w dotyku dzianinowa sukienka \u015bwietnie sprawdzi si\u0119 na co dzie\u0144, gdy chcesz wygl\u0105da\u0107 idealnie i jednocze\u015bnie \u015bwietnie si\u0119 czu\u0107. Sukienka, w kt\u00f3rej zab\u0142y\u015bniesz w gronie przyjaci\u00f3\u0142 lub spotkaniu rodzinnym. Dzi\u0119ki swojemu materia\u0142owi lepiej sprawdz\u0105 si\u0119\u00a0w ch\u0142odniejsze<\/p>\n<div class=\"klb-readmore post-buttons\"><a class=\"button black outline size-sm\" href=\"https:\/\/madelinefashion.pl\/sk\/sukienka-sweterkowa-z-golfem-kayla-pudrowy-roz\/\">\u010c\u00edta\u0165 \u010falej <i class=\"klbth-icon-right-arrow\"><\/i><\/a><\/div>","protected":false},"featured_media":66814,"template":"","meta":[],"product_brand":[],"product_cat":[80,158],"product_tag":[],"class_list":{"0":"post-66823","1":"product","2":"type-product","3":"status-publish","4":"has-post-thumbnail","6":"product_cat-sukienki-i-kombinezony","7":"product_cat-sukienki-sweterkowe","9":"first","10":"instock","11":"sale","12":"purchasable","13":"product-type-simple"},"_links":{"self":[{"href":"https:\/\/madelinefashion.pl\/sk\/wp-json\/wp\/v2\/product\/66823","targetHints":{"allow":["GET"]}}],"collection":[{"href":"https:\/\/madelinefashion.pl\/sk\/wp-json\/wp\/v2\/product"}],"about":[{"href":"https:\/\/madelinefashion.pl\/sk\/wp-json\/wp\/v2\/types\/product"}],"wp:featuredmedia":[{"embeddable":true,"href":"https:\/\/madelinefashion.pl\/sk\/wp-json\/wp\/v2\/media\/66814"}],"wp:attachment":[{"href":"https:\/\/madelinefashion.pl\/sk\/wp-json\/wp\/v2\/media?parent=66823"}],"wp:term":[{"taxonomy":"product_brand","embeddable":true,"href":"https:\/\/madelinefashion.pl\/sk\/wp-json\/wp\/v2\/product_brand?post=66823"},{"taxonomy":"product_cat","embeddable":true,"href":"https:\/\/madelinefashion.pl\/sk\/wp-json\/wp\/v2\/product_cat?post=66823"},{"taxonomy":"product_tag","embeddable":true,"href":"https:\/\/madelinefashion.pl\/sk\/wp-json\/wp\/v2\/product_tag?post=66823"}],"curies":[{"name":"pracovn\u00fd list","href":"https:\/\/api.w.org\/{rel}","templated":true}]}}