{"id":6732,"date":"2021-03-27T21:09:29","date_gmt":"2021-03-27T20:09:29","guid":{"rendered":"https:\/\/madelinefashion.pl\/?post_type=product&#038;p=6732"},"modified":"2026-03-26T12:40:43","modified_gmt":"2026-03-26T11:40:43","slug":"komplet-spodnie-bluza-planet-zolty","status":"publish","type":"product","link":"https:\/\/madelinefashion.pl\/sk\/komplet-spodnie-bluza-planet-zolty\/","title":{"rendered":"Set Nohavice + mikina Planet Yellow"},"content":{"rendered":"<h3 style=\"text-align: center;\">Set Nohavice + mikina Planet Yellow<\/h3>\n<p style=\"text-align: center;\"><strong>Fenomen\u00e1lna tepl\u00e1kov\u00e1 s\u00faprava<\/strong> vyroben\u00e9 z ve\u013emi kvalitnej, m\u00e4kkej a <strong>pr\u00edjemn\u00e9<\/strong> v kontakte <strong>materi\u00e1l<\/strong>. Tepl\u00e1kov\u00e1 s\u00faprava zdoben\u00e1 n\u00e1\u0161ivkami v podobe plan\u00e9t. <strong>S\u00faprava tepl\u00e1kov Planet<\/strong> je perfektn\u00fd set pre t\u00fdch, ktor\u00ed miluj\u00fa ma\u0165 ka\u017ed\u00fd de\u0148 pocit pohodlia a z\u00e1rove\u0148 pocit priate\u013esk\u00e9ho a jemn\u00e9ho dotyku. S\u00faprava je vyroben\u00e1 z vysoko kvalitn\u00e9ho materi\u00e1lu 90% <strong>bavlna<\/strong> Je super pr\u00edjemn\u00fd na dotyk a zvn\u00fatra ve\u013emi jemn\u00fd.<br \/>\n<strong><span lang=\"en-us\" xml:lang=\"en-us\">Nohavice sa daj\u00fa nosi\u0165 spolu s bl\u00fazkou alebo sa daj\u00fa aj kombinova\u0165 <\/span><\/strong><a href=\"https:\/\/madelinefashion.pl\/sk\/casual-clothes\/t-shirty\/\"><span lang=\"en-us\" xml:lang=\"en-us\">ko\u0161e\u013eu<\/span><\/a><strong><span lang=\"en-us\" xml:lang=\"en-us\"> a vytvorte si dokonal\u00fd ka\u017edodenn\u00fd le\u017e\u00e9rny \u0161t\u00fdl. <\/span><\/strong>Tepl\u00e1kov\u00e1 s\u00faprava je vyroben\u00e1 z kvalitn\u00e9ho materi\u00e1lu, s m\u00f3dnymi n\u00e1\u0161ivkami <strong>SOL\u00c1RNY SYST\u00c9M<\/strong> <strong>. <\/strong>Mikina m\u00e1 lem a hlbok\u00fa kapuc\u0148u. Nohavice maj\u00fa dve vreck\u00e1. S\u00faprava je dostupn\u00e1 v kr\u00e1snych farb\u00e1ch, ktor\u00e9 dokonale ladia s nadch\u00e1dzaj\u00facou sez\u00f3nou. S\u00faprava v univerz\u00e1lnej ve\u013ekosti odpor\u00fa\u010dan\u00e1 pre \u017eeny vo ve\u013ekosti <strong>SML XL<\/strong> .<\/p>\n<h3 style=\"text-align: center;\">\u00a0 \u00a0 \u00a0Rozmery :<\/h3>\n<p style=\"text-align: center;\"><strong>Mikina:<\/strong><br \/>\nCelkov\u00e1 d\u013a\u017eka - 62 cm<br \/>\n\u0160\u00edrka od pazuchy po pazuchu - 48-55 cm<br \/>\n\u0160\u00edrka v spodnej \u010dasti - 40-50 cm<br \/>\nD\u013a\u017eka ruk\u00e1va od podpazu\u0161ia - 48 cm<br \/>\n\u0160\u00edrka bicepsu - 42 cm<\/p>\n<p style=\"text-align: center;\"><strong>nohavice:<\/strong><br \/>\nCelkov\u00e1 d\u013a\u017eka -105 cm<br \/>\nVn\u00fatorn\u00e1 d\u013a\u017eka nohav\u00edc - 75 cm<br \/>\nP\u00e1s - 31 cm<br \/>\n\u0160\u00edrka p\u00e1sa - 33-45 cm<br \/>\n\u0160\u00edrka v bokoch - 45-53 cm<br \/>\n\u0160\u00edrka stehien - 28 cm<br \/>\n\u0160\u00edrka nohy v spodnej \u010dasti - 12-15 cm<\/p>\n<p style=\"text-align: center;\">Rozmery sa m\u00f4\u017eu mierne l\u00ed\u0161i\u0165 od uveden\u00fdch +\/- 2cm. <strong>V\u0161etky rozmery s\u00fa meran\u00e9 plo\u0161ne x2\u00a0<\/strong><\/p>\n<h3 style=\"text-align: center;\">Vlastnosti produktu:<\/h3>\n<p align=\"center\">-nohavice<br \/>\n-mikina<br \/>\n- vreck\u00e1<br \/>\n-Dlh\u00fd ruk\u00e1v<br \/>\n- kapuc\u0148a<br \/>\n- spisy<br \/>\n-vo\u013en\u00fd<br \/>\n- lem<br \/>\n- n\u00e1plasti<\/p>\n<table width=\"615\">\n<tbody>\n<tr>\n<td width=\"302\">Meno modela<\/td>\n<td width=\"302\">Set Nohavice + Mikina Planet<\/td>\n<\/tr>\n<tr>\n<td width=\"302\">Farba<\/td>\n<td width=\"302\">\u017elt\u00e1<\/td>\n<\/tr>\n<tr>\n<td width=\"302\">ve\u013ekosti<\/td>\n<td width=\"302\">Univerz\u00e1lny<\/td>\n<\/tr>\n<tr>\n<td width=\"302\">M\u00f3da<\/td>\n<td width=\"302\">Zhoda<\/td>\n<\/tr>\n<tr>\n<td width=\"302\">Materi\u00e1l<\/td>\n<td width=\"302\">90% Bavlna 10%ELastian<\/td>\n<\/tr>\n<\/tbody>\n<\/table>\n<p>&nbsp;<\/p>\n<div class=\"tabs tabs-bb clear mb-80\">\n<div class=\"tab-content\">\n<div id=\"tab-description\" class=\"tab-pane fade in woocommerce-Tabs-panel--description active\">\n<div class=\"tabs tabs-bb clear mb-80\">\n<div class=\"tab-content\">\n<div id=\"tab-description\" class=\"tab-pane fade in woocommerce-Tabs-panel--description active\">\n<p style=\"text-align: center;\">Model m\u00e1\u00a0<strong>169<\/strong>\u00a0cm vysok\u00fd, nos\u00ed ve\u013ekos\u0165 ka\u017ed\u00fd de\u0148\u00a0<strong>S<\/strong><\/p>\n<p style=\"text-align: center;\">\u0160\u00edrka cez prsia 92 cm<\/p>\n<p style=\"text-align: center;\">\u0160\u00edrka v p\u00e1se 62 cm<\/p>\n<p style=\"text-align: center;\">\u0160\u00edrka v bokoch 94 cm<\/p>\n<\/div>\n<\/div>\n<\/div>\n<section class=\"related products mb-80\"><\/section>\n<section class=\"page-product-box\">\n<div class=\"rte\">\n<p style=\"text-align: center;\">\n<\/div>\n<\/section>\n<\/div>\n<\/div>\n<\/div>\n<section class=\"up-sells upsells products mb-80\"><\/section>\n<p>&nbsp;<\/p>\n<p style=\"text-align: center;\">","protected":false},"excerpt":{"rendered":"<p>Komplet Spodnie + Bluza Planet \u017b\u00f3\u0142ty Fenomenalny Komplet dresowy wykonany z bardzo dobrej jako\u015bci, mi\u0119kkiego i przyjemnego w dotyku materia\u0142u. Dres ozdobiony naszywkami w postaci Planet. Komplet Dresowy\u00a0 Planet to doskona\u0142y komplet dla tych, kt\u00f3re uwielbiaj\u0105 na co dzie\u0144 mie\u0107 poczucie komfortu, a przy tym odczucie przyjaznego i mi\u0119kkiego dotyku. Komplet wykonany jest z wysokiej<\/p>\n<div class=\"klb-readmore post-buttons\"><a class=\"button black outline size-sm\" href=\"https:\/\/madelinefashion.pl\/sk\/komplet-spodnie-bluza-planet-zolty\/\">\u010c\u00edta\u0165 \u010falej <i class=\"klbth-icon-right-arrow\"><\/i><\/a><\/div>","protected":false},"featured_media":74938,"template":"","meta":[],"product_brand":[],"product_cat":[89,380],"product_tag":[282],"class_list":{"0":"post-6732","1":"product","2":"type-product","3":"status-publish","4":"has-post-thumbnail","6":"product_cat-komplety","7":"product_cat-wyprzedaz","8":"product_tag-komplety-dresowe","9":"pa_rozmiar-s-m","10":"pa_rozmiar-l-xl","12":"first","13":"instock","14":"sale","15":"purchasable","16":"product-type-simple"},"_links":{"self":[{"href":"https:\/\/madelinefashion.pl\/sk\/wp-json\/wp\/v2\/product\/6732","targetHints":{"allow":["GET"]}}],"collection":[{"href":"https:\/\/madelinefashion.pl\/sk\/wp-json\/wp\/v2\/product"}],"about":[{"href":"https:\/\/madelinefashion.pl\/sk\/wp-json\/wp\/v2\/types\/product"}],"wp:featuredmedia":[{"embeddable":true,"href":"https:\/\/madelinefashion.pl\/sk\/wp-json\/wp\/v2\/media\/74938"}],"wp:attachment":[{"href":"https:\/\/madelinefashion.pl\/sk\/wp-json\/wp\/v2\/media?parent=6732"}],"wp:term":[{"taxonomy":"product_brand","embeddable":true,"href":"https:\/\/madelinefashion.pl\/sk\/wp-json\/wp\/v2\/product_brand?post=6732"},{"taxonomy":"product_cat","embeddable":true,"href":"https:\/\/madelinefashion.pl\/sk\/wp-json\/wp\/v2\/product_cat?post=6732"},{"taxonomy":"product_tag","embeddable":true,"href":"https:\/\/madelinefashion.pl\/sk\/wp-json\/wp\/v2\/product_tag?post=6732"}],"curies":[{"name":"pracovn\u00fd list","href":"https:\/\/api.w.org\/{rel}","templated":true}]}}