{"id":6755,"date":"2021-03-27T22:00:18","date_gmt":"2021-03-27T21:00:18","guid":{"rendered":"https:\/\/madelinefashion.pl\/?post_type=product&#038;p=6755"},"modified":"2024-06-05T13:18:46","modified_gmt":"2024-06-05T11:18:46","slug":"komplet-bluza-spodnie-z-kieszonka-bialy-ala-prada","status":"publish","type":"product","link":"https:\/\/madelinefashion.pl\/sk\/komplet-bluza-spodnie-z-kieszonka-bialy-ala-prada\/","title":{"rendered":"Set Mikina + nohavice s vreckom Biela ala Prada"},"content":{"rendered":"<h3 style=\"text-align: center;\">Set Mikina + nohavice s vreckom Biela ala Prada<\/h3>\n<p style=\"text-align: center;\"><strong>Fenomen\u00e1lna tepl\u00e1kov\u00e1 s\u00faprava<\/strong> vyroben\u00e9 z ve\u013emi kvalitnej, m\u00e4kkej a <strong>pr\u00edjemn\u00e9<\/strong> v kontakte <strong>materi\u00e1l<\/strong>. Tepl\u00e1kov\u00e1 s\u00faprava m\u00e1 vrecko. <strong>S\u00faprava Prada<\/strong> je vynikaj\u00facou ponukou pre t\u00fdch, ktor\u00ed miluj\u00fa ma\u0165 ka\u017ed\u00fd de\u0148 pocit pohodlia a z\u00e1rove\u0148 pocit priate\u013esk\u00e9ho a m\u00e4kk\u00e9ho dotyku. S\u00faprava je vyroben\u00e1 z kvalitn\u00e9ho materi\u00e1lu - je ve\u013emi pr\u00edjemn\u00e1 na dotyk a zvn\u00fatra ve\u013emi jemn\u00e1.<br \/>\n<strong><span lang=\"en-us\" xml:lang=\"en-us\">Nohavice sa daj\u00fa nosi\u0165 spolu s bl\u00fazkou alebo sa daj\u00fa aj kombinova\u0165 <\/span><\/strong><a href=\"https:\/\/madelinefashion.pl\/sk\/casual-clothes\/t-shirty\/\"><span lang=\"en-us\" xml:lang=\"en-us\">ko\u0161e\u013eu<\/span><\/a><strong><span lang=\"en-us\" xml:lang=\"en-us\"> a vytvorte si dokonal\u00fd ka\u017edodenn\u00fd le\u017e\u00e9rny \u0161t\u00fdl. <\/span><\/strong>Tepl\u00e1kov\u00e1 s\u00faprava je vyroben\u00e1 z kvalitn\u00e9ho materi\u00e1lu, s m\u00f3dnym n\u00e1pisom Love Me<strong>. <\/strong>\u00a0Nohavice maj\u00fa dve vreck\u00e1. S\u00faprava je dostupn\u00e1 v kr\u00e1snych farb\u00e1ch, ktor\u00e9 dokonale ladia s nadch\u00e1dzaj\u00facou sez\u00f3nou. S\u00faprava v univerz\u00e1lnej ve\u013ekosti odpor\u00fa\u010dan\u00e1 pre d\u00e1my vo ve\u013ekosti <strong>S\/ML\/XL<\/strong> .<br \/>\nTento set mus\u00edte ma\u0165 vo svojom \u0161atn\u00edku!<\/p>\n<h3 style=\"text-align: center;\">\u00a0 \u00a0 \u00a0Rozmery :<\/h3>\n<p style=\"text-align: center;\" align=\"center\"><strong>S\/M:<\/strong><\/p>\n<p style=\"text-align: center;\" align=\"center\"><strong>Mikina:<\/strong><br \/>\nCelkov\u00e1 d\u013a\u017eka - 68 cm<br \/>\n\u0160\u00edrka od pazuchy po pazuchu - 53-56 cm<br \/>\n\u0160\u00edrka v p\u00e1se - 53 cm<br \/>\n\u0160\u00edrka v spodnej \u010dasti - 43-46 cm<br \/>\nD\u013a\u017eka ruk\u00e1va od podpazu\u0161ia - 46 cm<br \/>\n\u0160\u00edrka v bicepsoch - 42 cm (obvod)<\/p>\n<p style=\"text-align: center;\"><strong>nohavice:<\/strong><br \/>\nCelkov\u00e1 d\u013a\u017eka - 100 cm<br \/>\nVn\u00fatorn\u00e1 d\u013a\u017eka nohav\u00edc - 70 cm<br \/>\nStav - 30 cm<br \/>\n\u0160\u00edrka p\u00e1sa - 33-45 cm<br \/>\n\u0160\u00edrka v bokoch - 40-50 cm<br \/>\n\u0160\u00edrka nohy v spodnej \u010dasti - 10 cm<\/p>\n<p style=\"text-align: center;\" align=\"center\"><strong>M\/L:<\/strong><\/p>\n<p style=\"text-align: center;\"><strong>Mikina:<\/strong><br \/>\nCelkov\u00e1 d\u013a\u017eka - 69 cm<br \/>\n\u0160\u00edrka od pazuchy po pazuchu - 55-58 cm<br \/>\n\u0160\u00edrka v p\u00e1se - 54 cm<br \/>\n\u0160\u00edrka v spodnej \u010dasti - 45-47 cm<br \/>\nD\u013a\u017eka ruk\u00e1va od podpazu\u0161ia - 47 cm<br \/>\n\u0160\u00edrka v bicepsoch - 44 cm (obvod)<\/p>\n<p style=\"text-align: center;\">nohavice:<br \/>\nCelkov\u00e1 d\u013a\u017eka - 100 cm<br \/>\nVn\u00fatorn\u00e1 d\u013a\u017eka nohav\u00edc - 70 cm<br \/>\nV\u00fd\u0161ka - 31 cm<br \/>\n\u0160\u00edrka p\u00e1sa - 35-47 cm<br \/>\n\u0160\u00edrka v bokoch - 42-52 cm<br \/>\n\u0160\u00edrka nohavice v spodnej \u010dasti - 12 cm<\/p>\n<p style=\"text-align: center;\">Rozmery sa m\u00f4\u017eu mierne l\u00ed\u0161i\u0165 od uveden\u00fdch +\/- 2cm. <strong>V\u0161etky rozmery s\u00fa meran\u00e9 plo\u0161ne x2\u00a0<\/strong><\/p>\n<h3 style=\"text-align: center;\">Vlastnosti produktu:<\/h3>\n<p align=\"center\">-nohavice<br \/>\n-mikina<br \/>\n- \u013eahk\u00fd materi\u00e1l<br \/>\n- nohavice s lemom<br \/>\n-vo\u013en\u00fd<br \/>\n- pohodln\u00e9<br \/>\n- nohavice maj\u00fa vreck\u00e1<br \/>\n- vrecko<br \/>\n\u2013 Jupiter<\/p>\n<table width=\"615\">\n<tbody>\n<tr>\n<td width=\"302\">Meno modela<\/td>\n<td width=\"302\">Set mikina + nohavice s vreckom ala Prada<\/td>\n<\/tr>\n<tr>\n<td width=\"302\">Farba<\/td>\n<td width=\"302\">biely<\/td>\n<\/tr>\n<tr>\n<td width=\"302\">ve\u013ekosti<\/td>\n<td width=\"302\">S\/ML\/XL<\/td>\n<\/tr>\n<tr>\n<td width=\"302\">M\u00f3da<\/td>\n<td width=\"302\">Vo\u013en\u00fd<\/td>\n<\/tr>\n<tr>\n<td width=\"302\">Materi\u00e1l<\/td>\n<td width=\"302\">95% Bavlna 5%ELastian<\/td>\n<\/tr>\n<\/tbody>\n<\/table>\n<p>&nbsp;<\/p>\n<div class=\"tabs tabs-bb clear mb-80\">\n<div class=\"tab-content\">\n<div id=\"tab-description\" class=\"tab-pane fade in woocommerce-Tabs-panel--description active\">\n<div class=\"tabs tabs-bb clear mb-80\">\n<div class=\"tab-content\">\n<div id=\"tab-description\" class=\"tab-pane fade in woocommerce-Tabs-panel--description active\">\n<p style=\"text-align: center;\">\u00a0Model m\u00e1 <strong>175<\/strong> cm vysok\u00fd, nos\u00ed ve\u013ekos\u0165 ka\u017ed\u00fd de\u0148\u00a0<strong>S<\/strong><\/p>\n<\/div>\n<\/div>\n<\/div>\n<section class=\"related products mb-80\"><\/section>\n<section class=\"page-product-box\">\n<div class=\"rte\">\n<p>&nbsp;<\/p>\n<\/div>\n<\/section>\n<\/div>\n<\/div>\n<\/div>\n<section class=\"up-sells upsells products mb-80\"><\/section>\n<p>&nbsp;<\/p>\n<p style=\"text-align: center;\">","protected":false},"excerpt":{"rendered":"<p>Komplet Bluza + Spodnie z Kieszonk\u0105 Bia\u0142y ala Prada Fenomenalny Komplet dresowy wykonany z bardzo dobrej jako\u015bci, mi\u0119kkiego i przyjemnego w dotyku materia\u0142u. Dres posiada kieszonk\u0119. Komplet ala Prada to doskona\u0142a propozycja dla tych, kt\u00f3re uwielbiaj\u0105 na co dzie\u0144 mie\u0107 poczucie komfortu, a przy tym odczucie przyjaznego i mi\u0119kkiego dotyku. Komplet wykonany jest z wysokiej<\/p>\n<div class=\"klb-readmore post-buttons\"><a class=\"button black outline size-sm\" href=\"https:\/\/madelinefashion.pl\/sk\/komplet-bluza-spodnie-z-kieszonka-bialy-ala-prada\/\">\u010c\u00edta\u0165 \u010falej <i class=\"klbth-icon-right-arrow\"><\/i><\/a><\/div>","protected":false},"featured_media":31286,"template":"","meta":[],"product_brand":[],"product_cat":[89],"product_tag":[282],"class_list":{"0":"post-6755","1":"product","2":"type-product","3":"status-publish","4":"has-post-thumbnail","6":"product_cat-komplety","7":"product_tag-komplety-dresowe","8":"pa_rozmiar-s-m","9":"pa_rozmiar-l-xl","11":"first","12":"instock","13":"product-type-variable"},"_links":{"self":[{"href":"https:\/\/madelinefashion.pl\/sk\/wp-json\/wp\/v2\/product\/6755","targetHints":{"allow":["GET"]}}],"collection":[{"href":"https:\/\/madelinefashion.pl\/sk\/wp-json\/wp\/v2\/product"}],"about":[{"href":"https:\/\/madelinefashion.pl\/sk\/wp-json\/wp\/v2\/types\/product"}],"wp:featuredmedia":[{"embeddable":true,"href":"https:\/\/madelinefashion.pl\/sk\/wp-json\/wp\/v2\/media\/31286"}],"wp:attachment":[{"href":"https:\/\/madelinefashion.pl\/sk\/wp-json\/wp\/v2\/media?parent=6755"}],"wp:term":[{"taxonomy":"product_brand","embeddable":true,"href":"https:\/\/madelinefashion.pl\/sk\/wp-json\/wp\/v2\/product_brand?post=6755"},{"taxonomy":"product_cat","embeddable":true,"href":"https:\/\/madelinefashion.pl\/sk\/wp-json\/wp\/v2\/product_cat?post=6755"},{"taxonomy":"product_tag","embeddable":true,"href":"https:\/\/madelinefashion.pl\/sk\/wp-json\/wp\/v2\/product_tag?post=6755"}],"curies":[{"name":"pracovn\u00fd list","href":"https:\/\/api.w.org\/{rel}","templated":true}]}}