{"id":68354,"date":"2022-11-29T11:45:05","date_gmt":"2022-11-29T10:45:05","guid":{"rendered":"https:\/\/madelinefashion.pl\/?post_type=product&#038;p=68354"},"modified":"2026-01-20T10:33:40","modified_gmt":"2026-01-20T09:33:40","slug":"bluza-dluga-oversize-na-zamek-love-bezowa","status":"publish","type":"product","link":"https:\/\/madelinefashion.pl\/sk\/bluza-dluga-oversize-na-zamek-love-bezowa\/","title":{"rendered":"Oversize mikina s dlh\u00fdm zipsom Love Beige"},"content":{"rendered":"<h3 style=\"text-align: center;\">Oversize mikina s dlh\u00fdm zipsom Love Beige<\/h3>\n<p style=\"text-align: center;\"><strong>Dlh\u00e1 mikina Love Zipper oversize strihu s kapuc\u0148ou\u00a0 <\/strong>je ide\u00e1lnym modelom na prech\u00e1dzky, von aj na dlh\u00e9 zimn\u00e9 ve\u010dery doma. \u00daspe\u0161ne ju m\u00f4\u017eete nosi\u0165 na ka\u017edodenn\u00e9 v\u00fdlety, do pr\u00e1ce, na rodinn\u00e9 stretnutia a stretnutia s priate\u013emi. N\u00e1\u0161 model so svetrov\u00fdmi ruk\u00e1vmi s vsadkou <strong>L\u00c1SKA <\/strong> je to na expresne. Ur\u010dite dod\u00e1 v\u00e1\u0161mu stylingu nad\u010dasov\u00fd charakter. Mikina je vyroben\u00e1 z ve\u013emi m\u00e4kkej a pr\u00edjemnej l\u00e1tky na dotyk. Tepl\u00e1 mikina s kapuc\u0148ou - ur\u010dite v\u00e1s pote\u0161\u00ed.<br \/>\nMikina to<strong> podstatn\u00fd prvok<\/strong> d\u00e1msky \u0161atn\u00edk. N\u00e1\u0161 model perfektne sed\u00ed <a href=\"https:\/\/madelinefashion.pl\/sk\/spodnie\/\">d\u017e\u00ednsy <\/a>. Mikina m\u00e1 dve vreck\u00e1 <strong>Najpred\u00e1vanej\u0161\u00ed model<\/strong> hodia sa k \u0161portov\u00e9mu aj le\u017e\u00e9rnemu \u0161t\u00fdlu a najnov\u0161\u00edm trendom je jednoducho kombin\u00e1cia oboch \u0161t\u00fdlov \u2013 \u0161portov\u00e9ho a elegantn\u00e9ho. In\u0161pirujte sa outfitmi blogeriek \u010di celebr\u00edt - Dopl\u0148te svoj \u0161atn\u00edk na\u0161ou mikinou Ve\u013ekos\u0165 je univerz\u00e1lna a bude vhodn\u00e1 pre <b>D\u00e1mske ve\u013ekosti S, M, L, XL, XXL<\/b><\/p>\n<h3 style=\"text-align: center;\">Charakteristika:<\/h3>\n<p style=\"text-align: center;\">- mikina<br \/>\n\u2013 vlo\u017eky do svetrov<br \/>\n\u2013 tepl\u00e9 a m\u00e4kk\u00e9, ide\u00e1lne na chladn\u00e9 jarn\u00e9 a zimn\u00e9 dni<br \/>\n- dlh\u00fd<\/p>\n<h3 style=\"text-align: center;\">Rozmery:<\/h3>\n<ul style=\"text-align: center;\">\n<li>Celkov\u00e1 predn\u00e1 d\u013a\u017eka: 70 cm<\/li>\n<li>Celkov\u00e1 d\u013a\u017eka chrbta: 93 cm<\/li>\n<li>\u0160\u00edrka od pazuchy po pazuchu: 55-61 cm<\/li>\n<li>Odpor\u00fa\u010dan\u00fd maxim\u00e1lny obvod hrudn\u00edka: 125 cm<\/li>\n<li>D\u013a\u017eka ruk\u00e1va: 52 cm<br \/>\nMaxim\u00e1lny obvod bokov - 130 cm<\/li>\n<li><\/li>\n<li style=\"list-style-type: none;\">\n<ul>\n<li style=\"list-style-type: none;\"><\/li>\n<\/ul>\n<\/li>\n<\/ul>\n<p style=\"text-align: center;\">Rozmery sa m\u00f4\u017eu mierne l\u00ed\u0161i\u0165 od uveden\u00fdch +\/- 2cm. V\u0161etky uveden\u00e9 rozmery s\u00fa meran\u00e9 plo\u0161ne. <strong>rozmer x2<\/strong><\/p>\n<p style=\"text-align: center;\"><span style=\"font-size: 10pt;\">\u00a0<\/span><\/p>\n<p style=\"text-align: center;\"><span style=\"font-size: 10pt;\">\u00a0<\/span><\/p>\n<table style=\"height: 154px;\" width=\"674\">\n<tbody>\n<tr>\n<td width=\"302\">Meno modela<\/td>\n<td width=\"302\">Dlh\u00fd zips Oversize mikina Love<\/td>\n<\/tr>\n<tr>\n<td width=\"302\">Farba<\/td>\n<td width=\"302\">Bez<\/td>\n<\/tr>\n<tr>\n<td width=\"302\">ve\u013ekosti<\/td>\n<td width=\"302\">Univerz\u00e1lny<\/td>\n<\/tr>\n<tr>\n<td width=\"302\">M\u00f3da<\/td>\n<td width=\"302\">nadrozmern\u00e9<\/td>\n<\/tr>\n<tr>\n<td width=\"302\">Materi\u00e1l<\/td>\n<td width=\"302\">50% POLIESTER 50%BAWE\u0141NA<\/td>\n<\/tr>\n<\/tbody>\n<\/table>\n<p style=\"text-align: center;\"><span style=\"font-size: 10pt;\">\u00a0<\/span><\/p>\n<p style=\"text-align: center;\">Model m\u00e1\u00a0<strong>169<\/strong>\u00a0cm vysok\u00fd, nos\u00ed ve\u013ekos\u0165 ka\u017ed\u00fd de\u0148\u00a0<strong>S<\/strong><\/p>\n<p style=\"text-align: center;\">\u0160\u00edrka cez prsia 92 cm<\/p>\n<p style=\"text-align: center;\">\u0160\u00edrka v p\u00e1se 62 cm<\/p>\n<p style=\"text-align: center;\">\u0160\u00edrka v bokoch 94 cm<\/p>\n<p style=\"text-align: center;\"><span style=\"font-size: 10pt;\">\u00a0<\/span><\/p>\n<p style=\"text-align: center;\"><span style=\"font-size: 10pt;\">\u00a0<\/span><\/p>\n<p style=\"text-align: center;\"><span style=\"font-size: 10pt;\">\u00a0<\/span><\/p>\n<p style=\"text-align: center;\"><span style=\"font-size: 10pt;\">\u00a0<\/span><\/p>","protected":false},"excerpt":{"rendered":"<p>Bluza D\u0142uga Oversize na Zamek Love Be\u017cowa Bluza D\u0142uga Zamek Love o oversizowym kroju z kapturem\u00a0 to idealny model na spacery, wyj\u015bcia jak i d\u0142ugie zimowe wieczory w domu. Z powodzeniem mo\u017cesz j\u0105 ubra\u0107 na codzienne wyj\u015bcia, do pracy, spotkanie rodzinne i spotkania z przyjaci\u00f3\u0142mi.\u00a0 Nasz model o\u00a0sweterkowych r\u0119kawach ze wstawk\u0105 LOVE jest za ekspres.<\/p>\n<div class=\"klb-readmore post-buttons\"><a class=\"button black outline size-sm\" href=\"https:\/\/madelinefashion.pl\/sk\/bluza-dluga-oversize-na-zamek-love-bezowa\/\">\u010c\u00edta\u0165 \u010falej <i class=\"klbth-icon-right-arrow\"><\/i><\/a><\/div>","protected":false},"featured_media":68332,"template":"","meta":[],"product_brand":[],"product_cat":[255],"product_tag":[385],"class_list":{"0":"post-68354","1":"product","2":"type-product","3":"status-publish","4":"has-post-thumbnail","6":"product_cat-bluzy","7":"product_tag-plus-size","9":"first","10":"instock","11":"sale","12":"purchasable","13":"product-type-simple"},"_links":{"self":[{"href":"https:\/\/madelinefashion.pl\/sk\/wp-json\/wp\/v2\/product\/68354","targetHints":{"allow":["GET"]}}],"collection":[{"href":"https:\/\/madelinefashion.pl\/sk\/wp-json\/wp\/v2\/product"}],"about":[{"href":"https:\/\/madelinefashion.pl\/sk\/wp-json\/wp\/v2\/types\/product"}],"wp:featuredmedia":[{"embeddable":true,"href":"https:\/\/madelinefashion.pl\/sk\/wp-json\/wp\/v2\/media\/68332"}],"wp:attachment":[{"href":"https:\/\/madelinefashion.pl\/sk\/wp-json\/wp\/v2\/media?parent=68354"}],"wp:term":[{"taxonomy":"product_brand","embeddable":true,"href":"https:\/\/madelinefashion.pl\/sk\/wp-json\/wp\/v2\/product_brand?post=68354"},{"taxonomy":"product_cat","embeddable":true,"href":"https:\/\/madelinefashion.pl\/sk\/wp-json\/wp\/v2\/product_cat?post=68354"},{"taxonomy":"product_tag","embeddable":true,"href":"https:\/\/madelinefashion.pl\/sk\/wp-json\/wp\/v2\/product_tag?post=68354"}],"curies":[{"name":"pracovn\u00fd list","href":"https:\/\/api.w.org\/{rel}","templated":true}]}}