{"id":68775,"date":"2022-11-30T12:59:31","date_gmt":"2022-11-30T11:59:31","guid":{"rendered":"https:\/\/madelinefashion.pl\/?post_type=product&#038;p=68775"},"modified":"2025-09-09T10:21:44","modified_gmt":"2025-09-09T08:21:44","slug":"sukienka-dopasowana-z-rozcieciem-reliko-czerwona","status":"publish","type":"product","link":"https:\/\/madelinefashion.pl\/sk\/sukienka-dopasowana-z-rozcieciem-reliko-czerwona\/","title":{"rendered":"Priliehav\u00e9 \u0161aty s rozparkom Reliko Red"},"content":{"rendered":"<h3 style=\"text-align: center;\">Priliehav\u00e9 \u0161aty s rozparkom Reliko Red<\/h3>\n<p style=\"text-align: center;\"><span style=\"font-size: 10pt;\">Kr\u00e1sne dlh\u00e9 spolo\u010densk\u00e9 \u0161aty \u017eensk\u00fdch tvarov<strong>\u00a0<\/strong>Navy\u0161e<strong> Model m\u00e1 ve\u013emi efektn\u00fd zadn\u00fd v\u00fdstrih. Zozn\u00e1mte sa s na\u0161ou ponukou \u0161iat a vyberte si tie, v ktor\u00fdch budete vyzera\u0165 ako hviezda a vynikn\u00fa\u0165 z davu, \u0161aty maj\u00fa vpredu v\u0161it\u00e9 ko\u0161\u00ed\u010dky, tak\u017ee nemus\u00edte nosi\u0165 podprsenku.<\/strong><\/span><span style=\"font-size: 10pt;\">\u00a0\u00a0<strong>\u00a0Rozparok na boku dod\u00e1va celku sexep\u00edl.\u00a0<\/strong>\u0160aty so strieborn\u00fdmi ramienkami, vyroben\u00e9 z vysoko kvalitn\u00e9ho materi\u00e1lu. Ide\u00e1lne na d\u00f4le\u017eit\u00e9 v\u00fdjazdy. Vypasovan\u00fd strih dod\u00e1va \u0161at\u00e1m triedu a eleganciu. Ide\u00e1lne pre \u017eeny, ktor\u00e9 si cenia \u0161t\u00fdl a pohodlie!<\/span><\/p>\n<p>&nbsp;<\/p>\n<h3 style=\"text-align: center;\">Rozmery \u0161iat:<\/h3>\n<ul>\n<li style=\"text-align: center;\">\u0160\u00edrka od pazuchy po pazuchu 34-43 cm x2<\/li>\n<li style=\"text-align: center;\">Celkov\u00e1 d\u013a\u017eka od pazuchy 119 cm<br \/>\nCelkov\u00e1 d\u013a\u017eka od podpazu\u0161ia po otvor 41 cm<\/li>\n<li style=\"text-align: center;\">\u0160\u00edrka v p\u00e1se 32-36 cm<br \/>\nMaxim\u00e1lny obvod hrudn\u00edka 86 cm<\/li>\n<\/ul>\n<p style=\"text-align: center;\">Rozmery sa m\u00f4\u017eu mierne l\u00ed\u0161i\u0165 od uveden\u00fdch +\/- 2cm.<\/p>\n<p style=\"text-align: center;\"><strong>\u00a0<\/strong><\/p>\n<p>&nbsp;<\/p>\n<table class=\"table\" width=\"617\">\n<tbody>\n<tr>\n<td width=\"302\">Meno modela<\/td>\n<td width=\"302\">Relikvia<\/td>\n<\/tr>\n<tr>\n<td width=\"302\">Farba<\/td>\n<td width=\"302\">\u010cerven\u00e1<\/td>\n<\/tr>\n<tr>\n<td width=\"302\">Zbierka<\/td>\n<td width=\"302\">jese\u0148\/zima\/jar<\/td>\n<\/tr>\n<tr>\n<td width=\"302\">ve\u013ekosti<\/td>\n<td width=\"302\">Univerz\u00e1lny<\/td>\n<\/tr>\n<tr>\n<td width=\"302\">M\u00f3da<\/td>\n<td width=\"302\">Priliehav\u00fd \/ elastick\u00fd<\/td>\n<\/tr>\n<tr>\n<td width=\"302\">Materi\u00e1l<\/td>\n<td width=\"302\">95 % Polyester 5 % Elastan<\/td>\n<\/tr>\n<\/tbody>\n<\/table>\n<p>&nbsp;<\/p>\n<p style=\"text-align: center;\">Aby ste si vybrali\u00a0<strong>perfektn\u00e9 \u0161aty<\/strong>\u00a0kontaktujte n\u00e1s pros\u00edm telefonicky alebo cez n\u00e1\u0161 facebook.<br \/>\nN\u00e1\u0161 t\u00edm v\u00e1m pom\u00f4\u017ee\u00a0<strong>Vyberte si ten spr\u00e1vny<\/strong>\u00a0.\u00a0<strong>Na \u017eelanie kupuj\u00faceho vyrob\u00edme ak\u00e9ko\u013evek \u0161aty\u00a0<\/strong><strong>opatrne mera\u0165.\u00a0<\/strong><\/p>\n<div class=\"additional-details\">\n<p style=\"text-align: center;\">\n<\/div>","protected":false},"excerpt":{"rendered":"<p>Sukienka Dopasowana z Rozci\u0119ciem Reliko Czerwona Pi\u0119kna d\u0142uga suknia wieczorowa\u00a0 kobiece kszta\u0142ty\u00a0Ponadto model posiada bardzo efektowny w dekolt\u00a0 ty\u0142.\u00a0 Zapoznaj si\u0119 z nasz\u0105 ofert\u0105 sukienek i wybierz t\u0105 w kt\u00f3rej b\u0119dziesz wygl\u0105da\u0107 jak gwiazda i wyr\u00f3\u017cnisz si\u0119 z t\u0142umu, sukienka posiada z przodu wszyte miseczki, dzi\u0119ki czemu nie trzeba zak\u0142ada\u0107 biustonosza.\u00a0\u00a0\u00a0A rozci\u0119cie na boku dodaje<\/p>\n<div class=\"klb-readmore post-buttons\"><a class=\"button black outline size-sm\" href=\"https:\/\/madelinefashion.pl\/sk\/sukienka-dopasowana-z-rozcieciem-reliko-czerwona\/\">\u010c\u00edta\u0165 \u010falej <i class=\"klbth-icon-right-arrow\"><\/i><\/a><\/div>","protected":false},"featured_media":68743,"template":"","meta":[],"product_brand":[],"product_cat":[395,125],"product_tag":[258,163],"class_list":{"0":"post-68775","1":"product","2":"type-product","3":"status-publish","4":"has-post-thumbnail","6":"product_cat-nowosci","7":"product_cat-sukienki","8":"product_tag-sukienka-czerwona","9":"product_tag-sukienki-dlugie","11":"first","12":"instock","13":"purchasable","14":"product-type-simple"},"_links":{"self":[{"href":"https:\/\/madelinefashion.pl\/sk\/wp-json\/wp\/v2\/product\/68775","targetHints":{"allow":["GET"]}}],"collection":[{"href":"https:\/\/madelinefashion.pl\/sk\/wp-json\/wp\/v2\/product"}],"about":[{"href":"https:\/\/madelinefashion.pl\/sk\/wp-json\/wp\/v2\/types\/product"}],"wp:featuredmedia":[{"embeddable":true,"href":"https:\/\/madelinefashion.pl\/sk\/wp-json\/wp\/v2\/media\/68743"}],"wp:attachment":[{"href":"https:\/\/madelinefashion.pl\/sk\/wp-json\/wp\/v2\/media?parent=68775"}],"wp:term":[{"taxonomy":"product_brand","embeddable":true,"href":"https:\/\/madelinefashion.pl\/sk\/wp-json\/wp\/v2\/product_brand?post=68775"},{"taxonomy":"product_cat","embeddable":true,"href":"https:\/\/madelinefashion.pl\/sk\/wp-json\/wp\/v2\/product_cat?post=68775"},{"taxonomy":"product_tag","embeddable":true,"href":"https:\/\/madelinefashion.pl\/sk\/wp-json\/wp\/v2\/product_tag?post=68775"}],"curies":[{"name":"pracovn\u00fd list","href":"https:\/\/api.w.org\/{rel}","templated":true}]}}