{"id":68923,"date":"2022-11-30T15:56:28","date_gmt":"2022-11-30T14:56:28","guid":{"rendered":"https:\/\/madelinefashion.pl\/?post_type=product&#038;p=68923"},"modified":"2025-06-27T15:39:08","modified_gmt":"2025-06-27T13:39:08","slug":"komplet-crop-top-spodniczka-onevia-czerwony","status":"publish","type":"product","link":"https:\/\/madelinefashion.pl\/sk\/komplet-crop-top-spodniczka-onevia-czerwony\/","title":{"rendered":"Set Crop Top + Suk\u0148a Onevia \u010derven\u00e1"},"content":{"rendered":"<h3 style=\"text-align: center;\">Set Crop Top + Suk\u0148a Onevia \u010derven\u00e1<\/h3>\n<p style=\"text-align: center;\"><strong>Set Crop Top + Suk\u0148a Onevia je <\/strong>m\u00f3dny flitrov\u00fd set pozost\u00e1vaj\u00faci z kr\u00e1tkeho crop topu s tenk\u00fdmi ramienkami zakon\u010den\u00e9ho gumi\u010dkou a sukne do polovice stehien<\/p>\n<p style=\"text-align: center;\">V kombin\u00e1cii s va\u0161imi ob\u013e\u00faben\u00fdmi vysok\u00fdmi op\u00e4tkami vytvor\u00edte jedine\u010dn\u00fd vzh\u013ead. S\u00faprava m\u00e1 pod\u0161\u00edvku.\u00a0 <strong>Ve\u013ekos\u0165 je UNIVERZ\u00c1LNA\u00a0<\/strong>\u00a0odpor\u00fa\u010dan\u00e9 pre d\u00e1my nosiace XS,S,M,L\u00a0<strong>,<\/strong>\u00a0ale odpor\u00fa\u010dame\u00a0<strong>presn\u00e9 meranie\u00a0<\/strong>pod\u013ea ni\u017e\u0161ie uvedenej tabu\u013eky rozmerov. Dostupn\u00e9 na na\u0161om e-shope vo viacer\u00fdch farebn\u00fdch variantoch, tak nev\u00e1hajte a vyberte si t\u00fa, ktor\u00e1 je pre v\u00e1s ako stvoren\u00e1.<\/p>\n<p>!<\/p>\n<h3 style=\"text-align: center;\">\u00a0 \u00a0 \u00a0Rozmery :<\/h3>\n<p style=\"text-align: center;\">TOP:<br \/>\n\u0160\u00edrka pod pazuchami: 35-40 cm<br \/>\nCelkov\u00e1 d\u013a\u017eka: 22 cm<br \/>\n\u0160\u00edrka v spodnej \u010dasti: 28-33 cm<\/p>\n<p style=\"text-align: center;\">SUK\u0147A:<br \/>\n\u0160\u00edrka v p\u00e1se: 32-39 cm<br \/>\nCelkov\u00e1 d\u013a\u017eka: 55 cm<\/p>\n<p>&nbsp;<\/p>\n<p style=\"text-align: center;\">Rozmery sa m\u00f4\u017eu mierne l\u00ed\u0161i\u0165 od uveden\u00fdch +\/- 2cm. <strong>V\u0161etky rozmery s\u00fa meran\u00e9 plo\u0161ne x2\u00a0<\/strong><\/p>\n<table width=\"615\">\n<tbody>\n<tr>\n<td width=\"302\">Meno modela<\/td>\n<td width=\"302\">Onevia<\/td>\n<\/tr>\n<tr>\n<td width=\"302\">Farba<\/td>\n<td width=\"302\">\u010cerven\u00e1<\/td>\n<\/tr>\n<tr>\n<td width=\"302\">ve\u013ekosti<\/td>\n<td width=\"302\">Uni<\/td>\n<\/tr>\n<tr>\n<td width=\"302\">M\u00f3da<\/td>\n<td width=\"302\">Zhoda<\/td>\n<\/tr>\n<tr>\n<td width=\"302\">Zlo\u017eenie<\/td>\n<td width=\"302\">Polyester<\/td>\n<\/tr>\n<\/tbody>\n<\/table>\n<p>&nbsp;<\/p>\n<div class=\"tabs tabs-bb clear mb-80\">\n<div class=\"tab-content\">\n<div id=\"tab-description\" class=\"tab-pane fade in woocommerce-Tabs-panel--description active\">\n<div class=\"tabs tabs-bb clear mb-80\">\n<div class=\"tab-content\">\n<div id=\"tab-description\" class=\"tab-pane fade in woocommerce-Tabs-panel--description active\">\n<p style=\"text-align: center;\">Model m\u00e1\u00a0<strong>169<\/strong>\u00a0cm vysok\u00fd, nos\u00ed ve\u013ekos\u0165 ka\u017ed\u00fd de\u0148\u00a0<strong>S<\/strong><\/p>\n<p style=\"text-align: center;\">\u0160\u00edrka cez prsia 92 cm<\/p>\n<p style=\"text-align: center;\">\u0160\u00edrka v p\u00e1se 62 cm<\/p>\n<p style=\"text-align: center;\">\u0160\u00edrka v bokoch 94 cm<\/p>\n<\/div>\n<\/div>\n<\/div>\n<\/div>\n<\/div>\n<\/div>\n<p style=\"text-align: center;\">","protected":false},"excerpt":{"rendered":"<p>Komplet Crop Top + Sp\u00f3dniczka Onevia Czerwony Komplet Crop Top + Sp\u00f3dniczka Onevia\u00a0 to modny komplet cekinowy, w sk\u0142ad kt\u00f3rego wchodzi kr\u00f3tki crop top na cienkie rami\u0105czka zako\u0144czony gumk\u0105 oraz sp\u00f3dnica w wersji do po\u0142owy uda W zestawieniu z ulubionymi szpilkami stworzysz niepowtarzalny look. Komplet posiada podszewk\u0119.\u00a0 Rozmiar jest UNIWERSALNY\u00a0\u00a0zalecany dla Pa\u0144 nosz\u0105cych XS,S,M,L\u00a0,\u00a0ale zalecamy\u00a0dok\u0142adne<\/p>\n<div class=\"klb-readmore post-buttons\"><a class=\"button black outline size-sm\" href=\"https:\/\/madelinefashion.pl\/sk\/komplet-crop-top-spodniczka-onevia-czerwony\/\">\u010c\u00edta\u0165 \u010falej <i class=\"klbth-icon-right-arrow\"><\/i><\/a><\/div>","protected":false},"featured_media":68904,"template":"","meta":[],"product_brand":[],"product_cat":[89],"product_tag":[487],"class_list":{"0":"post-68923","1":"product","2":"type-product","3":"status-publish","4":"has-post-thumbnail","6":"product_cat-komplety","7":"product_tag-komplet","8":"pa_rozmiar-m","9":"pa_rozmiar-l-2","10":"pa_rozmiar-s-2","12":"first","13":"instock","14":"purchasable","15":"product-type-simple"},"_links":{"self":[{"href":"https:\/\/madelinefashion.pl\/sk\/wp-json\/wp\/v2\/product\/68923","targetHints":{"allow":["GET"]}}],"collection":[{"href":"https:\/\/madelinefashion.pl\/sk\/wp-json\/wp\/v2\/product"}],"about":[{"href":"https:\/\/madelinefashion.pl\/sk\/wp-json\/wp\/v2\/types\/product"}],"wp:featuredmedia":[{"embeddable":true,"href":"https:\/\/madelinefashion.pl\/sk\/wp-json\/wp\/v2\/media\/68904"}],"wp:attachment":[{"href":"https:\/\/madelinefashion.pl\/sk\/wp-json\/wp\/v2\/media?parent=68923"}],"wp:term":[{"taxonomy":"product_brand","embeddable":true,"href":"https:\/\/madelinefashion.pl\/sk\/wp-json\/wp\/v2\/product_brand?post=68923"},{"taxonomy":"product_cat","embeddable":true,"href":"https:\/\/madelinefashion.pl\/sk\/wp-json\/wp\/v2\/product_cat?post=68923"},{"taxonomy":"product_tag","embeddable":true,"href":"https:\/\/madelinefashion.pl\/sk\/wp-json\/wp\/v2\/product_tag?post=68923"}],"curies":[{"name":"pracovn\u00fd list","href":"https:\/\/api.w.org\/{rel}","templated":true}]}}