{"id":69049,"date":"2022-12-01T13:42:21","date_gmt":"2022-12-01T12:42:21","guid":{"rendered":"https:\/\/madelinefashion.pl\/?post_type=product&#038;p=69049"},"modified":"2025-07-10T17:29:30","modified_gmt":"2025-07-10T15:29:30","slug":"elegancki-komplet-spodnica-sweterek-noah-bezowy","status":"publish","type":"product","link":"https:\/\/madelinefashion.pl\/sk\/elegancki-komplet-spodnica-sweterek-noah-bezowy\/","title":{"rendered":"Elegantn\u00e1 s\u00faprava sukne + sveter Noah Beige"},"content":{"rendered":"<h3 style=\"text-align: center;\">Elegantn\u00e1 s\u00faprava sukne + sveter Noah Beige<\/h3>\n<p style=\"text-align: center;\"><strong>Tepl\u00e1 s\u00faprava<\/strong>\u00a0a pohodln\u00e9\u00a0<strong>sveter<\/strong>\u00a0s\u00a0<strong>dlh\u00e9 ruk\u00e1vy<\/strong>\u00a0spolu so zhodou\u00a0<strong>suk\u0148a<\/strong>. Vyroben\u00fd z\u00a0<strong>elastick\u00fd materi\u00e1l,<\/strong>\u00a0v\u010faka \u010domu sa dokonale prisp\u00f4sobia ak\u00e9muko\u013evek typu postavy.\u00a0\u00a0<strong>Vzor Houndstooth<\/strong>\u00a0d\u00e1va v\u0161ak klasick\u00fd \u0161t\u00fdl\u00a0<strong>zlat\u00e9 gomb\u00edky,<\/strong>\u00a0na ktorom sa sveter zap\u00edna, dodaj\u00fa stylingu \u0161arm. S\u00faprava je ide\u00e1lna na ka\u017edodenn\u00e9 nosenie, ale aj do pr\u00e1ce.<\/p>\n<p style=\"text-align: center;\"><strong>Univerz\u00e1lna ve\u013ekos\u0165\u00a0<\/strong>odpor\u00fa\u010dan\u00e9 pre d\u00e1my vo ve\u013ekosti SML XL<\/p>\n<p style=\"text-align: center;\"><strong>Rozmery:<\/strong><\/p>\n<p style=\"text-align: center;\"><strong>SVETER\u00a0<\/strong><\/p>\n<ul style=\"text-align: center;\">\n<li>d\u0142ugo\u015b\u0107 ca\u0142kowita \u2013 55 cm<\/li>\n<li>szeroko\u015b\u0107 w biu\u015bcie \u2013 46-55 cm<\/li>\n<li>\u0161\u00edrka v spodnej \u010dasti max 100 cm<\/li>\n<li>d\u0142ugo\u015b\u0107 r\u0119kawa od ramienia \u2013 60 cm<\/li>\n<li>d\u013a\u017eka ruk\u00e1va od podpazu\u0161ia 45 cm<\/li>\n<\/ul>\n<p style=\"text-align: center;\"><strong>SUK\u0147A<\/strong><\/p>\n<ul>\n<li style=\"text-align: center;\">d\u0142ugo\u015b\u0107 ca\u0142kowita \u2013 49 cm<\/li>\n<li style=\"text-align: center;\">szeroko\u015b\u0107 w\u00a0pasie \u2013 32-43 cm x2<\/li>\n<li style=\"text-align: center;\">\u0161\u00edrka bokov - 42-52 cm x2<\/li>\n<\/ul>\n<p>\u00a0<\/p>\n<p style=\"text-align: center;\">Rozmery sa m\u00f4\u017eu mierne l\u00ed\u0161i\u0165 od uveden\u00fdch +\/- 2cm. <strong>V\u0161etky rozmery s\u00fa meran\u00e9 plo\u0161ne x2\u00a0<\/strong><\/p>\n<table width=\"615\">\n<tbody>\n<tr>\n<td width=\"302\">Meno modela<\/td>\n<td width=\"302\">Noah<\/td>\n<\/tr>\n<tr>\n<td width=\"302\">Farba<\/td>\n<td width=\"302\">Bez<\/td>\n<\/tr>\n<tr>\n<td width=\"302\">ve\u013ekosti<\/td>\n<td width=\"302\">Univerz\u00e1lny<\/td>\n<\/tr>\n<tr>\n<td width=\"302\">M\u00f3da<\/td>\n<td width=\"302\">Vo\u013en\u00fd<\/td>\n<\/tr>\n<tr>\n<td width=\"302\">Materi\u00e1l<\/td>\n<td width=\"302\">100% visk\u00f3za<\/td>\n<\/tr>\n<\/tbody>\n<\/table>\n<p>\u00a0<\/p>\n<div class=\"tabs tabs-bb clear mb-80\">\n<div class=\"tab-content\">\n<div id=\"tab-description\" class=\"tab-pane fade in woocommerce-Tabs-panel--description active\">\n<div class=\"tabs tabs-bb clear mb-80\">\n<div class=\"tab-content\">\n<div id=\"tab-description\" class=\"tab-pane fade in woocommerce-Tabs-panel--description active\">\n<p style=\"text-align: center;\">Model m\u00e1\u00a0<strong>169<\/strong>\u00a0cm vysok\u00fd, nos\u00ed ve\u013ekos\u0165 ka\u017ed\u00fd de\u0148\u00a0<strong>S<\/strong><\/p>\n<p style=\"text-align: center;\">\u0160\u00edrka cez prsia 92 cm<\/p>\n<p style=\"text-align: center;\">\u0160\u00edrka v p\u00e1se 62 cm<\/p>\n<p style=\"text-align: center;\">\u0160\u00edrka v bokoch 94 cm<\/p>\n<\/div>\n<\/div>\n<\/div>\n<section class=\"related products mb-80\"><\/section>\n<section class=\"page-product-box\">\n<div class=\"rte\">\n<p>\u00a0<\/p>\n<\/div>\n<\/section>\n<\/div>\n<\/div>\n<\/div>\n<section class=\"up-sells upsells products mb-80\"><\/section>\n<p>\u00a0<\/p>\n<p style=\"text-align: center;\">","protected":false},"excerpt":{"rendered":"<p>Elegancki Komplet Sp\u00f3dnica +Sweterek Noah Be\u017cowy Komplet z\u00a0ciep\u0142ego\u00a0i\u00a0wygodnego\u00a0sweterka\u00a0z\u00a0d\u0142ugimi r\u0119kawami\u00a0wraz\u00a0z dopasowan\u0105\u00a0sp\u00f3dnic\u0105. Wykonane z\u00a0elastycznego materia\u0142u,\u00a0dzi\u0119ki czemu \u015bwietnie dopasowuj\u0105 si\u0119 do ka\u017cdego typu sylwetki.\u00a0\u00a0Wz\u00f3r pepitki\u00a0nadaje klasycznego stylu, natomiast\u00a0z\u0142ote guziczki,\u00a0na kt\u00f3re jest zapinany sweterek, dodaj\u0105 stylizacji uroku. Komplet idealny na co dzie\u0144, jak r\u00f3wnie\u017c do pracy. Rozmiar uniwersalny\u00a0zalecany dla Pa\u0144 nosz\u0105cych rozmiar S M L XL Wymiary: SWETER\u00a0 d\u0142ugo\u015b\u0107<\/p>\n<div class=\"klb-readmore post-buttons\"><a class=\"button black outline size-sm\" href=\"https:\/\/madelinefashion.pl\/sk\/elegancki-komplet-spodnica-sweterek-noah-bezowy\/\">\u010c\u00edta\u0165 \u010falej <i class=\"klbth-icon-right-arrow\"><\/i><\/a><\/div>","protected":false},"featured_media":68993,"template":"","meta":[],"product_brand":[],"product_cat":[89,395],"product_tag":[],"class_list":{"0":"post-69049","1":"product","2":"type-product","3":"status-publish","4":"has-post-thumbnail","6":"product_cat-komplety","7":"product_cat-nowosci","8":"pa_rozmiar-l-2","9":"pa_rozmiar-m","10":"pa_rozmiar-s-2","12":"first","13":"outofstock","14":"purchasable","15":"product-type-simple"},"_links":{"self":[{"href":"https:\/\/madelinefashion.pl\/sk\/wp-json\/wp\/v2\/product\/69049","targetHints":{"allow":["GET"]}}],"collection":[{"href":"https:\/\/madelinefashion.pl\/sk\/wp-json\/wp\/v2\/product"}],"about":[{"href":"https:\/\/madelinefashion.pl\/sk\/wp-json\/wp\/v2\/types\/product"}],"wp:featuredmedia":[{"embeddable":true,"href":"https:\/\/madelinefashion.pl\/sk\/wp-json\/wp\/v2\/media\/68993"}],"wp:attachment":[{"href":"https:\/\/madelinefashion.pl\/sk\/wp-json\/wp\/v2\/media?parent=69049"}],"wp:term":[{"taxonomy":"product_brand","embeddable":true,"href":"https:\/\/madelinefashion.pl\/sk\/wp-json\/wp\/v2\/product_brand?post=69049"},{"taxonomy":"product_cat","embeddable":true,"href":"https:\/\/madelinefashion.pl\/sk\/wp-json\/wp\/v2\/product_cat?post=69049"},{"taxonomy":"product_tag","embeddable":true,"href":"https:\/\/madelinefashion.pl\/sk\/wp-json\/wp\/v2\/product_tag?post=69049"}],"curies":[{"name":"pracovn\u00fd list","href":"https:\/\/api.w.org\/{rel}","templated":true}]}}