{"id":69057,"date":"2022-12-01T13:49:15","date_gmt":"2022-12-01T12:49:15","guid":{"rendered":"https:\/\/madelinefashion.pl\/?post_type=product&#038;p=69057"},"modified":"2023-12-09T11:31:14","modified_gmt":"2023-12-09T10:31:14","slug":"elegancki-kombinezon-cekinowy-kopertowy-dekolt-lucky-miedziany","status":"publish","type":"product","link":"https:\/\/madelinefashion.pl\/sk\/elegancki-kombinezon-cekinowy-kopertowy-dekolt-lucky-miedziany\/","title":{"rendered":"Elegantn\u00fd flitrov\u00fd overal s v\u00fdstrihom Lucky Copper"},"content":{"rendered":"<h3 style=\"text-align: center;\">Elegantn\u00fd flitrov\u00fd overal s v\u00fdstrihom Lucky Copper<\/h3>\n<p style=\"text-align: center;\"><strong>Elegantn\u00fd flitrov\u00fd overal s ob\u00e1lkou Lucky Deckline<\/strong>\u00a0 je ide\u00e1lnou vo\u013ebou pre \u017eeny, ktor\u00e9 sa c\u00edtia lep\u0161ie v nohaviciach ako v \u0161at\u00e1ch. ) Nohy a ruk\u00e1vy zakon\u010den\u00e9 gumi\u010dkou Ob\u00e1lkov\u00fd v\u00fdstrih (m\u00f4\u017eeme jemne pri\u0161i\u0165 na ak\u00e9ko\u013evek miesto) Kombin\u00e9za Camila je ide\u00e1lnou vo\u013ebou na v\u0161etky pr\u00edle\u017eitosti, kde chcete za\u017eiari\u0165 a vy\u010dnieva\u0165 z davu Ide\u00e1lna ponuka na svadby, recepcie, rodinn\u00e9 oslavy, bankety. <strong> Dungarees<\/strong><strong><span lang=\"pl-pl\" xml:lang=\"pl-pl\"> je vyroben\u00e1 z \u013eahk\u00e9ho materi\u00e1lu, v\u010faka \u010domu sa v nej budete c\u00edti\u0165 pohodlne.\u00a0 <\/span><\/strong><span lang=\"pl-pl\" xml:lang=\"pl-pl\">Dostupn\u00e9 v na\u0161ej predajni vo viacer\u00fdch farebn\u00fdch variantoch. Odpor\u00fa\u010dame pre d\u00e1my vo ve\u013ekosti SML XL<\/span><\/p>\n<h3 style=\"text-align: center;\">Rozmery:<\/h3>\n<ul style=\"text-align: center;\">\n<li><span style=\"font-size: 10pt;\">\u00a0\u00a0\u00a0\u00a0\u00a0\u00a0\u00a0 celkov\u00e1 d\u013a\u017eka: 138 cm<\/span><\/li>\n<li><span style=\"font-size: 10pt;\">\u00a0\u00a0\u00a0\u00a0\u00a0\u00a0\u00a0 \u0161\u00edrka od pazuchy po pazuchu: 40-48 cm<\/span><\/li>\n<li><span style=\"font-size: 10pt;\">\u00a0\u00a0\u00a0\u00a0\u00a0\u00a0\u00a0 \u0161\u00edrka p\u00e1sa 33-49 cm (elastick\u00fd)<\/span><\/li>\n<li><span style=\"font-size: 10pt;\">\u00a0\u00a0\u00a0\u00a0\u00a0\u00a0\u00a0 d\u013a\u017eka nohav\u00edc od rozkroku: 70 cm<\/span><\/li>\n<li>d\u013a\u017eka ruk\u00e1va 50 cm<\/li>\n<\/ul>\n<p style=\"text-align: center;\"><span style=\"vertical-align: inherit;\">Rozmery sa m\u00f4\u017eu l\u00ed\u0161i\u0165 od uveden\u00fdch +\/- 2cm. V\u0161etky uveden\u00e9 rozmery s\u00fa meran\u00e9 plo\u0161ne. rozmer x2<\/span><\/p>\n<p style=\"text-align: center;\">\n<p style=\"text-align: center;\"><span style=\"font-size: 10pt;\"><strong>\u00a0<\/strong>\u00a0<\/span><\/p>\n<p>&nbsp;<\/p>\n<table style=\"height: 166px;\" width=\"670\">\n<tbody>\n<tr>\n<td width=\"302\"><span style=\"font-size: 10pt;\">Meno modela<\/span><\/td>\n<td width=\"302\">\u0161\u0165astie<\/td>\n<\/tr>\n<tr>\n<td width=\"302\"><span style=\"font-size: 10pt;\">Farba<\/span><\/td>\n<td width=\"302\"><span style=\"font-size: 10pt;\">Me\u010f<\/span><\/td>\n<\/tr>\n<tr>\n<td width=\"302\"><span style=\"font-size: 10pt;\">M\u00f3da<\/span><\/td>\n<td width=\"302\"><span style=\"font-size: 10pt;\">Vzplanul<\/span><\/td>\n<\/tr>\n<tr>\n<td width=\"302\"><span style=\"font-size: 10pt;\">Materi\u00e1l<\/span><\/td>\n<td width=\"302\"><span style=\"font-size: 10pt;\">95 %Polyester 5% Elastan<\/span><\/td>\n<\/tr>\n<tr>\n<td width=\"302\"><span style=\"font-size: 10pt;\">D\u013a\u017eka<\/span><\/td>\n<td width=\"302\"><span style=\"font-size: 13.3333px;\">maxi<\/span><\/td>\n<\/tr>\n<\/tbody>\n<\/table>\n<p style=\"text-align: center;\">Model m\u00e1\u00a0<strong>169<\/strong>\u00a0cm vysok\u00fd, nos\u00ed ve\u013ekos\u0165 ka\u017ed\u00fd de\u0148\u00a0<strong>S<\/strong><\/p>\n<p style=\"text-align: center;\">\u0160\u00edrka cez prsia 92 cm<\/p>\n<p style=\"text-align: center;\">\u0160\u00edrka v p\u00e1se 62 cm<\/p>\n<p style=\"text-align: center;\">\u0160\u00edrka v bokoch 94 cm<\/p>\n<div class=\"additional-details\" style=\"text-align: center;\">\n<p style=\"text-align: center;\"><span style=\"font-size: 10pt;\">\u00a0<\/span><\/p>\n<\/div>","protected":false},"excerpt":{"rendered":"<p>Elegancki Kombinezon Cekinowy Kopertowy Dekolt Lucky Miedziany Elegancki Kombinezon Cekinowy Kopertowy Dekolt Lucky\u00a0 jest idealn\u0105 opcj\u0105 dla Pa\u0144, kt\u00f3re lepiej czuj\u0105 si\u0119 w spodniach ni\u017c w sukience Unikatowy kr\u00f3j \u0142\u0105czy w sobie wygod\u0119, ekstrawagancj\u0119 i lu\u017any charakter Kombinezon idealny na wielkie wyj\u015bcie, urodziny, czy imprez\u0119 karnawa\u0142ow\u0105 Kombinezon wykonany z tkaniny wyszywanej czarnymi cekinami (posiada czarn\u0105,<\/p>\n<div class=\"klb-readmore post-buttons\"><a class=\"button black outline size-sm\" href=\"https:\/\/madelinefashion.pl\/sk\/elegancki-kombinezon-cekinowy-kopertowy-dekolt-lucky-miedziany\/\">\u010c\u00edta\u0165 \u010falej <i class=\"klbth-icon-right-arrow\"><\/i><\/a><\/div>","protected":false},"featured_media":69002,"template":"","meta":[],"product_brand":[],"product_cat":[80],"product_tag":[297,504],"class_list":{"0":"post-69057","1":"product","2":"type-product","3":"status-publish","4":"has-post-thumbnail","6":"product_cat-sukienki-i-kombinezony","7":"product_tag-kombinezony","8":"product_tag-party-time","10":"first","11":"instock","12":"purchasable","13":"product-type-simple"},"_links":{"self":[{"href":"https:\/\/madelinefashion.pl\/sk\/wp-json\/wp\/v2\/product\/69057","targetHints":{"allow":["GET"]}}],"collection":[{"href":"https:\/\/madelinefashion.pl\/sk\/wp-json\/wp\/v2\/product"}],"about":[{"href":"https:\/\/madelinefashion.pl\/sk\/wp-json\/wp\/v2\/types\/product"}],"wp:featuredmedia":[{"embeddable":true,"href":"https:\/\/madelinefashion.pl\/sk\/wp-json\/wp\/v2\/media\/69002"}],"wp:attachment":[{"href":"https:\/\/madelinefashion.pl\/sk\/wp-json\/wp\/v2\/media?parent=69057"}],"wp:term":[{"taxonomy":"product_brand","embeddable":true,"href":"https:\/\/madelinefashion.pl\/sk\/wp-json\/wp\/v2\/product_brand?post=69057"},{"taxonomy":"product_cat","embeddable":true,"href":"https:\/\/madelinefashion.pl\/sk\/wp-json\/wp\/v2\/product_cat?post=69057"},{"taxonomy":"product_tag","embeddable":true,"href":"https:\/\/madelinefashion.pl\/sk\/wp-json\/wp\/v2\/product_tag?post=69057"}],"curies":[{"name":"pracovn\u00fd list","href":"https:\/\/api.w.org\/{rel}","templated":true}]}}