{"id":69814,"date":"2022-12-06T12:35:43","date_gmt":"2022-12-06T11:35:43","guid":{"rendered":"https:\/\/madelinefashion.pl\/?post_type=product&#038;p=69814"},"modified":"2026-03-01T12:58:19","modified_gmt":"2026-03-01T11:58:19","slug":"damskie-swiateczne-skarpety-mix-3-pak-gift-for-you-lii","status":"publish","type":"product","link":"https:\/\/madelinefashion.pl\/sk\/damskie-swiateczne-skarpety-mix-3-pak-gift-for-you-lii\/","title":{"rendered":"D\u00e1mske viano\u010dn\u00e9 pono\u017eky Mix 3\/ Pak dar\u010dek pre v\u00e1s III"},"content":{"rendered":"<h3 style=\"text-align: center;\">D\u00e1mske viano\u010dn\u00e9 pono\u017eky Mix 3\/ Pak dar\u010dek pre v\u00e1s III<\/h3>\n<p style=\"text-align: center;\">\u00a0Vianoce s\u00fa za dverami, a tak je \u010das myslie\u0165 na pr\u00edpravy, vr\u00e1tane t\u00fdch, ktor\u00e9 s\u00favisia s osvie\u017een\u00edm \u0161atn\u00edka. V na\u0161ej predajni n\u00e1jdete <a href=\"https:\/\/madelinefashion.pl\/sk\/product-tag\/swiateczny\/\"><strong>viano\u010dn\u00e9 oble\u010denie<\/strong><\/a>v\u010faka tomu sa znova budete c\u00edti\u0165 <strong>k\u00fazlo Vianoc.<\/strong> <strong>Sl\u00e1vnostn\u00fd charakter <\/strong>dobre posl\u00fa\u017ei aj na ka\u017edodenn\u00e9 pou\u017eitie<strong>, <\/strong>ako aj po\u010das ve\u010dere <b>na \u0160tedr\u00fd de\u0148.\u00a0<\/b><\/p>\n<p style=\"text-align: center;\">Vtipn\u00e9 viano\u010dn\u00e9 pono\u017eky s viano\u010dn\u00fdm mot\u00edvom.<br \/>\nNa\u0161e pono\u017eky bud\u00fa perfektn\u00fdm spolo\u010dn\u00edkom na mraziv\u00e9 zimn\u00e9 ve\u010dery. Tieto kvalitn\u00e9 bavlnen\u00e9 pono\u017eky sa vyzna\u010duj\u00fa kr\u00e1snymi viano\u010dn\u00fdmi vzormi, v\u010faka \u010domu s\u00fa kr\u00e1snym dar\u010dekom napr\u00edklad pod viano\u010dn\u00fd strom\u010dek. \ud83d\ude09 Viano\u010dn\u00e9 pono\u017eky \u2013 <strong>Sada obsahuje 3 p\u00e1ry d\u00e1mskych pono\u017eiek<\/strong>.<\/p>\n<p style=\"text-align: center;\"><strong>Ide\u00e1lne na nosenie po\u010das Vianoc a Mikul\u00e1\u0161a.<\/strong><\/p>\n<p style=\"text-align: center;\">Zlo\u017eenie: 95% Bavlna 5% Elastan<\/p>\n<p>WJYC94336<\/p>","protected":false},"excerpt":{"rendered":"<p>Damskie \u015awi\u0105teczne Skarpety Mix 3\/ Pak Gift For You III \u00a0\u015awi\u0119ta ju\u017c za pasem, wi\u0119c najwy\u017csza pora pomy\u015ble\u0107 o przygotowaniach, r\u00f3wnie\u017c tych zwi\u0105zanych z od\u015bwie\u017ceniem garderoby. W Naszym sklepie znajdziesz \u015bwi\u0105teczne ubrania, dzi\u0119ki kt\u00f3rym na nowo poczujesz magi\u0119 \u015bwi\u0105t Bo\u017cego Narodzenia. \u015awi\u0105teczny charakter sprawdzi si\u0119 zar\u00f3wno na co dzie\u0144, jak i podczas kolacji wigilijnej.\u00a0 Zabawne<\/p>\n<div class=\"klb-readmore post-buttons\"><a class=\"button black outline size-sm\" href=\"https:\/\/madelinefashion.pl\/sk\/damskie-swiateczne-skarpety-mix-3-pak-gift-for-you-lii\/\">\u010c\u00edta\u0165 \u010falej <i class=\"klbth-icon-right-arrow\"><\/i><\/a><\/div>","protected":false},"featured_media":69789,"template":"","meta":[],"product_brand":[],"product_cat":[113],"product_tag":[473,491],"class_list":{"0":"post-69814","1":"product","2":"type-product","3":"status-publish","4":"has-post-thumbnail","6":"product_cat-dodatki","7":"product_tag-kolekcja-swiateczna","8":"product_tag-skarpetki-swiateczne","10":"first","11":"instock","12":"sale","13":"purchasable","14":"product-type-variable"},"_links":{"self":[{"href":"https:\/\/madelinefashion.pl\/sk\/wp-json\/wp\/v2\/product\/69814","targetHints":{"allow":["GET"]}}],"collection":[{"href":"https:\/\/madelinefashion.pl\/sk\/wp-json\/wp\/v2\/product"}],"about":[{"href":"https:\/\/madelinefashion.pl\/sk\/wp-json\/wp\/v2\/types\/product"}],"wp:featuredmedia":[{"embeddable":true,"href":"https:\/\/madelinefashion.pl\/sk\/wp-json\/wp\/v2\/media\/69789"}],"wp:attachment":[{"href":"https:\/\/madelinefashion.pl\/sk\/wp-json\/wp\/v2\/media?parent=69814"}],"wp:term":[{"taxonomy":"product_brand","embeddable":true,"href":"https:\/\/madelinefashion.pl\/sk\/wp-json\/wp\/v2\/product_brand?post=69814"},{"taxonomy":"product_cat","embeddable":true,"href":"https:\/\/madelinefashion.pl\/sk\/wp-json\/wp\/v2\/product_cat?post=69814"},{"taxonomy":"product_tag","embeddable":true,"href":"https:\/\/madelinefashion.pl\/sk\/wp-json\/wp\/v2\/product_tag?post=69814"}],"curies":[{"name":"pracovn\u00fd list","href":"https:\/\/api.w.org\/{rel}","templated":true}]}}