{"id":7141,"date":"2021-04-01T20:06:28","date_gmt":"2021-04-01T18:06:28","guid":{"rendered":"https:\/\/madelinefashion.pl\/?post_type=product&#038;p=7141"},"modified":"2022-12-28T10:14:02","modified_gmt":"2022-12-28T09:14:02","slug":"komplet-dwuczesciowy-boho-paradise-czarny","status":"publish","type":"product","link":"https:\/\/madelinefashion.pl\/sk\/komplet-dwuczesciowy-boho-paradise-czarny\/","title":{"rendered":"Dvojdielna s\u00faprava Boho Paradise Black"},"content":{"rendered":"<h3 style=\"text-align: center;\">Dvojdielna s\u00faprava Boho Paradise Black<\/h3>\n<p style=\"text-align: center;\"><strong>Fenomen\u00e1lny set pozost\u00e1vaj\u00faci z topu a sukne<\/strong>. Letn\u00fd komplet pozost\u00e1vaj\u00faci z bl\u00fazky v \u0161panielskom \u0161t\u00fdle s naf\u00faknut\u00fdmi ruk\u00e1vmi a sukne so vzorom tienidla so \u0161irokou gumou. <strong>Celok prezentuje ve\u013emi efektne<\/strong>. V\u010faka elastick\u00e9mu stavu sukne sadne v\u00e4\u010d\u0161ine siluet. <strong>Set<\/strong> <strong>raj<\/strong> m\u00e1 \u010dipkovan\u00e9 vy\u0161\u00edvan\u00e9 vsadky a vol\u00e1ny na bl\u00fazke aj sukni. Bl\u00fazka m\u00e1 elastick\u00fd p\u00e1s - v\u010faka \u010domu dokonale zv\u00fdrazn\u00ed postavu a nad\u00fdchan\u00e9 ruk\u00e1vy <strong>\u010dipkovan\u00e9 vlo\u017eky<\/strong> zakon\u010den\u00e9 jemn\u00fdm lemom. Na\u0161a sada je perfektnou vo\u013ebou pre styling, v ktorom chcete za\u017eiari\u0165. S\u00faprava je dostupn\u00e1 v kr\u00e1snych farb\u00e1ch, ktor\u00e9 dokonale ladia s nadch\u00e1dzaj\u00facou sez\u00f3nou. Ve\u013emi letn\u00e1 ponuka - ur\u010dite <strong>Musie\u0165 ma\u0165<\/strong> nadch\u00e1dzaj\u00facu sez\u00f3nu.. Odpor\u00fa\u010dan\u00e9 pre \u017eeny, ktor\u00e9 nosia ve\u013e <strong>XS<\/strong> <strong>SML<\/strong><\/p>\n<p>&nbsp;<\/p>\n<h3 style=\"text-align: center;\">\u00a0 \u00a0 \u00a0Rozmery :<\/h3>\n<p style=\"text-align: center;\"><strong>TOP<\/strong><br \/>\n\u0160\u00edrka pod pazuchami: 30-45 cm<br \/>\nCelkov\u00e1 d\u013a\u017eka: 48 cm<br \/>\nD\u013a\u017eka ruk\u00e1va od podpazu\u0161ia: 25 cm<br \/>\nD\u013a\u017eka ruk\u00e1va od ramena 35 cm<br \/>\n\u0160\u00edrka v spodnej \u010dasti: 27-45 cm<\/p>\n<p style=\"text-align: center;\"><strong>SUK\u0147A<\/strong><br \/>\n\u0160\u00edrka p\u00e1sa (elastick\u00fd): 28-46 cm<br \/>\nCelkov\u00e1 d\u013a\u017eka: 49 cm<\/p>\n<p style=\"text-align: center;\">Rozmery sa m\u00f4\u017eu mierne l\u00ed\u0161i\u0165 od uveden\u00fdch +\/- 2cm. V\u0161etky uveden\u00e9 rozmery s\u00fa meran\u00e9 plo\u0161ne.<\/p>\n<table width=\"618\">\n<tbody>\n<tr>\n<td width=\"302\">Meno modela<\/td>\n<td width=\"302\">Dvojdielna s\u00faprava Boho Paradise - Mihos<\/td>\n<\/tr>\n<tr>\n<td width=\"302\">Farba<\/td>\n<td width=\"302\">\u010dierna<\/td>\n<\/tr>\n<tr>\n<td width=\"302\">ve\u013ekosti<\/td>\n<td width=\"302\">Univerz\u00e1lny<\/td>\n<\/tr>\n<tr>\n<td width=\"302\">M\u00f3da<\/td>\n<td width=\"302\">nadrozmern\u00e9<\/td>\n<\/tr>\n<tr>\n<td width=\"302\">Materi\u00e1l<\/td>\n<td width=\"302\">100 % bavlna<\/td>\n<\/tr>\n<\/tbody>\n<\/table>\n<div class=\"tabs tabs-bb clear mb-80\">\n<div class=\"tab-content\">\n<div id=\"tab-description\" class=\"tab-pane fade in woocommerce-Tabs-panel--description active\">\n<p style=\"text-align: center;\">Model m\u00e1\u00a0<strong>169<\/strong>\u00a0cm vysok\u00fd, nos\u00ed ve\u013ekos\u0165 ka\u017ed\u00fd de\u0148\u00a0<strong>S<\/strong><\/p>\n<p style=\"text-align: center;\">\u0160\u00edrka cez prsia 92 cm<\/p>\n<p style=\"text-align: center;\">\u0160\u00edrka v p\u00e1se 62 cm<\/p>\n<p style=\"text-align: center;\">\u0160\u00edrka v bokoch 94 cm<\/p>\n<\/div>\n<\/div>\n<\/div>\n<section class=\"related products mb-80\"><\/section>\n<p style=\"text-align: center;\">","protected":false},"excerpt":{"rendered":"<p>Komplet Dwucz\u0119\u015bciowy Boho Paradise Czarny Zjawiskowy Komplet sk\u0142adaj\u0105cy si\u0119 z topu oraz sp\u00f3dnicy.\u00a0 Letni komplet sk\u0142adaj\u0105cy si\u0119 z bluzki o fasonie hiszpanki z bufiastymi r\u0119kawami oraz\u00a0 sp\u00f3dnicy wz\u00f3r klosza z szerok\u0105 gumk\u0105. Ca\u0142o\u015b\u0107 prezentuje niezwykle efektownie. Elastyczny stan sp\u00f3dniczki sprawia, \u017ce b\u0119dzie pasowa\u0142 na wi\u0119kszo\u015b\u0107 sylwetek. Komplet Paradise posiada koronkowe haftowane wstawki oraz falbanki zar\u00f3wno<\/p>\n<div class=\"klb-readmore post-buttons\"><a class=\"button black outline size-sm\" href=\"https:\/\/madelinefashion.pl\/sk\/komplet-dwuczesciowy-boho-paradise-czarny\/\">\u010c\u00edta\u0165 \u010falej <i class=\"klbth-icon-right-arrow\"><\/i><\/a><\/div>","protected":false},"featured_media":48975,"template":"","meta":[],"product_brand":[],"product_cat":[89],"product_tag":[],"class_list":{"0":"post-7141","1":"product","2":"type-product","3":"status-publish","4":"has-post-thumbnail","6":"product_cat-komplety","7":"pa_rozmiar-s-m","8":"pa_rozmiar-l-xl","10":"first","11":"instock","12":"purchasable","13":"product-type-simple"},"_links":{"self":[{"href":"https:\/\/madelinefashion.pl\/sk\/wp-json\/wp\/v2\/product\/7141","targetHints":{"allow":["GET"]}}],"collection":[{"href":"https:\/\/madelinefashion.pl\/sk\/wp-json\/wp\/v2\/product"}],"about":[{"href":"https:\/\/madelinefashion.pl\/sk\/wp-json\/wp\/v2\/types\/product"}],"wp:featuredmedia":[{"embeddable":true,"href":"https:\/\/madelinefashion.pl\/sk\/wp-json\/wp\/v2\/media\/48975"}],"wp:attachment":[{"href":"https:\/\/madelinefashion.pl\/sk\/wp-json\/wp\/v2\/media?parent=7141"}],"wp:term":[{"taxonomy":"product_brand","embeddable":true,"href":"https:\/\/madelinefashion.pl\/sk\/wp-json\/wp\/v2\/product_brand?post=7141"},{"taxonomy":"product_cat","embeddable":true,"href":"https:\/\/madelinefashion.pl\/sk\/wp-json\/wp\/v2\/product_cat?post=7141"},{"taxonomy":"product_tag","embeddable":true,"href":"https:\/\/madelinefashion.pl\/sk\/wp-json\/wp\/v2\/product_tag?post=7141"}],"curies":[{"name":"pracovn\u00fd list","href":"https:\/\/api.w.org\/{rel}","templated":true}]}}