{"id":7154,"date":"2021-04-01T20:39:17","date_gmt":"2021-04-01T18:39:17","guid":{"rendered":"https:\/\/madelinefashion.pl\/?post_type=product&#038;p=7154"},"modified":"2026-01-20T10:34:39","modified_gmt":"2026-01-20T09:34:39","slug":"elegancka-koszula-atmosphere-biala","status":"publish","type":"product","link":"https:\/\/madelinefashion.pl\/sk\/elegancka-koszula-atmosphere-biala\/","title":{"rendered":"Elegantn\u00e1 biela ko\u0161e\u013ea Atmosf\u00e9ra"},"content":{"rendered":"<h3 style=\"text-align: center;\">Elegantn\u00e1 biela ko\u0161e\u013ea Atmosf\u00e9ra<\/h3>\n<p style=\"text-align: center;\"><strong>Elegantn\u00e1 biela ko\u0161e\u013ea <\/strong>s n\u00e1pisom na prednej strane <strong>atmosf\u00e9ru\u00a0 <\/strong>toto <strong>najnov\u0161\u00ed trend!<\/strong>\u00a0Jeho jedine\u010dn\u00fd vzor v\u00e1s urob\u00ed <strong>budete vy\u010dnieva\u0165 z davu<\/strong>. Prisp\u00f4soben\u00e1 ko\u0161e\u013ea na gomb\u00edky. Bude sa najlep\u0161ie hodi\u0165 ku ka\u017edodenn\u00e9mu vzh\u013eadu. Model vybran\u00fd pre mnoho \u0161t\u00fdlov. Ko\u0161e\u013ea, ktor\u00fa si zamilujete. Model s mierne pred\u013a\u017een\u00fdm chrbtom. <strong>Mo\u017enos\u0165 vyhrnutia ruk\u00e1vov<\/strong>.<strong><br \/>\n<\/strong>Ko\u0161e\u013ea m\u00e1 vrecko - m\u00f4\u017eete ju nosi\u0165 k d\u017e\u00ednsom, sukni alebo ko\u017een\u00fdm nohaviciam. Dokonale sa prisp\u00f4sob\u00ed postave. Ide\u00e1lne do \u0161koly, pr\u00e1ce, na rande alebo na stretnutie s priate\u013emi! <strong>Ide\u00e1lne pre ka\u017ed\u00fa pr\u00edle\u017eitos\u0165 a \u010das!\u00a0<\/strong>Ve\u013ekos\u0165\u00a0<strong>odpor\u00fa\u010dan\u00e9 univerz\u00e1lne<\/strong>\u00a0pre d\u00e1my vo ve\u013ekosti od<strong> S a\u017e XL.<\/strong><\/p>\n<h3 style=\"text-align: center;\">Rozmery tri\u010dka:<\/h3>\n<ul style=\"text-align: center;\">\n<li>Celkov\u00e1 predn\u00e1 d\u013a\u017eka: 78 cm<\/li>\n<li>Celkov\u00e1 d\u013a\u017eka chrbta: 83 cm<\/li>\n<li>\u0160\u00edrka od podpazu\u0161ia po: 46-52 cm<\/li>\n<li>\u0160\u00edrka v bokoch: 52 cm<\/li>\n<li>D\u013a\u017eka ruk\u00e1va od podpazu\u0161ia: 40 cm<\/li>\n<li>D\u013a\u017eka ruk\u00e1va od ramena: 59 cm<\/li>\n<\/ul>\n<p style=\"text-align: center;\">Rozmery sa m\u00f4\u017eu mierne l\u00ed\u0161i\u0165 od uveden\u00fdch +\/- 2cm. V\u0161etko dan\u00e9 <strong>rozmery<\/strong> sa meraj\u00fa plo\u0161ne <strong>x2<\/strong><\/p>\n<p style=\"text-align: center;\"><span style=\"font-size: 10pt;\">\u00a0<\/span><\/p>\n<p style=\"text-align: center;\"><span style=\"font-size: 10pt;\">\u00a0<\/span><\/p>\n<table width=\"608\">\n<tbody>\n<tr>\n<td width=\"302\">Meno modela<\/td>\n<td width=\"302\">Elegantn\u00e1 ko\u0161e\u013ea Atmosf\u00e9ra<\/td>\n<\/tr>\n<tr>\n<td width=\"302\">Farba<\/td>\n<td width=\"302\">biely<\/td>\n<\/tr>\n<tr>\n<td width=\"302\">ve\u013ekosti<\/td>\n<td width=\"302\">Univerz\u00e1lny<\/td>\n<\/tr>\n<tr>\n<td width=\"302\">M\u00f3da<\/td>\n<td width=\"302\">nadrozmern\u00e9<\/td>\n<\/tr>\n<tr>\n<td width=\"302\">Materi\u00e1l<\/td>\n<td width=\"302\">\u00a095% Polyester 5%elastian<\/td>\n<\/tr>\n<\/tbody>\n<\/table>\n<p style=\"text-align: center;\"><span style=\"font-size: 10pt;\"><br \/>\nModelka je vysok\u00e1 175 cm a zvy\u010dajne nos\u00ed ve\u013ekos\u0165 hore\u00a0<strong>S<\/strong><br \/>\n<\/span><\/p>\n<p style=\"text-align: center;\"><span style=\"font-size: 10pt;\">\u00a0<\/span><\/p>\n<p style=\"text-align: center;\"><span style=\"font-size: 10pt;\">\u00a0<\/span><\/p>","protected":false},"excerpt":{"rendered":"<p>Elegancka Koszula Atmosphere Bia\u0142a Elegancka Koszula Bia\u0142a z napisem z przodu Atmosphere\u00a0 to najnowszy trend!\u00a0Jej niepowtarzalny wz\u00f3r spowoduje, \u017ce wyr\u00f3\u017cnisz si\u0119 z t\u0142umu. Dopasowana zapinana na guziki koszula. B\u0119dzie najlepiej pasowa\u0107 do codziennych look\u00f3w.\u00a0 Model wybierany do wielu stylizacji. Koszula w kt\u00f3rej\u00a0 si\u0119 zakochasz. Model z lekko przed\u0142u\u017conym ty\u0142em. Mo\u017cliwo\u015b\u0107 wywijania r\u0119kaw\u00f3w. Koszula posiada kieszonk\u0119<\/p>\n<div class=\"klb-readmore post-buttons\"><a class=\"button black outline size-sm\" href=\"https:\/\/madelinefashion.pl\/sk\/elegancka-koszula-atmosphere-biala\/\">\u010c\u00edta\u0165 \u010falej <i class=\"klbth-icon-right-arrow\"><\/i><\/a><\/div>","protected":false},"featured_media":7149,"template":"","meta":[],"product_brand":[],"product_cat":[92],"product_tag":[],"class_list":{"0":"post-7154","1":"product","2":"type-product","3":"status-publish","4":"has-post-thumbnail","6":"product_cat-koszule","8":"first","9":"instock","10":"sale","11":"purchasable","12":"product-type-simple"},"_links":{"self":[{"href":"https:\/\/madelinefashion.pl\/sk\/wp-json\/wp\/v2\/product\/7154","targetHints":{"allow":["GET"]}}],"collection":[{"href":"https:\/\/madelinefashion.pl\/sk\/wp-json\/wp\/v2\/product"}],"about":[{"href":"https:\/\/madelinefashion.pl\/sk\/wp-json\/wp\/v2\/types\/product"}],"wp:featuredmedia":[{"embeddable":true,"href":"https:\/\/madelinefashion.pl\/sk\/wp-json\/wp\/v2\/media\/7149"}],"wp:attachment":[{"href":"https:\/\/madelinefashion.pl\/sk\/wp-json\/wp\/v2\/media?parent=7154"}],"wp:term":[{"taxonomy":"product_brand","embeddable":true,"href":"https:\/\/madelinefashion.pl\/sk\/wp-json\/wp\/v2\/product_brand?post=7154"},{"taxonomy":"product_cat","embeddable":true,"href":"https:\/\/madelinefashion.pl\/sk\/wp-json\/wp\/v2\/product_cat?post=7154"},{"taxonomy":"product_tag","embeddable":true,"href":"https:\/\/madelinefashion.pl\/sk\/wp-json\/wp\/v2\/product_tag?post=7154"}],"curies":[{"name":"pracovn\u00fd list","href":"https:\/\/api.w.org\/{rel}","templated":true}]}}